{"id":579,"date":"2023-09-27T05:49:33","date_gmt":"2023-09-27T05:49:33","guid":{"rendered":"https:\/\/swingbearing.net\/?post_type=product&#038;p=579"},"modified":"2024-05-15T06:39:37","modified_gmt":"2024-05-15T06:39:37","slug":"swing-bearing-sumitomo","status":"publish","type":"product","link":"https:\/\/swingbearing.net\/fi\/tuote\/heilurilaakeri-sumitomo\/","title":{"rendered":"Swing Bearing SUMITOMO"},"content":{"rendered":"<h2 class=\"has-text-align-center\" style=\"text-align: center;\">SUMITOMO Swing-laakerin parametrit<\/h2>\n<figure class=\"wp-block-table is-style-stripes has-small-font-size\">\n<table class=\"has-cyan-bluish-gray-background-color has-background\">\n<tbody>\n<tr>\n<td>Ulkohalkaisija Da<\/td>\n<td>Sis\u00e4halkaisija Di<\/td>\n<td>Asennuskorkeus H<\/td>\n<td>Nimitys<\/td>\n<\/tr>\n<tr>\n<td>615<\/td>\n<td>451<\/td>\n<td>53<\/td>\n<td>SH50<\/td>\n<\/tr>\n<tr>\n<td>766<\/td>\n<td>560<\/td>\n<td>97<\/td>\n<td>SH60-1<\/td>\n<\/tr>\n<tr>\n<td>1169<\/td>\n<td>971<\/td>\n<td>75<\/td>\n<td>SH120A1<\/td>\n<\/tr>\n<tr>\n<td>1171<\/td>\n<td>973<\/td>\n<td>88<\/td>\n<td>SH120A2<\/td>\n<\/tr>\n<tr>\n<td>1171<\/td>\n<td>973<\/td>\n<td>78<\/td>\n<td>SH120A3<\/td>\n<\/tr>\n<tr>\n<td>1171<\/td>\n<td>973<\/td>\n<td>88<\/td>\n<td>SH120-1<\/td>\n<\/tr>\n<tr>\n<td>1171<\/td>\n<td>973<\/td>\n<td>88<\/td>\n<td>SH120-2<\/td>\n<\/tr>\n<tr>\n<td>1171<\/td>\n<td>973<\/td>\n<td>84<\/td>\n<td>SH265<\/td>\n<\/tr>\n<tr>\n<td>1171<\/td>\n<td>973<\/td>\n<td>84<\/td>\n<td>SH260<\/td>\n<\/tr>\n<tr>\n<td>1330<\/td>\n<td>1093<\/td>\n<td>102<\/td>\n<td>SH200A1a<\/td>\n<\/tr>\n<tr>\n<td>1330<\/td>\n<td>1093<\/td>\n<td>102<\/td>\n<td>SH200A1b<\/td>\n<\/tr>\n<tr>\n<td>1330<\/td>\n<td>1093<\/td>\n<td>102<\/td>\n<td>SH200A2<\/td>\n<\/tr>\n<tr>\n<td>1330<\/td>\n<td>1093<\/td>\n<td>102.5<\/td>\n<td>SH200A3<\/td>\n<\/tr>\n<tr>\n<td>1330<\/td>\n<td>1093<\/td>\n<td>102<\/td>\n<td>SH200C2<\/td>\n<\/tr>\n<tr>\n<td>1330<\/td>\n<td>1093<\/td>\n<td>102<\/td>\n<td>SH200C3<\/td>\n<\/tr>\n<tr>\n<td>1330<\/td>\n<td>1093<\/td>\n<td>102<\/td>\n<td>SH200Z3<\/td>\n<\/tr>\n<tr>\n<td>1375<\/td>\n<td>1095<\/td>\n<td>123<\/td>\n<td>SH220-2<\/td>\n<\/tr>\n<tr>\n<td>1330<\/td>\n<td>1084<\/td>\n<td>103<\/td>\n<td>210-5<\/td>\n<\/tr>\n<tr>\n<td>1330<\/td>\n<td>1084<\/td>\n<td>103<\/td>\n<td>210-5<\/td>\n<\/tr>\n<tr>\n<td>1375<\/td>\n<td>1094<\/td>\n<td>121<\/td>\n<td>SH220-3<\/td>\n<\/tr>\n<tr>\n<td>1329<\/td>\n<td>1093<\/td>\n<td>103<\/td>\n<td>SH225<\/td>\n<\/tr>\n<tr>\n<td>1376<\/td>\n<td>1092<\/td>\n<td>123<\/td>\n<td>SH240-3<\/td>\n<\/tr>\n<tr>\n<td>1377<\/td>\n<td>1094<\/td>\n<td>123<\/td>\n<td>SH240-5<\/td>\n<\/tr>\n<tr>\n<td>1330<\/td>\n<td>1082<\/td>\n<td>99<\/td>\n<td>SH280<\/td>\n<\/tr>\n<tr>\n<td>1510<\/td>\n<td>1193<\/td>\n<td>135<\/td>\n<td>SH350<\/td>\n<\/tr>\n<tr>\n<td>1463<\/td>\n<td>1191<\/td>\n<td>135<\/td>\n<td>SH430<\/td>\n<\/tr>\n<\/tbody>\n<\/table>\n<\/figure>\n<p>Jos etsit kaivukoneeseesi laadukkaita heilurilaakereita, etsi SUMITOMOa pidemm\u00e4lle. Heid\u00e4n kaivukoneiden heilurilaakerituotteensa on suunniteltu ja valmistettu korkeimpien standardien mukaisesti, mik\u00e4 takaa luotettavan ja pitk\u00e4aikaisen suorituskyvyn vaativimmissakin sovelluksissa.<\/p>\n<p>SUMITOMO tarjoaa laajan valikoiman kaivukoneen heilurilaakereita eri malleihin, kuten SH55, SH60, SH75, SH50, SH100, SH120, SH125, SH135, SH140, SH145, SH200, SH200-3-5, SH220-2-3, SH240, SH225, SH260, SH265, SH280, SH300, SH340, SH350, SH400, SH430, SH450, SH40T, SH60-1, SH100A1, SH120, SH120A1, SH120A2, SH120A3, SH200A1, SH200A3, SH210A3, SH210A5, SH220-2, SH220-3, SH225, SH260, SH265, SH240-5, SH340, SH300A2 ja SH350.<\/p>\n<p>N\u00e4m\u00e4 kaivukoneen heilurilaakerit valmistetaan laadukkaista materiaaleista ja tarkkuutta vaativilla tekniikoilla, mik\u00e4 takaa erinomaisen suorituskyvyn ja kest\u00e4vyyden. K\u00e4\u00e4nt\u00f6laakeri on yksi kaivukoneen kriittisimmist\u00e4 osista, ja SUMITOMOn k\u00e4\u00e4nt\u00f6laakerit on suunniteltu kest\u00e4m\u00e4\u00e4n raskaiden sovellusten kovia vaatimuksia.<br \/>\nYksi SUMITOMOn kaivukoneiden k\u00e4\u00e4ntyvien laakereiden t\u00e4rkeimmist\u00e4 eduista on niiden erinomainen kantavuus. Laakerit on suunniteltu kest\u00e4m\u00e4\u00e4n suuria aksiaali- ja radiaalikuormia, joten ne soveltuvat erinomaisesti vaativiin sovelluksiin. Lis\u00e4ksi laakerit on suunniteltu toimimaan suurilla nopeuksilla, mik\u00e4 mahdollistaa nopeammat sykliajat ja paremman tuottavuuden.<\/p>\n<p>Toinen SUMITOMOn kaivukoneiden heilurilaakereiden keskeinen etu on niiden alhainen kitka ja korkea tarkkuus. N\u00e4m\u00e4 ominaisuudet auttavat minimoimaan laakereiden kulumista, mik\u00e4 v\u00e4hent\u00e4\u00e4 huoltokustannuksia ja pident\u00e4\u00e4 laakerin k\u00e4ytt\u00f6ik\u00e4\u00e4. Alhainen kitka auttaa my\u00f6s parantamaan polttoainetehokkuutta, koska kaivinkoneen k\u00e4ytt\u00f6 vaatii v\u00e4hemm\u00e4n tehoa.Yhteenvetona voidaan todeta, ett\u00e4 jos etsit luotettavaa ja laadukasta kaivinkoneen heilurilaakeria, SUMITOMO on erinomainen valinta. Niiden tuotteet on suunniteltu t\u00e4ytt\u00e4m\u00e4\u00e4n raskaiden sovellusten vaatimukset, ja ne tarjoavat erinomaisen kantavuuden, alhaisen kitkan ja suuren tarkkuuden. Ty\u00f6skentelitp\u00e4 sitten rakennus-, kaivos- tai muussa raskaassa teollisuudessa, SUMITOMOn kaivinkoneen k\u00e4\u00e4ntyv\u00e4t laakerit auttavat sinua tekem\u00e4\u00e4n ty\u00f6si tehokkaasti ja luotettavasti.<\/p>\n<p>Voimme tarjota vaihtoehtoisia keinulaakereita\u00a0 <a href=\"https:\/\/national-bearing.com\/excavator-swing-bearings-slewing-rings-cat\/\" target=\"_blank\" rel=\"noopener\">CAT<\/a>,HITACHI, KOMATSU, KOBELCO, HYUNDAI, VOLVO, DOOSAN, DAEWOO, JCB, CASE, SUMITOMO, KATO.There on normaali ja ei-standardi yli 1000 satoja tyyppej\u00e4 voit valita.<\/p>\n<figure class=\"wp-block-table aligncenter\"><\/figure>","protected":false},"excerpt":{"rendered":"<p>SUMITOMO Swing Bearing<br \/>\nMalli: SH430, SH350, SH280<br \/>\nSH265,SH240-5, SH240-3,SH225<\/p>","protected":false},"featured_media":136,"template":"","meta":[],"product_brand":[],"product_cat":[22,58],"product_tag":[],"class_list":{"0":"post-579","1":"product","2":"type-product","3":"status-publish","4":"has-post-thumbnail","6":"product_cat-swing-bearing","7":"product_cat-cat-excavator-swing-bearing","9":"first","10":"instock","11":"shipping-taxable","12":"product-type-simple"},"_links":{"self":[{"href":"https:\/\/swingbearing.net\/fi\/wp-json\/wp\/v2\/product\/579","targetHints":{"allow":["GET"]}}],"collection":[{"href":"https:\/\/swingbearing.net\/fi\/wp-json\/wp\/v2\/product"}],"about":[{"href":"https:\/\/swingbearing.net\/fi\/wp-json\/wp\/v2\/types\/product"}],"wp:featuredmedia":[{"embeddable":true,"href":"https:\/\/swingbearing.net\/fi\/wp-json\/wp\/v2\/media\/136"}],"wp:attachment":[{"href":"https:\/\/swingbearing.net\/fi\/wp-json\/wp\/v2\/media?parent=579"}],"wp:term":[{"taxonomy":"product_brand","embeddable":true,"href":"https:\/\/swingbearing.net\/fi\/wp-json\/wp\/v2\/product_brand?post=579"},{"taxonomy":"product_cat","embeddable":true,"href":"https:\/\/swingbearing.net\/fi\/wp-json\/wp\/v2\/product_cat?post=579"},{"taxonomy":"product_tag","embeddable":true,"href":"https:\/\/swingbearing.net\/fi\/wp-json\/wp\/v2\/product_tag?post=579"}],"curies":[{"name":"wp","href":"https:\/\/api.w.org\/{rel}","templated":true}]}}