{"id":577,"date":"2023-09-27T05:44:31","date_gmt":"2023-09-27T05:44:31","guid":{"rendered":"https:\/\/swingbearing.net\/?post_type=product&#038;p=577"},"modified":"2024-05-15T06:41:28","modified_gmt":"2024-05-15T06:41:28","slug":"swing-bearing-yuchai","status":"publish","type":"product","link":"https:\/\/swingbearing.net\/fi\/tuote\/swing-bearing-yuchai\/","title":{"rendered":"Keinulaakeri YUCHAI"},"content":{"rendered":"<h4 style=\"text-align: center;\">HITACHI Swing-laakerin parametrit<\/h4>\n<figure class=\"wp-block-table is-style-stripes has-small-font-size\">\n<table class=\"has-cyan-bluish-gray-background-color has-background\">\n<tbody>\n<tr>\n<td>Ulkohalkaisija (Da)<\/td>\n<td>Sis\u00e4halkaisija (Di)<\/td>\n<td>Asennuskorkeus (H)<\/td>\n<td>Nimitys<\/td>\n<\/tr>\n<tr>\n<td>545<\/td>\n<td>380<\/td>\n<td>50<\/td>\n<td>YC13<\/td>\n<\/tr>\n<tr>\n<td>573<\/td>\n<td>380<\/td>\n<td>55<\/td>\n<td>YC15<\/td>\n<\/tr>\n<tr>\n<td>573<\/td>\n<td>380<\/td>\n<td>55<\/td>\n<td>YC18-3<\/td>\n<\/tr>\n<tr>\n<td>573<\/td>\n<td>380<\/td>\n<td>55<\/td>\n<td>YC20<\/td>\n<\/tr>\n<tr>\n<td>640<\/td>\n<td>473<\/td>\n<td>55<\/td>\n<td>YC35<\/td>\n<\/tr>\n<tr>\n<td>640<\/td>\n<td>471<\/td>\n<td>55<\/td>\n<td>YC35<\/td>\n<\/tr>\n<tr>\n<td>800<\/td>\n<td>590<\/td>\n<td>70<\/td>\n<td>YC55<\/td>\n<\/tr>\n<tr>\n<td>800<\/td>\n<td>590<\/td>\n<td>70<\/td>\n<td>YC60(86Z)<\/td>\n<\/tr>\n<tr>\n<td>812<\/td>\n<td>623<\/td>\n<td>75<\/td>\n<td>YC6-5T(90Z)<\/td>\n<\/tr>\n<tr>\n<td>811<\/td>\n<td>621<\/td>\n<td>75<\/td>\n<td>YC65-2<\/td>\n<\/tr>\n<tr>\n<td>922<\/td>\n<td>635<\/td>\n<td>104<\/td>\n<td>YC85<\/td>\n<\/tr>\n<tr>\n<td>922<\/td>\n<td>635<\/td>\n<td>104<\/td>\n<td>YC85-3<\/td>\n<\/tr>\n<tr>\n<td>922<\/td>\n<td>635<\/td>\n<td>104<\/td>\n<td>YC85-5<\/td>\n<\/tr>\n<tr>\n<td>922<\/td>\n<td>635<\/td>\n<td>104<\/td>\n<td>YC85-6<\/td>\n<\/tr>\n<tr>\n<td>922<\/td>\n<td>635<\/td>\n<td>104<\/td>\n<td>YC85-7<\/td>\n<\/tr>\n<tr>\n<td>1195<\/td>\n<td>963<\/td>\n<td>85<\/td>\n<td>YC135,10T<\/td>\n<\/tr>\n<tr>\n<td>1323<\/td>\n<td>1071<\/td>\n<td>104<\/td>\n<td>YC210-8<\/td>\n<\/tr>\n<tr>\n<td>1327<\/td>\n<td>1083<\/td>\n<td>110<\/td>\n<td>YC230-8<\/td>\n<\/tr>\n<tr>\n<td>1534<\/td>\n<td>1238<\/td>\n<td>125<\/td>\n<td>YC350<\/td>\n<\/tr>\n<tr>\n<td>1327<\/td>\n<td>1083<\/td>\n<td>110<\/td>\n<td>YC225<\/td>\n<\/tr>\n<tr>\n<td>1534<\/td>\n<td>1238<\/td>\n<td>125<\/td>\n<td>YC400-8<\/td>\n<\/tr>\n<\/tbody>\n<\/table>\n<\/figure>\n<p>Etsitk\u00f6 laadukkaita kaivinkoneen keinulaakereita? \u00c4l\u00e4 katso kauemmas kuin Yuchai! Kehittyneen teknologiamme ja laajan alan kokemuksemme ansiosta voimme ylpe\u00e4n\u00e4 tarjota laajan valikoiman huippulaatuisia k\u00e4\u00e4ntyvi\u00e4 laakereita kaiken kokoisiin ja mallisiin kaivinkoneisiin.<br \/>\nLiukulaakereidemme valmistuksessa k\u00e4ytet\u00e4\u00e4n vain korkealaatuisia materiaaleja ja tuotantomenetelmi\u00e4, jotta varmistetaan pitk\u00e4aikainen suorituskyky ja luotettavuus. Tarvitsitpa sitten heilurilaakeria kaivinkonemalleihin YC13, YC18, YC18-3, YC35, YC45, YC55, YC65, YC65-2, YC85, YC85-3, YC135, YC225LC tai YC230, meill\u00e4 on t\u00e4ydellinen ratkaisu tarpeisiisi.<\/p>\n<p>Keinulaakerimme on suunniteltu kest\u00e4m\u00e4\u00e4n kovimmatkin ty\u00f6olosuhteet, mik\u00e4 takaa optimaalisen suorituskyvyn ja pitk\u00e4ik\u00e4isyyden. Tarjoamme laajan valikoiman kokoja ja kokoonpanoja, jotka sopivat kaikentyyppisiin kaivinkoneisiin pienist\u00e4 ja pienikokoisista suuriin ja raskaisiin kaivinkoneisiin.<br \/>\nKaivinkoneen k\u00e4\u00e4ntyvien laakereiden valikoimaan kuuluvat k\u00e4\u00e4nt\u00f6rengaslaakerit, k\u00e4\u00e4nt\u00f6p\u00f6yd\u00e4n laakerit, k\u00e4\u00e4nt\u00f6rengaslaakerit, <a href=\"https:\/\/swingbearing.net\/fi\/gear-box-parts\/\">kaivukoneen osat<\/a> heilurilaakerit ja paljon muuta. Olivatpa tarpeesi mitk\u00e4 tahansa, meill\u00e4 on t\u00e4ydellinen ratkaisu niihin.<\/p>\n<p>Me Yuchaissa olemme sitoutuneet tarjoamaan asiakkaillemme korkealaatuisia tuotteita ja parasta mahdollista palvelua. Asiantuntijatiimimme on aina valmiina vastaamaan kaikkiin kysymyksiisi ja auttamaan sinua l\u00f6yt\u00e4m\u00e4\u00e4n t\u00e4ydellisen ratkaisun kaivinkonetarpeisiisi.<\/p>\n<p>Miksi siis odottaa? Ota yhteytt\u00e4 jo t\u00e4n\u00e4\u00e4n, niin saat lis\u00e4tietoja kaivukoneiden liukulaakereiden valikoimastamme ja saat tiet\u00e4\u00e4, miten voimme auttaa sinua nostamaan kaivukoneesi suorituskyvyn seuraavalle tasolle. Odotamme innolla yhteisty\u00f6t\u00e4 kanssasi!<\/p>\n<p>Voimme tarjota vaihtoehtoisia Swing ympyr\u00e4 teid\u00e4n CAT, HITACHI, KOMATSU, KOBELCO, HYUNDAI, VOLVO, DOOSAN, DAEWOO, JCB, CASE, SUMITOMO, KATO.There on normaali ja ei-standardi yli 1000 satoja tyyppej\u00e4 voit valita.<\/p>\n<figure class=\"wp-block-image size-full is-resized\"><a href=\"https:\/\/swingbearing.net\/fi\/swing-bearing\/\"><img decoding=\"async\" class=\"alignnone wp-image-177\" src=\"https:\/\/national-bearing.com\/wp-content\/uploads\/2023\/04\/0001.jpg\" sizes=\"(max-width: 843px) 100vw, 843px\" srcset=\"https:\/\/national-bearing.com\/wp-content\/uploads\/2023\/04\/0001.jpg 600w, https:\/\/national-bearing.com\/wp-content\/uploads\/2023\/04\/0001-300x200.jpg 300w\" alt=\"\" width=\"462\" height=\"308\" \/><\/a><\/figure>","protected":false},"excerpt":{"rendered":"<p>YUCHAI Keinulaakeri<br \/>\nModel:YC400-8,YC225,YC230-8<br \/>\nYC350,YC210-8,YC85-7,YC85-5<\/p>","protected":false},"featured_media":136,"template":"","meta":[],"product_brand":[],"product_cat":[22],"product_tag":[],"class_list":{"0":"post-577","1":"product","2":"type-product","3":"status-publish","4":"has-post-thumbnail","6":"product_cat-swing-bearing","8":"first","9":"instock","10":"shipping-taxable","11":"product-type-simple"},"_links":{"self":[{"href":"https:\/\/swingbearing.net\/fi\/wp-json\/wp\/v2\/product\/577","targetHints":{"allow":["GET"]}}],"collection":[{"href":"https:\/\/swingbearing.net\/fi\/wp-json\/wp\/v2\/product"}],"about":[{"href":"https:\/\/swingbearing.net\/fi\/wp-json\/wp\/v2\/types\/product"}],"wp:featuredmedia":[{"embeddable":true,"href":"https:\/\/swingbearing.net\/fi\/wp-json\/wp\/v2\/media\/136"}],"wp:attachment":[{"href":"https:\/\/swingbearing.net\/fi\/wp-json\/wp\/v2\/media?parent=577"}],"wp:term":[{"taxonomy":"product_brand","embeddable":true,"href":"https:\/\/swingbearing.net\/fi\/wp-json\/wp\/v2\/product_brand?post=577"},{"taxonomy":"product_cat","embeddable":true,"href":"https:\/\/swingbearing.net\/fi\/wp-json\/wp\/v2\/product_cat?post=577"},{"taxonomy":"product_tag","embeddable":true,"href":"https:\/\/swingbearing.net\/fi\/wp-json\/wp\/v2\/product_tag?post=577"}],"curies":[{"name":"wp","href":"https:\/\/api.w.org\/{rel}","templated":true}]}}