{"id":575,"date":"2023-09-27T05:22:14","date_gmt":"2023-09-27T05:22:14","guid":{"rendered":"https:\/\/swingbearing.net\/?post_type=product&#038;p=575"},"modified":"2024-05-15T06:44:50","modified_gmt":"2024-05-15T06:44:50","slug":"swing-bearing-liugong","status":"publish","type":"product","link":"https:\/\/swingbearing.net\/fi\/tuote\/swing-laakeri-liugong\/","title":{"rendered":"Keinulaakeri LIUGONG"},"content":{"rendered":"<h2 style=\"text-align: center;\">LIUGONG Swing Bearing Parametrit<\/h2>\n<figure class=\"wp-block-table is-style-stripes has-small-font-size\">\n<table class=\"has-cyan-bluish-gray-background-color has-background\">\n<tbody>\n<tr>\n<td width=\"52\">Malli<\/td>\n<td width=\"62\">Osanumero<\/td>\n<td width=\"81\">Ulkohalkaisija<\/td>\n<td width=\"111\">Sis\u00e4halkaisija<\/td>\n<td width=\"77\">Kokonaiskorkeus<\/td>\n<td width=\"77\">Ulkopuolinen korkeus<\/td>\n<td width=\"104\">Sis\u00e4inen korkeus<\/td>\n<td width=\"141\">Ulkoisen rei\u00e4n parametrit<\/td>\n<td width=\"103\">Sis\u00e4isen rei\u00e4n parametrit<\/td>\n<td width=\"85\">Hampaiden lukum\u00e4\u00e4r\u00e4<\/td>\n<\/tr>\n<tr>\n<td width=\"52\">922<\/td>\n<td width=\"62\">26b0272<\/td>\n<td width=\"81\">1405<\/td>\n<td width=\"111\">1129<\/td>\n<td width=\"77\">100<\/td>\n<td width=\"77\">70<\/td>\n<td width=\"104\">90<\/td>\n<td width=\"141\">36-\u03c624 ep\u00e4tasainen<\/td>\n<td width=\"103\">36-M22<\/td>\n<td width=\"85\">95<\/td>\n<\/tr>\n<tr>\n<td width=\"52\">922<\/td>\n<td width=\"62\">26b0122<\/td>\n<td width=\"81\">1405<\/td>\n<td width=\"111\">1129<\/td>\n<td width=\"77\">100<\/td>\n<td width=\"77\">70<\/td>\n<td width=\"104\">90<\/td>\n<td width=\"141\">36-\u03c624 ep\u00e4tasainen<\/td>\n<td width=\"103\">36-M22<\/td>\n<td width=\"85\">95<\/td>\n<\/tr>\n<tr>\n<td width=\"52\">922<\/td>\n<td width=\"62\">26b0010<\/td>\n<td width=\"81\">1405<\/td>\n<td width=\"111\">1129<\/td>\n<td width=\"77\">100<\/td>\n<td width=\"77\">70<\/td>\n<td width=\"104\">90<\/td>\n<td width=\"141\">36 Tasaisesti jakautunut<\/td>\n<td width=\"103\">36-M22<\/td>\n<td width=\"85\">91<\/td>\n<\/tr>\n<tr>\n<td width=\"52\">LG922D<\/td>\n<td width=\"62\">26B0122<\/td>\n<td width=\"81\">1405<\/td>\n<td width=\"111\">1129<\/td>\n<td width=\"77\">100<\/td>\n<td width=\"77\">70<\/td>\n<td width=\"104\">90<\/td>\n<td width=\"141\">36-\u03c624 ep\u00e4tasainen<\/td>\n<td width=\"103\">36-M22<\/td>\n<td width=\"85\">95<\/td>\n<\/tr>\n<tr>\n<td width=\"52\"><strong><b>936D<\/b><\/strong><\/td>\n<td width=\"62\">26B0120<\/td>\n<td width=\"81\">1658<\/td>\n<td width=\"111\">1334.3<\/td>\n<td width=\"77\">125<\/td>\n<td width=\"77\">82<\/td>\n<td width=\"104\">115<\/td>\n<td width=\"141\">40-\u03c626 ep\u00e4tasainen<\/td>\n<td width=\"103\">40-M24 Tasaisesti jakautunut<\/td>\n<td width=\"85\">97<\/td>\n<\/tr>\n<\/tbody>\n<\/table>\n<\/figure>\n<h5 class=\"wp-block-heading has-medium-font-size\">Liugong Kaivinkoneen heilurilaakerit<\/h5>\n<p>Liugong Kaivinkoneen keinulaakeri: Kaivinkoneesi kest\u00e4v\u00e4 ja luotettava valinta.<br \/>\nK\u00e4\u00e4nt\u00f6laakerit, jotka tunnetaan my\u00f6s nimell\u00e4 k\u00e4\u00e4nt\u00f6p\u00f6yd\u00e4n laakerit, ovat kaivukoneiden olennainen osa. N\u00e4iden laakereiden ansiosta kaivukoneen yl\u00e4osa py\u00f6rii tasaisesti ja turvallisesti. Kaivukoneen k\u00e4\u00e4ntyvill\u00e4 laakereilla on ratkaiseva merkitys koneen suorituskyvyn ja luotettavuuden kannalta. T\u00e4st\u00e4 syyst\u00e4 laadukkaiden k\u00e4\u00e4ntymislaakereiden valitseminen on t\u00e4rke\u00e4\u00e4 kaivukoneesi pitk\u00e4ik\u00e4isyyden ja tehokkuuden kannalta.<br \/>\nLiugong on tunnettu tuotemerkki rakennuskoneteollisuudessa, ja se tarjoaa erilaisia kaivinkoneiden k\u00e4\u00e4ntyvi\u00e4 laakereita, jotka tunnetaan kest\u00e4vyydest\u00e4\u00e4n ja luotettavuudestaan. Liugongin kaivukoneen k\u00e4\u00e4ntyv\u00e4t laakerit on suunniteltu kest\u00e4m\u00e4\u00e4n kovia olosuhteita ja raskaita kuormia, mik\u00e4 varmistaa, ett\u00e4 kaivukoneesi selviytyy kaikista t\u00f6ist\u00e4, niin suurista kuin pienist\u00e4kin.<\/p>\n<h5 class=\"wp-block-heading has-medium-font-size\">Sovellettava kaivinkoneen keinulaakerimalli<\/h5>\n<p class=\"has-text-align-left\">Liugongin kaivukoneen heilurilaakereita on saatavana seuraavista malleista: CLG904, CLG9055, CLG906, CLG907, CLG9075, CLG908, CLG915, CLG150, CLG920, CLG921, CLG922, CLG225, CLG924, CLG925, CLG933, CLG936, CLG939, CLG942, CLG948, CLG950, CLG952, CLG200, CLG205, CLG220 ja CLG225.<br \/>\nN\u00e4m\u00e4 Liugongin kaivinkoneen k\u00e4\u00e4ntyv\u00e4t laakerit on suunniteltu tarkasti ja t\u00e4sm\u00e4llisesti optimaalisen suorituskyvyn ja kest\u00e4vyyden varmistamiseksi. Laadukkaista materiaaleista valmistetut laakerit kest\u00e4v\u00e4t \u00e4\u00e4rimm\u00e4isi\u00e4 s\u00e4\u00e4olosuhteita ja raskaita sovelluksia.<br \/>\nLiugongin sitoutuminen laatuun ja luotettavuuteen n\u00e4kyy kaikissa sen tuotteissa, eiv\u00e4tk\u00e4 kaivukoneiden heilurilaakerit ole poikkeus. Ne on suunniteltu tarjoamaan erinomaista kantavuutta ja suurta tarkkuutta, mik\u00e4 takaa, ett\u00e4 kaivukoneesi toimii sujuvasti ja tehokkaasti.<br \/>\nSuorituskyvyn lis\u00e4ksi Liugongin kaivinkoneiden liukulaakerit on helppo asentaa, ja ne vaativat vain v\u00e4h\u00e4n huoltoa, mik\u00e4 v\u00e4hent\u00e4\u00e4 seisonta-aikoja ja korjauskustannuksia.<br \/>\nKun valitset kaivukoneen osia, Liugongin kaltaisen laadukkaan tuotemerkin valitseminen on ratkaisevan t\u00e4rke\u00e4\u00e4 koneesi pitk\u00e4ik\u00e4isyyden ja luotettavuuden kannalta. Liugongin kaivukoneen keinupy\u00f6r\u00e4 on suunniteltu tarjoamaan parasta suorituskyky\u00e4, kest\u00e4vyytt\u00e4 ja luotettavuutta, mik\u00e4 tekee niist\u00e4 erinomaisen valinnan mihin tahansa kaivuprojektiin.<br \/>\nLopuksi, jos etsit laadukkaita kaivinkoneen k\u00e4\u00e4ntyvi\u00e4 laakereita, etsi vain Liugongia. Liugongin kest\u00e4vien ja luotettavien k\u00e4\u00e4nt\u00f6rengaslaakereiden valikoiman ansiosta voit olla varma, ett\u00e4 kaivinkoneesi toimii tehokkaasti ja sujuvasti ja tarjoaa tarvitsemasi suorituskyvyn ja luotettavuuden, jotta saat ty\u00f6si tehty\u00e4.<br \/>\nVoimme tarjota vaihtoehtoisia Swing ympyr\u00e4 teid\u00e4n ,<a href=\"https:\/\/national-bearing.com\/excavator-swing-bearings-slewing-rings-cat\/\" target=\"_blank\" rel=\"noopener\">\u00a0CAT<\/a>,HITACHI, KOMATSU, KOBELCO, HYUNDAI, VOLVO, DOOSAN, DAEWOO, JCB, CASE, SUMITOMO, KATO, ,On normaaleja ja ei-standardeja yli 1000 sataa tyyppi\u00e4, joista voit valita.<\/p>\n<figure class=\"wp-block-image size-full\"><\/figure>\n<p>Voimme olla palveluksessasi mink\u00e4 tahansa tyyppisen, mallin tai merkin k\u00e4\u00e4nt\u00f6rengasrenkaan osalta.Ota yhteytt\u00e4 jo t\u00e4n\u00e4\u00e4n, jos sinulla on kysytt\u00e4v\u00e4\u00e4 tarpeistasi.<\/p>\n<figure class=\"wp-block-table\">\n<table>\n<tbody>\n<tr>\n<td><img decoding=\"async\" class=\"wp-image-177\" src=\"https:\/\/national-bearing.com\/wp-content\/uploads\/2023\/04\/0001.jpg\" sizes=\"(max-width: 600px) 100vw, 600px\" srcset=\"https:\/\/national-bearing.com\/wp-content\/uploads\/2023\/04\/0001.jpg 600w, https:\/\/national-bearing.com\/wp-content\/uploads\/2023\/04\/0001-300x200.jpg 300w\" alt=\"kaivinkoneen heilurilaakeri \" width=\"600\" height=\"400\" \/><\/td>\n<td><img decoding=\"async\" class=\"wp-image-643\" src=\"https:\/\/national-bearing.com\/wp-content\/uploads\/2023\/04\/66.jpg\" sizes=\"(max-width: 600px) 100vw, 600px\" srcset=\"https:\/\/national-bearing.com\/wp-content\/uploads\/2023\/04\/66.jpg 600w, https:\/\/national-bearing.com\/wp-content\/uploads\/2023\/04\/66-300x200.jpg 300w\" alt=\"kaivinkoneen heilurilaakerin mittaus\" width=\"600\" height=\"400\" \/><\/td>\n<\/tr>\n<\/tbody>\n<\/table>\n<\/figure>","protected":false},"excerpt":{"rendered":"<p>LIUGONG Swing laakeri<br \/>\nModel:CLG950,CLG948,LG922D<br \/>\nCLG907,CLG9075,CLG952,CLG904<\/p>","protected":false},"featured_media":136,"template":"","meta":[],"product_brand":[],"product_cat":[22,73],"product_tag":[],"class_list":{"0":"post-575","1":"product","2":"type-product","3":"status-publish","4":"has-post-thumbnail","6":"product_cat-swing-bearing","7":"product_cat-liugong-excavator-swing-bearing","9":"first","10":"instock","11":"shipping-taxable","12":"product-type-simple"},"_links":{"self":[{"href":"https:\/\/swingbearing.net\/fi\/wp-json\/wp\/v2\/product\/575","targetHints":{"allow":["GET"]}}],"collection":[{"href":"https:\/\/swingbearing.net\/fi\/wp-json\/wp\/v2\/product"}],"about":[{"href":"https:\/\/swingbearing.net\/fi\/wp-json\/wp\/v2\/types\/product"}],"wp:featuredmedia":[{"embeddable":true,"href":"https:\/\/swingbearing.net\/fi\/wp-json\/wp\/v2\/media\/136"}],"wp:attachment":[{"href":"https:\/\/swingbearing.net\/fi\/wp-json\/wp\/v2\/media?parent=575"}],"wp:term":[{"taxonomy":"product_brand","embeddable":true,"href":"https:\/\/swingbearing.net\/fi\/wp-json\/wp\/v2\/product_brand?post=575"},{"taxonomy":"product_cat","embeddable":true,"href":"https:\/\/swingbearing.net\/fi\/wp-json\/wp\/v2\/product_cat?post=575"},{"taxonomy":"product_tag","embeddable":true,"href":"https:\/\/swingbearing.net\/fi\/wp-json\/wp\/v2\/product_tag?post=575"}],"curies":[{"name":"wp","href":"https:\/\/api.w.org\/{rel}","templated":true}]}}