{"id":574,"date":"2023-09-27T05:19:35","date_gmt":"2023-09-27T05:19:35","guid":{"rendered":"https:\/\/swingbearing.net\/?post_type=product&#038;p=574"},"modified":"2024-06-12T02:15:53","modified_gmt":"2024-06-12T02:15:53","slug":"swing-bearings-sany","status":"publish","type":"product","link":"https:\/\/swingbearing.net\/fi\/tuote\/swing-bearings-sany\/","title":{"rendered":"Heilurilaakerit SANY"},"content":{"rendered":"<h2 style=\"text-align: center;\">SANY Swing Bearings Parametrit<\/h2>\n<figure class=\"wp-block-table is-style-stripes has-small-font-size\">\n<table class=\"has-cyan-bluish-gray-background-color has-background\">\n<tbody>\n<tr>\n<td>Ulkohalkaisija Da<\/td>\n<td>Sis\u00e4halkaisija Di<\/td>\n<td>Asennuskorkeus H<\/td>\n<td>Nimitys<\/td>\n<\/tr>\n<tr>\n<td>811<\/td>\n<td>622<\/td>\n<td>75<\/td>\n<td>SY65<\/td>\n<\/tr>\n<tr>\n<td>810<\/td>\n<td>621<\/td>\n<td>75<\/td>\n<td>SY75(90Z)<\/td>\n<\/tr>\n<tr>\n<td>811<\/td>\n<td>601.6<\/td>\n<td>75<\/td>\n<td>SY75(76Z)<\/td>\n<\/tr>\n<tr>\n<td>1122<\/td>\n<td>821<\/td>\n<td>100<\/td>\n<td>SY135<\/td>\n<\/tr>\n<tr>\n<td>1327<\/td>\n<td>1071<\/td>\n<td>99.5<\/td>\n<td>SY185<\/td>\n<\/tr>\n<tr>\n<td>1327<\/td>\n<td>1071<\/td>\n<td>99.5<\/td>\n<td>SY195<\/td>\n<\/tr>\n<tr>\n<td>1322<\/td>\n<td>1071<\/td>\n<td>100<\/td>\n<td>SY200<\/td>\n<\/tr>\n<tr>\n<td>1327<\/td>\n<td>1071<\/td>\n<td>99.5<\/td>\n<td>SY205<\/td>\n<\/tr>\n<tr>\n<td>1322<\/td>\n<td>1071<\/td>\n<td>100<\/td>\n<td>SY210<\/td>\n<\/tr>\n<tr>\n<td>1322<\/td>\n<td>1071<\/td>\n<td>100<\/td>\n<td>SY215-7<\/td>\n<\/tr>\n<tr>\n<td>1322<\/td>\n<td>1071<\/td>\n<td>100<\/td>\n<td>SY215-8<\/td>\n<\/tr>\n<tr>\n<td>1322<\/td>\n<td>1071<\/td>\n<td>100<\/td>\n<td>SY215-9<\/td>\n<\/tr>\n<tr>\n<td>1320<\/td>\n<td>1071<\/td>\n<td>100<\/td>\n<td>SY215<\/td>\n<\/tr>\n<tr>\n<td>1327<\/td>\n<td>1071<\/td>\n<td>99.5<\/td>\n<td>SY235<\/td>\n<\/tr>\n<tr>\n<td>1532<\/td>\n<td>1235<\/td>\n<td>125<\/td>\n<td>SY300<\/td>\n<\/tr>\n<tr>\n<td>1550<\/td>\n<td>1238<\/td>\n<td>152<\/td>\n<td>SY305<\/td>\n<\/tr>\n<tr>\n<td>1532<\/td>\n<td>1235<\/td>\n<td>125<\/td>\n<td>SY310<\/td>\n<\/tr>\n<tr>\n<td>1550<\/td>\n<td>1238<\/td>\n<td>152<\/td>\n<td>SY335<\/td>\n<\/tr>\n<tr>\n<td>1532<\/td>\n<td>1235<\/td>\n<td>125<\/td>\n<td>SY360<\/td>\n<\/tr>\n<tr>\n<td>1550<\/td>\n<td>1238<\/td>\n<td>152<\/td>\n<td>SY365<\/td>\n<\/tr>\n<tr>\n<td>1550<\/td>\n<td>1238.5<\/td>\n<td>152<\/td>\n<td>SY420<\/td>\n<\/tr>\n<\/tbody>\n<\/table>\n<\/figure>\n<p>Sany-kaivukoneen keinulaakerit ovat kaivukoneen keinuj\u00e4rjestelm\u00e4n olennainen osa. N\u00e4iden laakereiden ansiosta kaivinkone voi py\u00f6ri\u00e4 ja k\u00e4\u00e4nty\u00e4, jolloin kuljettajat voivat suorittaa monenlaisia kaivamis-, nosto- ja lastausteht\u00e4vi\u00e4 helposti. Sany tarjoaa valikoiman laadukkaita, erityisesti kaivukoneisiin suunniteltuja k\u00e4\u00e4ntyvi\u00e4 laakereita, mukaan lukien mallit, jotka sopivat kaivukoneisiin SY55, SY60, SY65, SY70, SY75, SY85, SY95, SY115, SY135, SY155, SY195, SY200, SY205, SY215, SY220, SY225, SY235, SY245, SY285, SY305, SY335, SY365, SY375, SY395, SY415 ja SY485.<\/p>\n<p>Sany-kaivukoneiden heilurilaakerit on suunniteltu tarjoamaan optimaalista suorituskyky\u00e4 ja kest\u00e4vyytt\u00e4 kovimmissakin ty\u00f6olosuhteissa. Ne on valmistettu korkealaatuisista materiaaleista, kuten taotusta ter\u00e4ksest\u00e4 ja erikoistuneesta laakeriter\u00e4ksest\u00e4, ja niiss\u00e4 on edistykselliset valmistusprosessit, jotka takaavat niiden tarkkuuden, luotettavuuden ja pitk\u00e4ik\u00e4isyyden.<\/p>\n<p>Yksi Sany-kaivukoneiden k\u00e4\u00e4nt\u00f6keh\u00e4n t\u00e4rkeimmist\u00e4 eduista on niiden kyky kest\u00e4\u00e4 raskaita kuormia ja \u00e4\u00e4rimm\u00e4isi\u00e4 k\u00e4ytt\u00f6olosuhteita. Ne on suunniteltu kest\u00e4m\u00e4\u00e4n sek\u00e4 aksiaali- ett\u00e4 radiaalikuormituksia sek\u00e4 suuria iskuja ja t\u00e4rin\u00e4\u00e4, mink\u00e4 vuoksi ne soveltuvat erinomaisesti k\u00e4ytett\u00e4v\u00e4ksi vaativissa sovelluksissa, kuten kaivostoiminnassa, rakentamisessa ja mets\u00e4taloudessa.<\/p>\n<p>Vahvuutensa ja kest\u00e4vyytens\u00e4 lis\u00e4ksi Sany-kaivukoneiden liukulaakerit on suunniteltu niin, ett\u00e4 niiden asennus ja huolto on helppoa. Ne on suunniteltu siten, ett\u00e4 ne on helppo asentaa ja vaihtaa, ja ne vaativat mahdollisimman v\u00e4h\u00e4n huoltoa optimaalisen suorituskyvyn ja pitk\u00e4ik\u00e4isyyden varmistamiseksi.Me Sanylla olemme sitoutuneet tarjoamaan asiakkaillemme korkealaatuisia tuotteita ja palveluita, eiv\u00e4tk\u00e4 Sany-kaivukoneen liukulaakerit ole poikkeus. Etsitp\u00e4 sitten korvaavaa laakeria olemassa olevaan kaivukoneeseen tai olet varustamassa uutta konetta, asiantuntijatiimimme voi auttaa sinua l\u00f6yt\u00e4m\u00e4\u00e4n t\u00e4ydellisen ratkaisun tarpeisiisi.<\/p>\n<p>Yhteenvetona voidaan todeta, ett\u00e4 Sany-kaivukoneen k\u00e4\u00e4ntyv\u00e4t laakerit ovat jokaisen kaivukoneen olennaisia komponentteja, ja oikean laakerin valinta voi vaikuttaa merkitt\u00e4v\u00e4sti koneen suorituskykyyn ja pitk\u00e4ik\u00e4isyyteen. Valikoimassamme on korkealaatuisia laakereita, jotka on suunniteltu erityisesti kaivinkoneisiin, joten voit olla varma, ett\u00e4 saat luotettavan ja kest\u00e4v\u00e4n tuotteen, joka tarjoaa optimaalisen suorituskyvyn ja pitk\u00e4ik\u00e4isyyden vaikeimmissakin olosuhteissa.<br \/>\nVoimme tarjota vaihtoehtoisia k\u00e4\u00e4nt\u00f6renkaita , CAT, HITACHI, KOMATSU, KOBELCO, HYUNDAI, VOLVO, DOOSAN, DAEWOO, JCB, CASE, SUMITOMO, KATO, ,On normaalia ja ei-standardia yli 1000 satoja tyyppej\u00e4 voit valita.<\/p>\n<figure class=\"wp-block-image size-full is-resized\"><img decoding=\"async\" class=\"wp-image-177\" src=\"https:\/\/national-bearing.com\/wp-content\/uploads\/2023\/04\/0001.jpg\" sizes=\"(max-width: 843px) 100vw, 843px\" srcset=\"https:\/\/national-bearing.com\/wp-content\/uploads\/2023\/04\/0001.jpg 600w, https:\/\/national-bearing.com\/wp-content\/uploads\/2023\/04\/0001-300x200.jpg 300w\" alt=\"\" width=\"515\" height=\"343\" \/><\/figure>\n<p>&nbsp;<\/p>","protected":false},"excerpt":{"rendered":"<p>SANY Swing-laakerit<br \/>\nModel:SY485,SY415,SY395<br \/>\nSY365,SY375,SY335,SY310<\/p>","protected":false},"featured_media":136,"template":"","meta":[],"product_brand":[],"product_cat":[22,74],"product_tag":[],"class_list":{"0":"post-574","1":"product","2":"type-product","3":"status-publish","4":"has-post-thumbnail","6":"product_cat-swing-bearing","7":"product_cat-sany-excavator-swing-bearing","9":"first","10":"instock","11":"shipping-taxable","12":"product-type-simple"},"_links":{"self":[{"href":"https:\/\/swingbearing.net\/fi\/wp-json\/wp\/v2\/product\/574","targetHints":{"allow":["GET"]}}],"collection":[{"href":"https:\/\/swingbearing.net\/fi\/wp-json\/wp\/v2\/product"}],"about":[{"href":"https:\/\/swingbearing.net\/fi\/wp-json\/wp\/v2\/types\/product"}],"wp:featuredmedia":[{"embeddable":true,"href":"https:\/\/swingbearing.net\/fi\/wp-json\/wp\/v2\/media\/136"}],"wp:attachment":[{"href":"https:\/\/swingbearing.net\/fi\/wp-json\/wp\/v2\/media?parent=574"}],"wp:term":[{"taxonomy":"product_brand","embeddable":true,"href":"https:\/\/swingbearing.net\/fi\/wp-json\/wp\/v2\/product_brand?post=574"},{"taxonomy":"product_cat","embeddable":true,"href":"https:\/\/swingbearing.net\/fi\/wp-json\/wp\/v2\/product_cat?post=574"},{"taxonomy":"product_tag","embeddable":true,"href":"https:\/\/swingbearing.net\/fi\/wp-json\/wp\/v2\/product_tag?post=574"}],"curies":[{"name":"wp","href":"https:\/\/api.w.org\/{rel}","templated":true}]}}