{"id":568,"date":"2023-09-27T04:20:00","date_gmt":"2023-09-27T04:20:00","guid":{"rendered":"https:\/\/swingbearing.net\/?post_type=product&#038;p=568"},"modified":"2024-05-15T06:54:01","modified_gmt":"2024-05-15T06:54:01","slug":"swing-bearing-volvo","status":"publish","type":"product","link":"https:\/\/swingbearing.net\/fi\/tuote\/swing-bearing-volvo\/","title":{"rendered":"K\u00e4\u00e4ntyv\u00e4 laakeri VOLVO"},"content":{"rendered":"<h2 style=\"text-align: center;\">VOLVO Swing-laakerin parametrit<\/h2>\n<figure class=\"wp-block-table is-style-stripes has-small-font-size\">\n<table class=\"has-cyan-bluish-gray-background-color has-background\">\n<tbody>\n<tr>\n<td>Malli<\/td>\n<td>Osanumero<\/td>\n<td>Ulkohalkaisija<\/td>\n<td>Sis\u00e4halkaisija<\/td>\n<td>Kokonaiskorkeus<\/td>\n<td>Ulkopuolinen korkeus<\/td>\n<td>Sis\u00e4inen korkeus<\/td>\n<td>Ulkoisen rei\u00e4n parametrit<\/td>\n<td>Sis\u00e4isen rei\u00e4n parametrit<\/td>\n<td>Hampaiden lukum\u00e4\u00e4r\u00e4<\/td>\n<\/tr>\n<tr>\n<td>EC140B<\/td>\n<td>VOE14520561<\/td>\n<td>1196<\/td>\n<td>963<\/td>\n<td>90<\/td>\n<td>79<\/td>\n<td>80<\/td>\n<td>36-\u042419<\/td>\n<td>36-M16*1.5<\/td>\n<td>98<\/td>\n<\/tr>\n<tr>\n<td>EC210<\/td>\n<td>SA1155-00061<\/td>\n<td>1328<\/td>\n<td>1080<\/td>\n<td>110<\/td>\n<td>90<\/td>\n<td>90<\/td>\n<td>33-\u042422<\/td>\n<td>36-M20<\/td>\n<td>92<\/td>\n<\/tr>\n<tr>\n<td>EC210BLC<\/td>\n<td>14563341<\/td>\n<td>1327<\/td>\n<td>1082<\/td>\n<td>110<\/td>\n<td>90<\/td>\n<td>90<\/td>\n<td>34-\u03c622<\/td>\n<td>36-M20<\/td>\n<td>92<\/td>\n<\/tr>\n<tr>\n<td>EC210BLC<\/td>\n<td>14563342<\/td>\n<td>1327<\/td>\n<td>1082<\/td>\n<td>110<\/td>\n<td>90<\/td>\n<td>90<\/td>\n<td>34-\u03c622<\/td>\n<td>36-M20<\/td>\n<td>92<\/td>\n<\/tr>\n<tr>\n<td>EC210 2005<\/td>\n<td>EC210V13948<\/td>\n<td>1327<\/td>\n<td>1080<\/td>\n<td>110<\/td>\n<td>90<\/td>\n<td>90<\/td>\n<td>34-\u042421.5<\/td>\n<td>36-M20<\/td>\n<td>92<\/td>\n<\/tr>\n<tr>\n<td>EC210B<\/td>\n<td>14563327<\/td>\n<td>1328<\/td>\n<td>1080<\/td>\n<td>110<\/td>\n<td>90<\/td>\n<td>90<\/td>\n<td>34-\u042421.5<\/td>\n<td>36-M20<\/td>\n<td>92<\/td>\n<\/tr>\n<tr>\n<td>EC210B<\/td>\n<td>14505766<\/td>\n<td>1328<\/td>\n<td>1080<\/td>\n<td>110<\/td>\n<td>90<\/td>\n<td>90<\/td>\n<td>34-\u03c622<\/td>\n<td>36-M20<\/td>\n<td>92<\/td>\n<\/tr>\n<tr>\n<td>EC210BLC<\/td>\n<td>14577178<\/td>\n<td>1328<\/td>\n<td>1080<\/td>\n<td>110<\/td>\n<td>90<\/td>\n<td>90<\/td>\n<td>34-\u03c622<\/td>\n<td>36-M20<\/td>\n<td>92<\/td>\n<\/tr>\n<tr>\n<td>EC210BNC<\/td>\n<td>14530323<\/td>\n<td>1328<\/td>\n<td>1080<\/td>\n<td>110<\/td>\n<td>90<\/td>\n<td>90<\/td>\n<td>34-\u03c622<\/td>\n<td>36-M20<\/td>\n<td>92<\/td>\n<\/tr>\n<tr>\n<td>EC210LC<\/td>\n<td>1155-00061<\/td>\n<td>1328<\/td>\n<td>1080<\/td>\n<td>110<\/td>\n<td>90<\/td>\n<td>90<\/td>\n<td>33-\u03c622<\/td>\n<td>36-M20<\/td>\n<td>92<\/td>\n<\/tr>\n<tr>\n<td>EC210LC<\/td>\n<td>14563328<\/td>\n<td>1326<\/td>\n<td>1083<\/td>\n<td>108<\/td>\n<td>90<\/td>\n<td>90<\/td>\n<td>34<\/td>\n<td>36<\/td>\n<td>92<\/td>\n<\/tr>\n<tr>\n<td>EC240BLC<\/td>\n<td>14563334<\/td>\n<td>1462<\/td>\n<td>1162<\/td>\n<td>120<\/td>\n<td>95<\/td>\n<td>105<\/td>\n<td>33<\/td>\n<td>36<\/td>\n<td>85<\/td>\n<\/tr>\n<tr>\n<td>EC240BLC<\/td>\n<td>SA1155-00040<\/td>\n<td>1462<\/td>\n<td>1162<\/td>\n<td>120<\/td>\n<td>95<\/td>\n<td>105<\/td>\n<td>33<\/td>\n<td>36<\/td>\n<td>85<\/td>\n<\/tr>\n<tr>\n<td>EC240BNLC<\/td>\n<td>14520572<\/td>\n<td>1462<\/td>\n<td>1162<\/td>\n<td>120<\/td>\n<td>95<\/td>\n<td>105<\/td>\n<td>33<\/td>\n<td>36<\/td>\n<td>85<\/td>\n<\/tr>\n<tr>\n<td>EC290<\/td>\n<td>14570794<\/td>\n<td>1532<\/td>\n<td>1235<\/td>\n<td>123<\/td>\n<td>90<\/td>\n<td>113<\/td>\n<td>35-\u042426<\/td>\n<td>40-M24<\/td>\n<td>90<\/td>\n<\/tr>\n<tr>\n<td>EC290BLC<\/td>\n<td>14563335<\/td>\n<td>1533<\/td>\n<td>1235<\/td>\n<td>122<\/td>\n<td>90<\/td>\n<td>110<\/td>\n<td>35-\u03c626<\/td>\n<td>40-M24<\/td>\n<td>90<\/td>\n<\/tr>\n<tr>\n<td>EC290B<\/td>\n<td>14563335<\/td>\n<td>1532<\/td>\n<td>1235<\/td>\n<td>122<\/td>\n<td>90<\/td>\n<td>110<\/td>\n<td>35-\u03c626<\/td>\n<td>40-M24<\/td>\n<td>90<\/td>\n<\/tr>\n<tr>\n<td>EC290B<\/td>\n<td>14520573<\/td>\n<td>1532<\/td>\n<td>1235<\/td>\n<td>122<\/td>\n<td>90<\/td>\n<td>110<\/td>\n<td>35-\u03c626<\/td>\n<td>40-M24<\/td>\n<td>90<\/td>\n<\/tr>\n<tr>\n<td>EX300-3C<\/td>\n<td>9112188<\/td>\n<td>1531<\/td>\n<td>1248<\/td>\n<td>117<\/td>\n<td>83<\/td>\n<td>105<\/td>\n<td>32-\u03c626<\/td>\n<td>36-M24*2<\/td>\n<td>91<\/td>\n<\/tr>\n<tr>\n<td>EC360BLC<\/td>\n<td>14563350<\/td>\n<td>1550<\/td>\n<td>1239<\/td>\n<td>150<\/td>\n<td>110<\/td>\n<td>136<\/td>\n<td>35<\/td>\n<td>40<\/td>\n<td>90<\/td>\n<\/tr>\n<tr>\n<td>EC460BLC<\/td>\n<td>14507709<\/td>\n<td>1778<\/td>\n<td>1393<\/td>\n<td>120<\/td>\n<td>110<\/td>\n<td>110<\/td>\n<td>40-\u042433<\/td>\n<td>40-M30<\/td>\n<td>112<\/td>\n<\/tr>\n<tr>\n<td>EC480DL<\/td>\n<td>14559204<\/td>\n<td>1778<\/td>\n<td>1393<\/td>\n<td>120<\/td>\n<td>110<\/td>\n<td>110<\/td>\n<td>40\/33<\/td>\n<td>40\/M30<\/td>\n<td>112<\/td>\n<\/tr>\n<tr>\n<td>EC700BLC<\/td>\n<td>14559205<\/td>\n<td>1815<\/td>\n<td>1375<\/td>\n<td>205<\/td>\n<td>148<\/td>\n<td>180<\/td>\n<td>48<\/td>\n<td>60<\/td>\n<td>100<\/td>\n<\/tr>\n<\/tbody>\n<\/table>\n<\/figure>\n<p>Volvo on tunnettu nimi rakennuskoneteollisuudessa, ja se tarjoaa korkealaatuisia ja luotettavia koneita erilaisiin k\u00e4ytt\u00f6tarkoituksiin. Laajasta tuotevalikoimastaan Volvo-kaivukoneet ovat suorituskykyns\u00e4 ja kest\u00e4vyytens\u00e4 ansiosta urakoitsijoiden ja rakennusyritysten suosiossa. Volvon kaivukoneiden liukulaakerituotteet ovat n\u00e4iden koneiden olennainen osa, joka varmistaa niiden sujuvan ja tehokkaan toiminnan.<\/p>\n<p>Kaivukoneiden heilurilaakerit, jotka tunnetaan my\u00f6s nimell\u00e4 heilurilaakerit, k\u00e4\u00e4nt\u00f6p\u00f6yd\u00e4n laakerit tai heilurirenkaan laakerit, yhdist\u00e4v\u00e4t kaivukoneen yl\u00e4- ja alaosan. Niiden ansiosta kaivukoneen yl\u00e4rakenne voi py\u00f6ri\u00e4 alarakenteensa p\u00e4\u00e4ll\u00e4, mik\u00e4 mahdollistaa 360 asteen liikkeen ja joustavuuden. T\u00e4m\u00e4 liike on kaivukoneille ratkaisevan t\u00e4rke\u00e4\u00e4, sill\u00e4 sen ansiosta ne voivat toimia ahtaissa tiloissa, saavuttaa vaikeita kulmia ja suorittaa monenlaisia teht\u00e4vi\u00e4.<\/p>\n<p>Volvon kaivukoneiden heilurilaakerit on suunniteltu kest\u00e4m\u00e4\u00e4n suuria kuormia ja \u00e4\u00e4rimm\u00e4isi\u00e4 olosuhteita, joten ne soveltuvat erilaisiin sovelluksiin. Ne on valmistettu korkealaatuisista materiaaleista, ja ne k\u00e4yv\u00e4t l\u00e4pi tiukan testausprosessin lujuuden ja kest\u00e4vyyden varmistamiseksi. Volvon kaivukoneen k\u00e4\u00e4nt\u00f6keh\u00e4n laakereissa on my\u00f6s kompakti rakenne, joka v\u00e4hent\u00e4\u00e4 koneen kokonaispainoa ja parantaa polttoainetehokkuutta.<\/p>\n<p>K\u00e4\u00e4nt\u00f6rengaslaakerit ovat kaivukoneiden keskeisi\u00e4 osia, ja niiden vikaantuminen voi aiheuttaa huomattavia seisokkeja ja kalliita korjauksia. K\u00e4ytt\u00e4m\u00e4ll\u00e4 Volvon kaivukoneen osien heilurirenkaan laakereita urakoitsijat voivat varmistaa kaivukoneidensa moitteettoman toiminnan, v\u00e4hent\u00e4\u00e4 seisokkien riski\u00e4 ja minimoida huoltokustannukset. Volvon kaivukoneiden k\u00e4\u00e4nt\u00f6laakerit on suunniteltu kest\u00e4m\u00e4\u00e4n, ja ne tarjoavat pitk\u00e4aikaista suorituskyky\u00e4 ja luotettavuutta.<\/p>\n<p>Volvo tarjoaa laajan valikoiman kaivukoneen k\u00e4\u00e4ntyvi\u00e4 laakereita, jotka soveltuvat eri malleihin ja sovelluksiin. Volvo EC55, EC60, EC140BP, EW145BP, EW160BB, EC210, EC240, EC290, EC360LC, EC380, EC460, EC480, EC700, EC210B, EC360 ovat vain muutamia malleja, joissa k\u00e4ytet\u00e4\u00e4n Volvon kaivukoneen k\u00e4\u00e4ntyvi\u00e4 laakereita.Yhteenvetona voidaan todeta, ett\u00e4 Volvon kaivukoneen k\u00e4\u00e4ntyv\u00e4t laakerit ovat olennainen osa Volvon kaivukoneiden varustusta, ja ne tarjoavat joustavuutta ja ketteryytt\u00e4, jota tarvitaan erilaisissa rakennusteht\u00e4viss\u00e4. Ne on suunniteltu kest\u00e4m\u00e4\u00e4n raskaita kuormia ja \u00e4\u00e4riolosuhteita, mik\u00e4 takaa koneen pitk\u00e4n aikav\u00e4lin suorituskyvyn ja luotettavuuden. K\u00e4ytt\u00e4m\u00e4ll\u00e4 Volvon kaivukoneiden k\u00e4\u00e4ntyvi\u00e4 laakereita urakoitsijat voivat minimoida k\u00e4ytt\u00f6katkokset, v\u00e4hent\u00e4\u00e4 huoltokustannuksia ja lis\u00e4t\u00e4 tuottavuutta.<\/p>\n<p>Voimme tarjota vaihtoehtoisia Swing ympyr\u00e4 teid\u00e4n , CAT, HITACHI, KOMATSU, KOBELCO, HYUNDAI, VOLVO, DOOSAN, DAEWOO, JCB, CASE, SUMITOMO, KATO.There on normaali ja ei-standardi yli 1000 satoja tyyppej\u00e4 voit valita.<\/p>","protected":false},"excerpt":{"rendered":"<p>Volvo Swingin laakeri<br \/>\nMalli: EC700BLC, EC480DL<br \/>\nEC460BLC,EC360BLC,EC290B<\/p>","protected":false},"featured_media":136,"template":"","meta":[],"product_brand":[],"product_cat":[22,68],"product_tag":[],"class_list":{"0":"post-568","1":"product","2":"type-product","3":"status-publish","4":"has-post-thumbnail","6":"product_cat-swing-bearing","7":"product_cat-volvo-excavator-swing-bearing","9":"first","10":"instock","11":"shipping-taxable","12":"product-type-simple"},"_links":{"self":[{"href":"https:\/\/swingbearing.net\/fi\/wp-json\/wp\/v2\/product\/568","targetHints":{"allow":["GET"]}}],"collection":[{"href":"https:\/\/swingbearing.net\/fi\/wp-json\/wp\/v2\/product"}],"about":[{"href":"https:\/\/swingbearing.net\/fi\/wp-json\/wp\/v2\/types\/product"}],"wp:featuredmedia":[{"embeddable":true,"href":"https:\/\/swingbearing.net\/fi\/wp-json\/wp\/v2\/media\/136"}],"wp:attachment":[{"href":"https:\/\/swingbearing.net\/fi\/wp-json\/wp\/v2\/media?parent=568"}],"wp:term":[{"taxonomy":"product_brand","embeddable":true,"href":"https:\/\/swingbearing.net\/fi\/wp-json\/wp\/v2\/product_brand?post=568"},{"taxonomy":"product_cat","embeddable":true,"href":"https:\/\/swingbearing.net\/fi\/wp-json\/wp\/v2\/product_cat?post=568"},{"taxonomy":"product_tag","embeddable":true,"href":"https:\/\/swingbearing.net\/fi\/wp-json\/wp\/v2\/product_tag?post=568"}],"curies":[{"name":"wp","href":"https:\/\/api.w.org\/{rel}","templated":true}]}}