{"id":548,"date":"2023-09-26T14:22:24","date_gmt":"2023-09-26T14:22:24","guid":{"rendered":"https:\/\/swingbearing.net\/?post_type=product&#038;p=548"},"modified":"2023-11-09T06:59:32","modified_gmt":"2023-11-09T06:59:32","slug":"swing-bearing-jcb","status":"publish","type":"product","link":"https:\/\/swingbearing.net\/fi\/tuote\/heilurilaakeri-jcb\/","title":{"rendered":"Swing Bearing JCB"},"content":{"rendered":"<figure class=\"wp-block-table is-style-stripes has-small-font-size\">\n<table class=\"has-cyan-bluish-white-background-color has-background\">\n<tbody>\n<tr>\n<td width=\"113\"><strong><a href=\"https:\/\/swingbearing.net\/fi\/tuote\/swing-bearing-cat\/\" target=\"_parent\" rel=\"noopener\">CAT<\/a><\/strong><\/td>\n<td width=\"113\"><strong><a href=\"https:\/\/swingbearing.net\/fi\/tuote\/swing-bearing-komatsu\/\" rel=\"noopener\">KOMATSU<\/a><\/strong><\/td>\n<td width=\"113\"><strong><a href=\"https:\/\/swingbearing.net\/fi\/tuote\/heilurilaakerit-hitachi\/\" rel=\"noopener\">HITACHI<\/a><\/strong><\/td>\n<td width=\"113\"><strong><a href=\"https:\/\/swingbearing.net\/fi\/tuote\/swing-bearing-kobelco\/\" target=\"_parent\" rel=\"noopener\">KOBELCO<\/a><\/strong><\/td>\n<td width=\"113\"><strong><a href=\"https:\/\/swingbearing.net\/fi\/tuote\/swing-bearing-hyundai\/\" target=\"_parent\" rel=\"noopener\">HYUNDAI<\/a><\/strong><\/td>\n<\/tr>\n<tr>\n<td width=\"113\"><strong><a href=\"https:\/\/swingbearing.net\/fi\/tuote\/swing-bearing-doosan\/\" target=\"_parent\" rel=\"noopener\">DOOSAN<\/a><\/strong><\/td>\n<td width=\"113\"><strong><a href=\"https:\/\/swingbearing.net\/fi\/tuote\/swing-bearing-volvo\/\" target=\"_parent\" rel=\"noopener\">VOLVO<\/a><\/strong><\/td>\n<td width=\"113\"><strong><a href=\"https:\/\/swingbearing.net\/fi\/tuote\/heilurilaakeri-jcb\/\" target=\"_parent\" rel=\"noopener\">JCB<\/a><\/strong><\/td>\n<td width=\"113\"><strong><a href=\"https:\/\/swingbearing.net\/fi\/tuote\/swing-bearing-case\/\" target=\"_parent\" rel=\"noopener\">CASE<\/a><\/strong><\/td>\n<td width=\"113\"><strong><a href=\"https:\/\/swingbearing.net\/fi\/tuote\/swing-bearing-liebherr\/\" target=\"_parent\" rel=\"noopener\">LIEBHERR<\/a><\/strong><\/td>\n<\/tr>\n<tr>\n<td width=\"113\"><strong><a href=\"https:\/\/swingbearing.net\/fi\/tuote\/swing-laakeri-liugong\/\" target=\"_parent\" rel=\"noopener\">LIUGONG<\/a><\/strong><\/td>\n<td width=\"113\"><strong><a href=\"https:\/\/swingbearing.net\/fi\/tuote\/swing-bearings-sany\/\" target=\"_parent\" rel=\"noopener\">SANY<\/a><\/strong><\/td>\n<td width=\"113\"><strong><a href=\"https:\/\/swingbearing.net\/fi\/tuote\/swing-bearing-yuchai\/\" target=\"_parent\" rel=\"noopener\">YUCHAI<\/a><\/strong><\/td>\n<td width=\"113\"><strong><a href=\"https:\/\/swingbearing.net\/fi\/tuote\/swing-bearing-xcmg\/\" target=\"_parent\" rel=\"noopener\">XCMG<\/a><\/strong><\/td>\n<td width=\"113\"><strong><a href=\"https:\/\/swingbearing.net\/fi\/tuote\/heilurilaakeri-sumitomo\/\" target=\"_parent\" rel=\"noopener\">SUMITOMO<\/a><\/strong><\/td>\n<\/tr>\n<\/tbody>\n<\/table>\n<\/figure>\n<h4 style=\"text-align: center;\">JCB Swing Bearing Parametrit<\/h4>\n<figure class=\"wp-block-table is-style-stripes has-small-font-size\">\n<table class=\"has-cyan-bluish-gray-background-color has-background\">\n<tbody>\n<tr>\n<td>Malli<\/td>\n<td>Osanumero<\/td>\n<td>Ulkohalkaisija<\/td>\n<td>Sis\u00e4halkaisija<\/td>\n<td>Kokonaiskorkeus<\/td>\n<td>Ulkopuolinen korkeus<\/td>\n<td>Sis\u00e4inen korkeus<\/td>\n<td>Ulkoisen rei\u00e4n parametrit<\/td>\n<td>Sis\u00e4isen rei\u00e4n parametrit<\/td>\n<td>Hampaiden lukum\u00e4\u00e4r\u00e4<\/td>\n<\/tr>\n<tr>\n<td>JCB 8060<\/td>\n<td>234\/11000<\/td>\n<td>852<\/td>\n<td>648.5<\/td>\n<td>70<\/td>\n<td>55<\/td>\n<td>60<\/td>\n<td>24<\/td>\n<td>24<\/td>\n<td>109<\/td>\n<\/tr>\n<tr>\n<td>JCB JS130<\/td>\n<td>332\/K8067\uff08New)<\/td>\n<td>1174<\/td>\n<td>972<\/td>\n<td>88<\/td>\n<td>56<\/td>\n<td>78<\/td>\n<td>32-\u042418<\/td>\n<td>36-M16<\/td>\n<td>98<\/td>\n<\/tr>\n<tr>\n<td>JCB JS130<\/td>\n<td>JNB0146\uff08Vanha\uff09<\/td>\n<td>1174<\/td>\n<td>972<\/td>\n<td>80<\/td>\n<td>56<\/td>\n<td>70<\/td>\n<td>28-\u042418<\/td>\n<td>36-M16<\/td>\n<td>98<\/td>\n<\/tr>\n<tr>\n<td>JCB JS130<\/td>\n<td>JNB0160<\/td>\n<td>1174<\/td>\n<td>972<\/td>\n<td>80<\/td>\n<td>56<\/td>\n<td>70<\/td>\n<td>28-\u042418<\/td>\n<td>36-M16<\/td>\n<td>98<\/td>\n<\/tr>\n<tr>\n<td>JCB160<\/td>\n<td>331\/12091<\/td>\n<td>1330<\/td>\n<td>1093<\/td>\n<td>102<\/td>\n<td>74<\/td>\n<td>92<\/td>\n<td>31-\u042422.5<\/td>\n<td>36-M20<\/td>\n<td>92<\/td>\n<\/tr>\n<tr>\n<td>JCB 205<\/td>\n<td>333\/P7280<\/td>\n<td>1328<\/td>\n<td>1092<\/td>\n<td>102<\/td>\n<td>74<\/td>\n<td>92<\/td>\n<td>31-\u03c622<\/td>\n<td>36-M20<\/td>\n<td>92<\/td>\n<\/tr>\n<tr>\n<td>JS200LC<\/td>\n<td>JRB0017<\/td>\n<td>1328<\/td>\n<td>1092<\/td>\n<td>102<\/td>\n<td>74<\/td>\n<td>92<\/td>\n<td>31-\u042422.5<\/td>\n<td>36-M20<\/td>\n<td>92<\/td>\n<\/tr>\n<tr>\n<td>JCB JS220<\/td>\n<td>JRB0017<\/td>\n<td>1328<\/td>\n<td>1092<\/td>\n<td>102<\/td>\n<td>74<\/td>\n<td>92<\/td>\n<td>31-\u042422.5<\/td>\n<td>36-M20<\/td>\n<td>92<\/td>\n<\/tr>\n<tr>\n<td>JCB JS220<\/td>\n<td>JRB0017<\/td>\n<td>1328<\/td>\n<td>1092<\/td>\n<td>102<\/td>\n<td>74<\/td>\n<td>92<\/td>\n<td>31-\u042422.5<\/td>\n<td>36-M20<\/td>\n<td>92<\/td>\n<\/tr>\n<tr>\n<td>JCB 240<\/td>\n<td>JBB0001<\/td>\n<td>1375<\/td>\n<td>1094<\/td>\n<td>125<\/td>\n<td>80<\/td>\n<td>115<\/td>\n<td>26<\/td>\n<td>36<\/td>\n<td>92<\/td>\n<\/tr>\n<tr>\n<td>JCB JS240<\/td>\n<td>916\/10029<\/td>\n<td>1375<\/td>\n<td>1094<\/td>\n<td>124<\/td>\n<td>80<\/td>\n<td>114<\/td>\n<td>26-\u042426<\/td>\n<td>36-M24<\/td>\n<td>92<\/td>\n<\/tr>\n<tr>\n<td>JCB JS330<\/td>\n<td>JSB0022<\/td>\n<td>1509<\/td>\n<td>1192<\/td>\n<td>135<\/td>\n<td>100<\/td>\n<td>125<\/td>\n<td>38-\u03c626<\/td>\n<td>43-M24<\/td>\n<td>86<\/td>\n<\/tr>\n<tr>\n<td>JCB 360<\/td>\n<td>JSB0022<\/td>\n<td>1510<\/td>\n<td>1193<\/td>\n<td>135<\/td>\n<td>101<\/td>\n<td>125<\/td>\n<td>38-\u03c626<\/td>\n<td>30-M22<\/td>\n<td>86<\/td>\n<\/tr>\n<\/tbody>\n<\/table>\n<\/figure>\n<p>Korkean suorituskyvyn ja kest\u00e4vyyden varmistaminen<br \/>\nLiikkuvat laakerit ovat kaivukoneen rakenteen olennaisia osia, joiden avulla kaivukone voi py\u00f6ri\u00e4 akselinsa ymp\u00e4ri. N\u00e4iden laakereiden on oltava kest\u00e4vi\u00e4 ja korkealaatuisia, jotta ne kest\u00e4v\u00e4t rakennusty\u00f6maiden ankarat olosuhteet ja ty\u00f6m\u00e4\u00e4r\u00e4n. JCB:n kaivukoneen k\u00e4\u00e4nt\u00f6laakerit ovat erinomainen vaihtoehto niille, jotka etsiv\u00e4t luotettavia, kest\u00e4vi\u00e4 ja suorituskykyisi\u00e4 tuotteita.<\/p>\n<p>Heilurilaakereista k\u00e4ytet\u00e4\u00e4n toisinaan nimityksi\u00e4 kaivinkoneen heilurilaakerit tai heilurirenkaan laakerit, k\u00e4\u00e4nt\u00f6p\u00f6yd\u00e4n laakerit ja kaivinkoneen k\u00e4\u00e4nt\u00f6keh\u00e4n laakerit, muiden nimitysten ohella. Niill\u00e4 kaikilla on kuitenkin sama teht\u00e4v\u00e4: niiden teht\u00e4v\u00e4n\u00e4 on huolehtia kaivukoneen yl\u00e4rakenteen tasaisesta ja vakaasta py\u00f6rimisest\u00e4.<br \/>\nKaivukoneen heilurilaakeri on yksi koneen kriittisimmist\u00e4 osista, ja sen on oltava tukeva ja luotettava optimaalisen suorituskyvyn varmistamiseksi. JCB:n kaivukoneen keinulaakerit on valmistettu korkealaatuisista materiaaleista, ja valmistusprosessissa noudatetaan tiukkoja laadunvalvontatoimenpiteit\u00e4 erinomaisen suorituskyvyn, luotettavuuden ja kest\u00e4vyyden varmistamiseksi. N\u00e4m\u00e4 laakerit kest\u00e4v\u00e4t raskaita kuormia ja toimivat vaikeissa ymp\u00e4rist\u00f6olosuhteissa, mik\u00e4 takaa kaivukoneen py\u00f6rimisj\u00e4rjestelm\u00e4n pitk\u00e4ik\u00e4isyyden.<br \/>\nJCB:n kaivukoneiden liukulaakerit on helppo asentaa ja ne vaativat vain v\u00e4h\u00e4n huoltoa. N\u00e4m\u00e4 laakerit on suunniteltu v\u00e4hent\u00e4m\u00e4\u00e4n seisokkiaikoja ja lis\u00e4\u00e4m\u00e4\u00e4n tuottavuutta, mik\u00e4 takaa erinomaisen tuoton investoinnille. JCB:n kaivukoneiden liukulaakerit varmistavat, ett\u00e4 kaivukoneen yl\u00e4rakenne py\u00f6rii tasaisesti ja luotettavasti, ja ne auttavat k\u00e4ytt\u00e4ji\u00e4 saamaan projektit valmiiksi aikataulussa ja budjetin puitteissa.<\/p>\n<p>Yhteenvetona voidaan todeta, ett\u00e4 JCB:n kaivinkoneen liukulaakerit ovat erinomainen valinta niille, jotka etsiv\u00e4t suorituskykyisi\u00e4, kest\u00e4vi\u00e4 ja luotettavia tuotteita. Niit\u00e4 on saatavana eri malleihin, kuten JCB8045, JCB8055, JCB8056, JCB8060, JCB8061, JCB8065, JS130, JS140, JS200, JS210, JS220, JCB70, JCB360 ja JS205. N\u00e4m\u00e4 laakerit on helppo asentaa, ne vaativat vain v\u00e4h\u00e4n huoltoa, ja ne on rakennettu kest\u00e4m\u00e4\u00e4n raskaita kuormia ja ankaria ymp\u00e4rist\u00f6olosuhteita, mik\u00e4 takaa kaivukoneen py\u00f6rimisj\u00e4rjestelm\u00e4n pitk\u00e4ik\u00e4isyyden. JCB:n kaivukoneiden liukulaakereiden avulla voit luottaa siihen, ett\u00e4 kaivukoneesi toimii optimaalisesti, mik\u00e4 lis\u00e4\u00e4 tuottavuutta ja tarjoaa vankan tuoton investoinnille.<\/p>\n<p>Voimme tarjota vaihtoehtoisia Swing ympyr\u00e4 teid\u00e4n , CAT, HITACHI, KOMATSU, KOBELCO, HYUNDAI, VOLVO, DOOSAN, DAEWOO, JCB, CASE, SUMITOMO, KATO, ,On normaali ja ei-standardi yli 1000 satoja tyyppej\u00e4 voit valita.<\/p>","protected":false},"excerpt":{"rendered":"<p>JCB:n keinulaakeri<br \/>\nModel:JCB8045,JCB8055,8056<br \/>\nJCB8061,,JCB360,JS330,JS240<\/p>","protected":false},"featured_media":136,"template":"","meta":[],"product_brand":[],"product_cat":[22],"product_tag":[],"class_list":{"0":"post-548","1":"product","2":"type-product","3":"status-publish","4":"has-post-thumbnail","6":"product_cat-swing-bearing","8":"first","9":"instock","10":"shipping-taxable","11":"product-type-simple"},"_links":{"self":[{"href":"https:\/\/swingbearing.net\/fi\/wp-json\/wp\/v2\/product\/548","targetHints":{"allow":["GET"]}}],"collection":[{"href":"https:\/\/swingbearing.net\/fi\/wp-json\/wp\/v2\/product"}],"about":[{"href":"https:\/\/swingbearing.net\/fi\/wp-json\/wp\/v2\/types\/product"}],"wp:featuredmedia":[{"embeddable":true,"href":"https:\/\/swingbearing.net\/fi\/wp-json\/wp\/v2\/media\/136"}],"wp:attachment":[{"href":"https:\/\/swingbearing.net\/fi\/wp-json\/wp\/v2\/media?parent=548"}],"wp:term":[{"taxonomy":"product_brand","embeddable":true,"href":"https:\/\/swingbearing.net\/fi\/wp-json\/wp\/v2\/product_brand?post=548"},{"taxonomy":"product_cat","embeddable":true,"href":"https:\/\/swingbearing.net\/fi\/wp-json\/wp\/v2\/product_cat?post=548"},{"taxonomy":"product_tag","embeddable":true,"href":"https:\/\/swingbearing.net\/fi\/wp-json\/wp\/v2\/product_tag?post=548"}],"curies":[{"name":"wp","href":"https:\/\/api.w.org\/{rel}","templated":true}]}}