{"id":4898,"date":"2024-08-28T06:53:35","date_gmt":"2024-08-28T06:53:35","guid":{"rendered":"https:\/\/swingbearing.net\/?post_type=product&#038;p=4898"},"modified":"2024-08-30T06:05:59","modified_gmt":"2024-08-30T06:05:59","slug":"liebherr-a924c-swing-bearing-932833001-excavator-slewing-ring","status":"publish","type":"product","link":"https:\/\/swingbearing.net\/fi\/tuote\/liebherr-a924c-swing-bearing-932833001-excavator-slewing-ring\/","title":{"rendered":"LIEBHERR A924C Swing Bearing 932833001 Excavator Slewing Ring"},"content":{"rendered":"<h2 style=\"text-align: center;\">LIEBHERRin heilurilaakerin parametrit<\/h2>\n<figure class=\"wp-block-table is-style-stripes has-small-font-size\">\n<table class=\"has-cyan-bluish-gray-background-color has-background\">\n<tbody>\n<tr>\n<td>Malli<\/td>\n<td>Osanumero<\/td>\n<td>Ulkohalkaisija<\/td>\n<td>Sis\u00e4halkaisija<\/td>\n<td>Kokonaiskorkeus<\/td>\n<td>Ulkopuolinen korkeus<\/td>\n<td>Sis\u00e4inen korkeus<\/td>\n<td>Ulkoisen rei\u00e4n parametrit<\/td>\n<td>Sis\u00e4isen rei\u00e4n parametrit<\/td>\n<td>Hampaiden lukum\u00e4\u00e4r\u00e4<\/td>\n<\/tr>\n<tr>\n<td>R922<\/td>\n<td>LE982706001<\/td>\n<td>1215<\/td>\n<td>940<\/td>\n<td>115<\/td>\n<td>72<\/td>\n<td>105<\/td>\n<td>48-\u03c622<\/td>\n<td>56-M20<\/td>\n<td>94<\/td>\n<\/tr>\n<tr>\n<td>924HDSL<\/td>\n<td>LE982751901<\/td>\n<td>1215<\/td>\n<td>940<\/td>\n<td>115<\/td>\n<td>72<\/td>\n<td>105<\/td>\n<td>48-\u042422<\/td>\n<td>56-M20kangas<\/td>\n<td>94<\/td>\n<\/tr>\n<tr>\n<td>R924C<\/td>\n<td>982751901<\/td>\n<td>1215<\/td>\n<td>940<\/td>\n<td>115<\/td>\n<td>72<\/td>\n<td>105<\/td>\n<td>48-\u042422<\/td>\n<td>56-M20kangas<\/td>\n<td>94<\/td>\n<\/tr>\n<tr>\n<td>R924C<\/td>\n<td>932833001<\/td>\n<td>1215<\/td>\n<td>940<\/td>\n<td>115<\/td>\n<td>72<\/td>\n<td>105<\/td>\n<td>48-\u042422<\/td>\n<td>56-M20kangas<\/td>\n<td>94<\/td>\n<\/tr>\n<tr>\n<td>R924B<\/td>\n<td>982751901<\/td>\n<td>1215<\/td>\n<td>940<\/td>\n<td>115<\/td>\n<td>72<\/td>\n<td>105<\/td>\n<td>48-\u042422<\/td>\n<td>56-M20kangas<\/td>\n<td>94<\/td>\n<\/tr>\n<tr>\n<td>R934<\/td>\n<td>933816501<\/td>\n<td>1355<\/td>\n<td>1012<\/td>\n<td>125<\/td>\n<td><\/td>\n<td><\/td>\n<td>40<\/td>\n<td>48<\/td>\n<td>92<\/td>\n<\/tr>\n<tr>\n<td>R934HD-S<\/td>\n<td>LE939500601<\/td>\n<td>1355<\/td>\n<td>1012<\/td>\n<td>125<\/td>\n<td>92<\/td>\n<td>113<\/td>\n<td>40-26l\u00e4pireik\u00e4<\/td>\n<td>48-M24<\/td>\n<td>92<\/td>\n<\/tr>\n<tr>\n<td>934<\/td>\n<td>982752401<\/td>\n<td>1355<\/td>\n<td>1012<\/td>\n<td>125<\/td>\n<td>92<\/td>\n<td>113<\/td>\n<td>40-26l\u00e4pireik\u00e4<\/td>\n<td>48-M24<\/td>\n<td>92<\/td>\n<\/tr>\n<tr>\n<td>R-944C<\/td>\n<td>933628601<\/td>\n<td>1365<\/td>\n<td>1008<\/td>\n<td>150<\/td>\n<td>112<\/td>\n<td>140<\/td>\n<td>60-\u042426<\/td>\n<td>72-M24kangas<\/td>\n<td>84<\/td>\n<\/tr>\n<tr>\n<td>R944B<\/td>\n<td>933626601<\/td>\n<td>1365<\/td>\n<td>1008<\/td>\n<td>150<\/td>\n<td>112<\/td>\n<td>140<\/td>\n<td>60<\/td>\n<td>72<\/td>\n<td>84<\/td>\n<\/tr>\n<\/tbody>\n<\/table>\n<\/figure>\n<p>Liebherrin kaivukoneet ovat tunnettuja luotettavuudestaan ja kest\u00e4vyydest\u00e4\u00e4n, mink\u00e4 vuoksi ne ovat suosittu valinta rakennus- ja kaivosteollisuudessa. Yksi koneen suorituskykyyn vaikuttavista kriittisist\u00e4 komponenteista on kaivukoneen heilurilaakeri. Liebherrin kaivukoneen heilurilaakerit on suunniteltu kest\u00e4m\u00e4\u00e4n raskaan ty\u00f6n kovia vaatimuksia haastavissa ymp\u00e4rist\u00f6iss\u00e4.<\/p>\n<p>Slewing bearing for excavators play a crucial role in the machine&#8217;s operation as they support the upper structure&#8217;s rotation. Without a quality slewing bearing for an excavator, the upper structure cannot rotate smoothly, which affects the overall performance of the machine. Liebherr excavator slewing bearings are engineered to provide high load capacity, accuracy, and long service life, ensuring optimal machine performance.<\/p>\n<p>Liebherrin kaivukoneen k\u00e4\u00e4nt\u00f6keh\u00e4n laakerit tunnetaan my\u00f6s nimell\u00e4 k\u00e4\u00e4nt\u00f6keh\u00e4n laakerit, kaivukoneen k\u00e4\u00e4nt\u00f6keh\u00e4n laakerit tai k\u00e4\u00e4nt\u00f6p\u00f6yd\u00e4n laakerit. N\u00e4iss\u00e4 laakereissa on juoksurata, joka tukee koneen painoa ja mahdollistaa yl\u00e4puolisen rakenteen helpon py\u00f6rimisen. Kaivukoneen osien heilurilaakerit on valmistettu lujatekoisista materiaaleista, mik\u00e4 varmistaa, ett\u00e4 ne kest\u00e4v\u00e4t raskaita kuormia, \u00e4\u00e4rimm\u00e4isi\u00e4 l\u00e4mp\u00f6tiloja ja ankaria olosuhteita.<\/p>\n<p>Liebherr tarjoaa valikoiman kaivinkoneen k\u00e4\u00e4nt\u00f6laakereita, jotka ovat yhteensopivia eri kaivinkonemallien kanssa. T\u00e4ll\u00e4 hetkell\u00e4 markkinoilla olevat mallit ovat R914, R924, R944, R934 ja R944CLC. N\u00e4m\u00e4 mallit on suunniteltu tarjoamaan maksimaalista kest\u00e4vyytt\u00e4 ja suorituskyky\u00e4, mik\u00e4 takaa, ett\u00e4 koneesi selviytyy mist\u00e4 tahansa ty\u00f6st\u00e4.<\/p>","protected":false},"excerpt":{"rendered":"<p><strong>Osa<\/strong> #: 932833001<br \/>\n<strong>Tee<\/strong>: LIEBHERR<br \/>\n<strong>Malli<\/strong>: A924C<br \/>\n<strong>Kunto<\/strong>: Uusi<\/p>","protected":false},"featured_media":2931,"template":"","meta":[],"product_brand":[],"product_cat":[22,72],"product_tag":[52],"class_list":{"0":"post-4898","1":"product","2":"type-product","3":"status-publish","4":"has-post-thumbnail","6":"product_cat-swing-bearing","7":"product_cat-liebherr-excavator-swing-bearing","8":"product_tag-swing-bearing","10":"first","11":"instock","12":"shipping-taxable","13":"product-type-simple"},"_links":{"self":[{"href":"https:\/\/swingbearing.net\/fi\/wp-json\/wp\/v2\/product\/4898","targetHints":{"allow":["GET"]}}],"collection":[{"href":"https:\/\/swingbearing.net\/fi\/wp-json\/wp\/v2\/product"}],"about":[{"href":"https:\/\/swingbearing.net\/fi\/wp-json\/wp\/v2\/types\/product"}],"wp:featuredmedia":[{"embeddable":true,"href":"https:\/\/swingbearing.net\/fi\/wp-json\/wp\/v2\/media\/2931"}],"wp:attachment":[{"href":"https:\/\/swingbearing.net\/fi\/wp-json\/wp\/v2\/media?parent=4898"}],"wp:term":[{"taxonomy":"product_brand","embeddable":true,"href":"https:\/\/swingbearing.net\/fi\/wp-json\/wp\/v2\/product_brand?post=4898"},{"taxonomy":"product_cat","embeddable":true,"href":"https:\/\/swingbearing.net\/fi\/wp-json\/wp\/v2\/product_cat?post=4898"},{"taxonomy":"product_tag","embeddable":true,"href":"https:\/\/swingbearing.net\/fi\/wp-json\/wp\/v2\/product_tag?post=4898"}],"curies":[{"name":"wp","href":"https:\/\/api.w.org\/{rel}","templated":true}]}}