{"id":4374,"date":"2024-06-27T13:12:18","date_gmt":"2024-06-27T13:12:18","guid":{"rendered":"https:\/\/swingbearing.net\/?post_type=product&#038;p=4374"},"modified":"2024-06-27T13:21:57","modified_gmt":"2024-06-27T13:21:57","slug":"hydraulic-pump-for-708-2g-00024-708-2g-00023-708-2g-00022-for-pc300lc-7-pc350-7-pc300-7","status":"publish","type":"product","link":"https:\/\/swingbearing.net\/fi\/tuote\/hydraulic-pump-for-708-2g-00024-708-2g-00023-708-2g-00022-for-pc300lc-7-pc350-7-pc300-7\/","title":{"rendered":"Hydraulipumppu 708-2G-00024 708-2G-00023 708-2G-00022 PC300LC-7 PC350-7 PC300-7:lle 708-2G-00023 708-2G-00022 varten"},"content":{"rendered":"<h3 class=\"wp-block-heading\"><strong>Tuotteen kuvaus<\/strong><\/h3>\r\n\r\n\r\n<hr class=\"wp-block-separator has-alpha-channel-opacity\" \/>\r\n\r\n\r\n<h2 class=\"wp-block-heading\">708-2G-00024 708-2G-00023 708-2G-00022\u00a0 Hydraulic Main Pump Fits For Komatsu PC300LC-7 PC350-7 PC300-7<\/h2>\r\n<div id=\"attachment_4330\" style=\"width: 886px\" class=\"wp-caption alignnone\"><img decoding=\"async\" aria-describedby=\"caption-attachment-4330\" class=\"wp-image-4330 size-full\" src=\"https:\/\/swingbearing.net\/wp-content\/uploads\/2024\/06\/pc210-8k.jpg\" alt=\"pc210-8k\" width=\"876\" height=\"843\" srcset=\"https:\/\/swingbearing.net\/wp-content\/uploads\/2024\/06\/pc210-8k.jpg 876w, https:\/\/swingbearing.net\/wp-content\/uploads\/2024\/06\/pc210-8k-300x289.jpg 300w, https:\/\/swingbearing.net\/wp-content\/uploads\/2024\/06\/pc210-8k-768x739.jpg 768w, https:\/\/swingbearing.net\/wp-content\/uploads\/2024\/06\/pc210-8k-12x12.jpg 12w, https:\/\/swingbearing.net\/wp-content\/uploads\/2024\/06\/pc210-8k-600x577.jpg 600w\" sizes=\"(max-width: 876px) 100vw, 876px\" \/><p id=\"caption-attachment-4330\" class=\"wp-caption-text\">\u00a0<\/p><\/div>\r\n<p><img decoding=\"async\" class=\"alignnone wp-image-4375 size-full\" src=\"https:\/\/swingbearing.net\/wp-content\/uploads\/2024\/06\/pc300-7350-7.jpg\" alt=\"hydraulipumppu\" width=\"738\" height=\"756\" data-wp-editing=\"1\" srcset=\"https:\/\/swingbearing.net\/wp-content\/uploads\/2024\/06\/pc300-7350-7.jpg 738w, https:\/\/swingbearing.net\/wp-content\/uploads\/2024\/06\/pc300-7350-7-293x300.jpg 293w, https:\/\/swingbearing.net\/wp-content\/uploads\/2024\/06\/pc300-7350-7-12x12.jpg 12w, https:\/\/swingbearing.net\/wp-content\/uploads\/2024\/06\/pc300-7350-7-600x615.jpg 600w\" sizes=\"(max-width: 738px) 100vw, 738px\" \/><\/p>\r\n<p><img decoding=\"async\" class=\"alignnone wp-image-4376 size-full\" src=\"https:\/\/swingbearing.net\/wp-content\/uploads\/2024\/06\/pc300-8350-8.jpg\" alt=\"hydraulipumppu\" width=\"538\" height=\"581\" srcset=\"https:\/\/swingbearing.net\/wp-content\/uploads\/2024\/06\/pc300-8350-8.jpg 538w, https:\/\/swingbearing.net\/wp-content\/uploads\/2024\/06\/pc300-8350-8-278x300.jpg 278w, https:\/\/swingbearing.net\/wp-content\/uploads\/2024\/06\/pc300-8350-8-11x12.jpg 11w\" sizes=\"(max-width: 538px) 100vw, 538px\" \/><\/p>\r\n<table border=\"1\" cellspacing=\"0\" cellpadding=\"0\">\r\n<tbody>\r\n<tr>\r\n<td>Tuotteen nimi\u00a0 \u00a0 \u00a0 \u00a0 \u00a0 \u00a0 \u00a0 \u00a0<\/td>\r\n<td>Kaivinkoneen hydraulinen pumppu<\/td>\r\n<\/tr>\r\n<tr>\r\n<td>Laatu\u00a0 \u00a0 \u00a0<\/td>\r\n<td>Korkealaatuinen 100% Uusi<\/td>\r\n<\/tr>\r\n<tr>\r\n<td>Koneen malli\u00a0 \u00a0\u00a0<\/td>\r\n<td>PC300LC-7 PC350-7 PC300-7<\/td>\r\n<\/tr>\r\n<tr>\r\n<td>Pakkauskoko<\/td>\r\n<td>84*38*49<\/td>\r\n<\/tr>\r\n<tr>\r\n<td>Paketti<\/td>\r\n<td>Standardi vienti puinen asia\u00a0 \u00a0 \u00a0 \u00a0 \u00a0 \u00a0 \u00a0 \u00a0 \u00a0 \u00a0 \u00a0 \u00a0 \u00a0 \u00a0 \u00a0 \u00a0 \u00a0 \u00a0 \u00a0 \u00a0 \u00a0 \u00a0 \u00a0 \u00a0 \u00a0 \u00a0\u00a0<\/td>\r\n<\/tr>\r\n<tr>\r\n<td>Osanumero<\/td>\r\n<td>708-2G-00024 708-2G-00023 708-2G-00022<\/td>\r\n<\/tr>\r\n<tr>\r\n<td>Paine<\/td>\r\n<td>Vakio, korkeapaine<\/td>\r\n<\/tr>\r\n<\/tbody>\r\n<\/table>\r\n<h3>\r\n\r\n<\/h3>\r\n<p><\/p>\r\n<h2 class=\"wp-block-heading\">Introduction of\u00a0 PC300LC-7 PC350-7\u00a0 PC300-7 Main Pump<\/h2>\r\n<p><\/p>\r\n<p>Oletko rakennusalalla ja haluat optimoida tela-alustaisen kaivukoneesi suorituskyvyn? Kaivinkoneiden hydraulipumppu on monipuolinen ja luotettava tuote, joka on suunniteltu vastaamaan erilaisten tilanteiden, kuten rakennusty\u00f6maiden, kaivostoiminnan ja tiet\u00f6iden, vaatimuksiin.\u00a0<\/p>\r\n<p>\r\n\r\n<\/p>\r\n<h3 class=\"wp-block-heading\">Pumpun tehokkuuden maksimointi<\/h3>\r\n<p>\r\n\r\n<\/p>\r\n<p>Kaivut\u00f6iss\u00e4 tehokkuus on avainasemassa. Kaivinkoneen hydraulipumppu, jota on saatavana kahtena pumppunumerona, 708-2L-00202 ja 708-2L-41121, on suunniteltu erityisesti tarjoamaan maksimaalista hydraulivoimaa kaivinkoneellesi. N\u00e4in varmistetaan, ett\u00e4 koneesi toimii sujuvasti ja tehokkaasti, jolloin voit suorittaa projektit ajallaan. Kest\u00e4v\u00e4n rakenteensa ja luotettavan suorituskykyns\u00e4 ansiosta t\u00e4m\u00e4 hydraulipumppu on rakennettu kest\u00e4m\u00e4\u00e4n, joten se on arvokas investointi yrityksellesi.<\/p>\r\n<p>\r\n\r\n<\/p>\r\n<h3 class=\"wp-block-heading\">Yhteensopivuus ja monipuolisuus<\/h3>\r\n<p>\r\n\r\n<\/p>\r\n<p>Yksi kaivinkoneen hydraulipumpun t\u00e4rkeimmist\u00e4 eduista on sen yhteensopivuus useiden kaivinkonemallien kanssa. K\u00e4ytitp\u00e4 sitten E317-, E315-, PC210-8K- tai PC210-8K-mallia, t\u00e4m\u00e4 hydraulipumppu on suunniteltu integroitumaan saumattomasti koneeseesi ja parantamaan sen ominaisuuksia ja suorituskyky\u00e4. T\u00e4m\u00e4 monipuolisuus tekee siit\u00e4 k\u00e4yt\u00e4nn\u00f6llisen valinnan urakoitsijoille ja k\u00e4ytt\u00e4jille, jotka ty\u00f6skentelev\u00e4t eri toimialoilla ja ymp\u00e4rist\u00f6iss\u00e4.<\/p>\r\n<p>\r\n\r\n<\/p>\r\n<h3 class=\"wp-block-heading\">Poikkeuksellinen myynnin j\u00e4lkeinen tuki<\/h3>\r\n<p>\r\n\r\n<\/p>\r\n<p>Kaivinkoneiden hydraulipumppu, asiakastyytyv\u00e4isyys on t\u00e4rkein tavoitteemme. Siksi tarjoamme erinomaista myynnin j\u00e4lkeist\u00e4 tukea, my\u00f6s online-apua, varmistaaksemme, ett\u00e4 asiakkaamme saavat nopeaa apua ongelmien tai huolenaiheiden ilmetess\u00e4. Asiantuntijatiimimme on omistautunut tarjoamaan sinulle tarvitsemasi tuen, jotta hydraulipumppusi toimii sujuvasti ja tehokkaasti, jolloin voit keskitty\u00e4 ty\u00f6h\u00f6si ilman keskeytyksi\u00e4.<br \/><br \/><b>Voimme tukea muita:<\/b><\/p>\r\n<table>\r\n<tbody>\r\n<tr>\r\n<td colspan=\"1\" rowspan=\"1\">\r\n<div>Kobelcon osalta<\/div>\r\n<\/td>\r\n<td colspan=\"1\" rowspan=\"1\">\r\n<div>SK200-6,SK210-6,SK45SR,SK330-6E,SK200-4,SK460-8,SK135,SK235SRLC-1ES,SK250-8,SK210-8,SK350-8,SK350,SK350-9,SK200-8,SK210-8<\/div>\r\n<\/td>\r\n<\/tr>\r\n<tr>\r\n<td colspan=\"1\" rowspan=\"1\">\r\n<div>Komatsun puolesta<\/div>\r\n<\/td>\r\n<td colspan=\"1\" rowspan=\"1\">\r\n<div>PC300-8,PC200-6K,PC130-8,PC200-8,PC220-8,PC270-8,PC400-8,PC60-7,PC300-7,PC400-7,PC200-7,PC200-6,<\/div>\r\n<\/td>\r\n<\/tr>\r\n<tr>\r\n<td colspan=\"1\" rowspan=\"1\">\r\n<div>CAT<\/div>\r\n<\/td>\r\n<td colspan=\"1\" rowspan=\"1\">\r\n<div>E325C,E330D,E330C,E336D,E336C,E345B,E385C,E320C,E320D,E330,E330L,E345C<\/div>\r\n<\/td>\r\n<\/tr>\r\n<tr>\r\n<td colspan=\"1\" rowspan=\"1\">\r\n<div>Daewoon osalta<\/div>\r\n<\/td>\r\n<td colspan=\"1\" rowspan=\"1\">\r\n<div>DH80,DH300-5,DH300-7,DH225-7,DH210,DH220,DH150,DH300-5,DH370,DH470-5,DH500-5<\/div>\r\n<\/td>\r\n<\/tr>\r\n<tr>\r\n<td colspan=\"1\" rowspan=\"1\">\r\n<div>Hitachin puolesta<\/div>\r\n<\/td>\r\n<td colspan=\"1\" rowspan=\"1\">\r\n<div>EX120-5, EX120-5 JPN, EX120-5HG, EX120-5LV JPN, EX120-5X, EX120-5Z, EX120SS-5, EX130H-5, EX130H-5 JPN, EX130K-5,<br \/>EX135UR,EX135UR-5, EX135US-5, EX135USR, EX135USRK, EX140US-5, HR240G,EX300-2, EX300-3, EX300-3C, EX310H-3C,EX200-3, EX200-5,<br \/>EX200-5 JPN, EX200-5HG, EX200-5HHE, EX200-5LV JAP, EX200-5X JPN, EX200-5Z JPN, EX200LC-5HHE, EX200SS-5, EX210H-5, EX210H-5 JPN,<br \/>EX210K-5 JPN, EX210LC-5HHE, EX225USR(LC), EX225USRK,EX60-2, EX60-3, EX60LCK-3, EX60LCT-3, EX60WD-2, EX75UR, EX75UR-3,<br \/>EX75URLC-3,EX350-6,EX120-3,EX1200,EX300,EX200 ,EX210,EX75UR-5<\/div>\r\n<\/td>\r\n<\/tr>\r\n<tr>\r\n<td colspan=\"1\" rowspan=\"1\">\r\n<div>Sumitomon puolesta<\/div>\r\n<\/td>\r\n<td colspan=\"1\" rowspan=\"1\">\r\n<div>SH200-2,SH-200A3,SH200,SH120-5-0.5<\/div>\r\n<\/td>\r\n<\/tr>\r\n<tr>\r\n<td colspan=\"1\" rowspan=\"1\">\r\n<div>Katon puolesta<\/div>\r\n<\/td>\r\n<td colspan=\"1\" rowspan=\"1\">\r\n<div>HD1430,HD130<\/div>\r\n<\/td>\r\n<\/tr>\r\n<tr>\r\n<td colspan=\"1\" rowspan=\"1\">\r\n<div>JCB:n puolesta<\/div>\r\n<\/td>\r\n<td colspan=\"1\" rowspan=\"1\">\r\n<div>JCB220,JCB240,JCB 85Z<\/div>\r\n<\/td>\r\n<\/tr>\r\n<tr>\r\n<td colspan=\"1\" rowspan=\"1\">\r\n<div>Muut<\/div>\r\n<\/td>\r\n<td colspan=\"1\" rowspan=\"1\">\r\n<div>&#8230;&#8230;<\/div>\r\n<\/td>\r\n<\/tr>\r\n<\/tbody>\r\n<\/table>\r\n<p><\/p>","protected":false},"excerpt":{"rendered":"<p><strong><b>Osa<\/b><\/strong> #: 708-2G-00024 708-2G-00023 708-2G-00022 <br \/><strong><b>Tee<\/b><\/strong>:Komatsu <br \/><strong><b>Malli<\/b><\/strong>: PC300LC-7 PC350-7 PC350LC-7 PC300-7\u00a0<br \/><strong><b>Kunto<\/b><\/strong>: Uusi<\/p>","protected":false},"featured_media":4375,"template":"","meta":[],"product_brand":[],"product_cat":[382],"product_tag":[],"class_list":{"0":"post-4374","1":"product","2":"type-product","3":"status-publish","4":"has-post-thumbnail","6":"product_cat-komatsu-hydraulic-pumps","8":"first","9":"instock","10":"shipping-taxable","11":"product-type-simple"},"_links":{"self":[{"href":"https:\/\/swingbearing.net\/fi\/wp-json\/wp\/v2\/product\/4374","targetHints":{"allow":["GET"]}}],"collection":[{"href":"https:\/\/swingbearing.net\/fi\/wp-json\/wp\/v2\/product"}],"about":[{"href":"https:\/\/swingbearing.net\/fi\/wp-json\/wp\/v2\/types\/product"}],"wp:featuredmedia":[{"embeddable":true,"href":"https:\/\/swingbearing.net\/fi\/wp-json\/wp\/v2\/media\/4375"}],"wp:attachment":[{"href":"https:\/\/swingbearing.net\/fi\/wp-json\/wp\/v2\/media?parent=4374"}],"wp:term":[{"taxonomy":"product_brand","embeddable":true,"href":"https:\/\/swingbearing.net\/fi\/wp-json\/wp\/v2\/product_brand?post=4374"},{"taxonomy":"product_cat","embeddable":true,"href":"https:\/\/swingbearing.net\/fi\/wp-json\/wp\/v2\/product_cat?post=4374"},{"taxonomy":"product_tag","embeddable":true,"href":"https:\/\/swingbearing.net\/fi\/wp-json\/wp\/v2\/product_tag?post=4374"}],"curies":[{"name":"wp","href":"https:\/\/api.w.org\/{rel}","templated":true}]}}