{"id":436,"date":"2023-09-20T03:22:27","date_gmt":"2023-09-20T03:22:27","guid":{"rendered":"https:\/\/swingbearing.net\/?post_type=product&#038;p=436"},"modified":"2024-06-11T07:59:05","modified_gmt":"2024-06-11T07:59:05","slug":"hydraulic-motor-ztm069-2","status":"publish","type":"product","link":"https:\/\/swingbearing.net\/fi\/tuote\/hydraulic-motor-ztm069-2\/","title":{"rendered":"Hydraulimoottori ZTM06(9) 2"},"content":{"rendered":"<table class=\"has-cyan-bluish-gray-background-color has-background\" style=\"height: 210px;\" width=\"617\">\n<tbody>\n<tr>\n<td>Malli<\/td>\n<td>Osanumero<\/td>\n<td>Ulkohalkaisija<\/td>\n<td>Sis\u00e4halkaisija<\/td>\n<td>Kokonaiskorkeus<\/td>\n<td>Ulkopuolinen korkeus<\/td>\n<td>Sis\u00e4inen korkeus<\/td>\n<td>Ulkoisen rei\u00e4n parametrit<\/td>\n<td>Sis\u00e4isen rei\u00e4n parametrit<\/td>\n<td>Hampaiden lukum\u00e4\u00e4r\u00e4<\/td>\n<\/tr>\n<tr>\n<td>922<\/td>\n<td>26b0272<\/td>\n<td>1405<\/td>\n<td>1129<\/td>\n<td>100<\/td>\n<td>70<\/td>\n<td>90<\/td>\n<td>36-\u03c624 ep\u00e4tasainen<\/td>\n<td>36-M22<\/td>\n<td>95<\/td>\n<\/tr>\n<tr>\n<td>922<\/td>\n<td>26b0122<\/td>\n<td>1405<\/td>\n<td>1129<\/td>\n<td>100<\/td>\n<td>70<\/td>\n<td>90<\/td>\n<td>36-\u03c624 ep\u00e4tasainen<\/td>\n<td>36-M22<\/td>\n<td>95<\/td>\n<\/tr>\n<tr>\n<td>922<\/td>\n<td>26b0010<\/td>\n<td>1405<\/td>\n<td>1129<\/td>\n<td>100<\/td>\n<td>70<\/td>\n<td>90<\/td>\n<td>36 Tasaisesti jakautunut<\/td>\n<td>36-M22<\/td>\n<td>91<\/td>\n<\/tr>\n<tr>\n<td>LG922D<\/td>\n<td>26B0122<\/td>\n<td>1405<\/td>\n<td>1129<\/td>\n<td>100<\/td>\n<td>70<\/td>\n<td>90<\/td>\n<td>36-\u03c624 ep\u00e4tasainen<\/td>\n<td>36-M22<\/td>\n<td>95<\/td>\n<\/tr>\n<tr>\n<td><strong>936D<\/strong><\/td>\n<td>26B0120<\/td>\n<td>1658<\/td>\n<td>1334.3<\/td>\n<td>125<\/td>\n<td>82<\/td>\n<td>115<\/td>\n<td>40-\u03c626 ep\u00e4tasainen<\/td>\n<td>40-M24 Tasaisesti jakautunut<\/td>\n<td>97<\/td>\n<\/tr>\n<\/tbody>\n<\/table>","protected":false},"excerpt":{"rendered":"<p>Model Part Number Outer Diameter Inside Diameter Total height Outer Height Inner Height Outer Hole Parameters Inner Hole Parameters Number of Teeth 922 26b0272 1405 1129 100 70 90 36-\u03c624 uneven 36-M22 95 922 26b0122 1405 1129 100 70 90 36-\u03c624 uneven 36-M22 95 922 26b0010 1405 1129 100 70 90 36 Evenly distributed 36-M22 [&hellip;]<\/p>\n","protected":false},"featured_media":435,"template":"","meta":[],"product_brand":[],"product_cat":[26],"product_tag":[],"class_list":{"0":"post-436","1":"product","2":"type-product","3":"status-publish","4":"has-post-thumbnail","6":"product_cat-hydraulic-motors","8":"first","9":"instock","10":"shipping-taxable","11":"product-type-simple"},"_links":{"self":[{"href":"https:\/\/swingbearing.net\/fi\/wp-json\/wp\/v2\/product\/436","targetHints":{"allow":["GET"]}}],"collection":[{"href":"https:\/\/swingbearing.net\/fi\/wp-json\/wp\/v2\/product"}],"about":[{"href":"https:\/\/swingbearing.net\/fi\/wp-json\/wp\/v2\/types\/product"}],"wp:featuredmedia":[{"embeddable":true,"href":"https:\/\/swingbearing.net\/fi\/wp-json\/wp\/v2\/media\/435"}],"wp:attachment":[{"href":"https:\/\/swingbearing.net\/fi\/wp-json\/wp\/v2\/media?parent=436"}],"wp:term":[{"taxonomy":"product_brand","embeddable":true,"href":"https:\/\/swingbearing.net\/fi\/wp-json\/wp\/v2\/product_brand?post=436"},{"taxonomy":"product_cat","embeddable":true,"href":"https:\/\/swingbearing.net\/fi\/wp-json\/wp\/v2\/product_cat?post=436"},{"taxonomy":"product_tag","embeddable":true,"href":"https:\/\/swingbearing.net\/fi\/wp-json\/wp\/v2\/product_tag?post=436"}],"curies":[{"name":"wp","href":"https:\/\/api.w.org\/{rel}","templated":true}]}}