{"id":4356,"date":"2024-06-27T05:08:12","date_gmt":"2024-06-27T05:08:12","guid":{"rendered":"https:\/\/swingbearing.net\/?post_type=product&#038;p=4356"},"modified":"2024-06-27T05:36:59","modified_gmt":"2024-06-27T05:36:59","slug":"hydraulic-pump-708-2l-00421-708-2l-00423-for-komatsu-pc200-6-pc220-6","status":"publish","type":"product","link":"https:\/\/swingbearing.net\/fi\/tuote\/hydraulic-pump-708-2l-00421-708-2l-00423-for-komatsu-pc200-6-pc220-6\/","title":{"rendered":"Hydraulipumppu 708-2L-00421 708-2L-00423 Komatsu PC200-6 PC220-6 p\u00e4\u00e4pumppuun"},"content":{"rendered":"<h3 class=\"wp-block-heading\"><strong>Tuotteen kuvaus<\/strong><\/h3>\r\n\r\n\r\n<hr class=\"wp-block-separator has-alpha-channel-opacity\" \/>\r\n\r\n\r\n<h2 class=\"wp-block-heading\">708-2L-00421 708-2L-00423 Hydraulinen p\u00e4\u00e4pumppu sopii Komatsu PC200-6 PC220-6:een<\/h2>\r\n<p><img decoding=\"async\" class=\"alignnone wp-image-4306 size-full\" src=\"https:\/\/swingbearing.net\/wp-content\/uploads\/2024\/06\/pc400-3-02.jpg\" alt=\"Hydrauliset p\u00e4\u00e4pumput\" width=\"806\" height=\"903\" srcset=\"https:\/\/swingbearing.net\/wp-content\/uploads\/2024\/06\/pc400-3-02.jpg 806w, https:\/\/swingbearing.net\/wp-content\/uploads\/2024\/06\/pc400-3-02-268x300.jpg 268w, https:\/\/swingbearing.net\/wp-content\/uploads\/2024\/06\/pc400-3-02-768x860.jpg 768w, https:\/\/swingbearing.net\/wp-content\/uploads\/2024\/06\/pc400-3-02-11x12.jpg 11w, https:\/\/swingbearing.net\/wp-content\/uploads\/2024\/06\/pc400-3-02-600x672.jpg 600w\" sizes=\"(max-width: 806px) 100vw, 806px\" \/><\/p>\r\n<p><img decoding=\"async\" class=\"alignnone wp-image-4358 size-full\" src=\"https:\/\/swingbearing.net\/wp-content\/uploads\/2024\/06\/PC200-6-220-6.jpg\" alt=\"hydraulipumppu\" width=\"716\" height=\"494\" srcset=\"https:\/\/swingbearing.net\/wp-content\/uploads\/2024\/06\/PC200-6-220-6.jpg 716w, https:\/\/swingbearing.net\/wp-content\/uploads\/2024\/06\/PC200-6-220-6-300x207.jpg 300w, https:\/\/swingbearing.net\/wp-content\/uploads\/2024\/06\/PC200-6-220-6-18x12.jpg 18w, https:\/\/swingbearing.net\/wp-content\/uploads\/2024\/06\/PC200-6-220-6-600x414.jpg 600w\" sizes=\"(max-width: 716px) 100vw, 716px\" \/><\/p>\r\n<table border=\"1\" cellspacing=\"0\" cellpadding=\"0\">\r\n<tbody>\r\n<tr>\r\n<td>Tuotteen nimi\u00a0 \u00a0 \u00a0 \u00a0 \u00a0 \u00a0 \u00a0 \u00a0<\/td>\r\n<td>Kaivinkoneen hydraulinen pumppu<\/td>\r\n<\/tr>\r\n<tr>\r\n<td>Laatu\u00a0 \u00a0 \u00a0<\/td>\r\n<td>Korkealaatuinen 100% Uusi<\/td>\r\n<\/tr>\r\n<tr>\r\n<td>Koneen malli\u00a0 \u00a0\u00a0<\/td>\r\n<td>PC200-6 PC220-6<\/td>\r\n<\/tr>\r\n<tr>\r\n<td>Pakkauskoko<\/td>\r\n<td>84*38*49<\/td>\r\n<\/tr>\r\n<tr>\r\n<td>Paketti<\/td>\r\n<td>Standardi vienti puinen asia\u00a0 \u00a0 \u00a0 \u00a0 \u00a0 \u00a0 \u00a0 \u00a0 \u00a0 \u00a0 \u00a0 \u00a0 \u00a0 \u00a0 \u00a0 \u00a0 \u00a0 \u00a0 \u00a0 \u00a0 \u00a0 \u00a0 \u00a0 \u00a0 \u00a0 \u00a0\u00a0<\/td>\r\n<\/tr>\r\n<tr>\r\n<td>Osanumero<\/td>\r\n<td>708-2L-00421 708-2L-00423<\/td>\r\n<\/tr>\r\n<tr>\r\n<td>Paine<\/td>\r\n<td>Vakio, korkeapaine<\/td>\r\n<\/tr>\r\n<\/tbody>\r\n<\/table>\r\n<h3>\r\n\r\n<\/h3>\r\n<p><\/p>\r\n<h2 class=\"wp-block-heading\">PC200-6 PC220-6-p\u00e4\u00e4pumpun k\u00e4ytt\u00f6\u00f6notto<\/h2>\r\n<p><\/p>\r\n<p><\/p>\r\n<p>Kaivukoneiden hydraulipumpuilla on ratkaiseva merkitys raskaiden koneiden, kuten kaivukoneiden, tehokkaassa toiminnassa. Perehdymme kaivukoneiden hydrauliikkaj\u00e4rjestelmien keskeisten komponenttien PC200-6- ja PC220-6-p\u00e4\u00e4pumppujen t\u00e4rkeimpiin ominaisuuksiin ja toimintoihin.<\/p>\r\n<p>\r\n\r\n<\/p>\r\n<h3 class=\"wp-block-heading\">PC200-6 hydraulipumppu<\/h3>\r\n<p>\r\n\r\n<\/p>\r\n<p>PC200-6-p\u00e4\u00e4pumppu on suunniteltu tuottamaan luotettavaa ja tasaista hydraulivoimaa kaivukoneeseen. Korkean hy\u00f6tysuhteensa ja kest\u00e4vyytens\u00e4 ansiosta t\u00e4m\u00e4 pumppu takaa koneen tasaisen toiminnan ja optimaalisen suorituskyvyn. Kehittyneell\u00e4 tekniikalla varustettu PC200-6-p\u00e4\u00e4pumppu tuottaa tarvittavan hydraulipaineen kaivukoneen eri hydraulitoimintojen k\u00e4ytt\u00e4miseen.<\/p>\r\n<p>\r\n\r\n<\/p>\r\n<h3 class=\"wp-block-heading\">PC220-6Hydraulinen pumppu<\/h3>\r\n<p>\r\n\r\n<\/p>\r\n<p>PC220-6-p\u00e4\u00e4pumppu tunnetaan vankasta rakenteestaan ja erinomaisesta suorituskyvyst\u00e4\u00e4n. T\u00e4m\u00e4 pumppu on suunniteltu kest\u00e4m\u00e4\u00e4n kovaa k\u00e4ytt\u00f6\u00e4 vaativissa ty\u00f6ymp\u00e4rist\u00f6iss\u00e4. Poikkeuksellisen tehokkuutensa ja tarkkuutensa ansiosta PC220-6-p\u00e4\u00e4pumppu edist\u00e4\u00e4 kaivukoneen yleist\u00e4 tuottavuutta ja tehokkuutta. K\u00e4ytt\u00e4j\u00e4t voivat luottaa siihen, ett\u00e4 t\u00e4m\u00e4 pumppu tuottaa tarvittavan hydraulivoiman tasaista ja tarkkaa toimintaa varten.<\/p>\r\n<p>\r\n\r\n<\/p>\r\n<p>\r\n\r\n<\/p>\r\n<p>Yhteenvetona voidaan todeta, ett\u00e4 PC200-6- ja PC220-6-p\u00e4\u00e4pumput ovat kaivukoneiden hydraulij\u00e4rjestelmien olennaisia komponentteja, jotka ovat avainasemassa tehokkaan toiminnan edellytt\u00e4m\u00e4n hydraulivoiman tuottamisessa. K\u00e4ytt\u00e4j\u00e4t voivat luottaa n\u00e4iden pumppujen tasaiseen suorituskykyyn, kest\u00e4vyyteen ja tarkkuuteen, mik\u00e4 lopulta edist\u00e4\u00e4 kaivukoneiden yleist\u00e4 tuottavuutta ja projektien onnistumista.<\/p>\r\n<p>\r\n\r\n<\/p>\r\n<p>Kaiva luottavaisin mielin ja voimin n\u00e4iden huippuluokan p\u00e4\u00e4pumppujen avulla!<\/p>\r\n<p><\/p>\r\n<p><\/p>","protected":false},"excerpt":{"rendered":"<p><strong><b>Osa<\/b><\/strong> #: 708-2L-00421 708-2L-00423<br \/><strong><b>Tee<\/b><\/strong>:Komatsu <br \/><strong><b>Malli<\/b><\/strong>: PC200-6 PC220-6<br \/><strong><b>Kunto<\/b><\/strong>: Uusi<\/p>","protected":false},"featured_media":4307,"template":"","meta":[],"product_brand":[],"product_cat":[382],"product_tag":[],"class_list":{"0":"post-4356","1":"product","2":"type-product","3":"status-publish","4":"has-post-thumbnail","6":"product_cat-komatsu-hydraulic-pumps","8":"first","9":"instock","10":"shipping-taxable","11":"product-type-simple"},"_links":{"self":[{"href":"https:\/\/swingbearing.net\/fi\/wp-json\/wp\/v2\/product\/4356","targetHints":{"allow":["GET"]}}],"collection":[{"href":"https:\/\/swingbearing.net\/fi\/wp-json\/wp\/v2\/product"}],"about":[{"href":"https:\/\/swingbearing.net\/fi\/wp-json\/wp\/v2\/types\/product"}],"wp:featuredmedia":[{"embeddable":true,"href":"https:\/\/swingbearing.net\/fi\/wp-json\/wp\/v2\/media\/4307"}],"wp:attachment":[{"href":"https:\/\/swingbearing.net\/fi\/wp-json\/wp\/v2\/media?parent=4356"}],"wp:term":[{"taxonomy":"product_brand","embeddable":true,"href":"https:\/\/swingbearing.net\/fi\/wp-json\/wp\/v2\/product_brand?post=4356"},{"taxonomy":"product_cat","embeddable":true,"href":"https:\/\/swingbearing.net\/fi\/wp-json\/wp\/v2\/product_cat?post=4356"},{"taxonomy":"product_tag","embeddable":true,"href":"https:\/\/swingbearing.net\/fi\/wp-json\/wp\/v2\/product_tag?post=4356"}],"curies":[{"name":"wp","href":"https:\/\/api.w.org\/{rel}","templated":true}]}}