{"id":3935,"date":"2024-06-05T07:51:05","date_gmt":"2024-06-05T07:51:05","guid":{"rendered":"https:\/\/swingbearing.net\/product\/volvo-swing-bearing-ec210blc-14577178-slewing-ring-bearing\/"},"modified":"2024-06-08T08:45:52","modified_gmt":"2024-06-08T08:45:52","slug":"volvo-swing-bearing-ec210blc-14577178-slewing-ring-bearing","status":"publish","type":"product","link":"https:\/\/swingbearing.net\/fi\/tuote\/volvo-swing-bearing-ec210blc-14577178-slewing-ring-bearing\/","title":{"rendered":"Swing Bearing 14577178 VOLVO EC210BLC:lle 14577178"},"content":{"rendered":"<h2 style=\"text-align: center;\">VOLVO Swingin laakerin vaihto<\/h2>\r\n<figure class=\"wp-block-table\" style=\"font-size: 12px;\">\r\n<table>\r\n<tbody>\r\n<tr>\r\n<td>Kaivinkoneen mallinumero<\/td>\r\n<td>Osanumero<\/td>\r\n<td>Kaivinkoneen mallinumero<\/td>\r\n<td>Osanumero<\/td>\r\n<\/tr>\r\n<tr>\r\n<td>EC160B EC180B\/C\/D<\/td>\r\n<td>14577175<\/td>\r\n<td>EC210LC<\/td>\r\n<td>1155-00061<\/td>\r\n<\/tr>\r\n<tr>\r\n<td>EC160B EC180B\/C\/D<\/td>\r\n<td>14577176<\/td>\r\n<td>EC210LC<\/td>\r\n<td>14563328<\/td>\r\n<\/tr>\r\n<tr>\r\n<td>EC160B EC180B\/C\/D<\/td>\r\n<td>14563341<\/td>\r\n<td>EC240BLC<\/td>\r\n<td>14575267<\/td>\r\n<\/tr>\r\n<tr>\r\n<td>EC160B EC180B\/C\/D<\/td>\r\n<td>14563342<\/td>\r\n<td>EC240BLC<\/td>\r\n<td>14563334<\/td>\r\n<\/tr>\r\n<tr>\r\n<td>EC140 CLM<\/td>\r\n<td>14563340<\/td>\r\n<td>EC240BLC<\/td>\r\n<td>SA1155-00040<\/td>\r\n<\/tr>\r\n<tr>\r\n<td>EC140B LC<\/td>\r\n<td>Sarja-V20400<\/td>\r\n<td>EC240BNLC<\/td>\r\n<td>14520572<\/td>\r\n<\/tr>\r\n<tr>\r\n<td>EC140CL<\/td>\r\n<td>SA1055-01461<\/td>\r\n<td>EC290<\/td>\r\n<td>14570794<\/td>\r\n<\/tr>\r\n<tr>\r\n<td>EC140CL<\/td>\r\n<td>VOE14520561<\/td>\r\n<td>EC290BLC<\/td>\r\n<td>14563335<\/td>\r\n<\/tr>\r\n<tr>\r\n<td>EC180B LC<\/td>\r\n<td>VOE14520569<\/td>\r\n<td>EC290B<\/td>\r\n<td>14563335<\/td>\r\n<\/tr>\r\n<tr>\r\n<td>EC210<\/td>\r\n<td>SA1155-00061<\/td>\r\n<td>EC290B<\/td>\r\n<td>14520573<\/td>\r\n<\/tr>\r\n<tr>\r\n<td>EC210BLC<\/td>\r\n<td>14563343<\/td>\r\n<td>EX300-3C<\/td>\r\n<td>9112188<\/td>\r\n<\/tr>\r\n<tr>\r\n<td>EC210BLC<\/td>\r\n<td>14647522<\/td>\r\n<td>EC360BLC<\/td>\r\n<td>14563350<\/td>\r\n<\/tr>\r\n<tr>\r\n<td>EC210 2005<\/td>\r\n<td>EC210V13948<\/td>\r\n<td>EC390<\/td>\r\n<td>14647527<\/td>\r\n<\/tr>\r\n<tr>\r\n<td>EC210B<\/td>\r\n<td>14563327<\/td>\r\n<td>EC460BLC<\/td>\r\n<td>14507709<\/td>\r\n<\/tr>\r\n<tr>\r\n<td>EC210B<\/td>\r\n<td>14505766<\/td>\r\n<td>EC460<\/td>\r\n<td>14559204<\/td>\r\n<\/tr>\r\n<tr>\r\n<td>EC210BLC<\/td>\r\n<td>14577178<\/td>\r\n<td>EC480DL<\/td>\r\n<td>14559204<\/td>\r\n<\/tr>\r\n<tr>\r\n<td>EC210<\/td>\r\n<td>14647523<\/td>\r\n<td>EC700BLC<\/td>\r\n<td>14559205<\/td>\r\n<\/tr>\r\n<tr>\r\n<td>EC210BNC<\/td>\r\n<td>14530323<\/td>\r\n<td>?<\/td>\r\n<td>?<\/td>\r\n<\/tr>\r\n<\/tbody>\r\n<\/table>\r\n<p><img decoding=\"async\" class=\"alignnone wp-image-2788 size-full\" src=\"https:\/\/swingbearing.net\/wp-content\/uploads\/2024\/05\/777.jpg\" alt=\"liukulaakerit\" width=\"1980\" height=\"700\" srcset=\"https:\/\/swingbearing.net\/wp-content\/uploads\/2024\/05\/777.jpg 1980w, https:\/\/swingbearing.net\/wp-content\/uploads\/2024\/05\/777-300x106.jpg 300w, https:\/\/swingbearing.net\/wp-content\/uploads\/2024\/05\/777-1024x362.jpg 1024w, https:\/\/swingbearing.net\/wp-content\/uploads\/2024\/05\/777-768x272.jpg 768w, https:\/\/swingbearing.net\/wp-content\/uploads\/2024\/05\/777-1536x543.jpg 1536w, https:\/\/swingbearing.net\/wp-content\/uploads\/2024\/05\/777-18x6.jpg 18w, https:\/\/swingbearing.net\/wp-content\/uploads\/2024\/05\/777-600x212.jpg 600w\" sizes=\"(max-width: 1980px) 100vw, 1980px\" \/><\/p>\r\n<p><img decoding=\"async\" class=\"alignnone wp-image-2754 size-full\" src=\"https:\/\/swingbearing.net\/wp-content\/uploads\/2024\/05\/\u03b4????-3_03-e1715445132148.jpg\" alt=\"Kaivinkoneen keinulaakeri\" width=\"1970\" height=\"590\" \/><\/p>\r\n<\/figure>\r\n\r\n<p><\/p>\r\n<h3 class=\"wp-block-heading\"><\/h3>\r\n<p>Kaivinkoneet ovat v\u00e4ltt\u00e4m\u00e4tt\u00f6mi\u00e4 rakentamisessa, kaivostoiminnassa ja mets\u00e4taloudessa. Yksi niiden tehokkaan toiminnan takaava keskeinen osa on heilurilaakeri. T\u00e4ss\u00e4 artikkelissa tarkastellaan kaivukoneen heilurilaakerien merkityst\u00e4, rakennetta, tyyppej\u00e4, huoltoa ja yleisi\u00e4 ongelmia.<\/p>\r\n<h3 class=\"wp-block-heading\">\r\n\r\n<\/h3>\r\n<h2 class=\"wp-block-heading\">Kaivinkoneen k\u00e4\u00e4ntyvien laakereiden ymm\u00e4rt\u00e4minen<\/h2>\r\n<h3 class=\"wp-block-heading\">\r\n\r\n<\/h3>\r\n<p>Kaivinkoneen k\u00e4\u00e4ntyv\u00e4 laakeri, joka tunnetaan my\u00f6s nimell\u00e4 k\u00e4\u00e4nt\u00f6rengas, k\u00e4\u00e4ntyv\u00e4 laakeri, mahdollistaa yl\u00e4rakenteen py\u00f6rimisen 360 astetta. T\u00e4m\u00e4 kierto on ratkaisevan t\u00e4rke\u00e4\u00e4 kaivamisen, siirt\u00e4misen ja materiaalien purkamisen kannalta. Laakeri kantaa aksiaali-, s\u00e4teis- ja momenttikuormia, joten se on koneen joustavuuden kannalta elint\u00e4rke\u00e4.<\/p>\r\n<h3 class=\"wp-block-heading\">\r\n\r\n<\/h3>\r\n<h2 class=\"wp-block-heading\">Kaivinkoneen keinulaakerin rakenne<\/h2>\r\n<h3 class=\"wp-block-heading\">\r\n\r\n<\/h3>\r\n<p>Kaivinkoneen k\u00e4\u00e4ntyv\u00e4 laakeri koostuu seuraavista osista:<\/p>\r\n<h3 class=\"wp-block-heading\">\r\n\r\n<\/h3>\r\n<ul class=\"wp-block-list\">\r\n<li>Sis\u00e4- ja ulkorenkaat: Valmistettu lujasta ter\u00e4ksest\u00e4, joka kest\u00e4\u00e4 raskaita kuormia.<\/li>\r\n\r\n\r\n\r\n<li>Vieriv\u00e4t elementit: Pallot tai rullat, jotka mahdollistavat tasaisen py\u00f6rimisen.<\/li>\r\n\r\n\r\n\r\n<li>H\u00e4kit: Pid\u00e4 vierint\u00e4elementit tasaisin v\u00e4lein.<\/li>\r\n\r\n\r\n\r\n<li>Tiivisteet: Suojaa laakeria lialta, vedelt\u00e4 ja roskilta.<\/li>\r\n<\/ul>\r\n<h3 class=\"wp-block-heading\">\r\n\r\n<\/h3>\r\n<h2 class=\"wp-block-heading\">Kaivinkoneiden liukulaakerityypit<\/h2>\r\n<h3 class=\"wp-block-heading\">\r\n\r\n<\/h3>\r\n<h4 class=\"wp-block-heading\">Liukulaakereita on erilaisia malleja:<\/h4>\r\n<h3 class=\"wp-block-heading\">\r\n\r\n<\/h3>\r\n<ul class=\"wp-block-list\">\r\n<li>Yksiriviset kuulalaakerit: Tasapaino kuormituskapasiteetti ja py\u00f6rimisnopeus.<\/li>\r\n\r\n\r\n\r\n<li>Kaksiriviset kuulalaakerit: Suuremmat kuormituskapasiteetit suuremmille kaivinkoneille.<\/li>\r\n\r\n\r\n\r\n<li>Ristikkorullalaakerit: K\u00e4sittelev\u00e4t samanaikaisesti raskaita aksiaali- ja radiaalikuormia.<\/li>\r\n\r\n\r\n\r\n<li>Kolmiriviset rullalaakerit: J\u00e4reiden kaivinkoneiden maksimikuormituskapasiteetti.<\/li>\r\n<\/ul>\r\n<h3 class=\"wp-block-heading\">\r\n\r\n<\/h3>\r\n<h2 class=\"wp-block-heading\">Kaivinkoneiden liukulaakereiden merkitys<\/h2>\r\n<h3 class=\"wp-block-heading\">\r\n\r\n<\/h3>\r\n<p>Liukulaakerit varmistavat tasaisen kuormituksen jakautumisen ja s\u00e4ilytt\u00e4v\u00e4t kaivukoneen rakenteellisen eheyden. Ne mahdollistavat 360 asteen py\u00f6rimisen, mik\u00e4 parantaa toiminnan tehokkuutta ahtaissa tiloissa. Niiden kest\u00e4vyys v\u00e4hent\u00e4\u00e4 seisokkiaikoja ja huoltokustannuksia.<\/p>\r\n<h3 class=\"wp-block-heading\">\r\n\r\n<\/h3>\r\n<h2 class=\"wp-block-heading\">Kaivinkoneen liukulaakereiden huolto<\/h2>\r\n<h3 class=\"wp-block-heading\">\r\n\r\n<\/h3>\r\n<h4 class=\"wp-block-heading\">Asianmukaiseen kunnossapitoon kuuluu:<\/h4>\r\n<h3 class=\"wp-block-heading\">\r\n\r\n<\/h3>\r\n<ul class=\"wp-block-list\">\r\n<li>S\u00e4\u00e4nn\u00f6lliset tarkastukset: Tarkista, onko kulumista, korroosiota tai vaurioita.<\/li>\r\n\r\n\r\n\r\n<li>Voitelu: V\u00e4hent\u00e4\u00e4 kitkaa ja est\u00e4\u00e4 kulumista.<\/li>\r\n\r\n\r\n\r\n<li>Tiivisteen eheys: Varmista, ett\u00e4 tiivisteet ovat ehj\u00e4t saastumisen est\u00e4miseksi.<\/li>\r\n\r\n\r\n\r\n<li>Kuormituksen hallinta: V\u00e4lt\u00e4 kaivinkoneen ylikuormittamista.<\/li>\r\n\r\n\r\n\r\n<li>Kohdistuminen: Varmista oikea linjaus ep\u00e4tasaisen kulumisen est\u00e4miseksi.<\/li>\r\n<\/ul>\r\n<h3 class=\"wp-block-heading\">\r\n\r\n<\/h3>\r\n<h3 class=\"wp-block-heading\">Yleiset ongelmat heilurilaakereiden kanssa<\/h3>\r\n<h3 class=\"wp-block-heading\">\r\n\r\n<\/h3>\r\n<p>Yleisi\u00e4 ongelmia ovat:<\/p>\r\n<h3 class=\"wp-block-heading\">\r\n\r\n<\/h3>\r\n<ul class=\"wp-block-list\">\r\n<li>Kuluminen: Jatkuvan k\u00e4yt\u00f6n ja raskaiden kuormien aiheuttama.<\/li>\r\n\r\n\r\n\r\n<li>Saastuminen: Lika, vesi ja roskat, jotka p\u00e4\u00e4sev\u00e4t laakeriin.<\/li>\r\n\r\n\r\n\r\n<li>Korroosio: Korroosio: Kosteuden ja ankarien olosuhteiden vuoksi.<\/li>\r\n\r\n\r\n\r\n<li>Virheellinen kohdistus: V\u00e4\u00e4r\u00e4nlainen asennus tai rakenteelliset ongelmat.<\/li>\r\n<\/ul>\r\n<h3 class=\"wp-block-heading\">\r\n\r\n<\/h3>\r\n<h2 class=\"wp-block-heading\">P\u00e4\u00e4telm\u00e4<\/h2>\r\n<h3 class=\"wp-block-heading\">\r\n\r\n<\/h3>\r\n<p><a href=\"https:\/\/swingbearing.net\/fi\/kaivinkoneen-heilurilaakeri\/\">Kaivinkoneen laakerit<\/a> ovat ratkaisevan t\u00e4rkeit\u00e4 kaivukoneiden toimivuuden ja tehokkuuden kannalta. Niiden rakenteen, tyyppien, merkityksen, huollon ja yleisten ongelmien ymm\u00e4rt\u00e4minen on olennaista optimaalisen suorituskyvyn kannalta. Asianmukainen huolto ja oikea-aikainen ongelmanratkaisu voivat pident\u00e4\u00e4 n\u00e4iden laakereiden k\u00e4ytt\u00f6ik\u00e4\u00e4 ja luotettavuutta ja parantaa tuottavuutta.<\/p>\r\n<h3 class=\"wp-block-heading\">?<\/h3>\r\n<p><\/p>","protected":false},"excerpt":{"rendered":"<p><strong><b>Osa<\/b><\/strong> #: 14577178<br \/><strong><b>Tee<\/b><\/strong>: KOMATSU<br \/><strong><b>Malli<\/b><\/strong>:EC210BLC <br \/><strong><b>Kunto<\/b><\/strong>: Uusi<\/p>","protected":false},"featured_media":2928,"template":"","meta":[],"product_brand":[],"product_cat":[68],"product_tag":[],"class_list":{"0":"post-3935","1":"product","2":"type-product","3":"status-publish","4":"has-post-thumbnail","6":"product_cat-volvo-excavator-swing-bearing","8":"first","9":"instock","10":"shipping-taxable","11":"product-type-simple"},"_links":{"self":[{"href":"https:\/\/swingbearing.net\/fi\/wp-json\/wp\/v2\/product\/3935","targetHints":{"allow":["GET"]}}],"collection":[{"href":"https:\/\/swingbearing.net\/fi\/wp-json\/wp\/v2\/product"}],"about":[{"href":"https:\/\/swingbearing.net\/fi\/wp-json\/wp\/v2\/types\/product"}],"wp:featuredmedia":[{"embeddable":true,"href":"https:\/\/swingbearing.net\/fi\/wp-json\/wp\/v2\/media\/2928"}],"wp:attachment":[{"href":"https:\/\/swingbearing.net\/fi\/wp-json\/wp\/v2\/media?parent=3935"}],"wp:term":[{"taxonomy":"product_brand","embeddable":true,"href":"https:\/\/swingbearing.net\/fi\/wp-json\/wp\/v2\/product_brand?post=3935"},{"taxonomy":"product_cat","embeddable":true,"href":"https:\/\/swingbearing.net\/fi\/wp-json\/wp\/v2\/product_cat?post=3935"},{"taxonomy":"product_tag","embeddable":true,"href":"https:\/\/swingbearing.net\/fi\/wp-json\/wp\/v2\/product_tag?post=3935"}],"curies":[{"name":"wp","href":"https:\/\/api.w.org\/{rel}","templated":true}]}}