{"id":3372,"date":"2024-05-27T09:07:55","date_gmt":"2024-05-27T09:07:55","guid":{"rendered":"https:\/\/swingbearing.net\/product\/hyundai-r220lc-9s-excavator-swing-bearing-81q6-00020-slew-rings\/"},"modified":"2024-05-28T05:34:58","modified_gmt":"2024-05-28T05:34:58","slug":"hyundai-r220lc-9s-excavator-swing-bearing-81q6-00020-slew-rings","status":"publish","type":"product","link":"https:\/\/swingbearing.net\/fi\/tuote\/hyundai-r220lc-9s-excavator-swing-bearing-81q6-00020-slew-rings\/","title":{"rendered":"HYUNDAI R220LC-9S Kaivinkoneen k\u00e4\u00e4ntyv\u00e4 laakeri 81Q6-00020 Liukurenkaat"},"content":{"rendered":"<h2 style=\"text-align: center;\">HYUNDAI Swing Bearing Parametrit<\/h2>\n<div class=\"bde-rich-text-243-405 bde-rich-text breakdance-rich-text-styles\">\n<figure class=\"wp-block-table\">\n<table>\n<tbody>\n<tr>\n<td>Malli<\/td>\n<td>Osanumero<\/td>\n<td>Ulkohalkaisija<\/td>\n<td>Sis\u00e4halkaisija<\/td>\n<td>Kokonaiskorkeus<\/td>\n<td>Ulkopuolinen korkeus<\/td>\n<td>Sis\u00e4inen korkeus<\/td>\n<td>Ulkoisen rei\u00e4n parametrit<\/td>\n<td>Sis\u00e4isen rei\u00e4n parametrit<\/td>\n<td>Hampaiden lukum\u00e4\u00e4r\u00e4<\/td>\n<\/tr>\n<tr>\n<td>R140LC-7<\/td>\n<td>81N4-01020<\/td>\n<td>1196<\/td>\n<td>963<\/td>\n<td>90<\/td>\n<td>79<\/td>\n<td>80<\/td>\n<td>36-\u03c619<\/td>\n<td>36-M16*1.5<\/td>\n<td>98<\/td>\n<\/tr>\n<tr>\n<td>R210LC-3<\/td>\n<td>81EM-00020<\/td>\n<td>1202<\/td>\n<td>945<\/td>\n<td>84<\/td>\n<td>75<\/td>\n<td>70<\/td>\n<td>36<\/td>\n<td>36<\/td>\n<td>80<\/td>\n<\/tr>\n<tr>\n<td>R170W-7<\/td>\n<td>81EM-00021<\/td>\n<td>1202<\/td>\n<td>947<\/td>\n<td>83<\/td>\n<td>75<\/td>\n<td>70<\/td>\n<td>36-\u03c622<\/td>\n<td>36-M20*1.5<\/td>\n<td>80<\/td>\n<\/tr>\n<tr>\n<td>R180W-9S<\/td>\n<td>81EM-00021GG<\/td>\n<td>1202<\/td>\n<td>947<\/td>\n<td>83<\/td>\n<td>75<\/td>\n<td>70<\/td>\n<td>36-\u03c622<\/td>\n<td>36-M20*1.5<\/td>\n<td>80<\/td>\n<\/tr>\n<tr>\n<td>R200W-7<\/td>\n<td>81EM-00021GG<\/td>\n<td>1327<\/td>\n<td>1083<\/td>\n<td>110<\/td>\n<td>89<\/td>\n<td>94<\/td>\n<td>30-\u03c622<\/td>\n<td>36-M20<\/td>\n<td>92<\/td>\n<\/tr>\n<tr>\n<td>R210-7<\/td>\n<td>81N6-00023BG<\/td>\n<td>1327<\/td>\n<td>1084<\/td>\n<td>110<\/td>\n<td>89<\/td>\n<td>94<\/td>\n<td>30-\u03c622<\/td>\n<td>36-M20<\/td>\n<td>92<\/td>\n<\/tr>\n<tr>\n<td>R210LC-7<\/td>\n<td>81N6-01020<\/td>\n<td>1326<\/td>\n<td>1084<\/td>\n<td>110<\/td>\n<td>89<\/td>\n<td>94<\/td>\n<td>30-\u03c622<\/td>\n<td>36-M20<\/td>\n<td>92<\/td>\n<\/tr>\n<tr>\n<td>R210-7<\/td>\n<td>81N6-00022<\/td>\n<td>1326<\/td>\n<td>1084<\/td>\n<td>110<\/td>\n<td>89<\/td>\n<td>94<\/td>\n<td>30-\u03c622<\/td>\n<td>36-M20<\/td>\n<td>92<\/td>\n<\/tr>\n<tr>\n<td>R210-7<\/td>\n<td>81N6-00021<\/td>\n<td>1326<\/td>\n<td>1084<\/td>\n<td>110<\/td>\n<td>89<\/td>\n<td>94<\/td>\n<td>30-\u03c622<\/td>\n<td>36-M20<\/td>\n<td>92<\/td>\n<\/tr>\n<tr>\n<td>R210LC7<\/td>\n<td>31N 812020<\/td>\n<td>1326<\/td>\n<td>1084<\/td>\n<td>110<\/td>\n<td>89<\/td>\n<td>94<\/td>\n<td>30-\u03a622<\/td>\n<td>36-M20<\/td>\n<td>92<\/td>\n<\/tr>\n<tr>\n<td>R210W-9S<\/td>\n<td>81Q5-01020<\/td>\n<td>1327<\/td>\n<td>1083<\/td>\n<td>110<\/td>\n<td>89<\/td>\n<td>94<\/td>\n<td>30-\u03c622<\/td>\n<td>36-M20<\/td>\n<td>92<\/td>\n<\/tr>\n<tr>\n<td>R210W-9S<\/td>\n<td>81Q5-01021<\/td>\n<td>1327<\/td>\n<td>1083<\/td>\n<td>110<\/td>\n<td>89<\/td>\n<td>94<\/td>\n<td>30-\u03c622<\/td>\n<td>36-M20<\/td>\n<td>92<\/td>\n<\/tr>\n<tr>\n<td>R220LC-9S<\/td>\n<td>81Q6-00020<\/td>\n<td>1326<\/td>\n<td>1084<\/td>\n<td>110<\/td>\n<td>89<\/td>\n<td>94<\/td>\n<td>30-\u03c622<\/td>\n<td>36-M20<\/td>\n<td>92<\/td>\n<\/tr>\n<tr>\n<td>R220LC-9S<\/td>\n<td>81Q6-01020<\/td>\n<td>1326<\/td>\n<td>1084<\/td>\n<td>110<\/td>\n<td>89<\/td>\n<td>94<\/td>\n<td>30-\u03c622<\/td>\n<td>36-M20<\/td>\n<td>92<\/td>\n<\/tr>\n<tr>\n<td>R220LC-9S<\/td>\n<td>81Q6-01021<\/td>\n<td>1326<\/td>\n<td>1084<\/td>\n<td>110<\/td>\n<td>89<\/td>\n<td>94<\/td>\n<td>30-\u03c622<\/td>\n<td>36-M20<\/td>\n<td>92<\/td>\n<\/tr>\n<tr>\n<td>R220LC-9S<\/td>\n<td>81Q6-00021<\/td>\n<td>1326<\/td>\n<td>1084<\/td>\n<td>110<\/td>\n<td>89<\/td>\n<td>94<\/td>\n<td>30-\u03c622<\/td>\n<td>36-M20<\/td>\n<td>92<\/td>\n<\/tr>\n<tr>\n<td>R250LC-7<\/td>\n<td>81EN-00052<\/td>\n<td>1410<\/td>\n<td>1131<\/td>\n<td>120<\/td>\n<td>88<\/td>\n<td>110<\/td>\n<td>34-\u03c623<\/td>\n<td>36-M20<\/td>\n<td>82<\/td>\n<\/tr>\n<tr>\n<td>290LC-7<\/td>\n<td>81N8-0003<\/td>\n<td>1526<\/td>\n<td>1235<\/td>\n<td>123<\/td>\n<td>97<\/td>\n<td>110<\/td>\n<td>38-\u03c626<\/td>\n<td>40-M24<\/td>\n<td>90<\/td>\n<\/tr>\n<tr>\n<td>R290<\/td>\n<td>81N8-00021<\/td>\n<td>1526<\/td>\n<td>1235<\/td>\n<td>122<\/td>\n<td>87<\/td>\n<td>110<\/td>\n<td>37-\u042426<\/td>\n<td>40-M24<\/td>\n<td>90<\/td>\n<\/tr>\n<tr>\n<td>R290<\/td>\n<td>81N8-00022<\/td>\n<td>1526<\/td>\n<td>1235<\/td>\n<td>122<\/td>\n<td>87<\/td>\n<td>110<\/td>\n<td>37-\u042426<\/td>\n<td>40-M24<\/td>\n<td>90<\/td>\n<\/tr>\n<tr>\n<td>R290LC 7A<\/td>\n<td>4921797<\/td>\n<td>1526<\/td>\n<td>1235<\/td>\n<td>123<\/td>\n<td>97<\/td>\n<td>110<\/td>\n<td>38-\u03c626<\/td>\n<td>40-M24<\/td>\n<td>90<\/td>\n<\/tr>\n<tr>\n<td>R290LC-7<\/td>\n<td>81N8-00023<\/td>\n<td>1526<\/td>\n<td>1235<\/td>\n<td>123<\/td>\n<td>97<\/td>\n<td>110<\/td>\n<td>38-\u03c626<\/td>\n<td>40-M24<\/td>\n<td>90<\/td>\n<\/tr>\n<tr>\n<td>R290LC-7A<\/td>\n<td>81N8-00024GG<\/td>\n<td>1526<\/td>\n<td>1235<\/td>\n<td>122<\/td>\n<td>97<\/td>\n<td>110<\/td>\n<td>38-\u03c626<\/td>\n<td>40-M24<\/td>\n<td>90<\/td>\n<\/tr>\n<tr>\n<td>R320-7<\/td>\n<td>81N9-01020<\/td>\n<td>1526<\/td>\n<td>1235<\/td>\n<td>122<\/td>\n<td>97<\/td>\n<td>110<\/td>\n<td>38-\u042426<\/td>\n<td>40-M24<\/td>\n<td>90<\/td>\n<\/tr>\n<tr>\n<td>R320LC-7<\/td>\n<td>81N9-01021<\/td>\n<td>1526<\/td>\n<td>1235<\/td>\n<td>122<\/td>\n<td>97<\/td>\n<td>110<\/td>\n<td>38-\u042426<\/td>\n<td>40-M24<\/td>\n<td>90<\/td>\n<\/tr>\n<tr>\n<td>R320LC-7<\/td>\n<td>81N9-01022<\/td>\n<td>1526<\/td>\n<td>1235<\/td>\n<td>122<\/td>\n<td>97<\/td>\n<td>110<\/td>\n<td>38-\u042426<\/td>\n<td>40-M24<\/td>\n<td>90<\/td>\n<\/tr>\n<tr>\n<td>R320LC-7<\/td>\n<td>81n9-01022 BG<\/td>\n<td>1526<\/td>\n<td>1235<\/td>\n<td>122<\/td>\n<td>97<\/td>\n<td>110<\/td>\n<td>38-\u042426<\/td>\n<td>40-M24<\/td>\n<td>90<\/td>\n<\/tr>\n<tr>\n<td>R320LC-7<\/td>\n<td>81N9-00021<\/td>\n<td>1526<\/td>\n<td>1235<\/td>\n<td>122<\/td>\n<td>97<\/td>\n<td>110<\/td>\n<td>38<\/td>\n<td>40<\/td>\n<td>90<\/td>\n<\/tr>\n<tr>\n<td>R360LC-7<\/td>\n<td>81NA-01020<\/td>\n<td>1550<\/td>\n<td>1250<\/td>\n<td><\/td>\n<td>108<\/td>\n<td>140<\/td>\n<td>35<\/td>\n<td>40<\/td>\n<td>106<\/td>\n<\/tr>\n<tr>\n<td>R360LC-7<\/td>\n<td>81NA-01022GG<\/td>\n<td>1550<\/td>\n<td>1250<\/td>\n<td>152<\/td>\n<td>108<\/td>\n<td>140<\/td>\n<td>35<\/td>\n<td>40<\/td>\n<td>106<\/td>\n<\/tr>\n<tr>\n<td>R360LC-7A<\/td>\n<td>81NA-01021BG<\/td>\n<td>1550<\/td>\n<td>1250<\/td>\n<td>152<\/td>\n<td>108<\/td>\n<td>140<\/td>\n<td>35<\/td>\n<td>40<\/td>\n<td>106<\/td>\n<\/tr>\n<\/tbody>\n<\/table>\n<\/figure>\n<\/div>\n<h3>Johdanto kaivukoneen k\u00e4\u00e4ntyviin laakereihin<\/h3>\n<p>Raskaiden koneiden alalla kaivinkoneet ovat korvaamattomia ty\u00f6kaluja monenlaisissa rakennus- ja kaivut\u00f6iss\u00e4. Kriittisiin komponentteihin, jotka vaikuttavat niiden poikkeukselliseen suorituskykyyn, kuuluu heilurilaakeri. T\u00e4ll\u00e4 elint\u00e4rke\u00e4ll\u00e4 komponentilla on keskeinen rooli, sill\u00e4 se mahdollistaa kaivukoneen yl\u00e4rakenteen sujuvan ja tehokkaan py\u00f6rimisen.<\/p>\n<p>Heilurilaakeri on suuri, py\u00f6re\u00e4 laakeri, joka sijaitsee kaivukoneen yl\u00e4rakenteen pohjalla. Se muodostaa matalakitkaisen pinnan, jonka ansiosta yl\u00e4rakenne voi py\u00f6ri\u00e4 vapaasti alarakenteen p\u00e4\u00e4ll\u00e4. T\u00e4m\u00e4 py\u00f6riminen on v\u00e4ltt\u00e4m\u00e4t\u00f6nt\u00e4, jotta kaivinkone voi suorittaa perustoimintonsa, kuten kaivamisen, kaivantojen kaivamisen ja materiaalink\u00e4sittelyn.<\/p>\n<p>Heilurilaakerin rakenne on ratkaisevan t\u00e4rke\u00e4 kaivukoneen kokonaissuorituskyvyn kannalta. Sen on kestett\u00e4v\u00e4 k\u00e4yt\u00f6n aikana syntyv\u00e4t valtavat kuormat ja voimat. N\u00e4ihin kuormituksiin kuuluvat yl\u00e4rakenteen paino, kaivuvoimat ja kiihdytyksen ja hidastuksen aikana syntyv\u00e4t inertiavoimat.<\/p>\n<p>N\u00e4iden vaatimusten t\u00e4ytt\u00e4miseksi heilurilaakerit valmistetaan yleens\u00e4 lujatekoisista materiaaleista, kuten taotusta ter\u00e4ksest\u00e4 tai valuraudasta. Niiss\u00e4 on my\u00f6s useita rivej\u00e4 vierint\u00e4elementtej\u00e4, jotka jakavat kuormitusta ja v\u00e4hent\u00e4v\u00e4t kitkaa. Vierint\u00e4elementit on yleens\u00e4 valmistettu karkaistusta ter\u00e4ksest\u00e4 tai keraamisista materiaaleista kest\u00e4vyyden ja pitk\u00e4ik\u00e4isyyden varmistamiseksi.<\/p>\n<p>Heilurilaakereiden asianmukainen huolto on olennaisen t\u00e4rke\u00e4\u00e4 kaivukoneen optimaalisen suorituskyvyn ja pitk\u00e4ik\u00e4isyyden varmistamiseksi. S\u00e4\u00e4nn\u00f6llinen voitelu on ratkaisevan t\u00e4rke\u00e4\u00e4 kulumisen est\u00e4miseksi ja laakerin k\u00e4ytt\u00f6i\u00e4n pident\u00e4miseksi. Lis\u00e4ksi olisi teht\u00e4v\u00e4 s\u00e4\u00e4nn\u00f6llisi\u00e4 tarkastuksia, jotta voidaan havaita kaikki merkit vaurioista tai liiallisesta kulumisesta.<\/p>\n<p>Kaivinkoneen k\u00e4\u00e4ntyv\u00e4\u00e4 laakeria valittaessa on t\u00e4rke\u00e4\u00e4 ottaa huomioon sovelluksen erityisvaatimukset. Tekij\u00e4t, kuten kaivinkoneen koko, paino ja k\u00e4ytt\u00f6tarkoitus, on otettava huomioon. On my\u00f6s suositeltavaa neuvotella kaivukoneen valmistajan tai p\u00e4tev\u00e4n laakeritoimittajan kanssa laakerin oikean valinnan ja asennuksen varmistamiseksi.<\/p>\n<p>Yhteenvetona voidaan todeta, ett\u00e4 heilurilaakeri on kriittinen komponentti, jolla on t\u00e4rke\u00e4 rooli kaivukoneiden suorituskyvyn ja tehokkuuden kannalta. Ymm\u00e4rt\u00e4m\u00e4ll\u00e4 heilurilaakerien suunnittelun, toiminnan ja huoltovaatimukset k\u00e4ytt\u00e4j\u00e4t ja huoltohenkil\u00f6st\u00f6 voivat varmistaa, ett\u00e4 kaivukoneet toimivat huipputehokkaasti vuosien ajan.<\/p>\n<h4><a href=\"https:\/\/swingbearing.net\/fi\/kaantopyorasto\/\">Hyundai Swing laakeri<\/a><\/h4>\n<p>Hyundai on tunnettu tuotemerkki rakennuskoneteollisuudessa, ja se tarjoaa laadukkaita koneita ja varaosia kaivinkoneisiin. Hyundain kaivukoneen heilurilaakerit on suunniteltu tarjoamaan kest\u00e4vyytt\u00e4, tarkkuutta ja suorituskyky\u00e4, joten ne ovat ihanteellinen valinta kaivukoneen omistajille ja k\u00e4ytt\u00e4jille.<\/p>\n<p>Hyundain kaivukoneen keinulaakeri on saatavana useisiin kaivukoneisiin, kuten R55, R60, R80, R130LC-3-5, R150, R190, R200, R200-5, R210, R215-7\/9, R220, R225LC-7\/9, R245, R260, R265, R290, R290LC-7, R300LC, R305LC, R330LC, R340, R375, R360LC-7, R390, R450LC, R470, R485, R500, R55-5, R60-5, R55-7, R60-7, R70-7, R80, R110LC-7, R130-5, R130-7, R140LC-7, R150LC-7, R150LC-9, R200W-7, R200, R200-3, R200-5, R210-3, R210-5, R210-5D, R220-3, R220-5, R210-7, R210-9, R215-7, R225-7, R220-9, R225-9, R260-7, R265-7, R290-3, R300-5, R290-7, R305-7, R305-9, R320-7, R300, R350, R400, R450, R480 ja R550.<\/p>","protected":false},"excerpt":{"rendered":"<p><strong><b>Osa<\/b><\/strong> #: 81Q6-00020<br \/>\n<strong><b>Tee<\/b><\/strong>: HYUNDAI<br \/>\n<strong><b>Malli<\/b><\/strong>:R220LC-9S<br \/>\n<strong><b>Kunto<\/b><\/strong>: Uusi<\/p>","protected":false},"featured_media":2888,"template":"","meta":[],"product_brand":[],"product_cat":[66,22],"product_tag":[],"class_list":{"0":"post-3372","1":"product","2":"type-product","3":"status-publish","4":"has-post-thumbnail","6":"product_cat-hyundai-excavator-swing-bearing","7":"product_cat-swing-bearing","9":"first","10":"instock","11":"shipping-taxable","12":"product-type-simple"},"_links":{"self":[{"href":"https:\/\/swingbearing.net\/fi\/wp-json\/wp\/v2\/product\/3372","targetHints":{"allow":["GET"]}}],"collection":[{"href":"https:\/\/swingbearing.net\/fi\/wp-json\/wp\/v2\/product"}],"about":[{"href":"https:\/\/swingbearing.net\/fi\/wp-json\/wp\/v2\/types\/product"}],"wp:featuredmedia":[{"embeddable":true,"href":"https:\/\/swingbearing.net\/fi\/wp-json\/wp\/v2\/media\/2888"}],"wp:attachment":[{"href":"https:\/\/swingbearing.net\/fi\/wp-json\/wp\/v2\/media?parent=3372"}],"wp:term":[{"taxonomy":"product_brand","embeddable":true,"href":"https:\/\/swingbearing.net\/fi\/wp-json\/wp\/v2\/product_brand?post=3372"},{"taxonomy":"product_cat","embeddable":true,"href":"https:\/\/swingbearing.net\/fi\/wp-json\/wp\/v2\/product_cat?post=3372"},{"taxonomy":"product_tag","embeddable":true,"href":"https:\/\/swingbearing.net\/fi\/wp-json\/wp\/v2\/product_tag?post=3372"}],"curies":[{"name":"wp","href":"https:\/\/api.w.org\/{rel}","templated":true}]}}