{"id":2322,"date":"2024-04-12T06:49:19","date_gmt":"2024-04-12T06:49:19","guid":{"rendered":"https:\/\/swingbearing.net\/?post_type=product&#038;p=2322"},"modified":"2024-05-15T06:03:20","modified_gmt":"2024-05-15T06:03:20","slug":"swing-bearing-case-2","status":"publish","type":"product","link":"https:\/\/swingbearing.net\/fi\/tuote\/swing-bearing-case-2\/","title":{"rendered":"CASE Swing-laakeri"},"content":{"rendered":"<h2 style=\"text-align: center;\">CASE Swing-laakerin parametrit<\/h2>\n<figure class=\"wp-block-table is-style-stripes has-small-font-size\">\n<table class=\"has-cyan-bluish-gray-background-color has-background\">\n<tbody>\n<tr>\n<td style=\"text-align: right;\">Malli<\/td>\n<td style=\"text-align: right;\">Osanumero<\/td>\n<td style=\"text-align: right;\">Ulkohalkaisija<\/td>\n<td style=\"text-align: right;\">Sis\u00e4halkaisija<\/td>\n<td style=\"text-align: right;\">Kokonaiskorkeus<\/td>\n<td style=\"text-align: right;\">Ulkopuolinen korkeus<\/td>\n<td style=\"text-align: right;\">Sis\u00e4inen korkeus<\/td>\n<td style=\"text-align: right;\">Ulkoisen rei\u00e4n parametrit<\/td>\n<td style=\"text-align: right;\">Sis\u00e4isen rei\u00e4n parametrit<\/td>\n<td style=\"text-align: right;\">Hampaiden lukum\u00e4\u00e4r\u00e4<\/td>\n<\/tr>\n<tr>\n<td>CX130<\/td>\n<td>KNB10130<\/td>\n<td>1172<\/td>\n<td>972<\/td>\n<td>88<\/td>\n<td>65<\/td>\n<td>78<\/td>\n<td>28<\/td>\n<td>36<\/td>\n<td>98<\/td>\n<\/tr>\n<tr>\n<td>CX130<\/td>\n<td>KNB 11840<\/td>\n<td>1172<\/td>\n<td>973<\/td>\n<td>88<\/td>\n<td>65<\/td>\n<td>78<\/td>\n<td>28<\/td>\n<td>36<\/td>\n<td>98<\/td>\n<\/tr>\n<tr>\n<td>CX210<\/td>\n<td>KRB1347<\/td>\n<td>1330<\/td>\n<td>1094<\/td>\n<td>103<\/td>\n<td>74<\/td>\n<td>92<\/td>\n<td>31<\/td>\n<td>36<\/td>\n<td>92<\/td>\n<\/tr>\n<tr>\n<td>CX210<\/td>\n<td>KRB1603<\/td>\n<td>1330<\/td>\n<td>1094<\/td>\n<td>103<\/td>\n<td>74<\/td>\n<td>92<\/td>\n<td>31<\/td>\n<td>36<\/td>\n<td>92<\/td>\n<\/tr>\n<tr>\n<td>CX210<\/td>\n<td>KRB10160<\/td>\n<td>1330<\/td>\n<td>1093<\/td>\n<td>102<\/td>\n<td>74<\/td>\n<td>92<\/td>\n<td>31-\u03c622<\/td>\n<td>36-M20<\/td>\n<td>92<\/td>\n<\/tr>\n<tr>\n<td>CX210B<\/td>\n<td>KRB10160<\/td>\n<td>1330<\/td>\n<td>1093<\/td>\n<td>102<\/td>\n<td>74<\/td>\n<td>92<\/td>\n<td>31-\u03c622<\/td>\n<td>36-M20<\/td>\n<td>92<\/td>\n<\/tr>\n<tr>\n<td>CX210<\/td>\n<td>KRB10180<\/td>\n<td>1330<\/td>\n<td>1093<\/td>\n<td>102<\/td>\n<td>74<\/td>\n<td>92<\/td>\n<td>31-\u03c622.5<\/td>\n<td>36-M20<\/td>\n<td>92<\/td>\n<\/tr>\n<tr>\n<td>CX210B<\/td>\n<td>KRB11710<\/td>\n<td>1330<\/td>\n<td>1093<\/td>\n<td>102<\/td>\n<td>74<\/td>\n<td>92<\/td>\n<td>31-\u03c622<\/td>\n<td>36-M20<\/td>\n<td>92<\/td>\n<\/tr>\n<tr>\n<td>CX210C<\/td>\n<td>KRB11710<\/td>\n<td>1330<\/td>\n<td>1093<\/td>\n<td>102<\/td>\n<td>74<\/td>\n<td>92<\/td>\n<td>31-\u03c622<\/td>\n<td>36-M20<\/td>\n<td>92<\/td>\n<\/tr>\n<tr>\n<td>CNH E215<\/td>\n<td>72203516<\/td>\n<td>1312<\/td>\n<td>1082<\/td>\n<td>110<\/td>\n<td>79<\/td>\n<td>98<\/td>\n<td>33<\/td>\n<td>36<\/td>\n<td>110<\/td>\n<\/tr>\n<tr>\n<td>CNH E215<\/td>\n<td>87472588<\/td>\n<td>1312<\/td>\n<td>1082<\/td>\n<td>110<\/td>\n<td>79<\/td>\n<td>98<\/td>\n<td>33<\/td>\n<td>36<\/td>\n<td>110<\/td>\n<\/tr>\n<tr>\n<td>CX240<\/td>\n<td>KBB0878<\/td>\n<td>1375<\/td>\n<td>1094<\/td>\n<td>124<\/td>\n<td>88<\/td>\n<td>114<\/td>\n<td>27-\u03a626<\/td>\n<td>36-M24<\/td>\n<td>92<\/td>\n<\/tr>\n<tr>\n<td>CX240<\/td>\n<td>KBB0282<\/td>\n<td>1375<\/td>\n<td>1094<\/td>\n<td>124<\/td>\n<td>80<\/td>\n<td>114<\/td>\n<td>26-\u03c626<\/td>\n<td>36-M24<\/td>\n<td>92<\/td>\n<\/tr>\n<tr>\n<td>CX240<\/td>\n<td>KBB 10080<\/td>\n<td>1376<\/td>\n<td>1093<\/td>\n<td>125<\/td>\n<td>88<\/td>\n<td>114<\/td>\n<td>27<\/td>\n<td>36<\/td>\n<td>92<\/td>\n<\/tr>\n<tr>\n<td>CX240B<\/td>\n<td>KBB11350<\/td>\n<td>1377<\/td>\n<td>1094<\/td>\n<td>124<\/td>\n<td>88<\/td>\n<td>114<\/td>\n<td>28-26<\/td>\n<td>36-M24<\/td>\n<td>92<\/td>\n<\/tr>\n<tr>\n<td>CX460<\/td>\n<td>KTB10010<\/td>\n<td>1615<\/td>\n<td>1275<\/td>\n<td>145<\/td>\n<td>125<\/td>\n<td>135<\/td>\n<td>41-\u03a626<\/td>\n<td>46-M24<\/td>\n<td>92<\/td>\n<\/tr>\n<tr>\n<td>CX290<\/td>\n<td>KBB10100<\/td>\n<td>1615<\/td>\n<td>1274<\/td>\n<td>122<\/td>\n<td>100<\/td>\n<td>110<\/td>\n<td>41<\/td>\n<td>46<\/td>\n<td>92<\/td>\n<\/tr>\n<\/tbody>\n<\/table>\n<\/figure>\n<p>Kaivinkoneet ovat raskaita koneita, joita k\u00e4ytet\u00e4\u00e4n kaivamiseen, siirt\u00e4miseen ja raskaiden kuormien nostamiseen rakennus-, kaivos- ja muilla teollisuudenaloilla. Kaivinkoneen keskeinen osa on sen k\u00e4\u00e4ntyv\u00e4 laakeri, jota kutsutaan my\u00f6s heilurilaakeriksi ja jonka ansiosta kone voi py\u00f6ri\u00e4 360 astetta. Jos olet etsim\u00e4ss\u00e4 CASE-kaivukoneeseesi laadukasta k\u00e4\u00e4nt\u00f6laakeria, etsi vain valikoimastamme.<\/p>\n<p>CASE-kaivukoneiden heilurilaakerivalikoimaamme kuuluvat seuraavat mallit: CX50B, CX55, CX210, CX210B, CX240A ja CX240B. N\u00e4m\u00e4 laakerit on suunniteltu erityisesti CASE-kaivukoneeseesi sopiviksi, ja ne takaavat tasaisen ja luotettavan py\u00f6rimisen my\u00f6s raskaassa kuormituksessa.<br \/>\nKaivinkoneiden heilurilaakerit on valmistettu korkealaatuisista materiaaleista, jotka takaavat parhaan mahdollisen kest\u00e4vyyden ja suorituskyvyn. K\u00e4\u00e4nt\u00f6p\u00f6yd\u00e4n laakerin ja keinurenkaan laakerin osat on koneistettu tiukkojen toleranssien mukaan t\u00e4ydellisen istuvuuden ja tasaisen toiminnan varmistamiseksi. Lis\u00e4ksi laakerit on suunniteltu kest\u00e4m\u00e4\u00e4n kulutusta, joten ne soveltuvat erinomaisesti raskaisiin sovelluksiin.<\/p>\n<p>Laadukkaan rakenteensa lis\u00e4ksi CASE-kaivukoneiden heilurilaakerit on helppo asentaa ja huoltaa. Ne on suunniteltu korvaamaan alkuper\u00e4isen laitevalmistajan (OEM) osat ilman vaadittavia muutoksia, joten asennus on helppoa. Tarjoamme my\u00f6s valikoiman varaosia laakereihimme, mik\u00e4 varmistaa, ett\u00e4 kaivukoneesi toimii moitteettomasti vuosien ajan.<\/p>\n<p>Kaivukoneiden k\u00e4\u00e4nt\u00f6laakerit ovat kaivukoneesi k\u00e4\u00e4nt\u00f6py\u00f6r\u00e4st\u00f6n olennainen osa. K\u00e4\u00e4nt\u00f6py\u00f6r\u00e4st\u00f6, joka on liitetty k\u00e4\u00e4ntyv\u00e4\u00e4n laakeriin, mahdollistaa kaivukoneen py\u00f6rimisen. Kaivukoneen k\u00e4\u00e4ntyv\u00e4 hammaspy\u00f6r\u00e4 toimii my\u00f6s yhdess\u00e4 k\u00e4\u00e4ntyv\u00e4n laakerin kanssa varmistaakseen tasaisen ja tehokkaan toiminnan.<br \/>\nYhteenvetona voidaan todeta, ett\u00e4 CASE-kaivukoneen heilurilaakerivalikoimamme on erinomainen valinta kaikille, jotka etsiv\u00e4t laadukkaita, luotettavia ja kest\u00e4vi\u00e4 osia kaivukoneeseensa. Valikoimamme k\u00e4\u00e4ntymislaakerit on suunniteltu erityisesti CASE-kaivukoneeseesi sopiviksi ja takaavat tasaisen ja tehokkaan toiminnan my\u00f6s raskaalla kuormituksella. Ota yhteytt\u00e4 jo t\u00e4n\u00e4\u00e4n, niin saat lis\u00e4tietoja tuotteistamme ja siit\u00e4, miten voimme auttaa sinua pit\u00e4m\u00e4\u00e4n kaivukoneesi sujuvasti k\u00e4ynniss\u00e4.<br \/>\nVoimme tarjota vaihtoehtoisia Swing laakeri teid\u00e4n , CAT, HITACHI, KOMATSU, KOBELCO, HYUNDAI, VOLVO, DOOSAN, DAEWOO, JCB, CASE, SUMITOMO, XCMG .There on normaali ja ei-standardi yli 1000 satoja tyyppej\u00e4 voit valita.<\/p>","protected":false},"excerpt":{"rendered":"<p><strong>Osa<\/strong> #: Kbb0878<br \/>\n<strong>Tee<\/strong>: Tapaus<br \/>\n<strong>Malli<\/strong>: Case CX240<br \/>\nKunto: Laakeri: Uusi Swing Bearing<br \/>\n<strong>Lis\u00e4\u00e4<\/strong>:CX290,CX460,CX240B<br \/>\n9050B,CX210C,CX210B,CX210B<\/p>","protected":false},"featured_media":2353,"template":"","meta":[],"product_brand":[],"product_cat":[22,71],"product_tag":[52],"class_list":{"0":"post-2322","1":"product","2":"type-product","3":"status-publish","4":"has-post-thumbnail","6":"product_cat-swing-bearing","7":"product_cat-case-excavator-swing-bearing","8":"product_tag-swing-bearing","10":"first","11":"instock","12":"shipping-taxable","13":"product-type-simple"},"_links":{"self":[{"href":"https:\/\/swingbearing.net\/fi\/wp-json\/wp\/v2\/product\/2322","targetHints":{"allow":["GET"]}}],"collection":[{"href":"https:\/\/swingbearing.net\/fi\/wp-json\/wp\/v2\/product"}],"about":[{"href":"https:\/\/swingbearing.net\/fi\/wp-json\/wp\/v2\/types\/product"}],"wp:featuredmedia":[{"embeddable":true,"href":"https:\/\/swingbearing.net\/fi\/wp-json\/wp\/v2\/media\/2353"}],"wp:attachment":[{"href":"https:\/\/swingbearing.net\/fi\/wp-json\/wp\/v2\/media?parent=2322"}],"wp:term":[{"taxonomy":"product_brand","embeddable":true,"href":"https:\/\/swingbearing.net\/fi\/wp-json\/wp\/v2\/product_brand?post=2322"},{"taxonomy":"product_cat","embeddable":true,"href":"https:\/\/swingbearing.net\/fi\/wp-json\/wp\/v2\/product_cat?post=2322"},{"taxonomy":"product_tag","embeddable":true,"href":"https:\/\/swingbearing.net\/fi\/wp-json\/wp\/v2\/product_tag?post=2322"}],"curies":[{"name":"wp","href":"https:\/\/api.w.org\/{rel}","templated":true}]}}