{"id":799,"date":"2023-10-23T06:31:55","date_gmt":"2023-10-23T06:31:55","guid":{"rendered":"https:\/\/swingbearing.net\/?post_type=product&#038;p=799"},"modified":"2023-10-23T06:32:35","modified_gmt":"2023-10-23T06:32:35","slug":"gearbox-parts-sk200-8","status":"publish","type":"product","link":"https:\/\/swingbearing.net\/et\/product\/gearbox-parts-sk200-8\/","title":{"rendered":"K\u00e4igukasti osad SK200-8"},"content":{"rendered":"","protected":false},"excerpt":{"rendered":"<p>Jalutusk\u00e4ik \u00fche- v\u00f5i kahetasandiline montaa\u017e<\/p>","protected":false},"featured_media":791,"template":"","meta":[],"product_brand":[],"product_cat":[27],"product_tag":[],"class_list":{"0":"post-799","1":"product","2":"type-product","3":"status-publish","4":"has-post-thumbnail","6":"product_cat-gearbox-parts","8":"first","9":"instock","10":"shipping-taxable","11":"product-type-simple"},"_links":{"self":[{"href":"https:\/\/swingbearing.net\/et\/wp-json\/wp\/v2\/product\/799","targetHints":{"allow":["GET"]}}],"collection":[{"href":"https:\/\/swingbearing.net\/et\/wp-json\/wp\/v2\/product"}],"about":[{"href":"https:\/\/swingbearing.net\/et\/wp-json\/wp\/v2\/types\/product"}],"wp:featuredmedia":[{"embeddable":true,"href":"https:\/\/swingbearing.net\/et\/wp-json\/wp\/v2\/media\/791"}],"wp:attachment":[{"href":"https:\/\/swingbearing.net\/et\/wp-json\/wp\/v2\/media?parent=799"}],"wp:term":[{"taxonomy":"product_brand","embeddable":true,"href":"https:\/\/swingbearing.net\/et\/wp-json\/wp\/v2\/product_brand?post=799"},{"taxonomy":"product_cat","embeddable":true,"href":"https:\/\/swingbearing.net\/et\/wp-json\/wp\/v2\/product_cat?post=799"},{"taxonomy":"product_tag","embeddable":true,"href":"https:\/\/swingbearing.net\/et\/wp-json\/wp\/v2\/product_tag?post=799"}],"curies":[{"name":"wp","href":"https:\/\/api.w.org\/{rel}","templated":true}]}}