{"id":578,"date":"2023-09-27T05:47:33","date_gmt":"2023-09-27T05:47:33","guid":{"rendered":"https:\/\/swingbearing.net\/?post_type=product&#038;p=578"},"modified":"2024-05-15T06:40:53","modified_gmt":"2024-05-15T06:40:53","slug":"swing-bearing-xcmg","status":"publish","type":"product","link":"https:\/\/swingbearing.net\/et\/product\/swing-bearing-xcmg\/","title":{"rendered":"Kiikelaager XCMG"},"content":{"rendered":"<h2 style=\"text-align: center;\">XCMG kiikelaagri parameetrid<\/h2>\n<figure class=\"wp-block-table is-style-stripes has-small-font-size\">\n<table class=\"has-cyan-bluish-gray-background-color has-background\">\n<tbody>\n<tr>\n<td>V\u00e4lisl\u00e4bim\u00f5\u00f5t Da<\/td>\n<td>Sisel\u00e4bim\u00f5\u00f5t Di<\/td>\n<td>Paigaldusk\u00f5rgus H<\/td>\n<td>Nimetus<\/td>\n<\/tr>\n<tr>\n<td>1370<\/td>\n<td>1032<\/td>\n<td>105<\/td>\n<td>XW200<\/td>\n<\/tr>\n<tr>\n<td>1370<\/td>\n<td>1032<\/td>\n<td>105<\/td>\n<td>XW821<\/td>\n<\/tr>\n<tr>\n<td>1370<\/td>\n<td>1032<\/td>\n<td>105<\/td>\n<td>XW822<\/td>\n<\/tr>\n<tr>\n<td>1370<\/td>\n<td>1032<\/td>\n<td>102<\/td>\n<td>210-8(88Z)<\/td>\n<\/tr>\n<tr>\n<td>1370<\/td>\n<td>1032<\/td>\n<td>102<\/td>\n<td>220-8(88Z)<\/td>\n<\/tr>\n<tr>\n<td>811<\/td>\n<td>617<\/td>\n<td>75<\/td>\n<td>XE60<\/td>\n<\/tr>\n<tr>\n<td>1322<\/td>\n<td>1071<\/td>\n<td>99.5<\/td>\n<td>XE210(91Z)<\/td>\n<\/tr>\n<tr>\n<td>1322<\/td>\n<td>1071<\/td>\n<td>99.5<\/td>\n<td>XE215(91Z)<\/td>\n<\/tr>\n<tr>\n<td>1098<\/td>\n<td>822<\/td>\n<td>90<\/td>\n<td>XE150B<\/td>\n<\/tr>\n<tr>\n<td>1122<\/td>\n<td>824<\/td>\n<td>100<\/td>\n<td>XE150A<\/td>\n<\/tr>\n<tr>\n<td>1390<\/td>\n<td>1049<\/td>\n<td>110<\/td>\n<td>XE230(88Z)<\/td>\n<\/tr>\n<tr>\n<td>1587<\/td>\n<td>1274<\/td>\n<td>122<\/td>\n<td>XE370<\/td>\n<\/tr>\n<\/tbody>\n<\/table>\n<\/figure>\n<figure class=\"wp-block-table is-style-stripes has-small-font-size\">\n<table class=\"has-cyan-bluish-gray-background-color has-background\">\n<tbody>\n<tr>\n<td>V\u00e4lisl\u00e4bim\u00f5\u00f5t Da<\/td>\n<td>Sisel\u00e4bim\u00f5\u00f5t Di<\/td>\n<td>Paigaldusk\u00f5rgus H<\/td>\n<td>Nimetus<\/td>\n<\/tr>\n<tr>\n<td>800<\/td>\n<td>590<\/td>\n<td>70<\/td>\n<td>XG60<\/td>\n<\/tr>\n<tr>\n<td>800<\/td>\n<td>590<\/td>\n<td>74<\/td>\n<td>XG806<\/td>\n<\/tr>\n<tr>\n<td>895.5<\/td>\n<td>664<\/td>\n<td>68<\/td>\n<td>XG808<\/td>\n<\/tr>\n<tr>\n<td>1120<\/td>\n<td>850<\/td>\n<td>78<\/td>\n<td>XG815<\/td>\n<\/tr>\n<tr>\n<td>1368.5<\/td>\n<td>1033<\/td>\n<td>105<\/td>\n<td>XG820<\/td>\n<\/tr>\n<tr>\n<td>1369<\/td>\n<td>1033<\/td>\n<td>105<\/td>\n<td>XG821<\/td>\n<\/tr>\n<tr>\n<td>1369<\/td>\n<td>1033<\/td>\n<td>105<\/td>\n<td>XG822<\/td>\n<\/tr>\n<tr>\n<td>1460<\/td>\n<td>1162<\/td>\n<td>110<\/td>\n<td>XG823<\/td>\n<\/tr>\n<tr>\n<td>1460<\/td>\n<td>1162<\/td>\n<td>110<\/td>\n<td>XG825<\/td>\n<\/tr>\n<\/tbody>\n<\/table>\n<\/figure>\n<p>XCMG ekskavaatorite kiikelaagrid on t\u00e4nap\u00e4eval \u00fched parimad turul. Need on loodud k\u00f5ige karmimatele t\u00f6\u00f6tingimustele vastu pidamiseks ja selle tagamiseks, et teie ekskavaator t\u00f6\u00f6tab optimaalselt. XCMG on ehitusseadmete t\u00f6\u00f6stuses tegutsenud juba \u00fcle 70 aasta ning selle tooted on tuntud oma usaldusv\u00e4\u00e4rsuse ja vastupidavuse poolest.<\/p>\n<p>Ekskavaatorite kiikelaagritel on masina toimimises oluline roll. Laagrid toetavad ekskavaatori \u00fclemise osa, mis h\u00f5lmab kabiini, mootori ja <a href=\"https:\/\/swingbearing.net\/et\/hydraulic-motor\/\">h\u00fcdraulilised komponendid<\/a>. Need v\u00f5imaldavad ka \u00fclemist osa 360 kraadi keerata, mis v\u00f5imaldab kaevata igas suunas. Seet\u00f5ttu on oluline valida oma ekskavaatorile kvaliteetsed laagrid, et tagada selle t\u00f5hus ja ohutu t\u00f6\u00f6.<br \/>\nXCMG pakub laias valikus ekskavaatorite kiikelaagreid, sealhulgas ekskavaatorite kiikelaagreid, kiikr\u00f5ngalaagreid, ekskavaatorite p\u00f6\u00f6rdlaagreid ja ekskavaatorite osade kiikelaagreid. K\u00f5ik need tooted sobivad erinevatele ekskavaatorite mudelitele, sealhulgas XE55, XE60, XE65, XE75, XE80, XE85, XE135, XE150, XE155, XE200, XE205, XE215, XE225, XE245, XE270, XE305, XE335, XE370, XE380, XE400, XE470, XE490 ja XE700.<\/p>\n<p>XCMG ekskavaatorite kiikelaagrid on valmistatud kvaliteetsetest materjalidest, mis tagavad, et need peavad vastu ka k\u00f5ige raskemates tingimustes. Samuti on need projekteeritud nii, et need v\u00e4hendavad h\u00f5\u00f5rdumist ja kulumist, pikendades nende kasutusiga ja v\u00e4hendades hoolduskulusid. XCMG kasutab oma laagrite tootmiseks t\u00e4iustatud tootmistehnoloogiat, mis tagab, et need vastavad rahvusvahelistele standarditele.<br \/>\nEkskavaator<a href=\"https:\/\/swingbearing.net\/et\/slewing-gear\/\"> p\u00f6\u00f6ramismehhanism<\/a> ja kiigelaev on ekskavaatori h\u00fcdraulikas\u00fcsteemi kriitilised komponendid. Need aitavad kontrollida ekskavaatori liikumist ja tagavad selle t\u00f5rgeteta t\u00f6\u00f6. XCMG ekskavaatorite p\u00f6\u00f6rdlaagrid on projekteeritud nii, et need komponendid t\u00f6\u00f6taksid sujuvalt koos, tagades, et teie ekskavaator t\u00f6\u00f6tab optimaalselt.<\/p>\n<p>Kokkuv\u00f5tteks v\u00f5ib \u00f6elda, et XCMG ekskavaatorite p\u00f6\u00f6rdlaagrid on \u00fched parimad turul. Need on loodud taluma karmid t\u00f6\u00f6tingimused, v\u00e4hendama h\u00f5\u00f5rdumist ja kulumist ning pikendama teie ekskavaatori kasutusiga. Kui otsite oma ekskavaatorile kvaliteetseid ja usaldusv\u00e4\u00e4rseid p\u00f6\u00f6rlevaid laagreid, on XCMG see kaubam\u00e4rk, mida valida. Kuna meil on lai valik erinevatele ekskavaatorimudelitele sobivaid tooteid, v\u00f5ite olla kindel, et leiate oma masinale sobiva toote.<br \/>\nMe saame pakkuda alternatiivseid p\u00f6\u00f6rdlaagreid oma ,CAT, HITACHI, KOMATSU, KOBELCO, HYUNDAI, VOLVO, DOOSAN, DAEWOO, JCB, CASE, SUMITOMO, KATO.There on normaalne ja mitte standard \u00fcle 1000 sada t\u00fc\u00fcpi teile valida.<\/p>\n<figure class=\"wp-block-table is-style-stripes has-small-font-size\">\n<table class=\"has-black-color has-cyan-bluish-gray-background-color has-text-color has-background\" style=\"height: 1185px;\" width=\"703\">\n<tbody>\n<tr>\n<td><strong>Hitachi<\/strong><\/td>\n<td>EX40-1 EX60-1-2-3-5 EX70-5 EX90 EX100-1-2-3-5 EX110-5 EX120-1-2-3-5 EX130-5 EX200-1-2-3-5 EX210-5 EX220-5 EX270 EX300-1-2-3-5 EX330-3 EX330-3 EX350-5 EX400-3 EX400-5 EX470-3 EX870 ZAX60 ZX55-R ZAX70 ZAX80 ZAX110 ZAX120 ZAX130 ZAX200-3-6 ZAX210 ZAX220-5 ZAX230 ZAX240 ZAX240-3 ZAX250-3 ZAX270-3 ZAX450-1 ZAX450-3 ZAX450-5 ZAX750 UH063 UH07-7 UH083<\/td>\n<\/tr>\n<tr>\n<td><strong>Cat<\/strong><\/td>\n<td>E45 E60 E70B E80 E110 E120B E305 E311 E312B\/C E307B\/C\/D E308 E315 E200 E200B E320 E320B E320C E320D E320L E324D E325\/B\/C\/D E330\/B\/C E345\/B E350 E365 E380 E385<\/td>\n<\/tr>\n<tr>\n<td><strong>Komatsu<\/strong><\/td>\n<td>PC30 PC30-2 PC35 PC40 PC45 PC50 PC50-7 PC55 PC60-5-6-7 PC70 PC75 PC78 PC100-3-5 PC120-3-5-6-6E PC128 PC130-7 PC150-5-7 PC160-7 PC200-1-2-3-4-5-6-7-8 PC210-7 PC220-3-5-6 PC240-8 PC227 PC228 PC270-7 PC300-1-2-3-4-5-6-7 PC350-6-7 PC360-6-7 PC400-3-5-6-7-8 PC450-5-6 PC460-7 PC600-6 PC650-3 PC650-3 PC650 PC800 PC1000 PC1200 PC1250<\/td>\n<\/tr>\n<tr>\n<td><strong>Sumitomo<\/strong><\/td>\n<td>SH50 SH60-1 SH120-1-2\/A1\/A2\/A3\/Z3\/C3 SH120C3 SH260 SH200 A1\/A2\/A3\/C2\/C3\/Z3 SH210-5 SH210-A5 SH220-3 SH225 SH240-3-5 SH280 SH350<\/td>\n<\/tr>\n<tr>\n<td><strong>Hyundai<\/strong><\/td>\n<td>R55-5-7 R60-5-7 R70-7 R80-7 R110-7 R130-5-7 R130LC-3-5 R150-7 R170-5 R200-3-5-7 R205-7 R210 R215-7 R220-5-7-9 R225LC-7 R260-7 R280 R290-7 R290LC-3 R290LC-7 R300LC R305LC-7 R320 R330LC R335-7 R375 R360LC-7 R450-7 R450LC R962<\/td>\n<\/tr>\n<tr>\n<td><\/td>\n<td><\/td>\n<\/tr>\n<tr>\n<td><strong>Doosan Daewoo<\/strong><\/td>\n<td>DH35 DH55 DH60 DH80-7 DH150-5-7 DH200 DH215-7 DH220-2-3-5-7-9 DH258-7 DH280-5 DX60 DX200 DX225 DX260 DX300 DH280 DH290-5 DH300LC-7 DH340<br \/>\nDH360-5 DH370LC-7-9 DH420LC-7 DH500-7 DH550 DH600<\/td>\n<\/tr>\n<tr>\n<td><strong>Kobelco<\/strong><\/td>\n<td>SK60-3-5 SK100 SK120-1-2-3-5 SK130-8 SK140-8 SK200-6 SK210-6 SK200-6E SK07 SK200-3-5-8 SK210-8 SK220 SK230-6 SK235 SK250-6-8 SK260-8 SK330-6 SK350-8 SK480-8<\/td>\n<\/tr>\n<tr>\n<td><strong>LIUGONG XCMG<\/strong><\/td>\n<td>CLG906 CLG907 CLG908 CLG915 CLG915D CLG205C CLG225C CLG220LC CLG225 CLG200 CLG200-3 CLG920D CLG922D CLG925D CLG936LC CLG936D<br \/>\nXE60 XE210 XE215 XE150A\/B XE230 XE370 210-8 220-8<\/td>\n<\/tr>\n<tr>\n<td><strong>SANY<\/strong><\/td>\n<td>SY65 SY75 SY135 SY185 SY195 SY200 SY205 SY210 SY215-7-8-9 SY235 SY300 SY305 SY310 SY335 SY360 SY365 SY420<\/td>\n<\/tr>\n<tr>\n<td><strong>Volov<\/strong><\/td>\n<td>EC55 EC210 EC210B EC240 EC290 EC360 EC360<\/td>\n<\/tr>\n<tr>\n<td><strong>Liebherr<\/strong><\/td>\n<td>R914 R916 R924 R944<\/td>\n<\/tr>\n<tr>\n<td><strong>Yuchai<\/strong><\/td>\n<td>YC15 YC20 YC35 YC60 YC6-5T YC85 YC210-8 YC230-8 YC350 YC400-8<\/td>\n<\/tr>\n<tr>\n<td><\/td>\n<td><\/td>\n<\/tr>\n<tr>\n<td><strong>Atlas Sunward\u00a0<\/strong><\/td>\n<td>Atlas 3306LC 2006 TC360 2306<br \/>\nSWE50 SWE60 SWE70 SWE80 SWE90 SWE150<\/td>\n<\/tr>\n<tr>\n<td><strong>\u00a0 \u00a0 \u00a0Rohkem mudeleid<\/strong><\/td>\n<td>\u00a0 \u00a0 \u00a0 \u00a0 JUHTUM CX210B JCM906D JCM921 JCM922<br \/>\nKubota75 161 ZY80 ZY210 Kubota75 161 ZY80 ZY210<br \/>\nJCB8056 JCB220 ZW60 ZE80 JV60 SC360 HL60<\/td>\n<\/tr>\n<\/tbody>\n<\/table>\n<\/figure>\n<figure class=\"wp-block-table aligncenter\"><\/figure>","protected":false},"excerpt":{"rendered":"<p>XCMG kiikelaager<br \/>\nModel:XG825,XG825,XG822<br \/>\nXG821XG820,XG815,XG808<\/p>","protected":false},"featured_media":136,"template":"","meta":[],"product_brand":[],"product_cat":[22,76],"product_tag":[],"class_list":{"0":"post-578","1":"product","2":"type-product","3":"status-publish","4":"has-post-thumbnail","6":"product_cat-swing-bearing","7":"product_cat-xcmg-excavator-swing-bearing","9":"first","10":"instock","11":"shipping-taxable","12":"product-type-simple"},"_links":{"self":[{"href":"https:\/\/swingbearing.net\/et\/wp-json\/wp\/v2\/product\/578","targetHints":{"allow":["GET"]}}],"collection":[{"href":"https:\/\/swingbearing.net\/et\/wp-json\/wp\/v2\/product"}],"about":[{"href":"https:\/\/swingbearing.net\/et\/wp-json\/wp\/v2\/types\/product"}],"wp:featuredmedia":[{"embeddable":true,"href":"https:\/\/swingbearing.net\/et\/wp-json\/wp\/v2\/media\/136"}],"wp:attachment":[{"href":"https:\/\/swingbearing.net\/et\/wp-json\/wp\/v2\/media?parent=578"}],"wp:term":[{"taxonomy":"product_brand","embeddable":true,"href":"https:\/\/swingbearing.net\/et\/wp-json\/wp\/v2\/product_brand?post=578"},{"taxonomy":"product_cat","embeddable":true,"href":"https:\/\/swingbearing.net\/et\/wp-json\/wp\/v2\/product_cat?post=578"},{"taxonomy":"product_tag","embeddable":true,"href":"https:\/\/swingbearing.net\/et\/wp-json\/wp\/v2\/product_tag?post=578"}],"curies":[{"name":"wp","href":"https:\/\/api.w.org\/{rel}","templated":true}]}}