{"id":577,"date":"2023-09-27T05:44:31","date_gmt":"2023-09-27T05:44:31","guid":{"rendered":"https:\/\/swingbearing.net\/?post_type=product&#038;p=577"},"modified":"2024-05-15T06:41:28","modified_gmt":"2024-05-15T06:41:28","slug":"swing-bearing-yuchai","status":"publish","type":"product","link":"https:\/\/swingbearing.net\/et\/product\/swing-bearing-yuchai\/","title":{"rendered":"Kiikelaager YUCHAI"},"content":{"rendered":"<h4 style=\"text-align: center;\">HITACHI kiikelaagri parameetrid<\/h4>\n<figure class=\"wp-block-table is-style-stripes has-small-font-size\">\n<table class=\"has-cyan-bluish-gray-background-color has-background\">\n<tbody>\n<tr>\n<td>V\u00e4lisl\u00e4bim\u00f5\u00f5t (Da)<\/td>\n<td>Sisel\u00e4bim\u00f5\u00f5t (Di)<\/td>\n<td>Paigaldusk\u00f5rgus (H)<\/td>\n<td>Nimetus<\/td>\n<\/tr>\n<tr>\n<td>545<\/td>\n<td>380<\/td>\n<td>50<\/td>\n<td>YC13<\/td>\n<\/tr>\n<tr>\n<td>573<\/td>\n<td>380<\/td>\n<td>55<\/td>\n<td>YC15<\/td>\n<\/tr>\n<tr>\n<td>573<\/td>\n<td>380<\/td>\n<td>55<\/td>\n<td>YC18-3<\/td>\n<\/tr>\n<tr>\n<td>573<\/td>\n<td>380<\/td>\n<td>55<\/td>\n<td>YC20<\/td>\n<\/tr>\n<tr>\n<td>640<\/td>\n<td>473<\/td>\n<td>55<\/td>\n<td>YC35<\/td>\n<\/tr>\n<tr>\n<td>640<\/td>\n<td>471<\/td>\n<td>55<\/td>\n<td>YC35<\/td>\n<\/tr>\n<tr>\n<td>800<\/td>\n<td>590<\/td>\n<td>70<\/td>\n<td>YC55<\/td>\n<\/tr>\n<tr>\n<td>800<\/td>\n<td>590<\/td>\n<td>70<\/td>\n<td>YC60(86Z)<\/td>\n<\/tr>\n<tr>\n<td>812<\/td>\n<td>623<\/td>\n<td>75<\/td>\n<td>YC6-5T(90Z)<\/td>\n<\/tr>\n<tr>\n<td>811<\/td>\n<td>621<\/td>\n<td>75<\/td>\n<td>YC65-2<\/td>\n<\/tr>\n<tr>\n<td>922<\/td>\n<td>635<\/td>\n<td>104<\/td>\n<td>YC85<\/td>\n<\/tr>\n<tr>\n<td>922<\/td>\n<td>635<\/td>\n<td>104<\/td>\n<td>YC85-3<\/td>\n<\/tr>\n<tr>\n<td>922<\/td>\n<td>635<\/td>\n<td>104<\/td>\n<td>YC85-5<\/td>\n<\/tr>\n<tr>\n<td>922<\/td>\n<td>635<\/td>\n<td>104<\/td>\n<td>YC85-6<\/td>\n<\/tr>\n<tr>\n<td>922<\/td>\n<td>635<\/td>\n<td>104<\/td>\n<td>YC85-7<\/td>\n<\/tr>\n<tr>\n<td>1195<\/td>\n<td>963<\/td>\n<td>85<\/td>\n<td>YC135,10T<\/td>\n<\/tr>\n<tr>\n<td>1323<\/td>\n<td>1071<\/td>\n<td>104<\/td>\n<td>YC210-8<\/td>\n<\/tr>\n<tr>\n<td>1327<\/td>\n<td>1083<\/td>\n<td>110<\/td>\n<td>YC230-8<\/td>\n<\/tr>\n<tr>\n<td>1534<\/td>\n<td>1238<\/td>\n<td>125<\/td>\n<td>YC350<\/td>\n<\/tr>\n<tr>\n<td>1327<\/td>\n<td>1083<\/td>\n<td>110<\/td>\n<td>YC225<\/td>\n<\/tr>\n<tr>\n<td>1534<\/td>\n<td>1238<\/td>\n<td>125<\/td>\n<td>YC400-8<\/td>\n<\/tr>\n<\/tbody>\n<\/table>\n<\/figure>\n<p>Otsite kvaliteetseid ekskavaatorite kiikelaagreid? Otsi ainult Yuchai'd! T\u00e4nu meie arenenud tehnoloogiale ja ulatuslikule kogemusele selles valdkonnas pakume uhkusega laia valikut tippkvaliteediga p\u00f6\u00f6rdlaagreid igas suuruses ja mudelis ekskavaatoritele.<br \/>\nMeie p\u00f6\u00f6rdlaagrite valmistamisel kasutatakse ainult k\u00f5rgekvaliteedilisi materjale ja tootmismeetodeid, et tagada pikaajaline j\u00f5udlus ja t\u00f6\u00f6kindlus. Kas vajate \u00f5\u00f5tselaagrit mudelitele YC13, YC18, YC18-3, YC35, YC45, YC55, YC65, YC65-2, YC85, YC85-3, YC135, YC225LC v\u00f5i YC230, meil on teie vajaduste jaoks ideaalne lahendus.<\/p>\n<p>Meie \u00f5\u00f5tselaagrid on loodud k\u00f5ige karmimatele t\u00f6\u00f6tingimustele vastu pidama, tagades optimaalse j\u00f5udluse ja pikaealisuse. Pakume mitmesuguseid suurusi ja konfiguratsioone, mis sobivad igat t\u00fc\u00fcpi ekskavaatoritele, alates v\u00e4ikestest ja kompaktsetest kuni suurte ja raskeveokiteni.<br \/>\nMeie ekskavaatorite p\u00f6\u00f6rlevate laagrite valik h\u00f5lmab kiikr\u00f5ngalaagreid, p\u00f6\u00f6rdlaagreid, p\u00f6\u00f6rlevate r\u00f5ngalaagreid, <a href=\"https:\/\/swingbearing.net\/et\/gear-box-parts\/\">ekskavaatori osad<\/a> kiikelaagrid ja palju muud. \u00dcksk\u00f5ik, millised on teie vajadused, meil on nende rahuldamiseks ideaalne lahendus.<\/p>\n<p>Yuchai on p\u00fchendunud sellele, et pakkuda oma klientidele k\u00f5rgeima kvaliteediga tooteid ja parimat v\u00f5imalikku teenust. Meie ekspertide meeskond on alati valmis vastama teie k\u00fcsimustele ja aitama teil leida teie ekskavaatorivajaduste jaoks sobivaima lahenduse.<\/p>\n<p>Miks siis oodata? V\u00f5tke meiega juba t\u00e4na \u00fchendust, et saada rohkem teavet meie ekskavaatorite p\u00f6\u00f6rdlaagrite valiku kohta ja teada saada, kuidas me saame aidata teil viia oma ekskavaatori j\u00f5udlus j\u00e4rgmisele tasemele. Ootame huviga teiega koost\u00f6\u00f6d!<\/p>\n<p>Me saame pakkuda alternatiivseid Swing ringi oma CAT, HITACHI, KOMATSU, KOBELCO, HYUNDAI, VOLVO, DOOSAN, DAEWOO, JCB, CASE, SUMITOMO, KATO.There on normaalne ja mitte standard \u00fcle 1000 sada t\u00fc\u00fcpi teile valida.<\/p>\n<figure class=\"wp-block-image size-full is-resized\"><a href=\"https:\/\/swingbearing.net\/et\/swing-bearing\/\"><img decoding=\"async\" class=\"alignnone wp-image-177\" src=\"https:\/\/national-bearing.com\/wp-content\/uploads\/2023\/04\/0001.jpg\" sizes=\"(max-width: 843px) 100vw, 843px\" srcset=\"https:\/\/national-bearing.com\/wp-content\/uploads\/2023\/04\/0001.jpg 600w, https:\/\/national-bearing.com\/wp-content\/uploads\/2023\/04\/0001-300x200.jpg 300w\" alt=\"\" width=\"462\" height=\"308\" \/><\/a><\/figure>","protected":false},"excerpt":{"rendered":"<p>YUCHAI kiikelaager<br \/>\nModel:YC400-8,YC225,YC230-8<br \/>\nYC350,YC210-8,YC85-7,YC85-5<\/p>","protected":false},"featured_media":136,"template":"","meta":[],"product_brand":[],"product_cat":[22],"product_tag":[],"class_list":{"0":"post-577","1":"product","2":"type-product","3":"status-publish","4":"has-post-thumbnail","6":"product_cat-swing-bearing","8":"first","9":"instock","10":"shipping-taxable","11":"product-type-simple"},"_links":{"self":[{"href":"https:\/\/swingbearing.net\/et\/wp-json\/wp\/v2\/product\/577","targetHints":{"allow":["GET"]}}],"collection":[{"href":"https:\/\/swingbearing.net\/et\/wp-json\/wp\/v2\/product"}],"about":[{"href":"https:\/\/swingbearing.net\/et\/wp-json\/wp\/v2\/types\/product"}],"wp:featuredmedia":[{"embeddable":true,"href":"https:\/\/swingbearing.net\/et\/wp-json\/wp\/v2\/media\/136"}],"wp:attachment":[{"href":"https:\/\/swingbearing.net\/et\/wp-json\/wp\/v2\/media?parent=577"}],"wp:term":[{"taxonomy":"product_brand","embeddable":true,"href":"https:\/\/swingbearing.net\/et\/wp-json\/wp\/v2\/product_brand?post=577"},{"taxonomy":"product_cat","embeddable":true,"href":"https:\/\/swingbearing.net\/et\/wp-json\/wp\/v2\/product_cat?post=577"},{"taxonomy":"product_tag","embeddable":true,"href":"https:\/\/swingbearing.net\/et\/wp-json\/wp\/v2\/product_tag?post=577"}],"curies":[{"name":"wp","href":"https:\/\/api.w.org\/{rel}","templated":true}]}}