{"id":575,"date":"2023-09-27T05:22:14","date_gmt":"2023-09-27T05:22:14","guid":{"rendered":"https:\/\/swingbearing.net\/?post_type=product&#038;p=575"},"modified":"2024-05-15T06:44:50","modified_gmt":"2024-05-15T06:44:50","slug":"swing-bearing-liugong","status":"publish","type":"product","link":"https:\/\/swingbearing.net\/et\/product\/swing-bearing-liugong\/","title":{"rendered":"Kiikelaager LIUGONG"},"content":{"rendered":"<h2 style=\"text-align: center;\">LIUGONG Swing laagri parameetrid<\/h2>\n<figure class=\"wp-block-table is-style-stripes has-small-font-size\">\n<table class=\"has-cyan-bluish-gray-background-color has-background\">\n<tbody>\n<tr>\n<td width=\"52\">Mudel<\/td>\n<td width=\"62\">Osa number<\/td>\n<td width=\"81\">V\u00e4lisl\u00e4bim\u00f5\u00f5t<\/td>\n<td width=\"111\">Sisemine l\u00e4bim\u00f5\u00f5t<\/td>\n<td width=\"77\">Koguk\u00f5rgus<\/td>\n<td width=\"77\">V\u00e4line k\u00f5rgus<\/td>\n<td width=\"104\">Sisemine k\u00f5rgus<\/td>\n<td width=\"141\">V\u00e4lise augu parameetrid<\/td>\n<td width=\"103\">Sisemise augu parameetrid<\/td>\n<td width=\"85\">Hammaste arv<\/td>\n<\/tr>\n<tr>\n<td width=\"52\">922<\/td>\n<td width=\"62\">26b0272<\/td>\n<td width=\"81\">1405<\/td>\n<td width=\"111\">1129<\/td>\n<td width=\"77\">100<\/td>\n<td width=\"77\">70<\/td>\n<td width=\"104\">90<\/td>\n<td width=\"141\">36-\u03c624 eba\u00fchtlane<\/td>\n<td width=\"103\">36-M22<\/td>\n<td width=\"85\">95<\/td>\n<\/tr>\n<tr>\n<td width=\"52\">922<\/td>\n<td width=\"62\">26b0122<\/td>\n<td width=\"81\">1405<\/td>\n<td width=\"111\">1129<\/td>\n<td width=\"77\">100<\/td>\n<td width=\"77\">70<\/td>\n<td width=\"104\">90<\/td>\n<td width=\"141\">36-\u03c624 eba\u00fchtlane<\/td>\n<td width=\"103\">36-M22<\/td>\n<td width=\"85\">95<\/td>\n<\/tr>\n<tr>\n<td width=\"52\">922<\/td>\n<td width=\"62\">26b0010<\/td>\n<td width=\"81\">1405<\/td>\n<td width=\"111\">1129<\/td>\n<td width=\"77\">100<\/td>\n<td width=\"77\">70<\/td>\n<td width=\"104\">90<\/td>\n<td width=\"141\">36 \u00dchtlaselt jaotatud<\/td>\n<td width=\"103\">36-M22<\/td>\n<td width=\"85\">91<\/td>\n<\/tr>\n<tr>\n<td width=\"52\">LG922D<\/td>\n<td width=\"62\">26B0122<\/td>\n<td width=\"81\">1405<\/td>\n<td width=\"111\">1129<\/td>\n<td width=\"77\">100<\/td>\n<td width=\"77\">70<\/td>\n<td width=\"104\">90<\/td>\n<td width=\"141\">36-\u03c624 eba\u00fchtlane<\/td>\n<td width=\"103\">36-M22<\/td>\n<td width=\"85\">95<\/td>\n<\/tr>\n<tr>\n<td width=\"52\"><strong><b>936D<\/b><\/strong><\/td>\n<td width=\"62\">26B0120<\/td>\n<td width=\"81\">1658<\/td>\n<td width=\"111\">1334.3<\/td>\n<td width=\"77\">125<\/td>\n<td width=\"77\">82<\/td>\n<td width=\"104\">115<\/td>\n<td width=\"141\">40-\u03c626 eba\u00fchtlane<\/td>\n<td width=\"103\">40-M24 \u00dchtlaselt jaotatud<\/td>\n<td width=\"85\">97<\/td>\n<\/tr>\n<\/tbody>\n<\/table>\n<\/figure>\n<h5 class=\"wp-block-heading has-medium-font-size\">Liugongi ekskavaatori kiikelaagrid<\/h5>\n<p>Liugongi ekskavaatori kiikelaager: Ekskavaator: vastupidav ja usaldusv\u00e4\u00e4rne valik teie ekskavaatorile<br \/>\nP\u00f6\u00f6rdlaagrid, mida tuntakse ka kui p\u00f6\u00f6rdlaagreid, on ekskavaatorite oluline osa. Need laagrid v\u00f5imaldavad ekskavaatori \u00fclemise konstruktsiooni sujuvat ja ohutut p\u00f6\u00f6rlemist. Ekskavaatori kiikelaagritel on masina j\u00f5udluse ja t\u00f6\u00f6kindluse seisukohalt oluline roll. Seet\u00f5ttu on kvaliteetse p\u00f6\u00f6rdepaagri valimine teie ekskavaatori pikaealisuse ja t\u00f5hususe seisukohalt v\u00e4ga oluline.<br \/>\nLiugong on tuntud kaubam\u00e4rk ehitusseadmete t\u00f6\u00f6stuses ja nad pakuvad erinevaid ekskavaatorite p\u00f6\u00f6rlevaid laagreid, mis on tuntud oma vastupidavuse ja usaldusv\u00e4\u00e4rsuse poolest. Liugongi ekskavaatorite kiirlaagrid on loodud taluma karmi tingimusi ja suuri koormusi, tagades, et teie ekskavaator saab hakkama mis tahes t\u00f6\u00f6ga, olgu see siis suur v\u00f5i v\u00e4ike.<\/p>\n<h5 class=\"wp-block-heading has-medium-font-size\">Kohaldatav ekskavaatori kiikelaagri mudel<\/h5>\n<p class=\"has-text-align-left\">Saadaval on j\u00e4rgmised Liugongi ekskavaatorite kiikelaagrite mudelid: CLG904, CLG9055, CLG906, CLG907, CLG9075, CLG908, CLG915, CLG150, CLG920, CLG921, CLG922, CLG225, CLG924, CLG925, CLG933, CLG936, CLG939, CLG942, CLG948, CLG950, CLG952, CLG200, CLG205, CLG220 ja CLG225.<br \/>\nNeed Liugongi ekskavaatorite p\u00f6\u00f6rdlaagrid on konstrueeritud t\u00e4pselt ja t\u00e4pselt, et tagada optimaalne j\u00f5udlus ja vastupidavus. Need on valmistatud kvaliteetsetest materjalidest, mis peavad vastu \u00e4\u00e4rmuslikele ilmastikutingimustele ja raskeveokitele.<br \/>\nLiugongi p\u00fchendumine kvaliteedile ja usaldusv\u00e4\u00e4rsusele kajastub nende toodete igas aspektis ning nende ekskavaatorite kiikelaagrid ei ole erandiks. Need on konstrueeritud nii, et need tagavad suurep\u00e4rase kandev\u00f5ime ja suure t\u00e4psuse, tagades teie ekskavaatori t\u00f5rgeteta ja t\u00f5husa t\u00f6\u00f6.<br \/>\nLisaks oma j\u00f5udluse eelistele on Liugongi ekskavaatorite p\u00f6\u00f6rleva laagri paigaldamine lihtne ja nende hooldusvajadus on minimaalne, mis v\u00e4hendab seisakuid ja remondikulusid.<br \/>\nKui tegemist on ekskavaatorite osade kiiklaagrite valikuga, on kvaliteetse kaubam\u00e4rgi, nagu Liugong, valimine teie masina pikaealisuse ja t\u00f6\u00f6kindluse seisukohalt v\u00e4ga oluline. Liugongi ekskavaatorite kiigelaagrid on loodud parima j\u00f5udluse, vastupidavuse ja t\u00f6\u00f6kindluse tagamiseks, mist\u00f5ttu on need suurep\u00e4rane valik mis tahes ekskavaatoriprojektide jaoks.<br \/>\nKokkuv\u00f5tteks, kui otsite kvaliteetseid ekskavaatorite p\u00f6\u00f6rleva laagri laagreid, siis otsige Liugongist kaugemale. T\u00e4nu nende vastupidavale ja usaldusv\u00e4\u00e4rsele \u00f5\u00f5tser\u00f5ngaslaagrite valikule v\u00f5ite olla kindel, et teie ekskavaator t\u00f6\u00f6tab t\u00f5husalt ja sujuvalt, pakkudes teile t\u00f6\u00f6ks vajalikku j\u00f5udlust ja usaldusv\u00e4\u00e4rsust.<br \/>\nMe saame pakkuda alternatiivseid Swing ringi oma ,<a href=\"https:\/\/national-bearing.com\/excavator-swing-bearings-slewing-rings-cat\/\" target=\"_blank\" rel=\"noopener\">\u00a0CAT<\/a>,HITACHI, KOMATSU, KOBELCO, HYUNDAI, VOLVO, DOOSAN, DAEWOO, JCB, CASE, SUMITOMO, KATO, ,Seal on tavalised ja mittestandardsed \u00fcle 1000 sada t\u00fc\u00fcpi, mida saate valida.<\/p>\n<figure class=\"wp-block-image size-full\"><\/figure>\n<p>Me oleme teie teenistuses mis tahes t\u00fc\u00fcpi, mudeli v\u00f5i marki p\u00f6\u00f6rlevate r\u00f5ngaste puhul.V\u00f5tke meiega juba t\u00e4na \u00fchendust, kui teil on k\u00fcsimusi teie vajaduste kohta.<\/p>\n<figure class=\"wp-block-table\">\n<table>\n<tbody>\n<tr>\n<td><img decoding=\"async\" class=\"wp-image-177\" src=\"https:\/\/national-bearing.com\/wp-content\/uploads\/2023\/04\/0001.jpg\" sizes=\"(max-width: 600px) 100vw, 600px\" srcset=\"https:\/\/national-bearing.com\/wp-content\/uploads\/2023\/04\/0001.jpg 600w, https:\/\/national-bearing.com\/wp-content\/uploads\/2023\/04\/0001-300x200.jpg 300w\" alt=\"ekskavaatori kiikelaager \" width=\"600\" height=\"400\" \/><\/td>\n<td><img decoding=\"async\" class=\"wp-image-643\" src=\"https:\/\/national-bearing.com\/wp-content\/uploads\/2023\/04\/66.jpg\" sizes=\"(max-width: 600px) 100vw, 600px\" srcset=\"https:\/\/national-bearing.com\/wp-content\/uploads\/2023\/04\/66.jpg 600w, https:\/\/national-bearing.com\/wp-content\/uploads\/2023\/04\/66-300x200.jpg 300w\" alt=\"ekskavaatori kiikelaagri m\u00f5\u00f5tmine\" width=\"600\" height=\"400\" \/><\/td>\n<\/tr>\n<\/tbody>\n<\/table>\n<\/figure>","protected":false},"excerpt":{"rendered":"<p>LIUGONG Swing laager<br \/>\nModel:CLG950,CLG948,LG922D<br \/>\nCLG907,CLG9075,CLG952,CLG904<\/p>","protected":false},"featured_media":136,"template":"","meta":[],"product_brand":[],"product_cat":[22,73],"product_tag":[],"class_list":{"0":"post-575","1":"product","2":"type-product","3":"status-publish","4":"has-post-thumbnail","6":"product_cat-swing-bearing","7":"product_cat-liugong-excavator-swing-bearing","9":"first","10":"instock","11":"shipping-taxable","12":"product-type-simple"},"_links":{"self":[{"href":"https:\/\/swingbearing.net\/et\/wp-json\/wp\/v2\/product\/575","targetHints":{"allow":["GET"]}}],"collection":[{"href":"https:\/\/swingbearing.net\/et\/wp-json\/wp\/v2\/product"}],"about":[{"href":"https:\/\/swingbearing.net\/et\/wp-json\/wp\/v2\/types\/product"}],"wp:featuredmedia":[{"embeddable":true,"href":"https:\/\/swingbearing.net\/et\/wp-json\/wp\/v2\/media\/136"}],"wp:attachment":[{"href":"https:\/\/swingbearing.net\/et\/wp-json\/wp\/v2\/media?parent=575"}],"wp:term":[{"taxonomy":"product_brand","embeddable":true,"href":"https:\/\/swingbearing.net\/et\/wp-json\/wp\/v2\/product_brand?post=575"},{"taxonomy":"product_cat","embeddable":true,"href":"https:\/\/swingbearing.net\/et\/wp-json\/wp\/v2\/product_cat?post=575"},{"taxonomy":"product_tag","embeddable":true,"href":"https:\/\/swingbearing.net\/et\/wp-json\/wp\/v2\/product_tag?post=575"}],"curies":[{"name":"wp","href":"https:\/\/api.w.org\/{rel}","templated":true}]}}