{"id":574,"date":"2023-09-27T05:19:35","date_gmt":"2023-09-27T05:19:35","guid":{"rendered":"https:\/\/swingbearing.net\/?post_type=product&#038;p=574"},"modified":"2024-06-12T02:15:53","modified_gmt":"2024-06-12T02:15:53","slug":"swing-bearings-sany","status":"publish","type":"product","link":"https:\/\/swingbearing.net\/et\/product\/swing-bearings-sany\/","title":{"rendered":"Kiigelaagrid SANY"},"content":{"rendered":"<h2 style=\"text-align: center;\">SANY kiikelaagrite parameetrid<\/h2>\n<figure class=\"wp-block-table is-style-stripes has-small-font-size\">\n<table class=\"has-cyan-bluish-gray-background-color has-background\">\n<tbody>\n<tr>\n<td>V\u00e4lisl\u00e4bim\u00f5\u00f5t Da<\/td>\n<td>Sisel\u00e4bim\u00f5\u00f5t Di<\/td>\n<td>Paigaldusk\u00f5rgus H<\/td>\n<td>Nimetus<\/td>\n<\/tr>\n<tr>\n<td>811<\/td>\n<td>622<\/td>\n<td>75<\/td>\n<td>SY65<\/td>\n<\/tr>\n<tr>\n<td>810<\/td>\n<td>621<\/td>\n<td>75<\/td>\n<td>SY75(90Z)<\/td>\n<\/tr>\n<tr>\n<td>811<\/td>\n<td>601.6<\/td>\n<td>75<\/td>\n<td>SY75(76Z)<\/td>\n<\/tr>\n<tr>\n<td>1122<\/td>\n<td>821<\/td>\n<td>100<\/td>\n<td>SY135<\/td>\n<\/tr>\n<tr>\n<td>1327<\/td>\n<td>1071<\/td>\n<td>99.5<\/td>\n<td>SY185<\/td>\n<\/tr>\n<tr>\n<td>1327<\/td>\n<td>1071<\/td>\n<td>99.5<\/td>\n<td>SY195<\/td>\n<\/tr>\n<tr>\n<td>1322<\/td>\n<td>1071<\/td>\n<td>100<\/td>\n<td>SY200<\/td>\n<\/tr>\n<tr>\n<td>1327<\/td>\n<td>1071<\/td>\n<td>99.5<\/td>\n<td>SY205<\/td>\n<\/tr>\n<tr>\n<td>1322<\/td>\n<td>1071<\/td>\n<td>100<\/td>\n<td>SY210<\/td>\n<\/tr>\n<tr>\n<td>1322<\/td>\n<td>1071<\/td>\n<td>100<\/td>\n<td>SY215-7<\/td>\n<\/tr>\n<tr>\n<td>1322<\/td>\n<td>1071<\/td>\n<td>100<\/td>\n<td>SY215-8<\/td>\n<\/tr>\n<tr>\n<td>1322<\/td>\n<td>1071<\/td>\n<td>100<\/td>\n<td>SY215-9<\/td>\n<\/tr>\n<tr>\n<td>1320<\/td>\n<td>1071<\/td>\n<td>100<\/td>\n<td>SY215<\/td>\n<\/tr>\n<tr>\n<td>1327<\/td>\n<td>1071<\/td>\n<td>99.5<\/td>\n<td>SY235<\/td>\n<\/tr>\n<tr>\n<td>1532<\/td>\n<td>1235<\/td>\n<td>125<\/td>\n<td>SY300<\/td>\n<\/tr>\n<tr>\n<td>1550<\/td>\n<td>1238<\/td>\n<td>152<\/td>\n<td>SY305<\/td>\n<\/tr>\n<tr>\n<td>1532<\/td>\n<td>1235<\/td>\n<td>125<\/td>\n<td>SY310<\/td>\n<\/tr>\n<tr>\n<td>1550<\/td>\n<td>1238<\/td>\n<td>152<\/td>\n<td>SY335<\/td>\n<\/tr>\n<tr>\n<td>1532<\/td>\n<td>1235<\/td>\n<td>125<\/td>\n<td>SY360<\/td>\n<\/tr>\n<tr>\n<td>1550<\/td>\n<td>1238<\/td>\n<td>152<\/td>\n<td>SY365<\/td>\n<\/tr>\n<tr>\n<td>1550<\/td>\n<td>1238.5<\/td>\n<td>152<\/td>\n<td>SY420<\/td>\n<\/tr>\n<\/tbody>\n<\/table>\n<\/figure>\n<p>Sany ekskavaatorite kiigelaagrid on iga ekskavaatori kiiks\u00fcsteemi olulised komponendid. Need laagrid v\u00f5imaldavad ekskavaatoril p\u00f6\u00f6relda ja p\u00f6\u00f6relda, v\u00f5imaldades operaatoritel h\u00f5lpsasti t\u00e4ita mitmesuguseid kaevamis-, t\u00f5stmis- ja laadimis\u00fclesandeid. Sany pakub spetsiaalselt ekskavaatorite jaoks m\u00f5eldud kvaliteetseid p\u00f6\u00f6rdlaagreid, sealhulgas mudelid, mis sobivad ekskavaatorite SY55, SY60, SY65, SY70, SY75, SY85, SY95, SY115, SY135, SY155, SY195, SY200, SY205, SY215, SY220, SY225, SY235, SY245, SY285, SY305, SY335, SY365, SY375, SY395, SY415 ja SY485 mudelitele.<\/p>\n<p>Meie Sany ekskavaatorite kiikelaagrid on loodud optimaalse j\u00f5udluse ja vastupidavuse tagamiseks ka k\u00f5ige raskemates t\u00f6\u00f6tingimustes. Need on valmistatud kvaliteetsetest materjalidest, sealhulgas sepistatud terasest ja spetsiaalsest laagriterasest, ning neil on t\u00e4iustatud tootmisprotsessid, mis tagavad nende t\u00e4psuse, usaldusv\u00e4\u00e4rsuse ja pikaealisuse.<\/p>\n<p>\u00dcks meie Sany ekskavaatorite p\u00f6\u00f6rlemisr\u00f5ngaste peamisi eeliseid on nende v\u00f5ime taluda suuri koormusi ja \u00e4\u00e4rmuslikke t\u00f6\u00f6tingimusi. Need on konstrueeritud taluma nii aksiaal- kui ka radiaalkoormust, samuti suurt l\u00f6\u00f6ki ja vibratsiooni, mist\u00f5ttu sobivad need ideaalselt kasutamiseks n\u00f5udlikes rakendustes, nagu kaevandamine, ehitus ja metsandus.<\/p>\n<p>Lisaks tugevusele ja vastupidavusele on meie Sany ekskavaatorite p\u00f6\u00f6rlevate laagrite konstruktsioon ka lihtne paigaldada ja hooldada. Need on konstrueeritud nii, et neid on lihtne paigaldada ja vahetada ning need n\u00f5uavad minimaalset hooldust, et tagada optimaalne j\u00f5udlus ja pikaealisus.Sany on p\u00fchendunud sellele, et pakkuda oma klientidele k\u00f5rgeima kvaliteediga tooteid ja teenuseid, ning meie Sany ekskavaatorite p\u00f6\u00f6rdlaagrid ei ole siinkohal erandiks. Kas otsite olemasolevale ekskavaatorile asenduslaagrit v\u00f5i varustate uut masinat, meie ekspertide meeskond aitab teil leida t\u00e4iusliku lahenduse, mis vastab teie vajadustele.<\/p>\n<p>Kokkuv\u00f5ttes on Sany ekskavaatorite kiikelaagrid iga ekskavaatori olulised komponendid ning \u00f5ige laagri valimine v\u00f5ib muuta oluliselt teie masina j\u00f5udlust ja pikaealisust. Meie spetsiaalselt ekskavaatorite jaoks m\u00f5eldud kvaliteetsete laagrite valikuga v\u00f5ite olla kindel, et saate usaldusv\u00e4\u00e4rse ja vastupidava toote, mis tagab optimaalse j\u00f5udluse ja pikaealisuse ka k\u00f5ige raskemates tingimustes.<br \/>\nMe saame pakkuda alternatiivseid p\u00f6\u00f6rlemisr\u00f5ngaid oma , CAT, HITACHI, KOMATSU, KOBELCO, HYUNDAI, VOLVO, DOOSAN, DAEWOO, JCB, CASE, SUMITOMO, KATO, ,Seal on normaalne ja mitte standard \u00fcle 1000 sada t\u00fc\u00fcpi, mida saate valida.<\/p>\n<figure class=\"wp-block-image size-full is-resized\"><img decoding=\"async\" class=\"wp-image-177\" src=\"https:\/\/national-bearing.com\/wp-content\/uploads\/2023\/04\/0001.jpg\" sizes=\"(max-width: 843px) 100vw, 843px\" srcset=\"https:\/\/national-bearing.com\/wp-content\/uploads\/2023\/04\/0001.jpg 600w, https:\/\/national-bearing.com\/wp-content\/uploads\/2023\/04\/0001-300x200.jpg 300w\" alt=\"\" width=\"515\" height=\"343\" \/><\/figure>\n<p>&nbsp;<\/p>","protected":false},"excerpt":{"rendered":"<p>SANY kiikelaagrid<br \/>\nModel:SY485,SY415,SY395<br \/>\nSY365,SY375,SY335,SY310<\/p>","protected":false},"featured_media":136,"template":"","meta":[],"product_brand":[],"product_cat":[22,74],"product_tag":[],"class_list":{"0":"post-574","1":"product","2":"type-product","3":"status-publish","4":"has-post-thumbnail","6":"product_cat-swing-bearing","7":"product_cat-sany-excavator-swing-bearing","9":"first","10":"instock","11":"shipping-taxable","12":"product-type-simple"},"_links":{"self":[{"href":"https:\/\/swingbearing.net\/et\/wp-json\/wp\/v2\/product\/574","targetHints":{"allow":["GET"]}}],"collection":[{"href":"https:\/\/swingbearing.net\/et\/wp-json\/wp\/v2\/product"}],"about":[{"href":"https:\/\/swingbearing.net\/et\/wp-json\/wp\/v2\/types\/product"}],"wp:featuredmedia":[{"embeddable":true,"href":"https:\/\/swingbearing.net\/et\/wp-json\/wp\/v2\/media\/136"}],"wp:attachment":[{"href":"https:\/\/swingbearing.net\/et\/wp-json\/wp\/v2\/media?parent=574"}],"wp:term":[{"taxonomy":"product_brand","embeddable":true,"href":"https:\/\/swingbearing.net\/et\/wp-json\/wp\/v2\/product_brand?post=574"},{"taxonomy":"product_cat","embeddable":true,"href":"https:\/\/swingbearing.net\/et\/wp-json\/wp\/v2\/product_cat?post=574"},{"taxonomy":"product_tag","embeddable":true,"href":"https:\/\/swingbearing.net\/et\/wp-json\/wp\/v2\/product_tag?post=574"}],"curies":[{"name":"wp","href":"https:\/\/api.w.org\/{rel}","templated":true}]}}