{"id":568,"date":"2023-09-27T04:20:00","date_gmt":"2023-09-27T04:20:00","guid":{"rendered":"https:\/\/swingbearing.net\/?post_type=product&#038;p=568"},"modified":"2024-05-15T06:54:01","modified_gmt":"2024-05-15T06:54:01","slug":"swing-bearing-volvo","status":"publish","type":"product","link":"https:\/\/swingbearing.net\/et\/product\/swing-bearing-volvo\/","title":{"rendered":"P\u00f6\u00f6rdlaager VOLVO"},"content":{"rendered":"<h2 style=\"text-align: center;\">VOLVO kiikelaagri parameetrid<\/h2>\n<figure class=\"wp-block-table is-style-stripes has-small-font-size\">\n<table class=\"has-cyan-bluish-gray-background-color has-background\">\n<tbody>\n<tr>\n<td>Mudel<\/td>\n<td>Osa number<\/td>\n<td>V\u00e4lisl\u00e4bim\u00f5\u00f5t<\/td>\n<td>Sisemine l\u00e4bim\u00f5\u00f5t<\/td>\n<td>Koguk\u00f5rgus<\/td>\n<td>V\u00e4line k\u00f5rgus<\/td>\n<td>Sisemine k\u00f5rgus<\/td>\n<td>V\u00e4lise augu parameetrid<\/td>\n<td>Sisemise augu parameetrid<\/td>\n<td>Hammaste arv<\/td>\n<\/tr>\n<tr>\n<td>EC140B<\/td>\n<td>VOE14520561<\/td>\n<td>1196<\/td>\n<td>963<\/td>\n<td>90<\/td>\n<td>79<\/td>\n<td>80<\/td>\n<td>36-\u042419<\/td>\n<td>36-M16*1.5<\/td>\n<td>98<\/td>\n<\/tr>\n<tr>\n<td>EC210<\/td>\n<td>SA1155-00061<\/td>\n<td>1328<\/td>\n<td>1080<\/td>\n<td>110<\/td>\n<td>90<\/td>\n<td>90<\/td>\n<td>33-\u042422<\/td>\n<td>36-M20<\/td>\n<td>92<\/td>\n<\/tr>\n<tr>\n<td>EC210BLC<\/td>\n<td>14563341<\/td>\n<td>1327<\/td>\n<td>1082<\/td>\n<td>110<\/td>\n<td>90<\/td>\n<td>90<\/td>\n<td>34-\u03c622<\/td>\n<td>36-M20<\/td>\n<td>92<\/td>\n<\/tr>\n<tr>\n<td>EC210BLC<\/td>\n<td>14563342<\/td>\n<td>1327<\/td>\n<td>1082<\/td>\n<td>110<\/td>\n<td>90<\/td>\n<td>90<\/td>\n<td>34-\u03c622<\/td>\n<td>36-M20<\/td>\n<td>92<\/td>\n<\/tr>\n<tr>\n<td>EC210 2005<\/td>\n<td>EC210V13948<\/td>\n<td>1327<\/td>\n<td>1080<\/td>\n<td>110<\/td>\n<td>90<\/td>\n<td>90<\/td>\n<td>34-\u042421.5<\/td>\n<td>36-M20<\/td>\n<td>92<\/td>\n<\/tr>\n<tr>\n<td>EC210B<\/td>\n<td>14563327<\/td>\n<td>1328<\/td>\n<td>1080<\/td>\n<td>110<\/td>\n<td>90<\/td>\n<td>90<\/td>\n<td>34-\u042421.5<\/td>\n<td>36-M20<\/td>\n<td>92<\/td>\n<\/tr>\n<tr>\n<td>EC210B<\/td>\n<td>14505766<\/td>\n<td>1328<\/td>\n<td>1080<\/td>\n<td>110<\/td>\n<td>90<\/td>\n<td>90<\/td>\n<td>34-\u03c622<\/td>\n<td>36-M20<\/td>\n<td>92<\/td>\n<\/tr>\n<tr>\n<td>EC210BLC<\/td>\n<td>14577178<\/td>\n<td>1328<\/td>\n<td>1080<\/td>\n<td>110<\/td>\n<td>90<\/td>\n<td>90<\/td>\n<td>34-\u03c622<\/td>\n<td>36-M20<\/td>\n<td>92<\/td>\n<\/tr>\n<tr>\n<td>EC210BNC<\/td>\n<td>14530323<\/td>\n<td>1328<\/td>\n<td>1080<\/td>\n<td>110<\/td>\n<td>90<\/td>\n<td>90<\/td>\n<td>34-\u03c622<\/td>\n<td>36-M20<\/td>\n<td>92<\/td>\n<\/tr>\n<tr>\n<td>EC210LC<\/td>\n<td>1155-00061<\/td>\n<td>1328<\/td>\n<td>1080<\/td>\n<td>110<\/td>\n<td>90<\/td>\n<td>90<\/td>\n<td>33-\u03c622<\/td>\n<td>36-M20<\/td>\n<td>92<\/td>\n<\/tr>\n<tr>\n<td>EC210LC<\/td>\n<td>14563328<\/td>\n<td>1326<\/td>\n<td>1083<\/td>\n<td>108<\/td>\n<td>90<\/td>\n<td>90<\/td>\n<td>34<\/td>\n<td>36<\/td>\n<td>92<\/td>\n<\/tr>\n<tr>\n<td>EC240BLC<\/td>\n<td>14563334<\/td>\n<td>1462<\/td>\n<td>1162<\/td>\n<td>120<\/td>\n<td>95<\/td>\n<td>105<\/td>\n<td>33<\/td>\n<td>36<\/td>\n<td>85<\/td>\n<\/tr>\n<tr>\n<td>EC240BLC<\/td>\n<td>SA1155-00040<\/td>\n<td>1462<\/td>\n<td>1162<\/td>\n<td>120<\/td>\n<td>95<\/td>\n<td>105<\/td>\n<td>33<\/td>\n<td>36<\/td>\n<td>85<\/td>\n<\/tr>\n<tr>\n<td>EC240BNLC<\/td>\n<td>14520572<\/td>\n<td>1462<\/td>\n<td>1162<\/td>\n<td>120<\/td>\n<td>95<\/td>\n<td>105<\/td>\n<td>33<\/td>\n<td>36<\/td>\n<td>85<\/td>\n<\/tr>\n<tr>\n<td>EC290<\/td>\n<td>14570794<\/td>\n<td>1532<\/td>\n<td>1235<\/td>\n<td>123<\/td>\n<td>90<\/td>\n<td>113<\/td>\n<td>35-\u042426<\/td>\n<td>40-M24<\/td>\n<td>90<\/td>\n<\/tr>\n<tr>\n<td>EC290BLC<\/td>\n<td>14563335<\/td>\n<td>1533<\/td>\n<td>1235<\/td>\n<td>122<\/td>\n<td>90<\/td>\n<td>110<\/td>\n<td>35-\u03c626<\/td>\n<td>40-M24<\/td>\n<td>90<\/td>\n<\/tr>\n<tr>\n<td>EC290B<\/td>\n<td>14563335<\/td>\n<td>1532<\/td>\n<td>1235<\/td>\n<td>122<\/td>\n<td>90<\/td>\n<td>110<\/td>\n<td>35-\u03c626<\/td>\n<td>40-M24<\/td>\n<td>90<\/td>\n<\/tr>\n<tr>\n<td>EC290B<\/td>\n<td>14520573<\/td>\n<td>1532<\/td>\n<td>1235<\/td>\n<td>122<\/td>\n<td>90<\/td>\n<td>110<\/td>\n<td>35-\u03c626<\/td>\n<td>40-M24<\/td>\n<td>90<\/td>\n<\/tr>\n<tr>\n<td>EX300-3C<\/td>\n<td>9112188<\/td>\n<td>1531<\/td>\n<td>1248<\/td>\n<td>117<\/td>\n<td>83<\/td>\n<td>105<\/td>\n<td>32-\u03c626<\/td>\n<td>36-M24*2<\/td>\n<td>91<\/td>\n<\/tr>\n<tr>\n<td>EC360BLC<\/td>\n<td>14563350<\/td>\n<td>1550<\/td>\n<td>1239<\/td>\n<td>150<\/td>\n<td>110<\/td>\n<td>136<\/td>\n<td>35<\/td>\n<td>40<\/td>\n<td>90<\/td>\n<\/tr>\n<tr>\n<td>EC460BLC<\/td>\n<td>14507709<\/td>\n<td>1778<\/td>\n<td>1393<\/td>\n<td>120<\/td>\n<td>110<\/td>\n<td>110<\/td>\n<td>40-\u042433<\/td>\n<td>40-M30<\/td>\n<td>112<\/td>\n<\/tr>\n<tr>\n<td>EC480DL<\/td>\n<td>14559204<\/td>\n<td>1778<\/td>\n<td>1393<\/td>\n<td>120<\/td>\n<td>110<\/td>\n<td>110<\/td>\n<td>40\/33<\/td>\n<td>40\/M30<\/td>\n<td>112<\/td>\n<\/tr>\n<tr>\n<td>EC700BLC<\/td>\n<td>14559205<\/td>\n<td>1815<\/td>\n<td>1375<\/td>\n<td>205<\/td>\n<td>148<\/td>\n<td>180<\/td>\n<td>48<\/td>\n<td>60<\/td>\n<td>100<\/td>\n<\/tr>\n<\/tbody>\n<\/table>\n<\/figure>\n<p>Volvo on tuntud nimi ehitusseadmete t\u00f6\u00f6stuses, pakkudes kvaliteetseid ja usaldusv\u00e4\u00e4rseid masinaid erinevateks rakendusteks. Volvo ekskavaatorid on oma ulatusliku tootevaliku hulgas t\u00f6\u00f6v\u00f5tjate ja ehitusettev\u00f5tete seas populaarne valik nende j\u00f5udluse ja vastupidavuse t\u00f5ttu. Volvo ekskavaatorite p\u00f6\u00f6rdlaagritooted on nende masinate oluline osa, tagades nende t\u00f5rgeteta ja t\u00f5husa t\u00f6\u00f6.<\/p>\n<p>Ekskavaatorite kiikelaagrid, mida nimetatakse ka kiikelaagriteks, p\u00f6\u00f6rdlaagriteks v\u00f5i kiikeringelaagriteks, \u00fchendavad ekskavaatori \u00fclemist ja alumist osa. Need v\u00f5imaldavad ekskavaatori \u00fclemisel konstruktsioonil p\u00f6\u00f6relda alumisel konstruktsioonil, tagades 360-kraadise liikumise ja paindlikkuse. See liikumine on ekskavaatorite jaoks \u00fclioluline, v\u00f5imaldades neil t\u00f6\u00f6tada kitsastes kohtades, j\u00f5uda raskete nurkade alla ja t\u00e4ita mitmesuguseid \u00fclesandeid.<\/p>\n<p>Volvo ekskavaatorite \u00f5\u00f5tselaagrid on kavandatud taluma suuri koormusi ja ekstreemseid tingimusi, mist\u00f5ttu sobivad need erinevateks rakendusteks. Need on valmistatud kvaliteetsetest materjalidest ja l\u00e4bivad range testimisprotsessi, et tagada nende tugevus ja vastupidavus. Volvo ekskavaatorite p\u00f6\u00f6rleva r\u00f5ngalaagrile on ka kompaktne konstruktsioon, mis v\u00e4hendab masina \u00fcldist kaalu ja parandab k\u00fctuses\u00e4\u00e4stlikkust.<\/p>\n<p>P\u00f6\u00f6rder\u00f5ngaste laagrid on ekskavaatorite olulised komponendid ning nende rike v\u00f5ib p\u00f5hjustada m\u00e4rkimisv\u00e4\u00e4rset seisakuaega ja kulukaid remondit\u00f6id. Kasutades Volvo ekskavaatorite varuosade kiikelaagreid, saavad t\u00f6\u00f6v\u00f5tjad tagada oma ekskavaatorite t\u00f5rgeteta t\u00f6\u00f6, v\u00e4hendades seisakute riski ja minimeerides hoolduskulusid. Volvo ekskavaatorite p\u00f6\u00f6rdlaagrid on loodud kestma, tagades pikaajalise j\u00f5udluse ja t\u00f6\u00f6kindluse.<\/p>\n<p>Volvo pakub laias valikus ekskavaatorite p\u00f6\u00f6rdlaagreid, mis sobivad erinevatele mudelitele ja rakendustele. Volvo EC55, EC60, EC140BP, EW145BP, EW160BB, EC210, EC240, EC290, EC360LC, EC380, EC460, EC480, EC700, EC210B, EC360 on vaid m\u00f5ned mudelid, mis kasutavad Volvo ekskavaatorite kiikelaagreid.Kokkuv\u00f5ttes on Volvo ekskavaatorite kiikelaagrid Volvo ekskavaatorite oluline osa, mis tagab erinevate ehitus\u00fclesannete t\u00e4itmiseks vajaliku paindlikkuse ja man\u00f6\u00f6verdusv\u00f5ime. Need on konstrueeritud taluma suuri koormusi ja ekstreemseid tingimusi, tagades masina pikaajalise t\u00f6\u00f6v\u00f5ime ja t\u00f6\u00f6kindluse. Kasutades Volvo ekskavaatorite kiikelaagreid, saavad t\u00f6\u00f6v\u00f5tjad v\u00e4hendada seisakuid, v\u00e4hendada hoolduskulusid ja suurendada tootlikkust.<\/p>\n<p>Me saame pakkuda alternatiivseid Swing ringi oma, CAT, HITACHI, KOMATSU, KOBELCO, HYUNDAI, VOLVO, DOOSAN, DAEWOO, JCB, CASE, SUMITOMO, KATO.There on normaalne ja mitte standard \u00fcle 1000 sada t\u00fc\u00fcpi teile valida.<\/p>","protected":false},"excerpt":{"rendered":"<p>Volvo kiikelaager<br \/>\nMudel: EC700BLC, EC480DL<br \/>\nEC460BLC,EC360BLC,EC290B<\/p>","protected":false},"featured_media":136,"template":"","meta":[],"product_brand":[],"product_cat":[22,68],"product_tag":[],"class_list":{"0":"post-568","1":"product","2":"type-product","3":"status-publish","4":"has-post-thumbnail","6":"product_cat-swing-bearing","7":"product_cat-volvo-excavator-swing-bearing","9":"first","10":"instock","11":"shipping-taxable","12":"product-type-simple"},"_links":{"self":[{"href":"https:\/\/swingbearing.net\/et\/wp-json\/wp\/v2\/product\/568","targetHints":{"allow":["GET"]}}],"collection":[{"href":"https:\/\/swingbearing.net\/et\/wp-json\/wp\/v2\/product"}],"about":[{"href":"https:\/\/swingbearing.net\/et\/wp-json\/wp\/v2\/types\/product"}],"wp:featuredmedia":[{"embeddable":true,"href":"https:\/\/swingbearing.net\/et\/wp-json\/wp\/v2\/media\/136"}],"wp:attachment":[{"href":"https:\/\/swingbearing.net\/et\/wp-json\/wp\/v2\/media?parent=568"}],"wp:term":[{"taxonomy":"product_brand","embeddable":true,"href":"https:\/\/swingbearing.net\/et\/wp-json\/wp\/v2\/product_brand?post=568"},{"taxonomy":"product_cat","embeddable":true,"href":"https:\/\/swingbearing.net\/et\/wp-json\/wp\/v2\/product_cat?post=568"},{"taxonomy":"product_tag","embeddable":true,"href":"https:\/\/swingbearing.net\/et\/wp-json\/wp\/v2\/product_tag?post=568"}],"curies":[{"name":"wp","href":"https:\/\/api.w.org\/{rel}","templated":true}]}}