{"id":4885,"date":"2024-08-27T05:48:17","date_gmt":"2024-08-27T05:48:17","guid":{"rendered":"https:\/\/swingbearing.net\/?post_type=product&#038;p=4885"},"modified":"2024-08-30T08:00:51","modified_gmt":"2024-08-30T08:00:51","slug":"jcb-360-swing-bearing-js330jsb0022-excavator-slewing-ring","status":"publish","type":"product","link":"https:\/\/swingbearing.net\/et\/product\/jcb-360-swing-bearing-js330jsb0022-excavator-slewing-ring\/","title":{"rendered":"JCB 360 Swing laager JS330 JSB0022 Ekskavaatori p\u00f6\u00f6rlemisr\u00f5ngas"},"content":{"rendered":"<h2 style=\"text-align: center;\">JCB kiikelaagri parameetrid<\/h2>\n<figure class=\"wp-block-table is-style-stripes has-small-font-size\">\n<table class=\"has-cyan-bluish-gray-background-color has-background\">\n<tbody>\n<tr>\n<td>Mudel<\/td>\n<td>Osa number<\/td>\n<td>V\u00e4lisl\u00e4bim\u00f5\u00f5t<\/td>\n<td>Sisemine l\u00e4bim\u00f5\u00f5t<\/td>\n<td>Koguk\u00f5rgus<\/td>\n<td>V\u00e4line k\u00f5rgus<\/td>\n<td>Sisemine k\u00f5rgus<\/td>\n<td>V\u00e4lise augu parameetrid<\/td>\n<td>Sisemise augu parameetrid<\/td>\n<td>Hammaste arv<\/td>\n<\/tr>\n<tr>\n<td>JCB 8060<\/td>\n<td>234\/11000<\/td>\n<td>852<\/td>\n<td>648.5<\/td>\n<td>70<\/td>\n<td>55<\/td>\n<td>60<\/td>\n<td>24<\/td>\n<td>24<\/td>\n<td>109<\/td>\n<\/tr>\n<tr>\n<td>JCB JS130<\/td>\n<td>332\/K8067\uff08New)<\/td>\n<td>1174<\/td>\n<td>972<\/td>\n<td>88<\/td>\n<td>56<\/td>\n<td>78<\/td>\n<td>32-\u042418<\/td>\n<td>36-M16<\/td>\n<td>98<\/td>\n<\/tr>\n<tr>\n<td>JCB JS130<\/td>\n<td>JNB0146\uff08Old\uff09<\/td>\n<td>1174<\/td>\n<td>972<\/td>\n<td>80<\/td>\n<td>56<\/td>\n<td>70<\/td>\n<td>28-\u042418<\/td>\n<td>36-M16<\/td>\n<td>98<\/td>\n<\/tr>\n<tr>\n<td>JCB JS130<\/td>\n<td>JNB0160<\/td>\n<td>1174<\/td>\n<td>972<\/td>\n<td>80<\/td>\n<td>56<\/td>\n<td>70<\/td>\n<td>28-\u042418<\/td>\n<td>36-M16<\/td>\n<td>98<\/td>\n<\/tr>\n<tr>\n<td>JCB160<\/td>\n<td>331\/12091<\/td>\n<td>1330<\/td>\n<td>1093<\/td>\n<td>102<\/td>\n<td>74<\/td>\n<td>92<\/td>\n<td>31-\u042422.5<\/td>\n<td>36-M20<\/td>\n<td>92<\/td>\n<\/tr>\n<tr>\n<td>JCB 205<\/td>\n<td>333\/P7280<\/td>\n<td>1328<\/td>\n<td>1092<\/td>\n<td>102<\/td>\n<td>74<\/td>\n<td>92<\/td>\n<td>31-\u03c622<\/td>\n<td>36-M20<\/td>\n<td>92<\/td>\n<\/tr>\n<tr>\n<td>JS200LC<\/td>\n<td>JRB0017<\/td>\n<td>1328<\/td>\n<td>1092<\/td>\n<td>102<\/td>\n<td>74<\/td>\n<td>92<\/td>\n<td>31-\u042422.5<\/td>\n<td>36-M20<\/td>\n<td>92<\/td>\n<\/tr>\n<tr>\n<td>JCB JS220<\/td>\n<td>JRB0017<\/td>\n<td>1328<\/td>\n<td>1092<\/td>\n<td>102<\/td>\n<td>74<\/td>\n<td>92<\/td>\n<td>31-\u042422.5<\/td>\n<td>36-M20<\/td>\n<td>92<\/td>\n<\/tr>\n<tr>\n<td>JCB JS220<\/td>\n<td>JRB0017<\/td>\n<td>1328<\/td>\n<td>1092<\/td>\n<td>102<\/td>\n<td>74<\/td>\n<td>92<\/td>\n<td>31-\u042422.5<\/td>\n<td>36-M20<\/td>\n<td>92<\/td>\n<\/tr>\n<tr>\n<td>JCB 240<\/td>\n<td>JBB0001<\/td>\n<td>1375<\/td>\n<td>1094<\/td>\n<td>125<\/td>\n<td>80<\/td>\n<td>115<\/td>\n<td>26<\/td>\n<td>36<\/td>\n<td>92<\/td>\n<\/tr>\n<tr>\n<td>JCB JS240<\/td>\n<td>916\/10029<\/td>\n<td>1375<\/td>\n<td>1094<\/td>\n<td>124<\/td>\n<td>80<\/td>\n<td>114<\/td>\n<td>26-\u042426<\/td>\n<td>36-M24<\/td>\n<td>92<\/td>\n<\/tr>\n<tr>\n<td>JCB JS330<\/td>\n<td>JSB0022<\/td>\n<td>1509<\/td>\n<td>1192<\/td>\n<td>135<\/td>\n<td>100<\/td>\n<td>125<\/td>\n<td>38-\u03c626<\/td>\n<td>43-M24<\/td>\n<td>86<\/td>\n<\/tr>\n<tr>\n<td>JCB 360<\/td>\n<td>JSB0022<\/td>\n<td>1510<\/td>\n<td>1193<\/td>\n<td>135<\/td>\n<td>101<\/td>\n<td>125<\/td>\n<td>38-\u03c626<\/td>\n<td>30-M22<\/td>\n<td>86<\/td>\n<\/tr>\n<\/tbody>\n<\/table>\n<figure class=\"wp-block-table is-style-stripes has-small-font-size\"><\/figure>\n<figure class=\"wp-block-table\" style=\"font-size: 12px;\">\n\t\t<style type=\"text\/css\">\n\t\t\t#gallery-1 {\n\t\t\t\tmargin: auto;\n\t\t\t}\n\t\t\t#gallery-1 .gallery-item {\n\t\t\t\tfloat: left;\n\t\t\t\tmargin-top: 10px;\n\t\t\t\ttext-align: center;\n\t\t\t\twidth: 25%;\n\t\t\t}\n\t\t\t#gallery-1 img {\n\t\t\t\tborder: 2px solid #cfcfcf;\n\t\t\t}\n\t\t\t#gallery-1 .gallery-caption {\n\t\t\t\tmargin-left: 0;\n\t\t\t}\n\t\t\t\/* see gallery_shortcode() in wp-includes\/media.php *\/\n\t\t<\/style>\n\t\t<div id='gallery-1' class='gallery galleryid-4885 gallery-columns-4 gallery-size-medium'><dl class='gallery-item'>\n\t\t\t<dt class='gallery-icon landscape'>\n\t\t\t\t<a href='https:\/\/swingbearing.net\/wp-content\/uploads\/2024\/07\/106.jpg'><img decoding=\"async\" width=\"300\" height=\"221\" src=\"https:\/\/swingbearing.net\/wp-content\/uploads\/2024\/07\/106-300x221.jpg\" class=\"attachment-medium size-medium\" alt=\"Hammasrataste karastamine\" aria-describedby=\"gallery-1-4456\" srcset=\"https:\/\/swingbearing.net\/wp-content\/uploads\/2024\/07\/106-300x221.jpg 300w, https:\/\/swingbearing.net\/wp-content\/uploads\/2024\/07\/106-16x12.jpg 16w, https:\/\/swingbearing.net\/wp-content\/uploads\/2024\/07\/106.jpg 410w\" sizes=\"(max-width: 300px) 100vw, 300px\" \/><\/a>\n\t\t\t<\/dt>\n\t\t\t\t<dd class='wp-caption-text gallery-caption' id='gallery-1-4456'>\n\t\t\t\tHammasrataste karastamine\n\t\t\t\t<\/dd><\/dl><dl class='gallery-item'>\n\t\t\t<dt class='gallery-icon landscape'>\n\t\t\t\t<a href='https:\/\/swingbearing.net\/wp-content\/uploads\/2024\/07\/104.jpg'><img decoding=\"async\" width=\"300\" height=\"221\" src=\"https:\/\/swingbearing.net\/wp-content\/uploads\/2024\/07\/104-300x221.jpg\" class=\"attachment-medium size-medium\" alt=\"Hammasrataste karastamine\" aria-describedby=\"gallery-1-4454\" srcset=\"https:\/\/swingbearing.net\/wp-content\/uploads\/2024\/07\/104-300x221.jpg 300w, https:\/\/swingbearing.net\/wp-content\/uploads\/2024\/07\/104-16x12.jpg 16w, https:\/\/swingbearing.net\/wp-content\/uploads\/2024\/07\/104.jpg 410w\" sizes=\"(max-width: 300px) 100vw, 300px\" \/><\/a>\n\t\t\t<\/dt>\n\t\t\t\t<dd class='wp-caption-text gallery-caption' id='gallery-1-4454'>\n\t\t\t\tHammasrataste karastamine\n\t\t\t\t<\/dd><\/dl><dl class='gallery-item'>\n\t\t\t<dt class='gallery-icon landscape'>\n\t\t\t\t<a href='https:\/\/swingbearing.net\/wp-content\/uploads\/2024\/07\/00\u76f4\u8bfb\u5f0f\u5149\u8c31\u4eea.jpg'><img decoding=\"async\" width=\"300\" height=\"240\" src=\"https:\/\/swingbearing.net\/wp-content\/uploads\/2024\/07\/00\u76f4\u8bfb\u5f0f\u5149\u8c31\u4eea-300x240.jpg\" class=\"attachment-medium size-medium\" alt=\"Otsese lugemisega spektromeeter\" aria-describedby=\"gallery-1-4483\" srcset=\"https:\/\/swingbearing.net\/wp-content\/uploads\/2024\/07\/00\u76f4\u8bfb\u5f0f\u5149\u8c31\u4eea-300x240.jpg 300w, https:\/\/swingbearing.net\/wp-content\/uploads\/2024\/07\/00\u76f4\u8bfb\u5f0f\u5149\u8c31\u4eea-768x614.jpg 768w, https:\/\/swingbearing.net\/wp-content\/uploads\/2024\/07\/00\u76f4\u8bfb\u5f0f\u5149\u8c31\u4eea-15x12.jpg 15w, https:\/\/swingbearing.net\/wp-content\/uploads\/2024\/07\/00\u76f4\u8bfb\u5f0f\u5149\u8c31\u4eea-600x480.jpg 600w, https:\/\/swingbearing.net\/wp-content\/uploads\/2024\/07\/00\u76f4\u8bfb\u5f0f\u5149\u8c31\u4eea.jpg 800w\" sizes=\"(max-width: 300px) 100vw, 300px\" \/><\/a>\n\t\t\t<\/dt>\n\t\t\t\t<dd class='wp-caption-text gallery-caption' id='gallery-1-4483'>\n\t\t\t\tOtsese lugemisega spektromeeter\n\t\t\t\t<\/dd><\/dl><dl class='gallery-item'>\n\t\t\t<dt class='gallery-icon landscape'>\n\t\t\t\t<a href='https:\/\/swingbearing.net\/wp-content\/uploads\/2024\/07\/00\u6d1b\u6c0f\u786c\u5ea6\u8ba1.jpg'><img decoding=\"async\" width=\"300\" height=\"240\" src=\"https:\/\/swingbearing.net\/wp-content\/uploads\/2024\/07\/00\u6d1b\u6c0f\u786c\u5ea6\u8ba1-300x240.jpg\" class=\"attachment-medium size-medium\" alt=\"Rockwelli k\u00f5vadus\" aria-describedby=\"gallery-1-4482\" srcset=\"https:\/\/swingbearing.net\/wp-content\/uploads\/2024\/07\/00\u6d1b\u6c0f\u786c\u5ea6\u8ba1-300x240.jpg 300w, https:\/\/swingbearing.net\/wp-content\/uploads\/2024\/07\/00\u6d1b\u6c0f\u786c\u5ea6\u8ba1-768x614.jpg 768w, https:\/\/swingbearing.net\/wp-content\/uploads\/2024\/07\/00\u6d1b\u6c0f\u786c\u5ea6\u8ba1-15x12.jpg 15w, https:\/\/swingbearing.net\/wp-content\/uploads\/2024\/07\/00\u6d1b\u6c0f\u786c\u5ea6\u8ba1-600x480.jpg 600w, https:\/\/swingbearing.net\/wp-content\/uploads\/2024\/07\/00\u6d1b\u6c0f\u786c\u5ea6\u8ba1.jpg 800w\" sizes=\"(max-width: 300px) 100vw, 300px\" \/><\/a>\n\t\t\t<\/dt>\n\t\t\t\t<dd class='wp-caption-text gallery-caption' id='gallery-1-4482'>\n\t\t\t\tRockwelli k\u00f5vadus\n\t\t\t\t<\/dd><\/dl><br style=\"clear: both\" \/><dl class='gallery-item'>\n\t\t\t<dt class='gallery-icon landscape'>\n\t\t\t\t<a href='https:\/\/swingbearing.net\/wp-content\/uploads\/2024\/07\/00\u6570\u63a7\u7acb\u8f66.jpg'><img decoding=\"async\" width=\"300\" height=\"240\" src=\"https:\/\/swingbearing.net\/wp-content\/uploads\/2024\/07\/00\u6570\u63a7\u7acb\u8f66-300x240.jpg\" class=\"attachment-medium size-medium\" alt=\"CNC vertikaalne treipingi\" aria-describedby=\"gallery-1-4473\" srcset=\"https:\/\/swingbearing.net\/wp-content\/uploads\/2024\/07\/00\u6570\u63a7\u7acb\u8f66-300x240.jpg 300w, https:\/\/swingbearing.net\/wp-content\/uploads\/2024\/07\/00\u6570\u63a7\u7acb\u8f66-768x614.jpg 768w, https:\/\/swingbearing.net\/wp-content\/uploads\/2024\/07\/00\u6570\u63a7\u7acb\u8f66-15x12.jpg 15w, https:\/\/swingbearing.net\/wp-content\/uploads\/2024\/07\/00\u6570\u63a7\u7acb\u8f66-600x480.jpg 600w, https:\/\/swingbearing.net\/wp-content\/uploads\/2024\/07\/00\u6570\u63a7\u7acb\u8f66.jpg 800w\" sizes=\"(max-width: 300px) 100vw, 300px\" \/><\/a>\n\t\t\t<\/dt>\n\t\t\t\t<dd class='wp-caption-text gallery-caption' id='gallery-1-4473'>\n\t\t\t\tCNC vertikaalne treipingi\n\t\t\t\t<\/dd><\/dl><dl class='gallery-item'>\n\t\t\t<dt class='gallery-icon landscape'>\n\t\t\t\t<a href='https:\/\/swingbearing.net\/wp-content\/uploads\/2024\/07\/00\u6570\u63a7\u6eda\u9f7f\u673a-1.jpg'><img decoding=\"async\" width=\"300\" height=\"240\" src=\"https:\/\/swingbearing.net\/wp-content\/uploads\/2024\/07\/00\u6570\u63a7\u6eda\u9f7f\u673a-1-300x240.jpg\" class=\"attachment-medium size-medium\" alt=\"CNC hammasrataste freesimise masin\" aria-describedby=\"gallery-1-4472\" srcset=\"https:\/\/swingbearing.net\/wp-content\/uploads\/2024\/07\/00\u6570\u63a7\u6eda\u9f7f\u673a-1-300x240.jpg 300w, https:\/\/swingbearing.net\/wp-content\/uploads\/2024\/07\/00\u6570\u63a7\u6eda\u9f7f\u673a-1-768x614.jpg 768w, https:\/\/swingbearing.net\/wp-content\/uploads\/2024\/07\/00\u6570\u63a7\u6eda\u9f7f\u673a-1-15x12.jpg 15w, https:\/\/swingbearing.net\/wp-content\/uploads\/2024\/07\/00\u6570\u63a7\u6eda\u9f7f\u673a-1-600x480.jpg 600w, https:\/\/swingbearing.net\/wp-content\/uploads\/2024\/07\/00\u6570\u63a7\u6eda\u9f7f\u673a-1.jpg 800w\" sizes=\"(max-width: 300px) 100vw, 300px\" \/><\/a>\n\t\t\t<\/dt>\n\t\t\t\t<dd class='wp-caption-text gallery-caption' id='gallery-1-4472'>\n\t\t\t\tCNC hammasrataste freesimise masin\n\t\t\t\t<\/dd><\/dl><dl class='gallery-item'>\n\t\t\t<dt class='gallery-icon landscape'>\n\t\t\t\t<a href='https:\/\/swingbearing.net\/wp-content\/uploads\/2024\/07\/00\u7acb\u5f0f\u52a0\u5de5\u4e2d\u5fc3.jpg'><img decoding=\"async\" width=\"300\" height=\"240\" src=\"https:\/\/swingbearing.net\/wp-content\/uploads\/2024\/07\/00\u7acb\u5f0f\u52a0\u5de5\u4e2d\u5fc3-300x240.jpg\" class=\"attachment-medium size-medium\" alt=\"Vertikaalne t\u00f6\u00f6tlemiskeskus\" aria-describedby=\"gallery-1-4468\" srcset=\"https:\/\/swingbearing.net\/wp-content\/uploads\/2024\/07\/00\u7acb\u5f0f\u52a0\u5de5\u4e2d\u5fc3-300x240.jpg 300w, https:\/\/swingbearing.net\/wp-content\/uploads\/2024\/07\/00\u7acb\u5f0f\u52a0\u5de5\u4e2d\u5fc3-768x614.jpg 768w, https:\/\/swingbearing.net\/wp-content\/uploads\/2024\/07\/00\u7acb\u5f0f\u52a0\u5de5\u4e2d\u5fc3-15x12.jpg 15w, https:\/\/swingbearing.net\/wp-content\/uploads\/2024\/07\/00\u7acb\u5f0f\u52a0\u5de5\u4e2d\u5fc3-600x480.jpg 600w, https:\/\/swingbearing.net\/wp-content\/uploads\/2024\/07\/00\u7acb\u5f0f\u52a0\u5de5\u4e2d\u5fc3.jpg 800w\" sizes=\"(max-width: 300px) 100vw, 300px\" \/><\/a>\n\t\t\t<\/dt>\n\t\t\t\t<dd class='wp-caption-text gallery-caption' id='gallery-1-4468'>\n\t\t\t\tVertikaalne t\u00f6\u00f6tlemiskeskus\n\t\t\t\t<\/dd><\/dl><dl class='gallery-item'>\n\t\t\t<dt class='gallery-icon landscape'>\n\t\t\t\t<a href='https:\/\/swingbearing.net\/wp-content\/uploads\/2024\/07\/\u6570\u63a7\u8f66\u78e8\u673a\u5e8a.jpg'><img decoding=\"async\" width=\"300\" height=\"240\" src=\"https:\/\/swingbearing.net\/wp-content\/uploads\/2024\/07\/\u6570\u63a7\u8f66\u78e8\u673a\u5e8a-300x240.jpg\" class=\"attachment-medium size-medium\" alt=\"p\u00f6\u00f6rdlaager\" srcset=\"https:\/\/swingbearing.net\/wp-content\/uploads\/2024\/07\/\u6570\u63a7\u8f66\u78e8\u673a\u5e8a-300x240.jpg 300w, https:\/\/swingbearing.net\/wp-content\/uploads\/2024\/07\/\u6570\u63a7\u8f66\u78e8\u673a\u5e8a-768x614.jpg 768w, https:\/\/swingbearing.net\/wp-content\/uploads\/2024\/07\/\u6570\u63a7\u8f66\u78e8\u673a\u5e8a-15x12.jpg 15w, https:\/\/swingbearing.net\/wp-content\/uploads\/2024\/07\/\u6570\u63a7\u8f66\u78e8\u673a\u5e8a-600x480.jpg 600w, https:\/\/swingbearing.net\/wp-content\/uploads\/2024\/07\/\u6570\u63a7\u8f66\u78e8\u673a\u5e8a.jpg 800w\" sizes=\"(max-width: 300px) 100vw, 300px\" \/><\/a>\n\t\t\t<\/dt><\/dl><br style=\"clear: both\" \/><dl class='gallery-item'>\n\t\t\t<dt class='gallery-icon portrait'>\n\t\t\t\t<a href='https:\/\/swingbearing.net\/wp-content\/uploads\/2024\/07\/\u5fae\u4fe1\u56fe\u7247_20240517203249.jpg'><img decoding=\"async\" width=\"293\" height=\"300\" src=\"https:\/\/swingbearing.net\/wp-content\/uploads\/2024\/07\/\u5fae\u4fe1\u56fe\u7247_20240517203249-293x300.jpg\" class=\"attachment-medium size-medium\" alt=\"CAT374F 378-9586 Kiikelaager CAT374F 378-9586\" srcset=\"https:\/\/swingbearing.net\/wp-content\/uploads\/2024\/07\/\u5fae\u4fe1\u56fe\u7247_20240517203249-293x300.jpg 293w, https:\/\/swingbearing.net\/wp-content\/uploads\/2024\/07\/\u5fae\u4fe1\u56fe\u7247_20240517203249-1002x1024.jpg 1002w, https:\/\/swingbearing.net\/wp-content\/uploads\/2024\/07\/\u5fae\u4fe1\u56fe\u7247_20240517203249-768x785.jpg 768w, https:\/\/swingbearing.net\/wp-content\/uploads\/2024\/07\/\u5fae\u4fe1\u56fe\u7247_20240517203249-12x12.jpg 12w, https:\/\/swingbearing.net\/wp-content\/uploads\/2024\/07\/\u5fae\u4fe1\u56fe\u7247_20240517203249-600x613.jpg 600w, https:\/\/swingbearing.net\/wp-content\/uploads\/2024\/07\/\u5fae\u4fe1\u56fe\u7247_20240517203249.jpg 1080w\" sizes=\"(max-width: 293px) 100vw, 293px\" \/><\/a>\n\t\t\t<\/dt><\/dl><dl class='gallery-item'>\n\t\t\t<dt class='gallery-icon landscape'>\n\t\t\t\t<a href='https:\/\/swingbearing.net\/wp-content\/uploads\/2024\/07\/6556401.jpg'><img decoding=\"async\" width=\"300\" height=\"293\" src=\"https:\/\/swingbearing.net\/wp-content\/uploads\/2024\/07\/6556401-300x293.jpg\" class=\"attachment-medium size-medium\" alt=\"P\u00f6\u00f6rdlaager CAT 349D 353-049\" srcset=\"https:\/\/swingbearing.net\/wp-content\/uploads\/2024\/07\/6556401-300x293.jpg 300w, https:\/\/swingbearing.net\/wp-content\/uploads\/2024\/07\/6556401-12x12.jpg 12w, https:\/\/swingbearing.net\/wp-content\/uploads\/2024\/07\/6556401-600x586.jpg 600w, https:\/\/swingbearing.net\/wp-content\/uploads\/2024\/07\/6556401.jpg 655w\" sizes=\"(max-width: 300px) 100vw, 300px\" \/><\/a>\n\t\t\t<\/dt><\/dl><dl class='gallery-item'>\n\t\t\t<dt class='gallery-icon landscape'>\n\t\t\t\t<a href='https:\/\/swingbearing.net\/wp-content\/uploads\/2024\/07\/6556402.jpg'><img decoding=\"async\" width=\"300\" height=\"293\" src=\"https:\/\/swingbearing.net\/wp-content\/uploads\/2024\/07\/6556402-300x293.jpg\" class=\"attachment-medium size-medium\" alt=\"Rotary Bearing\" srcset=\"https:\/\/swingbearing.net\/wp-content\/uploads\/2024\/07\/6556402-300x293.jpg 300w, https:\/\/swingbearing.net\/wp-content\/uploads\/2024\/07\/6556402-12x12.jpg 12w, https:\/\/swingbearing.net\/wp-content\/uploads\/2024\/07\/6556402-600x586.jpg 600w, https:\/\/swingbearing.net\/wp-content\/uploads\/2024\/07\/6556402.jpg 655w\" sizes=\"(max-width: 300px) 100vw, 300px\" \/><\/a>\n\t\t\t<\/dt><\/dl><dl class='gallery-item'>\n\t\t\t<dt class='gallery-icon landscape'>\n\t\t\t\t<a href='https:\/\/swingbearing.net\/wp-content\/uploads\/2024\/07\/655640.jpg'><img decoding=\"async\" width=\"300\" height=\"293\" src=\"https:\/\/swingbearing.net\/wp-content\/uploads\/2024\/07\/655640-300x293.jpg\" class=\"attachment-medium size-medium\" alt=\"P\u00f6\u00f6rdlaagrite tihendamine\" srcset=\"https:\/\/swingbearing.net\/wp-content\/uploads\/2024\/07\/655640-300x293.jpg 300w, https:\/\/swingbearing.net\/wp-content\/uploads\/2024\/07\/655640-12x12.jpg 12w, https:\/\/swingbearing.net\/wp-content\/uploads\/2024\/07\/655640-600x586.jpg 600w, https:\/\/swingbearing.net\/wp-content\/uploads\/2024\/07\/655640.jpg 655w\" sizes=\"(max-width: 300px) 100vw, 300px\" \/><\/a>\n\t\t\t<\/dt><\/dl><br style=\"clear: both\" \/>\n\t\t<\/div>\n<\/figure>\n<\/figure>\n<p>Swing bearings are essential components of an excavator&#8217;s structure, enabling it to rotate around its axis. These bearings must be robust and of high quality to withstand the harsh conditions and workload of construction sites. JCB excavator swing bearings are an excellent option for those seeking reliable, durable, and high-performance products.<\/p>\n<p>Swing bearings are sometimes referred to as excavator slewing bearings or swing ring bearings, turntable bearings, and excavator slew rings, among other names. However, they all have the same function: to provide a smooth and stable rotation of the excavator&#8217;s upper structure.<\/p>\n<p>JCB excavator swing bearings are easy to install and require minimal maintenance. These bearings are designed to reduce downtime and increase productivity, providing an excellent return on investment. By ensuring the excavator&#8217;s upper structure rotates smoothly and reliably, JCB excavator slewing bearings help operators complete projects on time and within budget.<\/p>\n<p>In conclusion, JCB excavator swing bearings are an excellent choice for those seeking high-performance, durable, and reliable products. They are available for various models, including JCB8045, JCB8055, JCB8056, JCB8060, JCB8061, JCB8065, JS130, JS140, JS200, JS210, JS220, JCB70, JCB360, and JS205. These bearings are easy to install, require minimal maintenance, and are built to withstand heavy loads and harsh environmental conditions, ensuring the longevity of the excavator&#8217;s rotation system. With JCB excavator slewing bearings, you can be confident that your excavator will perform optimally, increasing productivity and providing a solid return on investment.<\/p>","protected":false},"excerpt":{"rendered":"<p><strong>Osa<\/strong> #: JSB0022<br \/>\n<strong>Tee<\/strong>: JCB<br \/>\n<strong>Mudel<\/strong>: JS330 JCB 360<br \/>\n<strong>Tingimus<\/strong>: Uus<\/p>","protected":false},"featured_media":2928,"template":"","meta":[],"product_brand":[],"product_cat":[22,70],"product_tag":[52],"class_list":{"0":"post-4885","1":"product","2":"type-product","3":"status-publish","4":"has-post-thumbnail","6":"product_cat-swing-bearing","7":"product_cat-jcb-excavator-swing-bearing","8":"product_tag-swing-bearing","10":"first","11":"instock","12":"shipping-taxable","13":"product-type-simple"},"_links":{"self":[{"href":"https:\/\/swingbearing.net\/et\/wp-json\/wp\/v2\/product\/4885","targetHints":{"allow":["GET"]}}],"collection":[{"href":"https:\/\/swingbearing.net\/et\/wp-json\/wp\/v2\/product"}],"about":[{"href":"https:\/\/swingbearing.net\/et\/wp-json\/wp\/v2\/types\/product"}],"wp:featuredmedia":[{"embeddable":true,"href":"https:\/\/swingbearing.net\/et\/wp-json\/wp\/v2\/media\/2928"}],"wp:attachment":[{"href":"https:\/\/swingbearing.net\/et\/wp-json\/wp\/v2\/media?parent=4885"}],"wp:term":[{"taxonomy":"product_brand","embeddable":true,"href":"https:\/\/swingbearing.net\/et\/wp-json\/wp\/v2\/product_brand?post=4885"},{"taxonomy":"product_cat","embeddable":true,"href":"https:\/\/swingbearing.net\/et\/wp-json\/wp\/v2\/product_cat?post=4885"},{"taxonomy":"product_tag","embeddable":true,"href":"https:\/\/swingbearing.net\/et\/wp-json\/wp\/v2\/product_tag?post=4885"}],"curies":[{"name":"wp","href":"https:\/\/api.w.org\/{rel}","templated":true}]}}