{"id":4075,"date":"2024-06-11T04:00:22","date_gmt":"2024-06-11T04:00:22","guid":{"rendered":"https:\/\/swingbearing.net\/product\/dx225-excavator-swing-bearing-109-00162slewing-ring-slewing-ring\/"},"modified":"2024-06-11T12:20:12","modified_gmt":"2024-06-11T12:20:12","slug":"dx225-swing-bearing-10900162-slewing-ring","status":"publish","type":"product","link":"https:\/\/swingbearing.net\/et\/product\/dx225-swing-bearing-10900162-slewing-ring\/","title":{"rendered":"Kiikelaager 109-00162 Doosan DX225 jaoks 109-00162"},"content":{"rendered":"<figure class=\"wp-block-table\" style=\"font-size: 12px;\">\r\n<h2 style=\"text-align: center;\">Doosan kiikelaagri asendamine<\/h2>\r\n<table>\r\n<tbody>\r\n<tr>\r\n<td>Mudel<\/td>\r\n<td>Osa number<\/td>\r\n<td>V\u00e4lisl\u00e4bim\u00f5\u00f5t<\/td>\r\n<td>Sisemine l\u00e4bim\u00f5\u00f5t<\/td>\r\n<td>Koguk\u00f5rgus<\/td>\r\n<td>V\u00e4line k\u00f5rgus<\/td>\r\n<td>Sisemine k\u00f5rgus<\/td>\r\n<td>V\u00e4lise augu parameetrid<\/td>\r\n<td>Sisemise augu parameetrid<\/td>\r\n<td>Hammaste arv<\/td>\r\n<\/tr>\r\n<tr>\r\n<td>S140LC-V<\/td>\r\n<td>109-00165<\/td>\r\n<td>1202<\/td>\r\n<td>945<\/td>\r\n<td>84<\/td>\r\n<td>75<\/td>\r\n<td>70<\/td>\r\n<td>36-\u042422<\/td>\r\n<td>36-M20<\/td>\r\n<td>80<\/td>\r\n<\/tr>\r\n<tr>\r\n<td>DX225<\/td>\r\n<td>109-00162<\/td>\r\n<td>1327<\/td>\r\n<td>1082<\/td>\r\n<td>110<\/td>\r\n<td>90<\/td>\r\n<td>95<\/td>\r\n<td>36<\/td>\r\n<td>36<\/td>\r\n<td>92<\/td>\r\n<\/tr>\r\n<tr>\r\n<td>DX225<\/td>\r\n<td>109-00162A<\/td>\r\n<td>1327<\/td>\r\n<td>1082<\/td>\r\n<td>110<\/td>\r\n<td>90<\/td>\r\n<td>95<\/td>\r\n<td>36-\u03c621<\/td>\r\n<td>36-M20*1.5<\/td>\r\n<td>92<\/td>\r\n<\/tr>\r\n<tr>\r\n<td>DX225LC<\/td>\r\n<td>109-00162<\/td>\r\n<td>1327<\/td>\r\n<td>1082<\/td>\r\n<td>110<\/td>\r\n<td>90<\/td>\r\n<td>95<\/td>\r\n<td>36-\u03c621<\/td>\r\n<td>36-M20*1.5<\/td>\r\n<td>92<\/td>\r\n<\/tr>\r\n<tr>\r\n<td>DX225LCA<\/td>\r\n<td>109-00162A<\/td>\r\n<td>1327<\/td>\r\n<td>1082<\/td>\r\n<td>110<\/td>\r\n<td>90<\/td>\r\n<td>95<\/td>\r\n<td>36-\u03c621<\/td>\r\n<td>36-M20*1.5<\/td>\r\n<td>92<\/td>\r\n<\/tr>\r\n<tr>\r\n<td>DX225LCA<\/td>\r\n<td>140109-00048A<\/td>\r\n<td>1327<\/td>\r\n<td>1082<\/td>\r\n<td>110<\/td>\r\n<td>90<\/td>\r\n<td>95<\/td>\r\n<td>36-\u03c621<\/td>\r\n<td>36-M20*1.5<\/td>\r\n<td>92<\/td>\r\n<\/tr>\r\n<tr>\r\n<td>S225NLC<\/td>\r\n<td>140109-00045<\/td>\r\n<td>1327<\/td>\r\n<td>1082<\/td>\r\n<td>110<\/td>\r\n<td>90<\/td>\r\n<td>95<\/td>\r\n<td>36-\u03c621<\/td>\r\n<td>36-M20*1.5<\/td>\r\n<td>92<\/td>\r\n<\/tr>\r\n<tr>\r\n<td>SL220LC-V<\/td>\r\n<td>109-00052<\/td>\r\n<td>1328<\/td>\r\n<td>1084<\/td>\r\n<td>110<\/td>\r\n<td>91<\/td>\r\n<td>95<\/td>\r\n<td>36-\u03c621<\/td>\r\n<td>36-M20*1.5<\/td>\r\n<td>92<\/td>\r\n<\/tr>\r\n<tr>\r\n<td>225NLC-V<\/td>\r\n<td>109-00052B<\/td>\r\n<td>1328<\/td>\r\n<td>1084<\/td>\r\n<td>110<\/td>\r\n<td>91<\/td>\r\n<td>95<\/td>\r\n<td>36-\u03c621<\/td>\r\n<td>36-M20*1.5<\/td>\r\n<td>92<\/td>\r\n<\/tr>\r\n<tr>\r\n<td>225NLC-V<\/td>\r\n<td>140109-00045<\/td>\r\n<td>1328<\/td>\r\n<td>1084<\/td>\r\n<td>110<\/td>\r\n<td>91<\/td>\r\n<td>95<\/td>\r\n<td>36-\u03c621<\/td>\r\n<td>36-M20*1.5<\/td>\r\n<td>92<\/td>\r\n<\/tr>\r\n<tr>\r\n<td>255LC-V<\/td>\r\n<td>109-00030B<\/td>\r\n<td>1410<\/td>\r\n<td>1131<\/td>\r\n<td>117<\/td>\r\n<td>89<\/td>\r\n<td>105<\/td>\r\n<td>35-\u03c625<\/td>\r\n<td>36-M24*2<\/td>\r\n<td>82<\/td>\r\n<\/tr>\r\n<tr>\r\n<td>255LC-V<\/td>\r\n<td>180-00297D3<\/td>\r\n<td>1410<\/td>\r\n<td>1131<\/td>\r\n<td>117<\/td>\r\n<td>89<\/td>\r\n<td>105<\/td>\r\n<td>35-\u03c625<\/td>\r\n<td>36-M24*2<\/td>\r\n<td>82<\/td>\r\n<\/tr>\r\n<tr>\r\n<td>255lc-v<\/td>\r\n<td>140109-00042<\/td>\r\n<td>1410<\/td>\r\n<td>1131<\/td>\r\n<td>117<\/td>\r\n<td>89<\/td>\r\n<td>105<\/td>\r\n<td>35-\u03c625<\/td>\r\n<td>36-M24*2<\/td>\r\n<td>82<\/td>\r\n<\/tr>\r\n<tr>\r\n<td>255lc-v<\/td>\r\n<td>140109-00043<\/td>\r\n<td>1410<\/td>\r\n<td>1131<\/td>\r\n<td>117<\/td>\r\n<td>89<\/td>\r\n<td>105<\/td>\r\n<td>35-\u03c625<\/td>\r\n<td>36-M24*2<\/td>\r\n<td>82<\/td>\r\n<\/tr>\r\n<tr>\r\n<td>Dx300LCA<\/td>\r\n<td>140109-00010A<\/td>\r\n<td>1475<\/td>\r\n<td>1165<\/td>\r\n<td>120<\/td>\r\n<td>90<\/td>\r\n<td>110<\/td>\r\n<td>35<\/td>\r\n<td>36<\/td>\r\n<td>85<\/td>\r\n<\/tr>\r\n<tr>\r\n<td>S340<\/td>\r\n<td>140109-00038<\/td>\r\n<td>1544<\/td>\r\n<td>1235<\/td>\r\n<td>122<\/td>\r\n<td>87<\/td>\r\n<td>110<\/td>\r\n<td>35-\u03c626<\/td>\r\n<td>40-M24<\/td>\r\n<td>90<\/td>\r\n<\/tr>\r\n<tr>\r\n<td>S340LC-V<\/td>\r\n<td>140109-00038<\/td>\r\n<td>1544<\/td>\r\n<td>1235<\/td>\r\n<td>122<\/td>\r\n<td>87<\/td>\r\n<td>110<\/td>\r\n<td>35-\u03c626<\/td>\r\n<td>40-M24<\/td>\r\n<td>90<\/td>\r\n<\/tr>\r\n<tr>\r\n<td>S340LC-V<\/td>\r\n<td>2109-1059a<\/td>\r\n<td>1544<\/td>\r\n<td>1235<\/td>\r\n<td>122<\/td>\r\n<td>87<\/td>\r\n<td>110<\/td>\r\n<td>35-\u03c626<\/td>\r\n<td>40-M24<\/td>\r\n<td>90<\/td>\r\n<\/tr>\r\n<tr>\r\n<td>DOOSAN 420<\/td>\r\n<td>140109-00039<\/td>\r\n<td>1549<\/td>\r\n<td>1235<\/td>\r\n<td>134<\/td>\r\n<td>103<\/td>\r\n<td>120<\/td>\r\n<td>35-\u03c626<\/td>\r\n<td>40-M24<\/td>\r\n<td>90<\/td>\r\n<\/tr>\r\n<tr>\r\n<td>S420LC-V<\/td>\r\n<td>109-00161<\/td>\r\n<td>1550<\/td>\r\n<td>1235<\/td>\r\n<td>135<\/td>\r\n<td>102<\/td>\r\n<td>120<\/td>\r\n<td>35-\u03c626<\/td>\r\n<td>40-M24<\/td>\r\n<td>90<\/td>\r\n<\/tr>\r\n<tr>\r\n<td>DX420LC<\/td>\r\n<td>140109-00007A<\/td>\r\n<td>1550<\/td>\r\n<td>1236<\/td>\r\n<td>132<\/td>\r\n<td>103<\/td>\r\n<td>120<\/td>\r\n<td>35<\/td>\r\n<td>40<\/td>\r\n<td>90<\/td>\r\n<\/tr>\r\n<tr>\r\n<td>470<\/td>\r\n<td>109-00159<\/td>\r\n<td>1682<\/td>\r\n<td>1320<\/td>\r\n<td>139<\/td>\r\n<td>118<\/td>\r\n<td>111<\/td>\r\n<td>44<\/td>\r\n<td>44<\/td>\r\n<td>111<\/td>\r\n<\/tr>\r\n<\/tbody>\r\n<\/table>\r\n<\/figure>\r\n\r\n\r\n\r\n<h3 class=\"wp-block-heading\"><\/h3>\r\n<p>Ekskavaatorid on olulised ehitus-, kaevandus- ja metsat\u00f6\u00f6stuses. \u00dcks p\u00f5hikomponent, mis tagab nende t\u00f5husa t\u00f6\u00f6, on kiiklaager. Selles artiklis k\u00e4sitletakse ekskavaatorite kiikelaagrite t\u00e4htsust, ehitust, t\u00fc\u00fcpe, hooldust ja sagedamini esinevaid probleeme.<\/p>\r\n<h3 class=\"wp-block-heading\"><\/h3>\r\n\r\n<h2 class=\"wp-block-heading\">Ekskavaatori kiigelaagrite m\u00f5istmine<\/h2>\r\n<h3 class=\"wp-block-heading\"><\/h3>\r\n\r\n<p>Ekskavaatori kiikelaager, mida tuntakse ka kui p\u00f6\u00f6rlemisr\u00f5ngast, p\u00f6\u00f6rlemislaagrit, v\u00f5imaldab \u00fclemisel konstruktsioonil p\u00f6\u00f6relda 360 kraadi. See p\u00f6\u00f6rlemine on oluline materjalide kaevamisel, teisaldamisel ja mahalaadimisel. Laager kannab aksiaal-, radiaal- ja momentkoormusi, mist\u00f5ttu on see masinale h\u00e4davajalik.<\/p>\r\n<h3 class=\"wp-block-heading\"><\/h3>\r\n\r\n<h2 class=\"wp-block-heading\">Ekskavaatori kiigelaagri struktuur<\/h2>\r\n<h3 class=\"wp-block-heading\"><\/h3>\r\n\r\n<p>Ekskavaatori p\u00f6\u00f6rlev laager koosneb j\u00e4rgmistest osadest:<\/p>\r\n<h3 class=\"wp-block-heading\"><\/h3>\r\n\r\n<ul class=\"wp-block-list\">\r\n<li style=\"list-style-type: none;\">\r\n<ul>\r\n<li>Sisemine ja v\u00e4limine r\u00f5ngas: Valmistatud suure tugevusega terasest, et taluda suuri koormusi.<\/li>\r\n<\/ul>\r\n<\/li>\r\n<\/ul>\r\n\r\n\r\n\r\n<ul>\r\n<li style=\"list-style-type: none;\">\r\n<ul>\r\n<li>Veerevad elemendid: Pallid v\u00f5i rullid, mis h\u00f5lbustavad sujuvat p\u00f6\u00f6rlemist.<\/li>\r\n<\/ul>\r\n<\/li>\r\n<\/ul>\r\n\r\n\r\n\r\n<ul>\r\n<li style=\"list-style-type: none;\">\r\n<ul>\r\n<li>Puurid: Hoidke veeremielemendid \u00fchtlaselt paigutatud.<\/li>\r\n<\/ul>\r\n<\/li>\r\n<\/ul>\r\n\r\n\r\n\r\n<ul>\r\n<li style=\"list-style-type: none;\">\r\n<ul>\r\n<li>Tihendid: Kaitsevad laagrit mustuse, vee ja prahi eest.<\/li>\r\n<\/ul>\r\n<\/li>\r\n<\/ul>\r\n\r\n<h3 class=\"wp-block-heading\"><\/h3>\r\n\r\n<h2 class=\"wp-block-heading\">Ekskavaatori p\u00f6\u00f6rleva laagri t\u00fc\u00fcbid<\/h2>\r\n<h3 class=\"wp-block-heading\"><\/h3>\r\n\r\n<h4 class=\"wp-block-heading\">P\u00f6\u00f6rdlaagrid on erineva konstruktsiooniga:<\/h4>\r\n<h3 class=\"wp-block-heading\"><\/h3>\r\n\r\n<ul class=\"wp-block-list\">\r\n<li style=\"list-style-type: none;\">\r\n<ul>\r\n<li>\u00dche reaga kuullaagrid: Tasakaalustage kandev\u00f5ime ja p\u00f6\u00f6rlemiskiirus.<\/li>\r\n<\/ul>\r\n<\/li>\r\n<\/ul>\r\n\r\n\r\n\r\n<ul>\r\n<li style=\"list-style-type: none;\">\r\n<ul>\r\n<li>Kaherealised kuullaagrid: Suuremate ekskavaatorite jaoks suurema kandev\u00f5ime tagamine.<\/li>\r\n<\/ul>\r\n<\/li>\r\n<\/ul>\r\n\r\n\r\n\r\n<ul>\r\n<li style=\"list-style-type: none;\">\r\n<ul>\r\n<li>Ristk\u00fclikukujulised laagrid: K\u00e4sitlevad samaaegselt suuri aksiaal- ja radiaalkoormusi.<\/li>\r\n<\/ul>\r\n<\/li>\r\n<\/ul>\r\n\r\n\r\n\r\n<ul>\r\n<li style=\"list-style-type: none;\">\r\n<ul>\r\n<li>Kolmerealised rull-laagrid: Pakuvad maksimaalset kandev\u00f5imet tugevate ekskavaatorite jaoks.<\/li>\r\n<\/ul>\r\n<\/li>\r\n<\/ul>\r\n\r\n<h3 class=\"wp-block-heading\"><\/h3>\r\n\r\n<h2 class=\"wp-block-heading\">P\u00f6\u00f6rdlaagrite t\u00e4htsus ekskavaatorites<\/h2>\r\n<h3 class=\"wp-block-heading\"><\/h3>\r\n\r\n<p>P\u00f6\u00f6rdlaagrid tagavad koormuse \u00fchtlase jaotumise, s\u00e4ilitades ekskavaatori konstruktsiooni terviklikkuse. Need v\u00f5imaldavad 360-kraadist p\u00f6\u00f6rlemist, suurendades t\u00f6\u00f6 t\u00f5husust piiratud ruumides. Nende vastupidavus v\u00e4hendab seisakuid ja hoolduskulusid.<\/p>\r\n<h3 class=\"wp-block-heading\"><\/h3>\r\n\r\n<h2 class=\"wp-block-heading\">Ekskavaatori p\u00f6\u00f6rleva laagri hooldus<\/h2>\r\n<h3 class=\"wp-block-heading\"><\/h3>\r\n\r\n<h4 class=\"wp-block-heading\">N\u00f5uetekohane hooldus h\u00f5lmab:<\/h4>\r\n<h3 class=\"wp-block-heading\"><\/h3>\r\n\r\n<ul class=\"wp-block-list\">\r\n<li style=\"list-style-type: none;\">\r\n<ul>\r\n<li>Regulaarsed kontrollid: Kontrollige kulumist, korrosiooni v\u00f5i kahjustusi.<\/li>\r\n<\/ul>\r\n<\/li>\r\n<\/ul>\r\n\r\n\r\n\r\n<ul>\r\n<li style=\"list-style-type: none;\">\r\n<ul>\r\n<li>M\u00e4\u00e4rimine: V\u00e4hendada h\u00f5\u00f5rdumist ja v\u00e4ltida kulumist.<\/li>\r\n<\/ul>\r\n<\/li>\r\n<\/ul>\r\n\r\n\r\n\r\n<ul>\r\n<li style=\"list-style-type: none;\">\r\n<ul>\r\n<li>Pitseri terviklikkus: Veenduge, et tihendid on terved, et v\u00e4ltida saastumist.<\/li>\r\n<\/ul>\r\n<\/li>\r\n<\/ul>\r\n\r\n\r\n\r\n<ul>\r\n<li style=\"list-style-type: none;\">\r\n<ul>\r\n<li>Koormuse juhtimine: V\u00e4ltige ekskavaatori \u00fclekoormamist.<\/li>\r\n<\/ul>\r\n<\/li>\r\n<\/ul>\r\n\r\n\r\n\r\n<ul>\r\n<li style=\"list-style-type: none;\">\r\n<ul>\r\n<li>Kohanemine: Tagage n\u00f5uetekohane joondamine, et v\u00e4ltida eba\u00fchtlast kulumist.<\/li>\r\n<\/ul>\r\n<\/li>\r\n<\/ul>\r\n\r\n<h3 class=\"wp-block-heading\"><\/h3>\r\n\r\n<h3 class=\"wp-block-heading\">Levinud probleemid kiikelaagritega<\/h3>\r\n<h3 class=\"wp-block-heading\"><\/h3>\r\n\r\n<p>Levinumad probleemid on j\u00e4rgmised:<\/p>\r\n<h3 class=\"wp-block-heading\"><\/h3>\r\n\r\n<ul class=\"wp-block-list\">\r\n<li style=\"list-style-type: none;\">\r\n<ul>\r\n<li>Kulumine ja kulumine: P\u00f5hjustatud pidevast kasutamisest ja rasketest koormustest.<\/li>\r\n<\/ul>\r\n<\/li>\r\n<\/ul>\r\n\r\n\r\n\r\n<ul>\r\n<li style=\"list-style-type: none;\">\r\n<ul>\r\n<li>Saastumine: Laagrisse sattuv mustus, vesi ja prahi.<\/li>\r\n<\/ul>\r\n<\/li>\r\n<\/ul>\r\n\r\n\r\n\r\n<ul>\r\n<li style=\"list-style-type: none;\">\r\n<ul>\r\n<li>Korrosioon: Korrosioon: niiskuse ja karmide tingimuste t\u00f5ttu.<\/li>\r\n<\/ul>\r\n<\/li>\r\n<\/ul>\r\n\r\n\r\n\r\n<ul>\r\n<li style=\"list-style-type: none;\">\r\n<ul>\r\n<li>Valesti paigutatud: Eba\u00f5ige paigalduse v\u00f5i struktuuriprobleemide tagaj\u00e4rjel.\r\n<div id=\"attachment_3345\" style=\"width: 1071px\" class=\"wp-caption alignnone\"><img decoding=\"async\" aria-describedby=\"caption-attachment-3345\" class=\"wp-image-3345 size-full\" src=\"https:\/\/swingbearing.net\/wp-content\/uploads\/2024\/05\/115.jpg\" alt=\"ekskavaatori kiikelaager\" width=\"1061\" height=\"865\" srcset=\"https:\/\/swingbearing.net\/wp-content\/uploads\/2024\/05\/115.jpg 1061w, https:\/\/swingbearing.net\/wp-content\/uploads\/2024\/05\/115-300x245.jpg 300w, https:\/\/swingbearing.net\/wp-content\/uploads\/2024\/05\/115-1024x835.jpg 1024w, https:\/\/swingbearing.net\/wp-content\/uploads\/2024\/05\/115-768x626.jpg 768w, https:\/\/swingbearing.net\/wp-content\/uploads\/2024\/05\/115-15x12.jpg 15w, https:\/\/swingbearing.net\/wp-content\/uploads\/2024\/05\/115-600x489.jpg 600w\" sizes=\"(max-width: 1061px) 100vw, 1061px\" \/><p id=\"caption-attachment-3345\" class=\"wp-caption-text\">ekskavaatori kiikelaager<\/p><\/div>\r\n<\/li>\r\n<\/ul>\r\n<\/li>\r\n<\/ul>\r\n\r\n<h3 class=\"wp-block-heading\"><\/h3>\r\n\r\n<h2 class=\"wp-block-heading\">Kokkuv\u00f5te<\/h2>\r\n<h3 class=\"wp-block-heading\"><\/h3>\r\n\r\n<p>Ekskavaatorite kiikelaagrid on ekskavaatorite funktsionaalsuse ja t\u00f5hususe seisukohalt \u00fcliolulised. Nende struktuuri, t\u00fc\u00fcpide, t\u00e4htsuse, hoolduse ja sagedaste probleemide m\u00f5istmine on optimaalse t\u00f6\u00f6 tagamiseks h\u00e4davajalik. N\u00f5uetekohane hooldus ja \u00f5igeaegne probleemide lahendamine v\u00f5ib pikendada nende laagrite kasutusiga ja usaldusv\u00e4\u00e4rsust, suurendades tootlikkust.<\/p>","protected":false},"excerpt":{"rendered":"<p><strong><b>Osa<\/b><\/strong> #:109-00162<br \/><strong><b>Tee<\/b><\/strong>:Doosan <br \/><strong><b>Mudel<\/b><\/strong>:DX225<br \/><strong><b>Tingimus<\/b><\/strong>: Uus<\/p>","protected":false},"featured_media":4104,"template":"","meta":[],"product_brand":[],"product_cat":[69],"product_tag":[78,63],"class_list":{"0":"post-4075","1":"product","2":"type-product","3":"status-publish","4":"has-post-thumbnail","6":"product_cat-doosan-excavator-swing-bearing","7":"product_tag-swing-circle","8":"product_tag-turntable-bearing","10":"first","11":"instock","12":"shipping-taxable","13":"product-type-simple"},"_links":{"self":[{"href":"https:\/\/swingbearing.net\/et\/wp-json\/wp\/v2\/product\/4075","targetHints":{"allow":["GET"]}}],"collection":[{"href":"https:\/\/swingbearing.net\/et\/wp-json\/wp\/v2\/product"}],"about":[{"href":"https:\/\/swingbearing.net\/et\/wp-json\/wp\/v2\/types\/product"}],"wp:featuredmedia":[{"embeddable":true,"href":"https:\/\/swingbearing.net\/et\/wp-json\/wp\/v2\/media\/4104"}],"wp:attachment":[{"href":"https:\/\/swingbearing.net\/et\/wp-json\/wp\/v2\/media?parent=4075"}],"wp:term":[{"taxonomy":"product_brand","embeddable":true,"href":"https:\/\/swingbearing.net\/et\/wp-json\/wp\/v2\/product_brand?post=4075"},{"taxonomy":"product_cat","embeddable":true,"href":"https:\/\/swingbearing.net\/et\/wp-json\/wp\/v2\/product_cat?post=4075"},{"taxonomy":"product_tag","embeddable":true,"href":"https:\/\/swingbearing.net\/et\/wp-json\/wp\/v2\/product_tag?post=4075"}],"curies":[{"name":"wp","href":"https:\/\/api.w.org\/{rel}","templated":true}]}}