{"id":3940,"date":"2024-06-05T07:55:14","date_gmt":"2024-06-05T07:55:14","guid":{"rendered":"https:\/\/swingbearing.net\/product\/volvo-swing-bearing-ec240blc-sa115500040-slewing-ring-bearing\/"},"modified":"2024-06-05T15:26:30","modified_gmt":"2024-06-05T15:26:30","slug":"volvo-swing-bearing-ec240blc-sa115500040-slewing-ring-bearing","status":"publish","type":"product","link":"https:\/\/swingbearing.net\/et\/product\/volvo-swing-bearing-ec240blc-sa115500040-slewing-ring-bearing\/","title":{"rendered":"SA115500040 VOLVO EC240BLC laagri kiikelaager"},"content":{"rendered":"<h2 style=\"text-align: center;\">VOLVO kiikelaagri asendamine<\/h2>\r\n<figure class=\"wp-block-table\" style=\"font-size: 12px;\">\r\n<table>\r\n<tbody>\r\n<tr>\r\n<td>Ekskavaatori mudeli number<\/td>\r\n<td>Osa number<\/td>\r\n<td>Ekskavaatori mudeli number<\/td>\r\n<td>Osa number<\/td>\r\n<\/tr>\r\n<tr>\r\n<td>EC160B EC180B\/C\/D<\/td>\r\n<td>14577175<\/td>\r\n<td>EC210LC<\/td>\r\n<td>1155-00061<\/td>\r\n<\/tr>\r\n<tr>\r\n<td>EC160B EC180B\/C\/D<\/td>\r\n<td>14577176<\/td>\r\n<td>EC210LC<\/td>\r\n<td>14563328<\/td>\r\n<\/tr>\r\n<tr>\r\n<td>EC160B EC180B\/C\/D<\/td>\r\n<td>14563341<\/td>\r\n<td>EC240BLC<\/td>\r\n<td>14575267<\/td>\r\n<\/tr>\r\n<tr>\r\n<td>EC160B EC180B\/C\/D<\/td>\r\n<td>14563342<\/td>\r\n<td>EC240BLC<\/td>\r\n<td>14563334<\/td>\r\n<\/tr>\r\n<tr>\r\n<td>EC140 CLM<\/td>\r\n<td>14563340<\/td>\r\n<td>EC240BLC<\/td>\r\n<td>SA1155-00040<\/td>\r\n<\/tr>\r\n<tr>\r\n<td>EC140B LC<\/td>\r\n<td>Seeria-V20400<\/td>\r\n<td>EC240BNLC<\/td>\r\n<td>14520572<\/td>\r\n<\/tr>\r\n<tr>\r\n<td>EC140CL<\/td>\r\n<td>SA1055-01461<\/td>\r\n<td>EC290<\/td>\r\n<td>14570794<\/td>\r\n<\/tr>\r\n<tr>\r\n<td>EC140CL<\/td>\r\n<td>VOE14520561<\/td>\r\n<td>EC290BLC<\/td>\r\n<td>14563335<\/td>\r\n<\/tr>\r\n<tr>\r\n<td>EC180B LC<\/td>\r\n<td>VOE14520569<\/td>\r\n<td>EC290B<\/td>\r\n<td>14563335<\/td>\r\n<\/tr>\r\n<tr>\r\n<td>EC210<\/td>\r\n<td>SA1155-00061<\/td>\r\n<td>EC290B<\/td>\r\n<td>14520573<\/td>\r\n<\/tr>\r\n<tr>\r\n<td>EC210BLC<\/td>\r\n<td>14563343<\/td>\r\n<td>EX300-3C<\/td>\r\n<td>9112188<\/td>\r\n<\/tr>\r\n<tr>\r\n<td>EC210BLC<\/td>\r\n<td>14647522<\/td>\r\n<td>EC360BLC<\/td>\r\n<td>14563350<\/td>\r\n<\/tr>\r\n<tr>\r\n<td>EC210 2005<\/td>\r\n<td>EC210V13948<\/td>\r\n<td>EC390<\/td>\r\n<td>14647527<\/td>\r\n<\/tr>\r\n<tr>\r\n<td>EC210B<\/td>\r\n<td>14563327<\/td>\r\n<td>EC460BLC<\/td>\r\n<td>14507709<\/td>\r\n<\/tr>\r\n<tr>\r\n<td>EC210B<\/td>\r\n<td>14505766<\/td>\r\n<td>EC460<\/td>\r\n<td>14559204<\/td>\r\n<\/tr>\r\n<tr>\r\n<td>EC210BLC<\/td>\r\n<td>14577178<\/td>\r\n<td>EC480DL<\/td>\r\n<td>14559204<\/td>\r\n<\/tr>\r\n<tr>\r\n<td>EC210<\/td>\r\n<td>14647523<\/td>\r\n<td>EC700BLC<\/td>\r\n<td>14559205<\/td>\r\n<\/tr>\r\n<tr>\r\n<td>EC210BNC<\/td>\r\n<td>14530323<\/td>\r\n<td>\u00a0<\/td>\r\n<td>\u00a0<\/td>\r\n<\/tr>\r\n<\/tbody>\r\n<\/table>\r\n<p><img decoding=\"async\" class=\"alignnone wp-image-2788 size-full\" src=\"https:\/\/swingbearing.net\/wp-content\/uploads\/2024\/05\/777.jpg\" alt=\"p\u00f6\u00f6rlevate r\u00f5ngaste laagrid\" width=\"1980\" height=\"700\" srcset=\"https:\/\/swingbearing.net\/wp-content\/uploads\/2024\/05\/777.jpg 1980w, https:\/\/swingbearing.net\/wp-content\/uploads\/2024\/05\/777-300x106.jpg 300w, https:\/\/swingbearing.net\/wp-content\/uploads\/2024\/05\/777-1024x362.jpg 1024w, https:\/\/swingbearing.net\/wp-content\/uploads\/2024\/05\/777-768x272.jpg 768w, https:\/\/swingbearing.net\/wp-content\/uploads\/2024\/05\/777-1536x543.jpg 1536w, https:\/\/swingbearing.net\/wp-content\/uploads\/2024\/05\/777-18x6.jpg 18w, https:\/\/swingbearing.net\/wp-content\/uploads\/2024\/05\/777-600x212.jpg 600w\" sizes=\"(max-width: 1980px) 100vw, 1980px\" \/><\/p>\r\n<p>&nbsp;<\/p>\r\n<\/figure>\r\n\r\n<p><\/p>\r\n<h3 class=\"wp-block-heading\"><\/h3>\r\n<p>Ekskavaatorid on olulised ehitus-, kaevandus- ja metsat\u00f6\u00f6stuses. \u00dcks p\u00f5hikomponent, mis tagab nende t\u00f5husa t\u00f6\u00f6, on kiiklaager. Selles artiklis k\u00e4sitletakse ekskavaatorite kiikelaagrite t\u00e4htsust, ehitust, t\u00fc\u00fcpe, hooldust ja sagedamini esinevaid probleeme.<\/p>\r\n<h3 class=\"wp-block-heading\">\r\n\r\n<\/h3>\r\n<h2 class=\"wp-block-heading\">Ekskavaatori kiigelaagrite m\u00f5istmine<\/h2>\r\n<h3 class=\"wp-block-heading\">\r\n\r\n<\/h3>\r\n<p>Ekskavaatori kiikelaager, mida tuntakse ka kui p\u00f6\u00f6rlemisr\u00f5ngast, p\u00f6\u00f6rlemislaagrit, v\u00f5imaldab \u00fclemisel konstruktsioonil p\u00f6\u00f6relda 360 kraadi. See p\u00f6\u00f6rlemine on oluline materjalide kaevamisel, teisaldamisel ja mahalaadimisel. Laager kannab aksiaal-, radiaal- ja momentkoormusi, mist\u00f5ttu on see masinale h\u00e4davajalik.<\/p>\r\n<h3 class=\"wp-block-heading\">\r\n\r\n<\/h3>\r\n<h2 class=\"wp-block-heading\">Ekskavaatori kiigelaagri struktuur<\/h2>\r\n<h3 class=\"wp-block-heading\">\r\n\r\n<\/h3>\r\n<p>Ekskavaatori p\u00f6\u00f6rlev laager koosneb j\u00e4rgmistest osadest:<\/p>\r\n<h3 class=\"wp-block-heading\">\r\n\r\n<\/h3>\r\n<ul class=\"wp-block-list\">\r\n<li>Sisemine ja v\u00e4limine r\u00f5ngas: Valmistatud suure tugevusega terasest, et taluda suuri koormusi.<\/li>\r\n\r\n\r\n\r\n<li>Veerevad elemendid: Pallid v\u00f5i rullid, mis h\u00f5lbustavad sujuvat p\u00f6\u00f6rlemist.<\/li>\r\n\r\n\r\n\r\n<li>Puurid: Hoidke veeremielemendid \u00fchtlaselt paigutatud.<\/li>\r\n\r\n\r\n\r\n<li>Tihendid: Kaitsevad laagrit mustuse, vee ja prahi eest.<\/li>\r\n<\/ul>\r\n<h3 class=\"wp-block-heading\">\r\n\r\n<\/h3>\r\n<h2 class=\"wp-block-heading\">Ekskavaatori p\u00f6\u00f6rleva laagri t\u00fc\u00fcbid<\/h2>\r\n<h3 class=\"wp-block-heading\">\r\n\r\n<\/h3>\r\n<h4 class=\"wp-block-heading\">P\u00f6\u00f6rdlaagrid on erineva konstruktsiooniga:<\/h4>\r\n<h3 class=\"wp-block-heading\">\r\n\r\n<\/h3>\r\n<ul class=\"wp-block-list\">\r\n<li>\u00dche reaga kuullaagrid: Tasakaalustage kandev\u00f5ime ja p\u00f6\u00f6rlemiskiirus.<\/li>\r\n\r\n\r\n\r\n<li>Kaherealised kuullaagrid: Suuremate ekskavaatorite jaoks suurema kandev\u00f5ime tagamine.<\/li>\r\n\r\n\r\n\r\n<li>Ristk\u00fclikukujulised laagrid: K\u00e4sitlevad samaaegselt suuri aksiaal- ja radiaalkoormusi.<\/li>\r\n\r\n\r\n\r\n<li>Kolmerealised rull-laagrid: Pakuvad maksimaalset kandev\u00f5imet tugevate ekskavaatorite jaoks.<\/li>\r\n<\/ul>\r\n<h3 class=\"wp-block-heading\">\r\n\r\n<\/h3>\r\n<h2 class=\"wp-block-heading\">P\u00f6\u00f6rdlaagrite t\u00e4htsus ekskavaatorites<\/h2>\r\n<h3 class=\"wp-block-heading\">\r\n\r\n<\/h3>\r\n<p>P\u00f6\u00f6rdlaagrid tagavad koormuse \u00fchtlase jaotumise, s\u00e4ilitades ekskavaatori konstruktsiooni terviklikkuse. Need v\u00f5imaldavad 360-kraadist p\u00f6\u00f6rlemist, suurendades t\u00f6\u00f6 t\u00f5husust piiratud ruumides. Nende vastupidavus v\u00e4hendab seisakuid ja hoolduskulusid.<\/p>\r\n<h3 class=\"wp-block-heading\">\r\n\r\n<\/h3>\r\n<h2 class=\"wp-block-heading\">Ekskavaatori p\u00f6\u00f6rleva laagri hooldus<\/h2>\r\n<h3 class=\"wp-block-heading\">\r\n\r\n<\/h3>\r\n<h4 class=\"wp-block-heading\">N\u00f5uetekohane hooldus h\u00f5lmab:<\/h4>\r\n<h3 class=\"wp-block-heading\">\r\n\r\n<\/h3>\r\n<ul class=\"wp-block-list\">\r\n<li>Regulaarsed kontrollid: Kontrollige kulumist, korrosiooni v\u00f5i kahjustusi.<\/li>\r\n\r\n\r\n\r\n<li>M\u00e4\u00e4rimine: V\u00e4hendada h\u00f5\u00f5rdumist ja v\u00e4ltida kulumist.<\/li>\r\n\r\n\r\n\r\n<li>Pitseri terviklikkus: Veenduge, et tihendid on terved, et v\u00e4ltida saastumist.<\/li>\r\n\r\n\r\n\r\n<li>Koormuse juhtimine: V\u00e4ltige ekskavaatori \u00fclekoormamist.<\/li>\r\n\r\n\r\n\r\n<li>Kohanemine: Tagage n\u00f5uetekohane joondamine, et v\u00e4ltida eba\u00fchtlast kulumist.<\/li>\r\n<\/ul>\r\n<h3 class=\"wp-block-heading\">\r\n\r\n<\/h3>\r\n<h3 class=\"wp-block-heading\">Levinud probleemid kiikelaagritega<\/h3>\r\n<h3 class=\"wp-block-heading\">\r\n\r\n<\/h3>\r\n<p>Levinumad probleemid on j\u00e4rgmised:<\/p>\r\n<h3 class=\"wp-block-heading\">\r\n\r\n<\/h3>\r\n<ul class=\"wp-block-list\">\r\n<li>Kulumine ja kulumine: P\u00f5hjustatud pidevast kasutamisest ja rasketest koormustest.<\/li>\r\n\r\n\r\n\r\n<li>Saastumine: Laagrisse sattuv mustus, vesi ja prahi.<\/li>\r\n\r\n\r\n\r\n<li>Korrosioon: Korrosioon: niiskuse ja karmide tingimuste t\u00f5ttu.<\/li>\r\n\r\n\r\n\r\n<li>Valesti paigutatud: Eba\u00f5ige paigalduse v\u00f5i struktuuriprobleemide tagaj\u00e4rjel.<\/li>\r\n<\/ul>\r\n<h3 class=\"wp-block-heading\">\r\n\r\n<\/h3>\r\n<h2 class=\"wp-block-heading\">Kokkuv\u00f5te<\/h2>\r\n<h3 class=\"wp-block-heading\">\r\n\r\n<\/h3>\r\n<p><a href=\"https:\/\/swingbearing.net\/et\/excavator-swing-bearing\/\">Ekskavaatori kiigelaagrid<\/a> on ekskavaatorite funktsionaalsuse ja t\u00f5hususe seisukohalt \u00fcliolulised. Nende struktuuri, t\u00fc\u00fcpide, t\u00e4htsuse, hoolduse ja sagedaste probleemide m\u00f5istmine on optimaalse t\u00f6\u00f6 tagamiseks h\u00e4davajalik. N\u00f5uetekohane hooldus ja \u00f5igeaegne probleemide lahendamine v\u00f5ib pikendada nende laagrite kasutusiga ja usaldusv\u00e4\u00e4rsust, suurendades tootlikkust.<\/p>\r\n<p><\/p>","protected":false},"excerpt":{"rendered":"<p><strong><b>Osa<\/b><\/strong> #: SA115500040<br \/><strong><b>Tee<\/b><\/strong>: VOLVO<br \/><strong><b>Mudel<\/b><\/strong>: EC240BLC <br \/><strong><b>Tingimus<\/b><\/strong>: Uus<\/p>","protected":false},"featured_media":2890,"template":"","meta":[],"product_brand":[],"product_cat":[68],"product_tag":[],"class_list":{"0":"post-3940","1":"product","2":"type-product","3":"status-publish","4":"has-post-thumbnail","6":"product_cat-volvo-excavator-swing-bearing","8":"first","9":"instock","10":"shipping-taxable","11":"product-type-simple"},"_links":{"self":[{"href":"https:\/\/swingbearing.net\/et\/wp-json\/wp\/v2\/product\/3940","targetHints":{"allow":["GET"]}}],"collection":[{"href":"https:\/\/swingbearing.net\/et\/wp-json\/wp\/v2\/product"}],"about":[{"href":"https:\/\/swingbearing.net\/et\/wp-json\/wp\/v2\/types\/product"}],"wp:featuredmedia":[{"embeddable":true,"href":"https:\/\/swingbearing.net\/et\/wp-json\/wp\/v2\/media\/2890"}],"wp:attachment":[{"href":"https:\/\/swingbearing.net\/et\/wp-json\/wp\/v2\/media?parent=3940"}],"wp:term":[{"taxonomy":"product_brand","embeddable":true,"href":"https:\/\/swingbearing.net\/et\/wp-json\/wp\/v2\/product_brand?post=3940"},{"taxonomy":"product_cat","embeddable":true,"href":"https:\/\/swingbearing.net\/et\/wp-json\/wp\/v2\/product_cat?post=3940"},{"taxonomy":"product_tag","embeddable":true,"href":"https:\/\/swingbearing.net\/et\/wp-json\/wp\/v2\/product_tag?post=3940"}],"curies":[{"name":"wp","href":"https:\/\/api.w.org\/{rel}","templated":true}]}}