{"id":2881,"date":"2024-05-09T07:25:53","date_gmt":"2024-05-09T07:25:53","guid":{"rendered":"https:\/\/swingbearing.net\/product\/cat322c-221-6764-excavator-swing-bearing-swing-circle\/"},"modified":"2024-05-14T02:17:38","modified_gmt":"2024-05-14T02:17:38","slug":"cat322c-221-6764-excavator-swing-bearing-swing-circle","status":"publish","type":"product","link":"https:\/\/swingbearing.net\/et\/product\/cat322c-221-6764-excavator-swing-bearing-swing-circle\/","title":{"rendered":"CAT322C 221-6764 Ekskavaatori kiikelaagri kiigepiir"},"content":{"rendered":"<figure class=\"wp-block-table\">\n<h2 style=\"text-align: center;\">CAT ekskavaatori kiikelaager<\/h2>\n<table class=\"has-white-background-color has-background\">\n<tbody>\n<tr>\n<td style=\"text-align: center;\">Mudel<\/td>\n<td style=\"text-align: center;\">Osa number<\/td>\n<td style=\"text-align: center;\">V\u00e4lisl\u00e4bim\u00f5\u00f5t<\/td>\n<td style=\"text-align: center;\">Sisemine l\u00e4bim\u00f5\u00f5t<\/td>\n<td style=\"text-align: center;\">Koguk\u00f5rgus<\/td>\n<td style=\"text-align: center;\">V\u00e4line k\u00f5rgus<\/td>\n<td style=\"text-align: center;\">Sisemine k\u00f5rgus<\/td>\n<td style=\"text-align: center;\">V\u00e4lise augu parameetrid<\/td>\n<td style=\"text-align: center;\">Sisemise augu parameetrid<\/td>\n<td style=\"text-align: center;\">Hammaste arv<\/td>\n<\/tr>\n<tr>\n<td>CAT 307C<\/td>\n<td>240-8361<\/td>\n<td>810<\/td>\n<td>568<\/td>\n<td>82<\/td>\n<td>62<\/td>\n<td>62<\/td>\n<td>29<\/td>\n<td>38<\/td>\n<td>75<\/td>\n<\/tr>\n<tr>\n<td>CAT312CL<\/td>\n<td>229-1077<\/td>\n<td>1093<\/td>\n<td>883<\/td>\n<td>72.5<\/td>\n<td>50<\/td>\n<td>62<\/td>\n<td>34-\u03c618<\/td>\n<td>38-M16<\/td>\n<td>90<\/td>\n<\/tr>\n<tr>\n<td>CAT 311<\/td>\n<td>231-6853<\/td>\n<td>1115<\/td>\n<td>883<\/td>\n<td>75<\/td>\n<td>60<\/td>\n<td>67<\/td>\n<td>29-\u03c618<\/td>\n<td>30-M16<\/td>\n<td>90<\/td>\n<\/tr>\n<tr>\n<td>CAT 312B<\/td>\n<td>616411<\/td>\n<td>1115<\/td>\n<td>883<\/td>\n<td>75<\/td>\n<td>60<\/td>\n<td>67<\/td>\n<td>29-\u03c618<\/td>\n<td>30-M16<\/td>\n<td>90<\/td>\n<\/tr>\n<tr>\n<td>CAT312CL<\/td>\n<td>229-1077<\/td>\n<td>1093<\/td>\n<td>883<\/td>\n<td>72.5<\/td>\n<td>50<\/td>\n<td>62<\/td>\n<td>34-\u03c618<\/td>\n<td>38-M16<\/td>\n<td>90<\/td>\n<\/tr>\n<tr>\n<td>CAT 312C<\/td>\n<td>229-1077<\/td>\n<td>1093<\/td>\n<td>883<\/td>\n<td>72.5<\/td>\n<td>50<\/td>\n<td>62<\/td>\n<td>34-\u03c618<\/td>\n<td>38-M16<\/td>\n<td>90<\/td>\n<\/tr>\n<tr>\n<td>CAT 315<\/td>\n<td>148-4568<\/td>\n<td>1205<\/td>\n<td>961<\/td>\n<td>94<\/td>\n<td>74<\/td>\n<td>84<\/td>\n<td>34<\/td>\n<td>30<\/td>\n<td>98<\/td>\n<\/tr>\n<tr>\n<td>CAT 318B<\/td>\n<td>148-4568<\/td>\n<td>1205<\/td>\n<td>961<\/td>\n<td>94<\/td>\n<td>74<\/td>\n<td>84<\/td>\n<td>34<\/td>\n<td>30<\/td>\n<td>98<\/td>\n<\/tr>\n<tr>\n<td>CAT 315C<\/td>\n<td>229-1080<\/td>\n<td>1205<\/td>\n<td>961<\/td>\n<td>94<\/td>\n<td>74<\/td>\n<td>84<\/td>\n<td>34-\u03c622<\/td>\n<td>36-M20<\/td>\n<td>98<\/td>\n<\/tr>\n<tr>\n<td>CAT 319C<\/td>\n<td>227-6079<\/td>\n<td>1310<\/td>\n<td>1065<\/td>\n<td>106<\/td>\n<td>84<\/td>\n<td>88<\/td>\n<td>36<\/td>\n<td>36\/M20<\/td>\n<td>90<\/td>\n<\/tr>\n<tr>\n<td>CAT320B<\/td>\n<td>1141414<\/td>\n<td>1314<\/td>\n<td>1084<\/td>\n<td>100<\/td>\n<td>85<\/td>\n<td>87<\/td>\n<td>33-\u042422<\/td>\n<td>36-M20<\/td>\n<td>110<\/td>\n<\/tr>\n<tr>\n<td>CAT320BL<\/td>\n<td>121-8222<\/td>\n<td>1314<\/td>\n<td>1084<\/td>\n<td>100<\/td>\n<td>85<\/td>\n<td>87<\/td>\n<td>33-\u042422<\/td>\n<td>36-M20<\/td>\n<td>110<\/td>\n<\/tr>\n<tr>\n<td>CAT 320<\/td>\n<td>7Y1565<\/td>\n<td>1314<\/td>\n<td>1084<\/td>\n<td>100<\/td>\n<td>85<\/td>\n<td>87<\/td>\n<td>33-\u03c622<\/td>\n<td>36-M20<\/td>\n<td>110<\/td>\n<\/tr>\n<tr>\n<td>CAT 320B<\/td>\n<td>114-1505<\/td>\n<td>1314<\/td>\n<td>1084<\/td>\n<td>100<\/td>\n<td>85<\/td>\n<td>87<\/td>\n<td>33-\u042422<\/td>\n<td>36-M20<\/td>\n<td>110<\/td>\n<\/tr>\n<tr>\n<td>CAT320BL<\/td>\n<td>177-7723<\/td>\n<td>1314<\/td>\n<td>1084<\/td>\n<td>100<\/td>\n<td>85<\/td>\n<td>87<\/td>\n<td>33-\u042422<\/td>\n<td>36-M20<\/td>\n<td>110<\/td>\n<\/tr>\n<tr>\n<td>CAT 320C<\/td>\n<td>227-6081<\/td>\n<td>1316<\/td>\n<td>1081<\/td>\n<td>105<\/td>\n<td>73<\/td>\n<td>93<\/td>\n<td>42-\u03c622<\/td>\n<td>40-M20<\/td>\n<td>110<\/td>\n<\/tr>\n<tr>\n<td>CAT 320C<\/td>\n<td>227-6147<\/td>\n<td>1316<\/td>\n<td>1081<\/td>\n<td>105<\/td>\n<td>73<\/td>\n<td>93<\/td>\n<td>42-\u03c622<\/td>\n<td>40-M20<\/td>\n<td>110<\/td>\n<\/tr>\n<tr>\n<td>CAT 320C<\/td>\n<td>171-9425<\/td>\n<td>1316<\/td>\n<td>1081<\/td>\n<td>105<\/td>\n<td>73<\/td>\n<td>93<\/td>\n<td>42-\u03c622<\/td>\n<td>40-M20<\/td>\n<td>110<\/td>\n<\/tr>\n<tr>\n<td>CAT 320D<\/td>\n<td>227-6082<\/td>\n<td>1316<\/td>\n<td>1081<\/td>\n<td>105<\/td>\n<td>73<\/td>\n<td>93<\/td>\n<td>42-\u03c622<\/td>\n<td>40-M20<\/td>\n<td>110<\/td>\n<\/tr>\n<tr>\n<td>CAT 320L<\/td>\n<td>7Y1563<\/td>\n<td>1316<\/td>\n<td>1084<\/td>\n<td>105<\/td>\n<td>85<\/td>\n<td>92<\/td>\n<td>38-\u03c622<\/td>\n<td>36-M20<\/td>\n<td>110<\/td>\n<\/tr>\n<tr>\n<td>CAT 320L<\/td>\n<td>7Y1563<\/td>\n<td>1318<\/td>\n<td>1084<\/td>\n<td>105<\/td>\n<td>86<\/td>\n<td>90<\/td>\n<td>38-\u03c622<\/td>\n<td>36-M20<\/td>\n<td>110<\/td>\n<\/tr>\n<tr>\n<td>CAT 225<\/td>\n<td>8K4127<\/td>\n<td>1451<\/td>\n<td>1038<\/td>\n<td>105<\/td>\n<td>92<\/td>\n<td>90<\/td>\n<td>29-\u03c624<\/td>\n<td>36-\u03c624<\/td>\n<td>104<\/td>\n<\/tr>\n<tr>\n<td>CAT 322C<\/td>\n<td>221-6764<\/td>\n<td>1460<\/td>\n<td>1163<\/td>\n<td>110<\/td>\n<td>88<\/td>\n<td>95<\/td>\n<td>34-\u042426<\/td>\n<td>36-M24<\/td>\n<td>85<\/td>\n<\/tr>\n<tr>\n<td>CAT 324D<\/td>\n<td>227-6085<\/td>\n<td>1460<\/td>\n<td>1164<\/td>\n<td>110<\/td>\n<td>88<\/td>\n<td>95<\/td>\n<td>34-\u042426<\/td>\n<td>36-M24<\/td>\n<td>85<\/td>\n<\/tr>\n<tr>\n<td>CAT 325<\/td>\n<td>7Y0745<\/td>\n<td>1495<\/td>\n<td>1164<\/td>\n<td>110<\/td>\n<td>93<\/td>\n<td>95<\/td>\n<td>35<\/td>\n<td>38<\/td>\n<td>85<\/td>\n<\/tr>\n<tr>\n<td>CAT 325C<\/td>\n<td>227-6087<\/td>\n<td>1495<\/td>\n<td>1164<\/td>\n<td>110<\/td>\n<td>93<\/td>\n<td>95<\/td>\n<td>38-\u03c626<\/td>\n<td>42<\/td>\n<td>85<\/td>\n<\/tr>\n<tr>\n<td>CAT 326<\/td>\n<td>353-0649<\/td>\n<td>1462<\/td>\n<td>1164<\/td>\n<td>110<\/td>\n<td>89<\/td>\n<td>95<\/td>\n<td>34-\u03c626<\/td>\n<td>36-M24<\/td>\n<td>85<\/td>\n<\/tr>\n<tr>\n<td>CAT 329D<\/td>\n<td>227-6087<\/td>\n<td>1495<\/td>\n<td>1164<\/td>\n<td>110<\/td>\n<td>93<\/td>\n<td>95<\/td>\n<td>38-\u042426<\/td>\n<td>42-M24<\/td>\n<td>85<\/td>\n<\/tr>\n<tr>\n<td>CAT 330<\/td>\n<td>7Y0933<\/td>\n<td>1664<\/td>\n<td>1313.5<\/td>\n<td>140<\/td>\n<td>100<\/td>\n<td>124<\/td>\n<td>42-\u03c626<\/td>\n<td>46-M24<\/td>\n<td><\/td>\n<\/tr>\n<tr>\n<td>CAT 330<\/td>\n<td>1994559<\/td>\n<td>1664<\/td>\n<td>1313.5<\/td>\n<td>141<\/td>\n<td>100<\/td>\n<td>124<\/td>\n<td>42-\u03c626<\/td>\n<td>46-M24<\/td>\n<td>84<\/td>\n<\/tr>\n<tr>\n<td>CAT 330<\/td>\n<td>353-0487<\/td>\n<td>1664<\/td>\n<td>1313.5<\/td>\n<td>140<\/td>\n<td>100<\/td>\n<td>124<\/td>\n<td>46-\u03c626<\/td>\n<td>46-M24<\/td>\n<td>84<\/td>\n<\/tr>\n<tr>\n<td>CAT 336D<\/td>\n<td>353-0489<\/td>\n<td>1665<\/td>\n<td>1313<\/td>\n<td>140<\/td>\n<td>100<\/td>\n<td>122<\/td>\n<td>42<\/td>\n<td>46<\/td>\n<td>84<\/td>\n<\/tr>\n<tr>\n<td>CAT336DL<\/td>\n<td>227-6089<\/td>\n<td>1665<\/td>\n<td>1314<\/td>\n<td>140<\/td>\n<td>100<\/td>\n<td>125<\/td>\n<td>42<\/td>\n<td>46<\/td>\n<td>84<\/td>\n<\/tr>\n<tr>\n<td>CAT336DL<\/td>\n<td>353-0680<\/td>\n<td>1664<\/td>\n<td>1313.5<\/td>\n<td>139<\/td>\n<td>100<\/td>\n<td>124<\/td>\n<td>46-\u03c626<\/td>\n<td>46-M24<\/td>\n<td>84<\/td>\n<\/tr>\n<tr>\n<td>CAT 336D<\/td>\n<td>353-0490<\/td>\n<td>1665<\/td>\n<td>1313<\/td>\n<td>140<\/td>\n<td>100<\/td>\n<td>122<\/td>\n<td>42<\/td>\n<td>46<\/td>\n<td>84<\/td>\n<\/tr>\n<tr>\n<td>CAT 345<\/td>\n<td>227-6052<\/td>\n<td>1680<\/td>\n<td>1318<\/td>\n<td>140<\/td>\n<td>107<\/td>\n<td>126<\/td>\n<td>54-\u03c626<\/td>\n<td>70-M24<\/td>\n<td>96<\/td>\n<\/tr>\n<tr>\n<td>CAT 345B<\/td>\n<td>136-2969<\/td>\n<td>1680<\/td>\n<td>1343<\/td>\n<td>140<\/td>\n<td>107<\/td>\n<td>126<\/td>\n<td>45-\u042426<\/td>\n<td>60-M24<\/td>\n<td>136<\/td>\n<\/tr>\n<tr>\n<td>CAT345BII<\/td>\n<td>227-6094<\/td>\n<td>1680<\/td>\n<td>1318<\/td>\n<td>140<\/td>\n<td>108<\/td>\n<td>125<\/td>\n<td>54-\u042426<\/td>\n<td>70-M24<\/td>\n<td>96<\/td>\n<\/tr>\n<tr>\n<td>CAT345BL<\/td>\n<td>1695536\/1695537<\/td>\n<td>1680<\/td>\n<td>1343<\/td>\n<td>140<\/td>\n<td>107<\/td>\n<td>125<\/td>\n<td>45-\u042426<\/td>\n<td>60-M24<\/td>\n<td>136<\/td>\n<\/tr>\n<tr>\n<td>CAT345DL<\/td>\n<td>227-6037<\/td>\n<td>1680<\/td>\n<td>1318<\/td>\n<td>140<\/td>\n<td>107<\/td>\n<td>125<\/td>\n<td>54-\u042426<\/td>\n<td>70-M24<\/td>\n<td>96<\/td>\n<\/tr>\n<tr>\n<td>CAT 349D<\/td>\n<td>353-0490<\/td>\n<td>1666<\/td>\n<td>1315<\/td>\n<td>140<\/td>\n<td>100<\/td>\n<td>123<\/td>\n<td>46<\/td>\n<td>46<\/td>\n<td>84<\/td>\n<\/tr>\n<tr>\n<td>CAT 350<\/td>\n<td>1026392<\/td>\n<td>1680<\/td>\n<td>1343<\/td>\n<td>140<\/td>\n<td>107<\/td>\n<td>126<\/td>\n<td>45-\u03c626<\/td>\n<td>60-M24<\/td>\n<td>136<\/td>\n<\/tr>\n<tr>\n<td>CAT 365C<\/td>\n<td>199-4565<\/td>\n<td>1810<\/td>\n<td>1348<\/td>\n<td>180<\/td>\n<td>140<\/td>\n<td>152<\/td>\n<td>37<\/td>\n<td>60<\/td>\n<td>98<\/td>\n<\/tr>\n<tr>\n<td>CAT 365C<\/td>\n<td>227-6096<\/td>\n<td>1805<\/td>\n<td>1348<\/td>\n<td>180<\/td>\n<td>138<\/td>\n<td>150<\/td>\n<td>37<\/td>\n<td>60<\/td>\n<td>98<\/td>\n<\/tr>\n<tr>\n<td>CAT 365C<\/td>\n<td>227-6097<\/td>\n<td>1805<\/td>\n<td>1348<\/td>\n<td>180<\/td>\n<td>138<\/td>\n<td>150<\/td>\n<td>37<\/td>\n<td>60<\/td>\n<td>98<\/td>\n<\/tr>\n<tr>\n<td>CAT365CL<\/td>\n<td>397-9666<\/td>\n<td>1805<\/td>\n<td>1348<\/td>\n<td>180<\/td>\n<td>138<\/td>\n<td>150<\/td>\n<td>37<\/td>\n<td>60<\/td>\n<td>98<\/td>\n<\/tr>\n<tr>\n<td>CAT374F<\/td>\n<td>378-9586<\/td>\n<td>1820<\/td>\n<td>1348<\/td>\n<td>180<\/td>\n<td>140<\/td>\n<td>150<\/td>\n<td>37<\/td>\n<td>60<\/td>\n<td>98<\/td>\n<\/tr>\n<tr>\n<td>CAT374<\/td>\n<td>333-3009<\/td>\n<td>1820<\/td>\n<td>1348<\/td>\n<td>180<\/td>\n<td>136<\/td>\n<td>150<\/td>\n<td>37<\/td>\n<td>60<\/td>\n<td>98<\/td>\n<\/tr>\n<tr>\n<td>CAT374<\/td>\n<td>367-8361<\/td>\n<td>1820<\/td>\n<td>1348<\/td>\n<td>180<\/td>\n<td>136<\/td>\n<td>150<\/td>\n<td>37<\/td>\n<td>60<\/td>\n<td>98<\/td>\n<\/tr>\n<tr>\n<td>CAT 385C<\/td>\n<td>199-4491<\/td>\n<td>1820<\/td>\n<td>1348<\/td>\n<td>180<\/td>\n<td>146<\/td>\n<td>150<\/td>\n<td>37<\/td>\n<td>60<\/td>\n<td>98<\/td>\n<\/tr>\n<tr>\n<td>CAT 385C<\/td>\n<td>227-6099<\/td>\n<td>1820<\/td>\n<td>1348<\/td>\n<td>180<\/td>\n<td>146<\/td>\n<td>150<\/td>\n<td>37<\/td>\n<td>60<\/td>\n<td>98<\/td>\n<\/tr>\n<tr>\n<td>CAT385BL<\/td>\n<td>227-6098<\/td>\n<td>1820<\/td>\n<td>1348<\/td>\n<td>180<\/td>\n<td>138<\/td>\n<td>150<\/td>\n<td>37<\/td>\n<td>60<\/td>\n<td>98<\/td>\n<\/tr>\n<tr>\n<td>CAT385CL<\/td>\n<td>227-6099<\/td>\n<td>1950<\/td>\n<td>1456<\/td>\n<td>217<\/td>\n<td>170<\/td>\n<td>180<\/td>\n<td>48<\/td>\n<td>74<\/td>\n<td>93<\/td>\n<\/tr>\n<tr>\n<td>CAT 390D<\/td>\n<td>227-6099<\/td>\n<td>1950<\/td>\n<td>1456<\/td>\n<td>217<\/td>\n<td>170<\/td>\n<td>180<\/td>\n<td>48<\/td>\n<td>74<\/td>\n<td>93<\/td>\n<\/tr>\n<tr>\n<td style=\"text-align: left;\">CAT 140<\/td>\n<td style=\"text-align: left;\">2436650<\/td>\n<td style=\"text-align: left;\">1113<\/td>\n<td style=\"text-align: left;\">871<\/td>\n<td style=\"text-align: left;\">96<\/td>\n<td style=\"text-align: left;\">75<\/td>\n<td style=\"text-align: left;\">85<\/td>\n<td style=\"text-align: left;\">31<\/td>\n<td style=\"text-align: left;\">30<\/td>\n<td style=\"text-align: left;\">89<\/td>\n<\/tr>\n<\/tbody>\n<\/table>\n<\/figure>\n<p><img decoding=\"async\" class=\"alignnone wp-image-2788\" src=\"https:\/\/swingbearing.net\/wp-content\/uploads\/2024\/05\/777-1024x362.jpg\" alt=\"ekskavaatori kiikelaager \" width=\"1200\" height=\"424\" srcset=\"https:\/\/swingbearing.net\/wp-content\/uploads\/2024\/05\/777-1024x362.jpg 1024w, https:\/\/swingbearing.net\/wp-content\/uploads\/2024\/05\/777-300x106.jpg 300w, https:\/\/swingbearing.net\/wp-content\/uploads\/2024\/05\/777-768x272.jpg 768w, https:\/\/swingbearing.net\/wp-content\/uploads\/2024\/05\/777-1536x543.jpg 1536w, https:\/\/swingbearing.net\/wp-content\/uploads\/2024\/05\/777-18x6.jpg 18w, https:\/\/swingbearing.net\/wp-content\/uploads\/2024\/05\/777-600x212.jpg 600w, https:\/\/swingbearing.net\/wp-content\/uploads\/2024\/05\/777.jpg 1980w\" sizes=\"(max-width: 1200px) 100vw, 1200px\" \/><\/p>\n\n\t\t<style type=\"text\/css\">\n\t\t\t#gallery-1 {\n\t\t\t\tmargin: auto;\n\t\t\t}\n\t\t\t#gallery-1 .gallery-item {\n\t\t\t\tfloat: left;\n\t\t\t\tmargin-top: 10px;\n\t\t\t\ttext-align: center;\n\t\t\t\twidth: 33%;\n\t\t\t}\n\t\t\t#gallery-1 img {\n\t\t\t\tborder: 2px solid #cfcfcf;\n\t\t\t}\n\t\t\t#gallery-1 .gallery-caption {\n\t\t\t\tmargin-left: 0;\n\t\t\t}\n\t\t\t\/* see gallery_shortcode() in wp-includes\/media.php *\/\n\t\t<\/style>\n\t\t<div id='gallery-1' class='gallery galleryid-2881 gallery-columns-3 gallery-size-full'><dl class='gallery-item'>\n\t\t\t<dt class='gallery-icon landscape'>\n\t\t\t\t<a href='https:\/\/swingbearing.net\/et\/about-us\/slew-bearings\/'><img decoding=\"async\" width=\"1000\" height=\"587\" src=\"https:\/\/swingbearing.net\/wp-content\/uploads\/2023\/09\/slew-bearings.jpg\" class=\"attachment-full size-full\" alt=\"Kiikelaagri tootmisprotsess\" aria-describedby=\"gallery-1-487\" srcset=\"https:\/\/swingbearing.net\/wp-content\/uploads\/2023\/09\/slew-bearings.jpg 1000w, https:\/\/swingbearing.net\/wp-content\/uploads\/2023\/09\/slew-bearings-600x352.jpg 600w, https:\/\/swingbearing.net\/wp-content\/uploads\/2023\/09\/slew-bearings-300x176.jpg 300w, https:\/\/swingbearing.net\/wp-content\/uploads\/2023\/09\/slew-bearings-768x451.jpg 768w\" sizes=\"(max-width: 1000px) 100vw, 1000px\" \/><\/a>\n\t\t\t<\/dt>\n\t\t\t\t<dd class='wp-caption-text gallery-caption' id='gallery-1-487'>\n\t\t\t\t P\u00f6\u00f6rdlaager\n\t\t\t\t<\/dd><\/dl><dl class='gallery-item'>\n\t\t\t<dt class='gallery-icon landscape'>\n\t\t\t\t<a href='https:\/\/swingbearing.net\/et\/about-us\/swing-bearings-2\/'><img decoding=\"async\" width=\"1000\" height=\"601\" src=\"https:\/\/swingbearing.net\/wp-content\/uploads\/2023\/09\/swing-bearings.jpg\" class=\"attachment-full size-full\" alt=\"Kiikelaagri tootmisprotsess\" aria-describedby=\"gallery-1-486\" srcset=\"https:\/\/swingbearing.net\/wp-content\/uploads\/2023\/09\/swing-bearings.jpg 1000w, https:\/\/swingbearing.net\/wp-content\/uploads\/2023\/09\/swing-bearings-600x361.jpg 600w, https:\/\/swingbearing.net\/wp-content\/uploads\/2023\/09\/swing-bearings-300x180.jpg 300w, https:\/\/swingbearing.net\/wp-content\/uploads\/2023\/09\/swing-bearings-768x462.jpg 768w\" sizes=\"(max-width: 1000px) 100vw, 1000px\" \/><\/a>\n\t\t\t<\/dt>\n\t\t\t\t<dd class='wp-caption-text gallery-caption' id='gallery-1-486'>\n\t\t\t\t P\u00f6\u00f6rdlaager\n\t\t\t\t<\/dd><\/dl><dl class='gallery-item'>\n\t\t\t<dt class='gallery-icon landscape'>\n\t\t\t\t<a href='https:\/\/swingbearing.net\/et\/about-us\/swing-bearing-2\/'><img decoding=\"async\" width=\"1000\" height=\"589\" src=\"https:\/\/swingbearing.net\/wp-content\/uploads\/2023\/09\/swing-bearing.jpg\" class=\"attachment-full size-full\" alt=\"Kiikelaagri tootmisprotsess\" aria-describedby=\"gallery-1-485\" srcset=\"https:\/\/swingbearing.net\/wp-content\/uploads\/2023\/09\/swing-bearing.jpg 1000w, https:\/\/swingbearing.net\/wp-content\/uploads\/2023\/09\/swing-bearing-600x353.jpg 600w, https:\/\/swingbearing.net\/wp-content\/uploads\/2023\/09\/swing-bearing-300x177.jpg 300w, https:\/\/swingbearing.net\/wp-content\/uploads\/2023\/09\/swing-bearing-768x452.jpg 768w\" sizes=\"(max-width: 1000px) 100vw, 1000px\" \/><\/a>\n\t\t\t<\/dt>\n\t\t\t\t<dd class='wp-caption-text gallery-caption' id='gallery-1-485'>\n\t\t\t\t P\u00f6\u00f6rdlaager\n\t\t\t\t<\/dd><\/dl><br style=\"clear: both\" \/>\n\t\t<\/div>\n\n<h2><strong>Ekskavaatori kiigelaagrite roll<\/strong><\/h2>\n<h4><strong>Ekskavaatorite kiigelaagrite elut\u00e4htsa funktsionaalsuse m\u00f5istmine<\/strong><\/h4>\n<p>Ekskavaatori kiikelaager on p\u00f6\u00f6rlev osa, mis v\u00f5imaldab ekskavaatori \u00fclemise konstruktsiooni t\u00e4ielikku p\u00f6\u00f6rlemist, v\u00f5imaldades sujuvat t\u00f6\u00f6tamist kogu t\u00f6\u00f6piirkonnas. See kriitiline laager juhib t\u00f5husalt olulist koormust ja koormust, sealhulgas aksiaal-, radiaal- ja \u00fcmberp\u00f6\u00f6ramisj\u00f5ude, tagades ekskavaatori funktsionaalsuse ja man\u00f6\u00f6verdamisv\u00f5ime.<\/p>\n<h4><strong>Kulumism\u00e4rkide \u00e4ratundmine: Ekskavaatori kiikelaagri lagunemise m\u00e4rgid<\/strong><\/h4>\n<p>Ekskavaatorite kiikelaagrite riknemise m\u00e4rkide tuvastamine on oluline ennetava hoolduse ja v\u00e4ljavahetamise jaoks. Mitmed p\u00f5hin\u00e4itajad annavad m\u00e4rku v\u00f5imalikest probleemidest:<\/p>\n<ul>\n<li><strong>Metalliosakeste olemasolu<\/strong>: Metalliosakeste v\u00f5i -helveste olemasolu m\u00e4\u00e4rdeaines viitab olulisele kulumisele laagri koostu sees.<\/li>\n<li><strong>Auditiivsed vihjed<\/strong>: Kiikelaagrist l\u00e4htuv lihvimine, plaksumine v\u00f5i kl\u00f5psatus v\u00f5ib t\u00e4hendada m\u00e4\u00e4rimisvajadust v\u00f5i liigset kulumist jooksurajal.<\/li>\n<li><strong>Liigne m\u00e4ngimine<\/strong>: M\u00e4rkimisv\u00e4\u00e4rne m\u00e4ng v\u00f5i liikumine kiikumismehhanismis viitab kulunud jooksuradadele, mis kahjustab stabiilsust ja j\u00f5udlust.<\/li>\n<li><strong>Suurenenud p\u00f6\u00f6rdemoment ja sidumine<\/strong>: P\u00f6\u00f6rdemomendi suurenemine v\u00f5i sidumine kiikumise ajal viitab ebatasasele kulumisele jooksurajal, mis m\u00f5jutab liikumise sujuvust.<\/li>\n<li><strong>Ebatavaline liikumine<\/strong>: Nihkuv v\u00f5i kiikuv liikumine, eriti raskete koormuste k\u00e4itlemisel, viitab v\u00f5imalikele laagriprobleemidele, mis vajavad t\u00e4helepanu.<\/li>\n<li><strong>Vastupidavus ja \u00fclepinge<\/strong>: Vastupidavus kiikumise ajal v\u00f5i \u00fclemise konstruktsiooni \u00fcletamine eeldatavast peatumispunktist v\u00f5ib viidata kiikelaagri p\u00f5hiprobleemidele.<\/li>\n<\/ul>\n<p><strong>Kriitiliste rikete lahendamine: Ekskavaatorite laagrite t\u00f5siste kahjustustega tegelemine<\/strong><\/p>\n<p>Nende m\u00e4rkide hulgas on laagri \u00e4kiline plaksumine ja pragunemine kaevet\u00f6\u00f6de ajal, mis t\u00e4hendab t\u00f5sist kahjustust ja kriitilist riket. Edasiste kahjustuste v\u00e4ltimiseks ja t\u00f6\u00f6ohutuse tagamiseks on h\u00e4davajalik kiire t\u00e4helepanu ja asendamine.<\/p>","protected":false},"excerpt":{"rendered":"<p><strong><b>Osa<\/b><\/strong> #: 221-6764<br \/>\n<strong><b>Tee<\/b><\/strong>: CATERPILLAR<br \/>\n<strong><b>Mudel<\/b><\/strong>:CAT322C<br \/>\n<strong><b>Tingimus<\/b><\/strong>: Uus<\/p>","protected":false},"featured_media":2888,"template":"","meta":[],"product_brand":[],"product_cat":[22,58],"product_tag":[],"class_list":{"0":"post-2881","1":"product","2":"type-product","3":"status-publish","4":"has-post-thumbnail","6":"product_cat-swing-bearing","7":"product_cat-cat-excavator-swing-bearing","9":"first","10":"instock","11":"shipping-taxable","12":"product-type-simple"},"_links":{"self":[{"href":"https:\/\/swingbearing.net\/et\/wp-json\/wp\/v2\/product\/2881","targetHints":{"allow":["GET"]}}],"collection":[{"href":"https:\/\/swingbearing.net\/et\/wp-json\/wp\/v2\/product"}],"about":[{"href":"https:\/\/swingbearing.net\/et\/wp-json\/wp\/v2\/types\/product"}],"wp:featuredmedia":[{"embeddable":true,"href":"https:\/\/swingbearing.net\/et\/wp-json\/wp\/v2\/media\/2888"}],"wp:attachment":[{"href":"https:\/\/swingbearing.net\/et\/wp-json\/wp\/v2\/media?parent=2881"}],"wp:term":[{"taxonomy":"product_brand","embeddable":true,"href":"https:\/\/swingbearing.net\/et\/wp-json\/wp\/v2\/product_brand?post=2881"},{"taxonomy":"product_cat","embeddable":true,"href":"https:\/\/swingbearing.net\/et\/wp-json\/wp\/v2\/product_cat?post=2881"},{"taxonomy":"product_tag","embeddable":true,"href":"https:\/\/swingbearing.net\/et\/wp-json\/wp\/v2\/product_tag?post=2881"}],"curies":[{"name":"wp","href":"https:\/\/api.w.org\/{rel}","templated":true}]}}