{"id":2794,"date":"2024-05-07T07:59:55","date_gmt":"2024-05-07T07:59:55","guid":{"rendered":"https:\/\/swingbearing.net\/?post_type=product&#038;p=2794"},"modified":"2024-05-14T07:18:36","modified_gmt":"2024-05-14T07:18:36","slug":"cat-e140-swing-bearing-093-7013-slewing-bearing-replacement-096-8063","status":"publish","type":"product","link":"https:\/\/swingbearing.net\/et\/product\/cat-e140-swing-bearing-093-7013-slewing-bearing-replacement-096-8063\/","title":{"rendered":"093-7013 P\u00f6\u00f6rdlaager 096-8063 ekskavaatorile CAT E140"},"content":{"rendered":"<h2 style=\"text-align: center;\">CAT Swing laagri parameetrid<\/h2>\n<figure class=\"wp-block-table\">\n<table>\n<tbody>\n<tr>\n<td>Mudel<\/td>\n<td>Osa number<\/td>\n<td>V\u00e4lisl\u00e4bim\u00f5\u00f5t<\/td>\n<td>Sisemine l\u00e4bim\u00f5\u00f5t<\/td>\n<td>Koguk\u00f5rgus<\/td>\n<td>V\u00e4line k\u00f5rgus<\/td>\n<td>Sisemine k\u00f5rgus<\/td>\n<td>V\u00e4lise augu parameetrid<\/td>\n<td>Sisemise augu parameetrid<\/td>\n<td>Hammaste arv<\/td>\n<\/tr>\n<tr>\n<td>CAT 307C<\/td>\n<td>240-8361<\/td>\n<td>810<\/td>\n<td>568<\/td>\n<td>82<\/td>\n<td>62<\/td>\n<td>62<\/td>\n<td>29<\/td>\n<td>38<\/td>\n<td>75<\/td>\n<\/tr>\n<tr>\n<td>CAT312CL<\/td>\n<td>229-1077<\/td>\n<td>1093<\/td>\n<td>883<\/td>\n<td>72.5<\/td>\n<td>50<\/td>\n<td>62<\/td>\n<td>34-\u03c618<\/td>\n<td>38-M16<\/td>\n<td>90<\/td>\n<\/tr>\n<tr>\n<td>CAT 311<\/td>\n<td>231-6853<\/td>\n<td>1115<\/td>\n<td>883<\/td>\n<td>75<\/td>\n<td>60<\/td>\n<td>67<\/td>\n<td>29-\u03c618<\/td>\n<td>30-M16<\/td>\n<td>90<\/td>\n<\/tr>\n<tr>\n<td>CAT 312B<\/td>\n<td>616411<\/td>\n<td>1115<\/td>\n<td>883<\/td>\n<td>75<\/td>\n<td>60<\/td>\n<td>67<\/td>\n<td>29-\u03c618<\/td>\n<td>30-M16<\/td>\n<td>90<\/td>\n<\/tr>\n<tr>\n<td>CAT312CL<\/td>\n<td>229-1077<\/td>\n<td>1093<\/td>\n<td>883<\/td>\n<td>72.5<\/td>\n<td>50<\/td>\n<td>62<\/td>\n<td>34-\u03c618<\/td>\n<td>38-M16<\/td>\n<td>90<\/td>\n<\/tr>\n<tr>\n<td>CAT 312C<\/td>\n<td>229-1077<\/td>\n<td>1093<\/td>\n<td>883<\/td>\n<td>72.5<\/td>\n<td>50<\/td>\n<td>62<\/td>\n<td>34-\u03c618<\/td>\n<td>38-M16<\/td>\n<td>90<\/td>\n<\/tr>\n<tr>\n<td>CAT 315<\/td>\n<td>148-4568<\/td>\n<td>1205<\/td>\n<td>961<\/td>\n<td>94<\/td>\n<td>74<\/td>\n<td>84<\/td>\n<td>34<\/td>\n<td>30<\/td>\n<td>98<\/td>\n<\/tr>\n<tr>\n<td>CAT 318B<\/td>\n<td>148-4568<\/td>\n<td>1205<\/td>\n<td>961<\/td>\n<td>94<\/td>\n<td>74<\/td>\n<td>84<\/td>\n<td>34<\/td>\n<td>30<\/td>\n<td>98<\/td>\n<\/tr>\n<tr>\n<td>CAT 315C<\/td>\n<td>229-1080<\/td>\n<td>1205<\/td>\n<td>961<\/td>\n<td>94<\/td>\n<td>74<\/td>\n<td>84<\/td>\n<td>34-\u03c622<\/td>\n<td>36-M20<\/td>\n<td>98<\/td>\n<\/tr>\n<tr>\n<td>CAT 319C<\/td>\n<td>227-6079<\/td>\n<td>1310<\/td>\n<td>1065<\/td>\n<td>106<\/td>\n<td>84<\/td>\n<td>88<\/td>\n<td>36<\/td>\n<td>36\/M20<\/td>\n<td>90<\/td>\n<\/tr>\n<tr>\n<td>CAT320B<\/td>\n<td>1141414<\/td>\n<td>1314<\/td>\n<td>1084<\/td>\n<td>100<\/td>\n<td>85<\/td>\n<td>87<\/td>\n<td>33-\u042422<\/td>\n<td>36-M20<\/td>\n<td>110<\/td>\n<\/tr>\n<tr>\n<td>CAT320BL<\/td>\n<td>121-8222<\/td>\n<td>1314<\/td>\n<td>1084<\/td>\n<td>100<\/td>\n<td>85<\/td>\n<td>87<\/td>\n<td>33-\u042422<\/td>\n<td>36-M20<\/td>\n<td>110<\/td>\n<\/tr>\n<tr>\n<td>CAT 320<\/td>\n<td>7Y1565<\/td>\n<td>1314<\/td>\n<td>1084<\/td>\n<td>100<\/td>\n<td>85<\/td>\n<td>87<\/td>\n<td>33-\u03c622<\/td>\n<td>36-M20<\/td>\n<td>110<\/td>\n<\/tr>\n<tr>\n<td>CAT 320B<\/td>\n<td>114-1505<\/td>\n<td>1314<\/td>\n<td>1084<\/td>\n<td>100<\/td>\n<td>85<\/td>\n<td>87<\/td>\n<td>33-\u042422<\/td>\n<td>36-M20<\/td>\n<td>110<\/td>\n<\/tr>\n<tr>\n<td>CAT320BL<\/td>\n<td>177-7723<\/td>\n<td>1314<\/td>\n<td>1084<\/td>\n<td>100<\/td>\n<td>85<\/td>\n<td>87<\/td>\n<td>33-\u042422<\/td>\n<td>36-M20<\/td>\n<td>110<\/td>\n<\/tr>\n<tr>\n<td>CAT 320C<\/td>\n<td>227-6081<\/td>\n<td>1316<\/td>\n<td>1081<\/td>\n<td>105<\/td>\n<td>73<\/td>\n<td>93<\/td>\n<td>42-\u03c622<\/td>\n<td>40-M20<\/td>\n<td>110<\/td>\n<\/tr>\n<tr>\n<td>CAT 320C<\/td>\n<td>227-6147<\/td>\n<td>1316<\/td>\n<td>1081<\/td>\n<td>105<\/td>\n<td>73<\/td>\n<td>93<\/td>\n<td>42-\u03c622<\/td>\n<td>40-M20<\/td>\n<td>110<\/td>\n<\/tr>\n<tr>\n<td>CAT 320C<\/td>\n<td>171-9425<\/td>\n<td>1316<\/td>\n<td>1081<\/td>\n<td>105<\/td>\n<td>73<\/td>\n<td>93<\/td>\n<td>42-\u03c622<\/td>\n<td>40-M20<\/td>\n<td>110<\/td>\n<\/tr>\n<tr>\n<td>CAT 320D<\/td>\n<td>227-6082<\/td>\n<td>1316<\/td>\n<td>1081<\/td>\n<td>105<\/td>\n<td>73<\/td>\n<td>93<\/td>\n<td>42-\u03c622<\/td>\n<td>40-M20<\/td>\n<td>110<\/td>\n<\/tr>\n<tr>\n<td>CAT 320L<\/td>\n<td>7Y1563<\/td>\n<td>1316<\/td>\n<td>1084<\/td>\n<td>105<\/td>\n<td>85<\/td>\n<td>92<\/td>\n<td>38-\u03c622<\/td>\n<td>36-M20<\/td>\n<td>110<\/td>\n<\/tr>\n<tr>\n<td>CAT 320L<\/td>\n<td>7Y1563<\/td>\n<td>1318<\/td>\n<td>1084<\/td>\n<td>105<\/td>\n<td>86<\/td>\n<td>90<\/td>\n<td>38-\u03c622<\/td>\n<td>36-M20<\/td>\n<td>110<\/td>\n<\/tr>\n<tr>\n<td>CAT 225<\/td>\n<td>8K4127<\/td>\n<td>1451<\/td>\n<td>1038<\/td>\n<td>105<\/td>\n<td>92<\/td>\n<td>90<\/td>\n<td>29-\u03c624<\/td>\n<td>36-\u03c624<\/td>\n<td>104<\/td>\n<\/tr>\n<tr>\n<td>CAT 322C<\/td>\n<td>221-6764<\/td>\n<td>1460<\/td>\n<td>1163<\/td>\n<td>110<\/td>\n<td>88<\/td>\n<td>95<\/td>\n<td>34-\u042426<\/td>\n<td>36-M24<\/td>\n<td>85<\/td>\n<\/tr>\n<tr>\n<td>CAT 324D<\/td>\n<td>227-6085<\/td>\n<td>1460<\/td>\n<td>1164<\/td>\n<td>110<\/td>\n<td>88<\/td>\n<td>95<\/td>\n<td>34-\u042426<\/td>\n<td>36-M24<\/td>\n<td>85<\/td>\n<\/tr>\n<tr>\n<td>CAT 325<\/td>\n<td>7Y0745<\/td>\n<td>1495<\/td>\n<td>1164<\/td>\n<td>110<\/td>\n<td>93<\/td>\n<td>95<\/td>\n<td>35<\/td>\n<td>38<\/td>\n<td>85<\/td>\n<\/tr>\n<tr>\n<td>CAT 325C<\/td>\n<td>227-6087<\/td>\n<td>1495<\/td>\n<td>1164<\/td>\n<td>110<\/td>\n<td>93<\/td>\n<td>95<\/td>\n<td>38-\u03c626<\/td>\n<td>42<\/td>\n<td>85<\/td>\n<\/tr>\n<tr>\n<td>CAT 326<\/td>\n<td>353-0649<\/td>\n<td>1462<\/td>\n<td>1164<\/td>\n<td>110<\/td>\n<td>89<\/td>\n<td>95<\/td>\n<td>34-\u03c626<\/td>\n<td>36-M24<\/td>\n<td>85<\/td>\n<\/tr>\n<tr>\n<td>CAT 329D<\/td>\n<td>227-6087<\/td>\n<td>1495<\/td>\n<td>1164<\/td>\n<td>110<\/td>\n<td>93<\/td>\n<td>95<\/td>\n<td>38-\u042426<\/td>\n<td>42-M24<\/td>\n<td>85<\/td>\n<\/tr>\n<tr>\n<td>CAT 330<\/td>\n<td>7Y0933<\/td>\n<td>1664<\/td>\n<td>1313.5<\/td>\n<td>140<\/td>\n<td>100<\/td>\n<td>124<\/td>\n<td>42-\u03c626<\/td>\n<td>46-M24<\/td>\n<td><\/td>\n<\/tr>\n<tr>\n<td>CAT 330<\/td>\n<td>1994559<\/td>\n<td>1664<\/td>\n<td>1313.5<\/td>\n<td>141<\/td>\n<td>100<\/td>\n<td>124<\/td>\n<td>42-\u03c626<\/td>\n<td>46-M24<\/td>\n<td>84<\/td>\n<\/tr>\n<tr>\n<td>CAT 330<\/td>\n<td>353-0487<\/td>\n<td>1664<\/td>\n<td>1313.5<\/td>\n<td>140<\/td>\n<td>100<\/td>\n<td>124<\/td>\n<td>46-\u03c626<\/td>\n<td>46-M24<\/td>\n<td>84<\/td>\n<\/tr>\n<tr>\n<td>CAT 336D<\/td>\n<td>353-0489<\/td>\n<td>1665<\/td>\n<td>1313<\/td>\n<td>140<\/td>\n<td>100<\/td>\n<td>122<\/td>\n<td>42<\/td>\n<td>46<\/td>\n<td>84<\/td>\n<\/tr>\n<tr>\n<td>CAT336DL<\/td>\n<td>227-6089<\/td>\n<td>1665<\/td>\n<td>1314<\/td>\n<td>140<\/td>\n<td>100<\/td>\n<td>125<\/td>\n<td>42<\/td>\n<td>46<\/td>\n<td>84<\/td>\n<\/tr>\n<tr>\n<td>CAT336DL<\/td>\n<td>353-0680<\/td>\n<td>1664<\/td>\n<td>1313.5<\/td>\n<td>139<\/td>\n<td>100<\/td>\n<td>124<\/td>\n<td>46-\u03c626<\/td>\n<td>46-M24<\/td>\n<td>84<\/td>\n<\/tr>\n<tr>\n<td>CAT 336D<\/td>\n<td>353-0490<\/td>\n<td>1665<\/td>\n<td>1313<\/td>\n<td>140<\/td>\n<td>100<\/td>\n<td>122<\/td>\n<td>42<\/td>\n<td>46<\/td>\n<td>84<\/td>\n<\/tr>\n<tr>\n<td>CAT 345<\/td>\n<td>227-6052<\/td>\n<td>1680<\/td>\n<td>1318<\/td>\n<td>140<\/td>\n<td>107<\/td>\n<td>126<\/td>\n<td>54-\u03c626<\/td>\n<td>70-M24<\/td>\n<td>96<\/td>\n<\/tr>\n<tr>\n<td>CAT 345B<\/td>\n<td>136-2969<\/td>\n<td>1680<\/td>\n<td>1343<\/td>\n<td>140<\/td>\n<td>107<\/td>\n<td>126<\/td>\n<td>45-\u042426<\/td>\n<td>60-M24<\/td>\n<td>136<\/td>\n<\/tr>\n<tr>\n<td>CAT345BII<\/td>\n<td>227-6094<\/td>\n<td>1680<\/td>\n<td>1318<\/td>\n<td>140<\/td>\n<td>108<\/td>\n<td>125<\/td>\n<td>54-\u042426<\/td>\n<td>70-M24<\/td>\n<td>96<\/td>\n<\/tr>\n<tr>\n<td>CAT345BL<\/td>\n<td>1695536\/1695537<\/td>\n<td>1680<\/td>\n<td>1343<\/td>\n<td>140<\/td>\n<td>107<\/td>\n<td>125<\/td>\n<td>45-\u042426<\/td>\n<td>60-M24<\/td>\n<td>136<\/td>\n<\/tr>\n<tr>\n<td>CAT345DL<\/td>\n<td>227-6037<\/td>\n<td>1680<\/td>\n<td>1318<\/td>\n<td>140<\/td>\n<td>107<\/td>\n<td>125<\/td>\n<td>54-\u042426<\/td>\n<td>70-M24<\/td>\n<td>96<\/td>\n<\/tr>\n<tr>\n<td>CAT 349D<\/td>\n<td>353-0490<\/td>\n<td>1666<\/td>\n<td>1315<\/td>\n<td>140<\/td>\n<td>100<\/td>\n<td>123<\/td>\n<td>46<\/td>\n<td>46<\/td>\n<td>84<\/td>\n<\/tr>\n<tr>\n<td>CAT 350<\/td>\n<td>1026392<\/td>\n<td>1680<\/td>\n<td>1343<\/td>\n<td>140<\/td>\n<td>107<\/td>\n<td>126<\/td>\n<td>45-\u03c626<\/td>\n<td>60-M24<\/td>\n<td>136<\/td>\n<\/tr>\n<tr>\n<td>CAT 365C<\/td>\n<td>199-4565<\/td>\n<td>1810<\/td>\n<td>1348<\/td>\n<td>180<\/td>\n<td>140<\/td>\n<td>152<\/td>\n<td>37<\/td>\n<td>60<\/td>\n<td>98<\/td>\n<\/tr>\n<tr>\n<td>CAT 365C<\/td>\n<td>227-6096<\/td>\n<td>1805<\/td>\n<td>1348<\/td>\n<td>180<\/td>\n<td>138<\/td>\n<td>150<\/td>\n<td>37<\/td>\n<td>60<\/td>\n<td>98<\/td>\n<\/tr>\n<tr>\n<td>CAT 365C<\/td>\n<td>227-6097<\/td>\n<td>1805<\/td>\n<td>1348<\/td>\n<td>180<\/td>\n<td>138<\/td>\n<td>150<\/td>\n<td>37<\/td>\n<td>60<\/td>\n<td>98<\/td>\n<\/tr>\n<tr>\n<td>CAT365CL<\/td>\n<td>397-9666<\/td>\n<td>1805<\/td>\n<td>1348<\/td>\n<td>180<\/td>\n<td>138<\/td>\n<td>150<\/td>\n<td>37<\/td>\n<td>60<\/td>\n<td>98<\/td>\n<\/tr>\n<tr>\n<td>CAT374F<\/td>\n<td>378-9586<\/td>\n<td>1820<\/td>\n<td>1348<\/td>\n<td>180<\/td>\n<td>140<\/td>\n<td>150<\/td>\n<td>37<\/td>\n<td>60<\/td>\n<td>98<\/td>\n<\/tr>\n<tr>\n<td>CAT374<\/td>\n<td>333-3009<\/td>\n<td>1820<\/td>\n<td>1348<\/td>\n<td>180<\/td>\n<td>136<\/td>\n<td>150<\/td>\n<td>37<\/td>\n<td>60<\/td>\n<td>98<\/td>\n<\/tr>\n<tr>\n<td>CAT374<\/td>\n<td>367-8361<\/td>\n<td>1820<\/td>\n<td>1348<\/td>\n<td>180<\/td>\n<td>136<\/td>\n<td>150<\/td>\n<td>37<\/td>\n<td>60<\/td>\n<td>98<\/td>\n<\/tr>\n<tr>\n<td>CAT 385C<\/td>\n<td>199-4491<\/td>\n<td>1820<\/td>\n<td>1348<\/td>\n<td>180<\/td>\n<td>146<\/td>\n<td>150<\/td>\n<td>37<\/td>\n<td>60<\/td>\n<td>98<\/td>\n<\/tr>\n<tr>\n<td>CAT 385C<\/td>\n<td>227-6099<\/td>\n<td>1820<\/td>\n<td>1348<\/td>\n<td>180<\/td>\n<td>146<\/td>\n<td>150<\/td>\n<td>37<\/td>\n<td>60<\/td>\n<td>98<\/td>\n<\/tr>\n<tr>\n<td>CAT385BL<\/td>\n<td>227-6098<\/td>\n<td>1820<\/td>\n<td>1348<\/td>\n<td>180<\/td>\n<td>138<\/td>\n<td>150<\/td>\n<td>37<\/td>\n<td>60<\/td>\n<td>98<\/td>\n<\/tr>\n<tr>\n<td>CAT385CL<\/td>\n<td>227-6099<\/td>\n<td>1950<\/td>\n<td>1456<\/td>\n<td>217<\/td>\n<td>170<\/td>\n<td>180<\/td>\n<td>48<\/td>\n<td>74<\/td>\n<td>93<\/td>\n<\/tr>\n<tr>\n<td>CAT 390D<\/td>\n<td>227-6099<\/td>\n<td>1950<\/td>\n<td>1456<\/td>\n<td>217<\/td>\n<td>170<\/td>\n<td>180<\/td>\n<td>48<\/td>\n<td>74<\/td>\n<td>93<\/td>\n<\/tr>\n<tr>\n<td>CAT 140<\/td>\n<td>2436650<\/td>\n<td>1113<\/td>\n<td>871<\/td>\n<td>96<\/td>\n<td>75<\/td>\n<td>85<\/td>\n<td>31<\/td>\n<td>30<\/td>\n<td>89<\/td>\n<\/tr>\n<\/tbody>\n<\/table>\n<\/figure>\n<h2>Ekskavaatori kiigelaagri roll<\/h2>\n<p>CAT-i ekskavaatorite kiigelaagrid on ekskavaatori p\u00f6\u00f6rlemiss\u00fcsteemi kriitilised komponendid, mis v\u00f5imaldavad ekskavaatori k\u00e4e ja k\u00fcna sujuvat ja t\u00f5husat p\u00f6\u00f6rlemist. Ilma kvaliteetse p\u00f6\u00f6rdlaagrita v\u00f5ib ekskavaatori j\u00f5udlus ja tootlikkus kannatada, mis toob kaasa suurema seisaku ja saamata j\u00e4\u00e4nud tulu.<\/p>\n<h4>Otsite oma raskete masinate jaoks tippkvaliteediga ekskavaatorite kiikelaagreid?<\/h4>\n<p>Meie veebisaidil pakume laia valikut ekskavaatorite kiikelaagreid, sealhulgas kiikelaagreid, kiikr\u00f5ngalaagreid, ekskavaatorite p\u00f6\u00f6rlemisr\u00f5ngalaagreid, ekskavaatorite osade kiikelaagreid, ekskavaatorite p\u00f6\u00f6rlemislaagreid ja ekskavaatorite p\u00f6\u00f6rlemisrattaid. Meie CAT-i ekskavaatorite p\u00f6\u00f6rdlaagrid \u00fchilduvad paljude ekskavaatorite mudelitega, tagades \u00fchilduvuse ja optimaalse j\u00f5udluse.<\/p>\n<p>Ekskavaatori kiikelaager on kriitiline osa p\u00f6\u00f6rlemiss\u00fcsteemist, mis \u00fchendab ekskavaatori k\u00e4e alusega. Ilma kvaliteetse \u00f5\u00f5tselaagrita v\u00f5ib ekskavaatori p\u00f6\u00f6rlemine muutuda j\u00e4igaks ja ebaefektiivseks, mis toob kaasa suurema kulumise ja v\u00e4henenud j\u00f5udluse.<\/p>\n<p>Meie ekskavaatorite kiikelaagrid on valmistatud kvaliteetsetest materjalidest ja t\u00e4iustatud tootmisprotsessidest, mis tagavad optimaalse vastupidavuse, tugevuse ja j\u00f5udluse. Meie kiikelaagrid sobivad erinevate ekskavaatorite mudelitega, sealhulgas CAT305.5 CAT306\/E E307 E307B E307C\/D\/E CAT308B E311B E312B CAT311C CAT312C\/D CAT313C\/D CAT315 E320B E320C\/D E323C\/D E322 E324D CAT330B CAT330C CAT336D CAT336D1 E340 CAT345B CAT349D CAT365.<\/p>\n<p><img decoding=\"async\" class=\"alignnone wp-image-2754 size-full\" src=\"https:\/\/swingbearing.net\/wp-content\/uploads\/2024\/05\/\u672a\u6807\u9898-3_03-e1715445132148.jpg\" alt=\"Ekskavaatori kiikelaager\" width=\"1970\" height=\"590\" srcset=\"https:\/\/swingbearing.net\/wp-content\/uploads\/2024\/05\/\u672a\u6807\u9898-3_03-e1715445132148.jpg 1970w, https:\/\/swingbearing.net\/wp-content\/uploads\/2024\/05\/\u672a\u6807\u9898-3_03-e1715445132148-300x90.jpg 300w, https:\/\/swingbearing.net\/wp-content\/uploads\/2024\/05\/\u672a\u6807\u9898-3_03-e1715445132148-1024x307.jpg 1024w, https:\/\/swingbearing.net\/wp-content\/uploads\/2024\/05\/\u672a\u6807\u9898-3_03-e1715445132148-768x230.jpg 768w, https:\/\/swingbearing.net\/wp-content\/uploads\/2024\/05\/\u672a\u6807\u9898-3_03-e1715445132148-1536x460.jpg 1536w, https:\/\/swingbearing.net\/wp-content\/uploads\/2024\/05\/\u672a\u6807\u9898-3_03-e1715445132148-18x5.jpg 18w, https:\/\/swingbearing.net\/wp-content\/uploads\/2024\/05\/\u672a\u6807\u9898-3_03-e1715445132148-600x180.jpg 600w\" sizes=\"(max-width: 1970px) 100vw, 1970px\" \/><\/p>\n<figure class=\"wp-block-table has-small-font-size\">\n\t\t<style type=\"text\/css\">\n\t\t\t#gallery-1 {\n\t\t\t\tmargin: auto;\n\t\t\t}\n\t\t\t#gallery-1 .gallery-item {\n\t\t\t\tfloat: left;\n\t\t\t\tmargin-top: 10px;\n\t\t\t\ttext-align: center;\n\t\t\t\twidth: 33%;\n\t\t\t}\n\t\t\t#gallery-1 img {\n\t\t\t\tborder: 2px solid #cfcfcf;\n\t\t\t}\n\t\t\t#gallery-1 .gallery-caption {\n\t\t\t\tmargin-left: 0;\n\t\t\t}\n\t\t\t\/* see gallery_shortcode() in wp-includes\/media.php *\/\n\t\t<\/style>\n\t\t<div id='gallery-1' class='gallery galleryid-2794 gallery-columns-3 gallery-size-full'><dl class='gallery-item'>\n\t\t\t<dt class='gallery-icon landscape'>\n\t\t\t\t<a href='https:\/\/swingbearing.net\/et\/about-us\/bogie-hearth-resistance-furnace\/'><img decoding=\"async\" width=\"600\" height=\"450\" src=\"https:\/\/swingbearing.net\/wp-content\/uploads\/2023\/09\/Bogie-hearth-resistance-furnace.jpg\" class=\"attachment-full size-full\" alt=\"kiikelaagrite tehas\" aria-describedby=\"gallery-1-464\" srcset=\"https:\/\/swingbearing.net\/wp-content\/uploads\/2023\/09\/Bogie-hearth-resistance-furnace.jpg 600w, https:\/\/swingbearing.net\/wp-content\/uploads\/2023\/09\/Bogie-hearth-resistance-furnace-300x225.jpg 300w\" sizes=\"(max-width: 600px) 100vw, 600px\" \/><\/a>\n\t\t\t<\/dt>\n\t\t\t\t<dd class='wp-caption-text gallery-caption' id='gallery-1-464'>\n\t\t\t\tkiikelaagrite tehas\n\t\t\t\t<\/dd><\/dl><dl class='gallery-item'>\n\t\t\t<dt class='gallery-icon landscape'>\n\t\t\t\t<a href='https:\/\/swingbearing.net\/et\/about-us\/bogie-hearth-resistance-furnace2\/'><img decoding=\"async\" width=\"600\" height=\"450\" src=\"https:\/\/swingbearing.net\/wp-content\/uploads\/2023\/09\/Bogie-hearth-resistance-furnace2.jpg\" class=\"attachment-full size-full\" alt=\"Swing Bearing 109-00161\" aria-describedby=\"gallery-1-463\" srcset=\"https:\/\/swingbearing.net\/wp-content\/uploads\/2023\/09\/Bogie-hearth-resistance-furnace2.jpg 600w, https:\/\/swingbearing.net\/wp-content\/uploads\/2023\/09\/Bogie-hearth-resistance-furnace2-300x225.jpg 300w\" sizes=\"(max-width: 600px) 100vw, 600px\" \/><\/a>\n\t\t\t<\/dt>\n\t\t\t\t<dd class='wp-caption-text gallery-caption' id='gallery-1-463'>\n\t\t\t\tkiikelaagrite tehas\n\t\t\t\t<\/dd><\/dl><dl class='gallery-item'>\n\t\t\t<dt class='gallery-icon landscape'>\n\t\t\t\t<a href='https:\/\/swingbearing.net\/et\/about-us\/cnc-gear-shaper\/'><img decoding=\"async\" width=\"600\" height=\"450\" src=\"https:\/\/swingbearing.net\/wp-content\/uploads\/2023\/09\/CNC-gear-shaper.jpg\" class=\"attachment-full size-full\" alt=\"CNC hammasrataste freespinkler\" aria-describedby=\"gallery-1-462\" srcset=\"https:\/\/swingbearing.net\/wp-content\/uploads\/2023\/09\/CNC-gear-shaper.jpg 600w, https:\/\/swingbearing.net\/wp-content\/uploads\/2023\/09\/CNC-gear-shaper-300x225.jpg 300w\" sizes=\"(max-width: 600px) 100vw, 600px\" \/><\/a>\n\t\t\t<\/dt>\n\t\t\t\t<dd class='wp-caption-text gallery-caption' id='gallery-1-462'>\n\t\t\t\tkiikelaagrite tehas\n\t\t\t\t<\/dd><\/dl><br style=\"clear: both\" \/><dl class='gallery-item'>\n\t\t\t<dt class='gallery-icon landscape'>\n\t\t\t\t<a href='https:\/\/swingbearing.net\/et\/about-us\/cnc-gear-shaper2\/'><img decoding=\"async\" width=\"600\" height=\"450\" src=\"https:\/\/swingbearing.net\/wp-content\/uploads\/2023\/09\/CNC-gear-shaper2.jpg\" class=\"attachment-full size-full\" alt=\"CNC hammasrataste kujundaja2\" aria-describedby=\"gallery-1-461\" srcset=\"https:\/\/swingbearing.net\/wp-content\/uploads\/2023\/09\/CNC-gear-shaper2.jpg 600w, https:\/\/swingbearing.net\/wp-content\/uploads\/2023\/09\/CNC-gear-shaper2-300x225.jpg 300w\" sizes=\"(max-width: 600px) 100vw, 600px\" \/><\/a>\n\t\t\t<\/dt>\n\t\t\t\t<dd class='wp-caption-text gallery-caption' id='gallery-1-461'>\n\t\t\t\tkiikelaagrite tehas\n\t\t\t\t<\/dd><\/dl><dl class='gallery-item'>\n\t\t\t<dt class='gallery-icon landscape'>\n\t\t\t\t<a href='https:\/\/swingbearing.net\/et\/about-us\/cnc-vertical-lathe\/'><img decoding=\"async\" width=\"600\" height=\"450\" src=\"https:\/\/swingbearing.net\/wp-content\/uploads\/2023\/09\/CNC-vertical-lathe.jpg\" class=\"attachment-full size-full\" alt=\"CNC vertikaalne treipingi\" aria-describedby=\"gallery-1-460\" srcset=\"https:\/\/swingbearing.net\/wp-content\/uploads\/2023\/09\/CNC-vertical-lathe.jpg 600w, https:\/\/swingbearing.net\/wp-content\/uploads\/2023\/09\/CNC-vertical-lathe-300x225.jpg 300w\" sizes=\"(max-width: 600px) 100vw, 600px\" \/><\/a>\n\t\t\t<\/dt>\n\t\t\t\t<dd class='wp-caption-text gallery-caption' id='gallery-1-460'>\n\t\t\t\tkiikelaagrite tehas\n\t\t\t\t<\/dd><\/dl><dl class='gallery-item'>\n\t\t\t<dt class='gallery-icon landscape'>\n\t\t\t\t<a href='https:\/\/swingbearing.net\/et\/about-us\/cnc-gear-shaper3\/'><img decoding=\"async\" width=\"750\" height=\"563\" src=\"https:\/\/swingbearing.net\/wp-content\/uploads\/2023\/09\/CNC-gear-shaper3.jpg\" class=\"attachment-full size-full\" alt=\"CNC hammasrataste kujundaja3\" aria-describedby=\"gallery-1-459\" srcset=\"https:\/\/swingbearing.net\/wp-content\/uploads\/2023\/09\/CNC-gear-shaper3.jpg 750w, https:\/\/swingbearing.net\/wp-content\/uploads\/2023\/09\/CNC-gear-shaper3-600x450.jpg 600w, https:\/\/swingbearing.net\/wp-content\/uploads\/2023\/09\/CNC-gear-shaper3-300x225.jpg 300w\" sizes=\"(max-width: 750px) 100vw, 750px\" \/><\/a>\n\t\t\t<\/dt>\n\t\t\t\t<dd class='wp-caption-text gallery-caption' id='gallery-1-459'>\n\t\t\t\tkiikelaagrite tehas\n\t\t\t\t<\/dd><\/dl><br style=\"clear: both\" \/>\n\t\t<\/div>\n<\/figure>","protected":false},"excerpt":{"rendered":"<div class=\"woocommerce-product-details__short-description\">\n<p><strong><b>Osa<\/b><\/strong> #: 093-7013\uff0c096-8063<br \/>\n<strong><b>Tee<\/b><\/strong>: CATERPILLAR<br \/>\n<strong><b>Mudel<\/b><\/strong>: CAT E140<br \/>\n<strong><b>Tingimus<\/b><\/strong>: Uus<\/p>\n<\/div>","protected":false},"featured_media":2888,"template":"","meta":[],"product_brand":[],"product_cat":[22,58],"product_tag":[59],"class_list":{"0":"post-2794","1":"product","2":"type-product","3":"status-publish","4":"has-post-thumbnail","6":"product_cat-swing-bearing","7":"product_cat-cat-excavator-swing-bearing","8":"product_tag-excavator-swing-circle","10":"first","11":"instock","12":"shipping-taxable","13":"product-type-simple"},"_links":{"self":[{"href":"https:\/\/swingbearing.net\/et\/wp-json\/wp\/v2\/product\/2794","targetHints":{"allow":["GET"]}}],"collection":[{"href":"https:\/\/swingbearing.net\/et\/wp-json\/wp\/v2\/product"}],"about":[{"href":"https:\/\/swingbearing.net\/et\/wp-json\/wp\/v2\/types\/product"}],"wp:featuredmedia":[{"embeddable":true,"href":"https:\/\/swingbearing.net\/et\/wp-json\/wp\/v2\/media\/2888"}],"wp:attachment":[{"href":"https:\/\/swingbearing.net\/et\/wp-json\/wp\/v2\/media?parent=2794"}],"wp:term":[{"taxonomy":"product_brand","embeddable":true,"href":"https:\/\/swingbearing.net\/et\/wp-json\/wp\/v2\/product_brand?post=2794"},{"taxonomy":"product_cat","embeddable":true,"href":"https:\/\/swingbearing.net\/et\/wp-json\/wp\/v2\/product_cat?post=2794"},{"taxonomy":"product_tag","embeddable":true,"href":"https:\/\/swingbearing.net\/et\/wp-json\/wp\/v2\/product_tag?post=2794"}],"curies":[{"name":"wp","href":"https:\/\/api.w.org\/{rel}","templated":true}]}}