{"id":2323,"date":"2024-04-12T06:49:35","date_gmt":"2024-04-12T06:49:35","guid":{"rendered":"https:\/\/swingbearing.net\/?post_type=product&#038;p=2323"},"modified":"2024-05-15T05:58:52","modified_gmt":"2024-05-15T05:58:52","slug":"swing-bearing-liebherr-r944c","status":"publish","type":"product","link":"https:\/\/swingbearing.net\/et\/product\/swing-bearing-liebherr-r944c\/","title":{"rendered":"LIEBHERR kiikelaager"},"content":{"rendered":"<h2 style=\"text-align: center;\">LIEBHERRi kiikelaagri parameetrid<\/h2>\n<figure class=\"wp-block-table is-style-stripes has-small-font-size\">\n<table class=\"has-cyan-bluish-gray-background-color has-background\">\n<tbody>\n<tr>\n<td>Mudel<\/td>\n<td>Osa number<\/td>\n<td>V\u00e4lisl\u00e4bim\u00f5\u00f5t<\/td>\n<td>Sisemine l\u00e4bim\u00f5\u00f5t<\/td>\n<td>Koguk\u00f5rgus<\/td>\n<td>V\u00e4line k\u00f5rgus<\/td>\n<td>Sisemine k\u00f5rgus<\/td>\n<td>V\u00e4lise augu parameetrid<\/td>\n<td>Sisemise augu parameetrid<\/td>\n<td>Hammaste arv<\/td>\n<\/tr>\n<tr>\n<td>R922<\/td>\n<td>LE982706001<\/td>\n<td>1215<\/td>\n<td>940<\/td>\n<td>115<\/td>\n<td>72<\/td>\n<td>105<\/td>\n<td>48-\u03c622<\/td>\n<td>56-M20<\/td>\n<td>94<\/td>\n<\/tr>\n<tr>\n<td>924HDSL<\/td>\n<td>LE982751901<\/td>\n<td>1215<\/td>\n<td>940<\/td>\n<td>115<\/td>\n<td>72<\/td>\n<td>105<\/td>\n<td>48-\u042422<\/td>\n<td>56-M20kangas<\/td>\n<td>94<\/td>\n<\/tr>\n<tr>\n<td>R924C<\/td>\n<td>982751901<\/td>\n<td>1215<\/td>\n<td>940<\/td>\n<td>115<\/td>\n<td>72<\/td>\n<td>105<\/td>\n<td>48-\u042422<\/td>\n<td>56-M20kangas<\/td>\n<td>94<\/td>\n<\/tr>\n<tr>\n<td>R924C<\/td>\n<td>932833001<\/td>\n<td>1215<\/td>\n<td>940<\/td>\n<td>115<\/td>\n<td>72<\/td>\n<td>105<\/td>\n<td>48-\u042422<\/td>\n<td>56-M20kangas<\/td>\n<td>94<\/td>\n<\/tr>\n<tr>\n<td>R924B<\/td>\n<td>982751901<\/td>\n<td>1215<\/td>\n<td>940<\/td>\n<td>115<\/td>\n<td>72<\/td>\n<td>105<\/td>\n<td>48-\u042422<\/td>\n<td>56-M20kangas<\/td>\n<td>94<\/td>\n<\/tr>\n<tr>\n<td>R934<\/td>\n<td>933816501<\/td>\n<td>1355<\/td>\n<td>1012<\/td>\n<td>125<\/td>\n<td><\/td>\n<td><\/td>\n<td>40<\/td>\n<td>48<\/td>\n<td>92<\/td>\n<\/tr>\n<tr>\n<td>R934HD-S<\/td>\n<td>LE939500601<\/td>\n<td>1355<\/td>\n<td>1012<\/td>\n<td>125<\/td>\n<td>92<\/td>\n<td>113<\/td>\n<td>40-26 l\u00e4bim\u00f5\u00f5duga auk<\/td>\n<td>48-M24<\/td>\n<td>92<\/td>\n<\/tr>\n<tr>\n<td>934<\/td>\n<td>982752401<\/td>\n<td>1355<\/td>\n<td>1012<\/td>\n<td>125<\/td>\n<td>92<\/td>\n<td>113<\/td>\n<td>40-26 l\u00e4bim\u00f5\u00f5duga auk<\/td>\n<td>48-M24<\/td>\n<td>92<\/td>\n<\/tr>\n<tr>\n<td>R-944C<\/td>\n<td>933628601<\/td>\n<td>1365<\/td>\n<td>1008<\/td>\n<td>150<\/td>\n<td>112<\/td>\n<td>140<\/td>\n<td>60-\u042426<\/td>\n<td>72-M24kangas<\/td>\n<td>84<\/td>\n<\/tr>\n<tr>\n<td>R944B<\/td>\n<td>933626601<\/td>\n<td>1365<\/td>\n<td>1008<\/td>\n<td>150<\/td>\n<td>112<\/td>\n<td>140<\/td>\n<td>60<\/td>\n<td>72<\/td>\n<td>84<\/td>\n<\/tr>\n<\/tbody>\n<\/table>\n<\/figure>\n<p>Liebherri ekskavaatorid on tuntud oma t\u00f6\u00f6kindluse ja vastupidavuse poolest, mist\u00f5ttu on nad populaarne valik ehitus- ja kaevandust\u00f6\u00f6stuses. \u00dcks kriitilisi komponente, mis aitavad kaasa masina j\u00f5udlusele, on ekskavaatori kiikelaager. Liebherri ekskavaatorite kiikelaagrid on m\u00f5eldud raskete t\u00f6\u00f6de rasketele n\u00f5udmistele keerulistes keskkondades.<\/p>\n<p>Ekskavaatorite kiikelaagritel on masina t\u00f6\u00f6s oluline roll, kuna need toetavad \u00fclemise konstruktsiooni p\u00f6\u00f6rlemist. Ilma kvaliteetse ekskavaatori kiikelaagrita ei saa \u00fclemine konstruktsioon sujuvalt p\u00f6\u00f6relda, mis m\u00f5jutab masina \u00fcldist j\u00f5udlust. Liebherri ekskavaatorite p\u00f6\u00f6rdlaagrid on konstrueeritud nii, et need tagavad suure kandev\u00f5ime, t\u00e4psuse ja pika eluea, mis tagab masina optimaalse t\u00f6\u00f6v\u00f5ime.<\/p>\n<p>Liebherri ekskavaatorite kiikelaagreid tuntakse ka kui kiikr\u00f5ngalaagreid, ekskavaatorite p\u00f6\u00f6rlemisr\u00f5ngalaagreid v\u00f5i p\u00f6\u00f6rdlaagreid. Need laagrid on konstrueeritud jooksurajaga, mis toetab masina raskust, v\u00f5imaldades \u00fclemise konstruktsiooni h\u00f5lpsat p\u00f6\u00f6rlemist. Ekskavaatorite osade kiikelaagrid on valmistatud suure tugevusega materjalidest, mis tagavad, et need peavad vastu suurtele koormustele, \u00e4\u00e4rmuslikele temperatuuridele ja karmidele tingimustele.<\/p>\n<p>Liebherr pakub erinevaid ekskavaatorite p\u00f6\u00f6rdlaagreid, mis sobivad kokku erinevate ekskavaatorite mudelitega. Praegu turul saadaolevad mudelid on R914, R924, R944, R934 ja R944CLC. Need mudelid on loodud maksimaalse vastupidavuse ja j\u00f5udluse tagamiseks, tagades, et teie masin saab hakkama mis tahes t\u00f6\u00f6ga, mida te talle ette heidate.<\/p>\n<p>Lisaks ekskavaatorite p\u00f6\u00f6rdlaagritele pakub Liebherr ka ekskavaatorite p\u00f6\u00f6rlemislaagreid ja ekskavaatorite p\u00f6\u00f6rlemislaagreid. Need komponendid t\u00f6\u00f6tavad koos, et tagada masina \u00fclemise konstruktsiooni sujuv ja t\u00f5hus p\u00f6\u00f6rlemine, mist\u00f5ttu on need iga Liebherri ekskavaatori olulised osad.<\/p>\n<p>Kokkuv\u00f5ttes v\u00f5ib \u00f6elda, et ekskavaatorite p\u00f6\u00f6rleva laagri puhul on Liebherr nimi, mida v\u00f5ib usaldada. Nende kvaliteetsed kiikelaagrid ekskavaatoritele on konstrueeritud nii, et nad peavad vastu k\u00f5ige karmimatele tingimustele, pakkudes suurt kandev\u00f5imet, t\u00e4psust ja pikka kasutusiga. Olenemata sellest, kas olete ehituses v\u00f5i kaevanduses, on Liebherri ekskavaatorite p\u00f6\u00f6rdlaagrid ideaalne valik masina optimaalse j\u00f5udluse tagamiseks.<\/p>\n<p>Me saame pakkuda alternatiivseid Swing ringi oma, CAT, HITACHI, KOMATSU, KOBELCO, HYUNDAI, VOLVO, DOOSAN, DAEWOO, JCB, CASE, SUMITOMO, XCMG.There on normaalne ja mitte standard \u00fcle 1000 sadu t\u00fc\u00fcpi teile valida.<\/p>\n<figure class=\"wp-block-image size-full is-resized\"><img decoding=\"async\" class=\"wp-image-177\" src=\"https:\/\/national-bearing.com\/wp-content\/uploads\/2023\/04\/0001.jpg\" sizes=\"(max-width: 843px) 100vw, 843px\" srcset=\"https:\/\/national-bearing.com\/wp-content\/uploads\/2023\/04\/0001.jpg 600w, https:\/\/national-bearing.com\/wp-content\/uploads\/2023\/04\/0001-300x200.jpg 300w\" alt=\"\" width=\"515\" height=\"343\" \/><\/figure>","protected":false},"excerpt":{"rendered":"<p><strong>Osa<\/strong> #: 932833001<br \/>\n<strong>Tee<\/strong>: LIEBHERR<br \/>\n<strong>Mudel<\/strong>:  R944c<br \/>\n<strong>Tingimus<\/strong>: Uus kiikelaager<br \/>\n<strong>Rohkem<\/strong>:R944B,934,R924B<br \/>\nR922, R934, 926,R914<\/p>","protected":false},"featured_media":2338,"template":"","meta":[],"product_brand":[],"product_cat":[22,72],"product_tag":[52],"class_list":{"0":"post-2323","1":"product","2":"type-product","3":"status-publish","4":"has-post-thumbnail","6":"product_cat-swing-bearing","7":"product_cat-liebherr-excavator-swing-bearing","8":"product_tag-swing-bearing","10":"first","11":"instock","12":"shipping-taxable","13":"product-type-simple"},"_links":{"self":[{"href":"https:\/\/swingbearing.net\/et\/wp-json\/wp\/v2\/product\/2323","targetHints":{"allow":["GET"]}}],"collection":[{"href":"https:\/\/swingbearing.net\/et\/wp-json\/wp\/v2\/product"}],"about":[{"href":"https:\/\/swingbearing.net\/et\/wp-json\/wp\/v2\/types\/product"}],"wp:featuredmedia":[{"embeddable":true,"href":"https:\/\/swingbearing.net\/et\/wp-json\/wp\/v2\/media\/2338"}],"wp:attachment":[{"href":"https:\/\/swingbearing.net\/et\/wp-json\/wp\/v2\/media?parent=2323"}],"wp:term":[{"taxonomy":"product_brand","embeddable":true,"href":"https:\/\/swingbearing.net\/et\/wp-json\/wp\/v2\/product_brand?post=2323"},{"taxonomy":"product_cat","embeddable":true,"href":"https:\/\/swingbearing.net\/et\/wp-json\/wp\/v2\/product_cat?post=2323"},{"taxonomy":"product_tag","embeddable":true,"href":"https:\/\/swingbearing.net\/et\/wp-json\/wp\/v2\/product_tag?post=2323"}],"curies":[{"name":"wp","href":"https:\/\/api.w.org\/{rel}","templated":true}]}}