{"id":2322,"date":"2024-04-12T06:49:19","date_gmt":"2024-04-12T06:49:19","guid":{"rendered":"https:\/\/swingbearing.net\/?post_type=product&#038;p=2322"},"modified":"2024-05-15T06:03:20","modified_gmt":"2024-05-15T06:03:20","slug":"swing-bearing-case-2","status":"publish","type":"product","link":"https:\/\/swingbearing.net\/et\/product\/swing-bearing-case-2\/","title":{"rendered":"CASE kiikelaager"},"content":{"rendered":"<h2 style=\"text-align: center;\">CASE kiikelaagri parameetrid<\/h2>\n<figure class=\"wp-block-table is-style-stripes has-small-font-size\">\n<table class=\"has-cyan-bluish-gray-background-color has-background\">\n<tbody>\n<tr>\n<td style=\"text-align: right;\">Mudel<\/td>\n<td style=\"text-align: right;\">Osa number<\/td>\n<td style=\"text-align: right;\">V\u00e4lisl\u00e4bim\u00f5\u00f5t<\/td>\n<td style=\"text-align: right;\">Sisemine l\u00e4bim\u00f5\u00f5t<\/td>\n<td style=\"text-align: right;\">Koguk\u00f5rgus<\/td>\n<td style=\"text-align: right;\">V\u00e4line k\u00f5rgus<\/td>\n<td style=\"text-align: right;\">Sisemine k\u00f5rgus<\/td>\n<td style=\"text-align: right;\">V\u00e4lise augu parameetrid<\/td>\n<td style=\"text-align: right;\">Sisemise augu parameetrid<\/td>\n<td style=\"text-align: right;\">Hammaste arv<\/td>\n<\/tr>\n<tr>\n<td>CX130<\/td>\n<td>KNB10130<\/td>\n<td>1172<\/td>\n<td>972<\/td>\n<td>88<\/td>\n<td>65<\/td>\n<td>78<\/td>\n<td>28<\/td>\n<td>36<\/td>\n<td>98<\/td>\n<\/tr>\n<tr>\n<td>CX130<\/td>\n<td>KNB 11840<\/td>\n<td>1172<\/td>\n<td>973<\/td>\n<td>88<\/td>\n<td>65<\/td>\n<td>78<\/td>\n<td>28<\/td>\n<td>36<\/td>\n<td>98<\/td>\n<\/tr>\n<tr>\n<td>CX210<\/td>\n<td>KRB1347<\/td>\n<td>1330<\/td>\n<td>1094<\/td>\n<td>103<\/td>\n<td>74<\/td>\n<td>92<\/td>\n<td>31<\/td>\n<td>36<\/td>\n<td>92<\/td>\n<\/tr>\n<tr>\n<td>CX210<\/td>\n<td>KRB1603<\/td>\n<td>1330<\/td>\n<td>1094<\/td>\n<td>103<\/td>\n<td>74<\/td>\n<td>92<\/td>\n<td>31<\/td>\n<td>36<\/td>\n<td>92<\/td>\n<\/tr>\n<tr>\n<td>CX210<\/td>\n<td>KRB10160<\/td>\n<td>1330<\/td>\n<td>1093<\/td>\n<td>102<\/td>\n<td>74<\/td>\n<td>92<\/td>\n<td>31-\u03c622<\/td>\n<td>36-M20<\/td>\n<td>92<\/td>\n<\/tr>\n<tr>\n<td>CX210B<\/td>\n<td>KRB10160<\/td>\n<td>1330<\/td>\n<td>1093<\/td>\n<td>102<\/td>\n<td>74<\/td>\n<td>92<\/td>\n<td>31-\u03c622<\/td>\n<td>36-M20<\/td>\n<td>92<\/td>\n<\/tr>\n<tr>\n<td>CX210<\/td>\n<td>KRB10180<\/td>\n<td>1330<\/td>\n<td>1093<\/td>\n<td>102<\/td>\n<td>74<\/td>\n<td>92<\/td>\n<td>31-\u03c622.5<\/td>\n<td>36-M20<\/td>\n<td>92<\/td>\n<\/tr>\n<tr>\n<td>CX210B<\/td>\n<td>KRB11710<\/td>\n<td>1330<\/td>\n<td>1093<\/td>\n<td>102<\/td>\n<td>74<\/td>\n<td>92<\/td>\n<td>31-\u03c622<\/td>\n<td>36-M20<\/td>\n<td>92<\/td>\n<\/tr>\n<tr>\n<td>CX210C<\/td>\n<td>KRB11710<\/td>\n<td>1330<\/td>\n<td>1093<\/td>\n<td>102<\/td>\n<td>74<\/td>\n<td>92<\/td>\n<td>31-\u03c622<\/td>\n<td>36-M20<\/td>\n<td>92<\/td>\n<\/tr>\n<tr>\n<td>CNH E215<\/td>\n<td>72203516<\/td>\n<td>1312<\/td>\n<td>1082<\/td>\n<td>110<\/td>\n<td>79<\/td>\n<td>98<\/td>\n<td>33<\/td>\n<td>36<\/td>\n<td>110<\/td>\n<\/tr>\n<tr>\n<td>CNH E215<\/td>\n<td>87472588<\/td>\n<td>1312<\/td>\n<td>1082<\/td>\n<td>110<\/td>\n<td>79<\/td>\n<td>98<\/td>\n<td>33<\/td>\n<td>36<\/td>\n<td>110<\/td>\n<\/tr>\n<tr>\n<td>CX240<\/td>\n<td>KBB0878<\/td>\n<td>1375<\/td>\n<td>1094<\/td>\n<td>124<\/td>\n<td>88<\/td>\n<td>114<\/td>\n<td>27-\u03a626<\/td>\n<td>36-M24<\/td>\n<td>92<\/td>\n<\/tr>\n<tr>\n<td>CX240<\/td>\n<td>KBB0282<\/td>\n<td>1375<\/td>\n<td>1094<\/td>\n<td>124<\/td>\n<td>80<\/td>\n<td>114<\/td>\n<td>26-\u03c626<\/td>\n<td>36-M24<\/td>\n<td>92<\/td>\n<\/tr>\n<tr>\n<td>CX240<\/td>\n<td>KBB 10080<\/td>\n<td>1376<\/td>\n<td>1093<\/td>\n<td>125<\/td>\n<td>88<\/td>\n<td>114<\/td>\n<td>27<\/td>\n<td>36<\/td>\n<td>92<\/td>\n<\/tr>\n<tr>\n<td>CX240B<\/td>\n<td>KBB11350<\/td>\n<td>1377<\/td>\n<td>1094<\/td>\n<td>124<\/td>\n<td>88<\/td>\n<td>114<\/td>\n<td>28-26<\/td>\n<td>36-M24<\/td>\n<td>92<\/td>\n<\/tr>\n<tr>\n<td>CX460<\/td>\n<td>KTB10010<\/td>\n<td>1615<\/td>\n<td>1275<\/td>\n<td>145<\/td>\n<td>125<\/td>\n<td>135<\/td>\n<td>41-\u03a626<\/td>\n<td>46-M24<\/td>\n<td>92<\/td>\n<\/tr>\n<tr>\n<td>CX290<\/td>\n<td>KBB10100<\/td>\n<td>1615<\/td>\n<td>1274<\/td>\n<td>122<\/td>\n<td>100<\/td>\n<td>110<\/td>\n<td>41<\/td>\n<td>46<\/td>\n<td>92<\/td>\n<\/tr>\n<\/tbody>\n<\/table>\n<\/figure>\n<p>Ekskavaatorid on rasked masinad, mida kasutatakse raskete koormate kaevamiseks, teisaldamiseks ja t\u00f5stmiseks ehitus-, kaevandus- ja muudes t\u00f6\u00f6stusharudes. Ekskavaatori oluline osa on selle p\u00f6\u00f6rlev laager, mida tuntakse ka kiikelaagrina, mis v\u00f5imaldab masinal p\u00f6\u00f6relda 360 kraadi. Kui te otsite oma CASE ekskavaatorile kvaliteetset p\u00f6\u00f6rdlaagrit, siis vaadake vaid meie tootevalikut.<\/p>\n<p>Meie CASE ekskavaatorite kiikelaagrite valikus on j\u00e4rgmised mudelid: CX50B, CX55, CX210, CX210B, CX240A ja CX240B. Need laagrid on spetsiaalselt teie CASE ekskavaatorile sobivad ning tagavad sujuva ja usaldusv\u00e4\u00e4rse p\u00f6\u00f6rlemise ka suure koormuse korral.<br \/>\nMeie ekskavaatorite kiikelaagrid on valmistatud kvaliteetsetest materjalidest, et tagada maksimaalne vastupidavus ja j\u00f5udlus. P\u00f6\u00f6rdlaagri ja \u00f5\u00f5tser\u00f5nga laagrite komponendid on t\u00f6\u00f6deldud kitsaste tolerantside j\u00e4rgi, et tagada t\u00e4iuslik sobivus ja sujuv t\u00f6\u00f6. Lisaks sellele on laagrid konstrueeritud nii, et need on vastupidavad kulumisele, mist\u00f5ttu on need ideaalsed rasketele kasutusviisidele.<\/p>\n<p>Lisaks kvaliteetsele konstruktsioonile on meie CASE ekskavaatorite kiikelaagreid lihtne paigaldada ja hooldada. Need on m\u00f5eldud asendama originaalvarustuse tootja (OEM) osi ilma muudatusteta, mis muudab paigaldamise lihtsaks. Samuti pakume meie laagrite jaoks erinevaid varuosasid, mis tagavad, et teie ekskavaator t\u00f6\u00f6tab t\u00f5rgeteta aastaid.<\/p>\n<p>Meie ekskavaatorite p\u00f6\u00f6rdlaagrid on teie ekskavaatorite p\u00f6\u00f6rlemiss\u00fcsteemi oluline osa. P\u00f6\u00f6rlev k\u00e4ik, mis on \u00fchendatud \u00f5\u00f5tselaagriga, v\u00f5imaldab ekskavaatoril p\u00f6\u00f6relda. Ka ekskavaatori kiigelaager t\u00f6\u00f6tab koos p\u00f6\u00f6rdlaagriga, et tagada sujuv ja t\u00f5hus t\u00f6\u00f6.<br \/>\nKokkuv\u00f5tteks v\u00f5ib \u00f6elda, et meie CASE ekskavaatorite kiikelaagrite valik on suurep\u00e4rane valik k\u00f5igile, kes otsivad oma ekskavaatorile kvaliteetseid, usaldusv\u00e4\u00e4rseid ja vastupidavaid varuosasid. Meie valik p\u00f6\u00f6rdlaagreid on spetsiaalselt disainitud nii, et need sobiksid teie CASE'i ekskavaatorile ning tagaksid sujuva ja t\u00f5husa t\u00f6\u00f6 isegi suure koormuse korral. V\u00f5tke meiega juba t\u00e4na \u00fchendust, et saada rohkem teavet meie toodete kohta ja selle kohta, kuidas me saame aidata teil oma ekskavaatorit sujuvalt k\u00e4ima panna.<br \/>\nMe saame pakkuda alternatiivseid Swing laager oma, CAT, HITACHI, KOMATSU, KOBELCO, HYUNDAI, VOLVO, DOOSAN, DAEWOO, JCB, CASE, SUMITOMO, XCMG .Seal on tavaline ja mitte standard \u00fcle 1000 sada t\u00fc\u00fcpi valida.<\/p>","protected":false},"excerpt":{"rendered":"<p><strong>Osa<\/strong> #: Kbb0878<br \/>\n<strong>Tee<\/strong>: Juhtum<br \/>\n<strong>Mudel<\/strong>: Case CX240<br \/>\nTingimus: Laager: Uus Swing Laager: Uus Swing Laager: Uus Swing Laager<br \/>\n<strong>Rohkem<\/strong>:CX290,CX460,CX240B<br \/>\n9050B,CX210C,CX210B<\/p>","protected":false},"featured_media":2353,"template":"","meta":[],"product_brand":[],"product_cat":[22,71],"product_tag":[52],"class_list":{"0":"post-2322","1":"product","2":"type-product","3":"status-publish","4":"has-post-thumbnail","6":"product_cat-swing-bearing","7":"product_cat-case-excavator-swing-bearing","8":"product_tag-swing-bearing","10":"first","11":"instock","12":"shipping-taxable","13":"product-type-simple"},"_links":{"self":[{"href":"https:\/\/swingbearing.net\/et\/wp-json\/wp\/v2\/product\/2322","targetHints":{"allow":["GET"]}}],"collection":[{"href":"https:\/\/swingbearing.net\/et\/wp-json\/wp\/v2\/product"}],"about":[{"href":"https:\/\/swingbearing.net\/et\/wp-json\/wp\/v2\/types\/product"}],"wp:featuredmedia":[{"embeddable":true,"href":"https:\/\/swingbearing.net\/et\/wp-json\/wp\/v2\/media\/2353"}],"wp:attachment":[{"href":"https:\/\/swingbearing.net\/et\/wp-json\/wp\/v2\/media?parent=2322"}],"wp:term":[{"taxonomy":"product_brand","embeddable":true,"href":"https:\/\/swingbearing.net\/et\/wp-json\/wp\/v2\/product_brand?post=2322"},{"taxonomy":"product_cat","embeddable":true,"href":"https:\/\/swingbearing.net\/et\/wp-json\/wp\/v2\/product_cat?post=2322"},{"taxonomy":"product_tag","embeddable":true,"href":"https:\/\/swingbearing.net\/et\/wp-json\/wp\/v2\/product_tag?post=2322"}],"curies":[{"name":"wp","href":"https:\/\/api.w.org\/{rel}","templated":true}]}}