{"id":2223,"date":"2024-03-29T06:47:51","date_gmt":"2024-03-29T06:47:51","guid":{"rendered":"https:\/\/swingbearing.net\/?post_type=product&#038;p=2223"},"modified":"2024-05-06T03:32:14","modified_gmt":"2024-05-06T03:32:14","slug":"excavator-hydraulic-pump-volvo-ec290","status":"publish","type":"product","link":"https:\/\/swingbearing.net\/et\/product\/excavator-hydraulic-pump-volvo-ec290\/","title":{"rendered":"Ekskavaatori h\u00fcdrauliline pump K3V140DT-9N04 Volvo Ec290 jaoks"},"content":{"rendered":"<h4>Ekskavaatori h\u00fcdraulilise pumba t\u00f6\u00f6p\u00f5him\u00f5te<\/h4>\n<p>Ekskavaatorid on levinud ehitusmasinate ja -seadmete t\u00fc\u00fcp, mida kasutatakse laialdaselt mullat\u00f6\u00f6de kaevamisel, transpordil, laadimisel ja muudes tehnilistes t\u00f6\u00f6des. H\u00fcdropump on \u00fcks ekskavaatori p\u00f5hikomponente, mis vastutab stabiilse h\u00fcdraulilise v\u00f5imsuse tagamise eest. Kuidas siis ekskavaatori h\u00fcdropump t\u00f6\u00f6tab? Tutvustame n\u00fc\u00fcd \u00fcksikasjalikult ekskavaatori h\u00fcdropumba t\u00f6\u00f6p\u00f5him\u00f5tet.<\/p>\n<p>Ekskavaatori h\u00fcdrauliline pump koosneb peamiselt h\u00fcdraulilise pumba korpusest, \u00fclekandev\u00f5llist, haakeseadmest ja pumba juhtimiss\u00fcsteemist. Selle t\u00f6\u00f6p\u00f5him\u00f5te on muundada mehaaniline energia h\u00fcdrauliliseks energiaks ja edastada see h\u00fcdraulilise s\u00fcsteemi kaudu teistele h\u00fcdraulilistele ajamitele, et saavutada ekskavaatori tegevus.<\/p>\n<p><b>Seotud ekskavaatori h\u00fcdrauliline pump Me tarnime :<\/b><\/p>\n<div class=\"rich-text-table\">\n<figure class=\"wp-block-table is-style-stripes has-small-font-size\">\n<table class=\"has-cyan-bluish-gray-background-color has-background\">\n<tbody>\n<tr>\n<td>K3V63DT h\u00fcdrauliline pump 9C\/14T<\/td>\n<td>K7V63DTP h\u00fcdrauliline pump 9N0E\/14T (LG915)<\/td>\n<td>K3V112DT h\u00fcdrauliline pump 9N\/14T<\/td>\n<td>K3V112DTP OE11\/14T(SY215-8S\/9)<\/td>\n<td>K5V140DTP 9N\/17T(DH300-7\/19)<\/td>\n<\/tr>\n<tr>\n<td>K3V63DT h\u00fcdrauliline pump 9N\/14T<\/td>\n<td>K5V80DTP h\u00fcdrauliline pump 9N\/12T (R150-9)<\/td>\n<td>K3V112DTP 9Y14\/14T(SH210A5)<\/td>\n<td>K3V112DT 1E42\/14T(EC220D)<\/td>\n<td>K5V140DTP 9C\/17T(R305-7\/25)<\/td>\n<\/tr>\n<tr>\n<td>K3V63DT h\u00fcdrauliline pump HN\/14T<\/td>\n<td>K5V80DTP HN\/12T(DH150W-7)<\/td>\n<td>K3V112DT 9T1L\/14T(SK200-6)<\/td>\n<td>K3V112DTP 9C\/14T(JCB220\/25)<\/td>\n<td>K5V140DTP 9N\/17T(DX300-7\/25)<\/td>\n<\/tr>\n<tr>\n<td>K3V63DT h\u00fcdrauliline pump 9P\/14T<\/td>\n<td>K3V112DT h\u00fcdrauliline pump 9C\/12T<\/td>\n<td>K3V112DTP h\u00fcdrauliline pump 9TCM\/14T (SK200-6)<\/td>\n<td>K3V112DTP 9P12\/12T(R225-9)<\/td>\n<td>K5V140DT 9N\/17T(Liu Gong933E)<\/td>\n<\/tr>\n<tr>\n<td>K3V63DTP 9N\/14T (Takeuchi135)<\/td>\n<td>K3V112DT h\u00fcdrauliline pump 9N\/12T<\/td>\n<td>K3V112DTP 9TEL\/14T(SK200-6E)<\/td>\n<td>K3V112DTP h\u00fcdrauliline pump 9N\/14T (LG920E)<\/td>\n<td>K5V140DTPYT6K\/17T(SK350-8)<\/td>\n<\/tr>\n<tr>\n<td>K3V63DTP OE02\/14T(SK135)<\/td>\n<td>K3V112DT h\u00fcdrauliline pump HN\/12T<\/td>\n<td>K3V112DTP h\u00fcdrauliline pump YT6K\/17T (SK200-8)<\/td>\n<td>K3V112DTP 9N\/14T(SH200A3)<\/td>\n<td>K5V140DT 1E05\/17T(EC250D)<\/td>\n<\/tr>\n<tr>\n<td>K3V63DTP 9C\/14T(JCB130)<\/td>\n<td>K3V112DT 9C\/14T<\/td>\n<td>K3V112DTP h\u00fcdrauliline pump 9T8L\/14T (SY215-8)<\/td>\n<td>K3V112DTP 9P12\/16T(PC200-7)<\/td>\n<td>K5V140DTP 9T1L\/17T(SY235-8)<\/td>\n<\/tr>\n<\/tbody>\n<\/table>\n<p><strong>Meie p\u00f5hjalikus kataloogis on lai valik ekskavaatorite varuosi, sealhulgas, kuid mitte ainult:<\/strong><\/p>\n<table class=\"has-cyan-bluish-gray-background-color has-background\">\n<tbody>\n<tr>\n<td rowspan=\"2\">omatsu<\/td>\n<td>PC40, PC60-5-6-7, PC100, PC120, PC130, PC240, PC270, PC300,PC360,PC400,PC450,PC650,PC1250<\/td>\n<\/tr>\n<tr>\n<td>PC200-1-3-5-6, PC220-1-3-5, PC300-3-5, PC400-1-3-5, D20, D30, D31, D50, D60, D75, D80 (D85), D155.<\/td>\n<\/tr>\n<tr>\n<td rowspan=\"2\">Hitachi<\/td>\n<td>EX40, EX60, EX150, EX100M, EX100, EX120, EX150,<\/td>\n<\/tr>\n<tr>\n<td>EX200-1-2-3, EX300-1-3-5, EX400, ZX450,ZX470,ZX870,ZX1200<\/td>\n<\/tr>\n<tr>\n<td>Volvo<\/td>\n<td>EC55\/60, EC140, EC210, EC240, EC290, EC360, EC460, EC700<\/td>\n<\/tr>\n<tr>\n<td>Doosan<\/td>\n<td>DH215, DH220, DH260, DH280, DH300, DH370, DH420, DH450, DH500<\/td>\n<\/tr>\n<tr>\n<td>Hyundai<\/td>\n<td>R200, R210, R505<\/td>\n<\/tr>\n<tr>\n<td>Kobelco<\/td>\n<td>SK200,SK210, SK220,SK260, SK300, SK330, SK350, SK450,SK460,SK480,SK800<\/td>\n<\/tr>\n<tr>\n<td>Sumitomo<\/td>\n<td>SH120, SH200, SH280, SH300, SH350, SH400, SH450, SH460, SH70<\/td>\n<\/tr>\n<\/tbody>\n<\/table>\n<p>Caterpilla r seeria:<br \/>\nVRD63, E200B, AP12, AP14, CAT320C, SPK10\/10, SPV10\/10, CAT12G, CAT14G, CAT16G, CAT215, CAT245, CAT330B, PSV450, CAT992.<br \/>\nLiebheri seeria:<br \/>\nLPVD45, LPVD64, LPVD90, LPVD100, LPVD125, LPVD140, LPVD250<br \/>\nKawasaki seeria:<br \/>\nK3SP30, K3SP36C, K3V63DT\/BDT, K3V112DT, K3V140DT, K3V180DT, K5V140, K5V200, NV64, NV84, NV111DT, NV137, NV172, NV270, NX15, NVK45, KVC925, KVC930, KVC932, M2X63, M2X96, M2X120, M2X146, M2X120, M2X1150\/170, M2X210, M5X130, M5X180, MX150, MX173, MX500, MAG150, MAG170, GM05VL, GM06VL, GM05VA, GM07VA, GM08, GM09, GM10, GM23, GM24, GM30, GM35, GM38.<br \/>\nKobelco seeria:<br \/>\nSK200-1\/3,SK220-3(MA340),SK220-2,SK200-6,SK320,SK430.<br \/>\nVOLVO seeria:<br \/>\nF11-28, F11-39, F11-010, F11-150, F11-250, F12-060, F12-080, F12-110.<\/figure>\n<\/div>\n<p><img decoding=\"async\" class=\"wp-image-2162 size-full\" src=\"https:\/\/swingbearing.net\/wp-content\/uploads\/2024\/03\/00001.jpg\" alt=\"ekskavaatori h\u00fcdrauliline pump\" width=\"837\" height=\"777\" srcset=\"https:\/\/swingbearing.net\/wp-content\/uploads\/2024\/03\/00001.jpg 837w, https:\/\/swingbearing.net\/wp-content\/uploads\/2024\/03\/00001-300x278.jpg 300w, https:\/\/swingbearing.net\/wp-content\/uploads\/2024\/03\/00001-768x713.jpg 768w, https:\/\/swingbearing.net\/wp-content\/uploads\/2024\/03\/00001-13x12.jpg 13w, https:\/\/swingbearing.net\/wp-content\/uploads\/2024\/03\/00001-600x557.jpg 600w\" sizes=\"(max-width: 837px) 100vw, 837px\" \/><\/p>\n<div id=\"attachment_2163\" style=\"width: 847px\" class=\"wp-caption alignnone\"><img decoding=\"async\" aria-describedby=\"caption-attachment-2163\" class=\"wp-image-2163 size-full\" src=\"https:\/\/swingbearing.net\/wp-content\/uploads\/2024\/03\/00002.jpg\" alt=\"ekskavaatori h\u00fcdrauliline pump\" width=\"837\" height=\"677\" srcset=\"https:\/\/swingbearing.net\/wp-content\/uploads\/2024\/03\/00002.jpg 837w, https:\/\/swingbearing.net\/wp-content\/uploads\/2024\/03\/00002-300x243.jpg 300w, https:\/\/swingbearing.net\/wp-content\/uploads\/2024\/03\/00002-768x621.jpg 768w, https:\/\/swingbearing.net\/wp-content\/uploads\/2024\/03\/00002-15x12.jpg 15w, https:\/\/swingbearing.net\/wp-content\/uploads\/2024\/03\/00002-600x485.jpg 600w\" sizes=\"(max-width: 837px) 100vw, 837px\" \/><p id=\"caption-attachment-2163\" class=\"wp-caption-text\"><a href=\"https:\/\/swingbearing.net\/et\/hydraulic-motor\/\">ekskavaatori h\u00fcdrauliline pump<\/a><\/p><\/div>\n<p>H\u00fcdropumba korpus on ekskavaatori h\u00fcdropumba p\u00f5hikomponent, tavaliselt kasutatakse hammasrattapumpa v\u00f5i kolbpumbat.H\u00fcdropumba korpuse sees on paar hammasrattad v\u00f5i kolvid, mis haakuvad omavahel, moodustades pumba korpuse sees teatud mahu. Kui h\u00fcdropumba \u00fclekandev\u00f5lli p\u00f6\u00f6rleb, p\u00f6\u00f6rleb hammasratas v\u00f5i kolb vastavalt, muutes seel\u00e4bi pumbakambri mahtu.<\/p>\n<p>Kui pumbakambri maht suureneb, v\u00e4heneb r\u00f5hk pumba sees ja h\u00fcdraulika\u00f5li siseneb pumba kambrisse imipordi kaudu; kui pumbakambri maht v\u00e4heneb, suureneb r\u00f5hk pumba sees ja h\u00fcdraulika\u00f5li voolab pumba kambrist v\u00e4lja survepordi kaudu. Selle t\u00f6\u00f6p\u00f5him\u00f5tte abil saab h\u00fcdropump pidevalt h\u00fcdraulika\u00f5li sisse ja v\u00e4lja imeda, moodustades stabiilse h\u00fcdraulilise energia.<\/p>\n<p>H\u00fcdropump peab t\u00f6\u00f6 ajal olema seotud teiste s\u00fcsteemidega, mis eeldab \u00fclekandev\u00f5lli ja haakeseadme toimimist. \u00dclekandev\u00f5lli kaudu kantakse mootori v\u00f5imsus \u00fcle h\u00fcdropumbale, mis paneb selle p\u00f6\u00f6rlema; haakeseadeldis \u00fchendab h\u00fcdropumba \u00fclekandev\u00f5lliga, et tagada nende s\u00fcnkroonne t\u00f6\u00f6.<\/p>\n<p>H\u00fcdropumba juhtimiss\u00fcsteem vastutab h\u00fcdropumba k\u00e4ivitamise, seiskamise ja t\u00f6\u00f6r\u00f5hu parameetrite kontrollimise eest. Kui ekskavaator peab t\u00f6\u00f6tama, saadab juhtimiss\u00fcsteem h\u00fcdropumbale signaali k\u00e4ivitamiseks ja vastava t\u00f6\u00f6r\u00f5hu andmiseks.<\/p>\n<p>Kui ekskavaator ei pea t\u00f6\u00f6tama, peatab juhtimiss\u00fcsteem energia s\u00e4\u00e4stmiseks h\u00fcdropumba t\u00f6\u00f6. \u00dcldiselt on ekskavaatori h\u00fcdraulilise pumba t\u00f6\u00f6p\u00f5him\u00f5te muundada mehaaniline energia h\u00fcdrauliliseks energiaks h\u00fcdraulilise pumba korpuse kaudu ja edastada see teistele h\u00fcdraulilistele ajamitele h\u00fcdraulilise s\u00fcsteemi kaudu, et saavutada ekskavaatori tegevus.<\/p>\n<p>Toimimine <a href=\"https:\/\/national-bearing.com\/\" target=\"_blank\" rel=\"noopener\">h\u00fcdraulilised pumbad<\/a> n\u00f5uab \u00fclekandev\u00f5lli ja haakeseadme koosk\u00f5lastamist ning juhtimiss\u00fcsteem kontrollib selle k\u00e4ivitamise, seiskamise ja t\u00f6\u00f6r\u00f5hu parameetreid. Ekskavaatori h\u00fcdropumba t\u00f6\u00f6p\u00f5him\u00f5te on lihtne, kuid see on ekskavaatori normaalse t\u00f6\u00f6 v\u00f5ti.<\/p>\n<p>Ainult h\u00fcdropumba normaalse t\u00f6\u00f6 tagamine v\u00f5imaldab parandada ekskavaatori t\u00f5husust ja j\u00f5udlust. Seet\u00f5ttu on ekskavaatorite t\u00f6\u00f6- ja hooldusprotsessis vaja selgelt m\u00f5ista h\u00fcdropumpade t\u00f6\u00f6p\u00f5him\u00f5tet ning teostada \u00f5igeaegset hooldust ja korrashoidu, et tagada ekskavaatorite normaalne t\u00f6\u00f6.<\/p>\n<div id=\"attachment_2159\" style=\"width: 978px\" class=\"wp-caption aligncenter\"><a href=\"https:\/\/national-bearing.com\/excavator-swing-bearings-slewing-rings-cat\/\" target=\"_blank\" rel=\"noopener\"><img decoding=\"async\" aria-describedby=\"caption-attachment-2159\" class=\"wp-image-2158\" src=\"https:\/\/swingbearing.net\/wp-content\/uploads\/2024\/03\/\u5fae\u4fe1\u622a\u56fe_20240320145420.jpg\" alt=\" ekskavaatori h\u00fcdrauliline pump\" width=\"968\" height=\"575\" srcset=\"https:\/\/swingbearing.net\/wp-content\/uploads\/2024\/03\/\u5fae\u4fe1\u622a\u56fe_20240320145420.jpg 842w, https:\/\/swingbearing.net\/wp-content\/uploads\/2024\/03\/\u5fae\u4fe1\u622a\u56fe_20240320145420-300x178.jpg 300w, https:\/\/swingbearing.net\/wp-content\/uploads\/2024\/03\/\u5fae\u4fe1\u622a\u56fe_20240320145420-768x456.jpg 768w, https:\/\/swingbearing.net\/wp-content\/uploads\/2024\/03\/\u5fae\u4fe1\u622a\u56fe_20240320145420-18x12.jpg 18w, https:\/\/swingbearing.net\/wp-content\/uploads\/2024\/03\/\u5fae\u4fe1\u622a\u56fe_20240320145420-600x356.jpg 600w\" sizes=\"(max-width: 968px) 100vw, 968px\" \/><\/a><p id=\"caption-attachment-2159\" class=\"wp-caption-text\"><img decoding=\"async\" class=\"wp-image-2160 aligncenter\" style=\"font-size: 16px;\" src=\"https:\/\/swingbearing.net\/wp-content\/uploads\/2024\/03\/\u5fae\u4fe1\u56fe\u7247_20240320143749.png\" alt=\" ekskavaatori h\u00fcdrauliline pump\" width=\"972\" height=\"311\" srcset=\"https:\/\/swingbearing.net\/wp-content\/uploads\/2024\/03\/\u5fae\u4fe1\u56fe\u7247_20240320143749.png 1043w, https:\/\/swingbearing.net\/wp-content\/uploads\/2024\/03\/\u5fae\u4fe1\u56fe\u7247_20240320143749-300x96.png 300w, https:\/\/swingbearing.net\/wp-content\/uploads\/2024\/03\/\u5fae\u4fe1\u56fe\u7247_20240320143749-1024x328.png 1024w, https:\/\/swingbearing.net\/wp-content\/uploads\/2024\/03\/\u5fae\u4fe1\u56fe\u7247_20240320143749-768x246.png 768w, https:\/\/swingbearing.net\/wp-content\/uploads\/2024\/03\/\u5fae\u4fe1\u56fe\u7247_20240320143749-18x6.png 18w, https:\/\/swingbearing.net\/wp-content\/uploads\/2024\/03\/\u5fae\u4fe1\u56fe\u7247_20240320143749-600x192.png 600w\" sizes=\"(max-width: 972px) 100vw, 972px\" \/><\/p><\/div>\n<p>ekskavaatori h\u00fcdrauliline pump<\/p>","protected":false},"excerpt":{"rendered":"<p>ekskavaatori h\u00fcdrauliline pump<\/p>\n<pre title=\"K7V63DTP-9N03 Doosan Dx140lcr-3 jaoks Tootja tarnija h\u00fcdrauliline pump assy ekskavaatorite osade jaoks koos solenoidventiiliga\" data-spm-anchor-id=\"a2700.details.0.i49.7222be96aP5ElP\"><\/pre>","protected":false},"featured_media":2147,"template":"","meta":[],"product_brand":[],"product_cat":[34],"product_tag":[],"class_list":{"0":"post-2223","1":"product","2":"type-product","3":"status-publish","4":"has-post-thumbnail","6":"product_cat-hydraulic-pumps","8":"first","9":"instock","10":"shipping-taxable","11":"product-type-simple"},"_links":{"self":[{"href":"https:\/\/swingbearing.net\/et\/wp-json\/wp\/v2\/product\/2223","targetHints":{"allow":["GET"]}}],"collection":[{"href":"https:\/\/swingbearing.net\/et\/wp-json\/wp\/v2\/product"}],"about":[{"href":"https:\/\/swingbearing.net\/et\/wp-json\/wp\/v2\/types\/product"}],"wp:featuredmedia":[{"embeddable":true,"href":"https:\/\/swingbearing.net\/et\/wp-json\/wp\/v2\/media\/2147"}],"wp:attachment":[{"href":"https:\/\/swingbearing.net\/et\/wp-json\/wp\/v2\/media?parent=2223"}],"wp:term":[{"taxonomy":"product_brand","embeddable":true,"href":"https:\/\/swingbearing.net\/et\/wp-json\/wp\/v2\/product_brand?post=2223"},{"taxonomy":"product_cat","embeddable":true,"href":"https:\/\/swingbearing.net\/et\/wp-json\/wp\/v2\/product_cat?post=2223"},{"taxonomy":"product_tag","embeddable":true,"href":"https:\/\/swingbearing.net\/et\/wp-json\/wp\/v2\/product_tag?post=2223"}],"curies":[{"name":"wp","href":"https:\/\/api.w.org\/{rel}","templated":true}]}}