{"id":2086,"date":"2024-03-11T03:50:15","date_gmt":"2024-03-11T03:50:15","guid":{"rendered":"https:\/\/swingbearing.net\/?post_type=product&#038;p=2086"},"modified":"2024-03-11T04:55:28","modified_gmt":"2024-03-11T04:55:28","slug":"travel-motor-excavator-ec290b","status":"publish","type":"product","link":"https:\/\/swingbearing.net\/et\/product\/travel-motor-excavator-ec290b\/","title":{"rendered":"Travel Motor EC290B 7117-38020 14551154 14592030\tTravel Reduction"},"content":{"rendered":"<h4>Pakume ekskavaatorite jaoks laia valikut s\u00f5idumootoreid \/ l\u00f5ppk\u00e4igukomplekti \/ s\u00f5idu reduktoriga k\u00e4igukaste.<\/h4>\n<p>S\u00f5idumootor (l\u00f5ppk\u00e4igukast )on mehaaniline seade, mida kasutatakse peamiselt elektriliste seadmete, n\u00e4iteks robotite, motorollerite ja elektriliste jalgrataste edasiliikumiseks v\u00f5i t\u00f6\u00f6tamiseks. Selle p\u00f5hiline t\u00f6\u00f6p\u00f5him\u00f5te on kasutada elektromagnetilise induktsiooni p\u00f5him\u00f5tet p\u00f6\u00f6rdemomendi tekitamiseks ja seej\u00e4rel v\u00e4hendada kiirust sisemise \u00fclekandeseadme kaudu, et ajada v\u00e4liseid rattaid v\u00f5i kette liikuma. Konstruktsiooniliselt koosneb s\u00f5idumootor tavaliselt kiirest h\u00fcdraulilisest mootorist, pidurist, planetaarreduktorist, ventiilir\u00fchmast jne ning v\u00f5tab vastu suure koormusega koonilise rull-laagri konstruktsiooni, et taluda ekskavaatori poolt t\u00f6\u00f6 ja p\u00f6\u00f6ramise ajal tekitatud aksiaal- ja radiaalj\u00f5ude.<br \/>\nMeie kogenud m\u00fc\u00fcgimeeskonnal on k\u00e4sil rikkalikud teadmised ja kogemused reisimootori l\u00f5ppt\u00f5mbest, et tagada teie reisimootori n\u00f5uete kiire ja kuluefektiivne t\u00e4itmine.<\/p>\n<p><strong>\u00a0Toetatud mudelid<\/strong><br \/>\nPraegu saame pakkuda s\u00f5idumootoreid laiale valikule ekskavaatoritele, mida toodavad sellised ettev\u00f5tted nagu Komatsu, Caterpillar, Volvo, Case, Doosan, Sumitomo, Hyundai, Kobelco, JCB, Liugong, Sany, XCMG ja Hitachi.<\/p>\n<h4>Seotud Volvo ekskavaatori reisimootori komplekt<\/h4>\n<figure class=\"wp-block-table is-style-stripes has-small-font-size\">\n<table class=\"has-cyan-bluish-gray-background-color has-background\">\n<tbody>\n<tr>\n<td width=\"383\">PJ5370175 PJ4890093 EC70<\/td>\n<td width=\"523\">\u00a0VOE14263523 VOE14345000 VOE14342058 EC390 volvo<\/td>\n<\/tr>\n<tr>\n<td width=\"383\">\u00a0SA1143-01100 SA1143-01090 EC460<\/td>\n<td width=\"523\">\u00a0VOE14263524 VOE14264393 EC650 volvo<\/td>\n<\/tr>\n<tr>\n<td width=\"383\">SA14505081 SA14505043 EC55E<\/td>\n<td width=\"523\">\u00a0VOE14265276 EC300 EC340 volvo<\/td>\n<\/tr>\n<tr>\n<td width=\"383\">\u00a0SA14505081 VOE14500160 SA14505043 EC55<\/td>\n<td width=\"523\">VOE14268106 VOE14214704 EC130C volvo<\/td>\n<\/tr>\n<tr>\n<td width=\"383\">\u00a0SA7117-30050 SA1143-01270 EC210<\/td>\n<td width=\"523\">\u00a0VOE14265276 EC300 EC340<\/td>\n<\/tr>\n<tr>\n<td width=\"383\">\u00a0SA7117-34050 SA1143-00111 EC240<\/td>\n<td width=\"523\">\u00a0VOE14344114 VOE14344115 EC280<\/td>\n<\/tr>\n<tr>\n<td width=\"383\">\u00a0SA8230-33470 VOE14524182 EC135B<\/td>\n<td width=\"523\">\u00a0VOE14344120 VOE14346193 VOE14268381 EC280<\/td>\n<\/tr>\n<tr>\n<td width=\"383\">\u00a0VOE14528733 SA1143-01060 VOE14524182 EC140B<\/td>\n<td width=\"523\">\u00a0VOE14505081 VOE14505043 EC55B volvo<\/td>\n<\/tr>\n<tr>\n<td width=\"383\">EC700 EC700B EC700BLC VOE 14522564<\/td>\n<td width=\"523\">\u00a0VOE14522565 VOE14522564 EC700B volvo<\/td>\n<\/tr>\n<tr>\n<td width=\"383\">\u00a0VOE14214704 EC130 EC150<\/td>\n<td width=\"523\">VOE14521839 VOE14522919 VOE14528280 EC290B<\/td>\n<\/tr>\n<tr>\n<td width=\"383\">\u00a0VOE14214704 VOE14268106 EC150C EC130C<\/td>\n<td width=\"523\">\u00a0VOE14528733 VOE14514895 VOE14533649 EC160B<\/td>\n<\/tr>\n<tr>\n<td width=\"383\">\u00a0VOE14215438 EC200<\/td>\n<td width=\"523\">\u00a0VOE14528260 VOE14528281 EC330B EC360B volvo<\/td>\n<\/tr>\n<tr>\n<td width=\"383\">VOE14261093 EC230B Ekskavaatori l\u00f5ppk\u00e4igukast ec210<\/td>\n<td width=\"523\">\u00a0VOE14528733 SA1143-01270 VOE14524184 VOE14533651 EC210B<\/td>\n<\/tr>\n<tr>\n<td width=\"383\">\u00a0VOE14263523 VOE14264392 EC450<\/td>\n<td width=\"523\">VOE14528733 VOE14520965 VOE14533650 EC180B<\/td>\n<\/tr>\n<tr>\n<td width=\"383\">\u00a0VOE14531093 VOE14508165 EC460B<\/td>\n<td width=\"523\">\u00a0VOE14528735 SA1143-00111 VOE14524185 VOE14533652 EC240B<\/td>\n<\/tr>\n<\/tbody>\n<\/table>\n<table class=\"has-cyan-bluish-gray-background-color has-background\">\n<tbody>\n<tr>\n<td width=\"598\">\u00a0Volvo EC150, Volvo EC150LC s\u00f5iduajam: SA7117-30011,Volvo 150 : 14216035,150C, Volvo 150 k\u00e4igukast: 14214704 mootor: 14268106<\/td>\n<td width=\"614\">Volvo 160 s\u00f5iduajam: 14370176,<br \/>\nVolvo 160BLC\/BNLC s\u00f5iduajam: 14515045, 14528730,<br \/>\nVolvo 160CL\/CNL s\u00f5iduajam: 14538585<\/td>\n<\/tr>\n<tr>\n<td width=\"598\">Volvo 180BLC s\u00f5iduajam: 145212111, 14528731,<br \/>\n180CL 14538586<\/td>\n<td width=\"614\">EC210\/F\/LC\/NLC\/BF\/BFX\/BLC\/BLR\/BNLC\/BNC\/CL\/LD\/LR\/N\/N\/NL SA7117-30030, 14525366, 14528732, 14528930<\/td>\n<\/tr>\n<tr>\n<td width=\"598\">Volvo EC 200\/200B s\u00f5iduajam: 14528732<\/td>\n<td width=\"614\">Volvo EC 235\/235-C s\u00f5iduajam: 14550250<\/td>\n<\/tr>\n<tr>\n<td width=\"598\">Volvo EC210, EC210F, EC210LC, EC210NLC, Volvo EC210BF, EC210BFX, EC210BLC, Volvo EC210BLR, EC210BNLC, Volvo EC210BNC, EC210CL, EC210LD, EC210LR, EC210N, EC210NL : SA7117-30030, 14525366, 14528732, 14528930.<\/td>\n<td width=\"614\">EC290,290LC, 290LR, 290NLC: l\u00f5ppk\u00e4igukast: SA7117-38001, r\u00f6\u00f6bastee ajam: SA7240-10402, k\u00e4igukast: SA7117-38050,<br \/>\nEC290BFX ,EC 290BLC: SA7117-38020, VOE14521691, VOE14522894, VOE14551154EC290 BLR , EC290 BNLC: l\u00f5ppk\u00e4igukast: VOE14509996, VOE14521389, VOE14528280.<\/td>\n<\/tr>\n<tr>\n<td width=\"598\">Volvo EC 240\/LC\/LR\/NLC\/B\/B-LC\/B-LR\/B-NLC\/C\/CL\/C-LD\/C-LR\/C-NL SA7117-34001, SA8230-21631, 14528734, 14533652, 14528258<\/td>\n<td width=\"614\">Volvo EC R88 reisimootori osa numbrid: 14516538, s\u00f5idumootor: 14520757<\/td>\n<\/tr>\n<tr>\n<td width=\"598\">\u00a0EC360, EC360LC, EC360NLC, EC360B, EC360B-LC, EC360B-LR, EC360B-NLC, EC360C EC360CL<\/td>\n<td width=\"614\">EC360C-LD, Volvo EC360C-LR, Volvo EC360C-NL EC 360 SA7117-45010, 14551150, 14566400, 14513049, 14521695, 14522994.<\/td>\n<\/tr>\n<tr>\n<td width=\"598\">Volvo ECR 145 14573820, 14614941<\/td>\n<td width=\"614\">Volvo G726 s\u00f5iduajam: 12725795<\/td>\n<\/tr>\n<tr>\n<td width=\"598\">EC460 EC460B VOE 14508165 EC460 EC480<\/td>\n<td width=\"614\">EC700 EC700B EC700BLC VOE 14522564<\/td>\n<\/tr>\n<tr>\n<td width=\"598\">EC460 EC480 14733880 14727995 EC460 EC460B<\/td>\n<td width=\"614\">7117-38020 EC290 l\u00f5pliku j\u00f5u\u00fclekande koost Vol Vo<\/td>\n<\/tr>\n<tr>\n<td width=\"598\">\u00a0EC460 EC460B VOE 14508165 14522563 14522563<\/td>\n<td width=\"614\">Vol Vo EC700BHR EC700C EC700B EC700C EC700B<\/td>\n<\/tr>\n<tr>\n<td width=\"598\">EC290 Vol Vo ekskavaatori l\u00f5ppk\u00e4igukast EC290 Vol Vo<\/td>\n<td width=\"614\">\u00a07117-38020 14551154 14524707 14522894 14528257 14521691<\/td>\n<\/tr>\n<tr>\n<td width=\"598\">Mootor EC360C EC360B EC290B<\/td>\n<td width=\"614\">\u00a014528259 14513049 14521695<\/td>\n<\/tr>\n<tr>\n<td width=\"598\">\u00a0Vol Vo Ekskavaator EC290B EC330B EC360B EC360C<\/td>\n<td width=\"614\">\u00a0VOE14551150 14528260 14528281 14528281<\/td>\n<\/tr>\n<tr>\n<td width=\"598\">Vol Vo EC290B 7117-38020 14551154 14592030 14592030<\/td>\n<td width=\"614\">\u00a07117-38020 14551154 14592030<\/td>\n<\/tr>\n<tr>\n<td width=\"598\">EC460 EC460B<\/td>\n<td width=\"614\">VOE 14508165<\/td>\n<\/tr>\n<tr>\n<td width=\"598\">EC210BLC VOE14533651<\/td>\n<td width=\"614\">EC210BLC VOE14533651<\/td>\n<\/tr>\n<tr>\n<td width=\"598\">R140LC-9 R140-9 31Q4-4003 Reisimootori komplekt<\/td>\n<td width=\"614\">R140LC-9 R140-9 31Q4-4003<\/td>\n<\/tr>\n<tr>\n<td width=\"598\">E349D2 209-5992 215-9982<\/td>\n<td width=\"614\">E349D2 209-5992 215-9982<\/td>\n<\/tr>\n<tr>\n<td width=\"598\">VIO50-3 TM06F MAG33VP-550F-10 reduktor<\/td>\n<td width=\"614\">VIO50-3 TM06F MAG33VP-550F-10 reduktor<\/td>\n<\/tr>\n<tr>\n<td width=\"598\">E349D2 MCA250 MOBA250 390-1088<\/td>\n<td width=\"614\">E349D2 MCA250 MOBA250 390-1088<\/td>\n<\/tr>\n<tr>\n<td width=\"598\">EC210BLC SA1143-01270 H\u00fcdrauliline liikumismootor<\/td>\n<td width=\"614\">EC210BLC SA1143-01270<\/td>\n<\/tr>\n<\/tbody>\n<\/table>\n<p>&nbsp;<\/figure>\n<h4><strong>\u00a0Mootor ja k\u00e4igukast Saadaval mudel:<\/strong><\/h4>\n<figure class=\"wp-block-table is-style-stripes has-small-font-size\">EC13 XR EC13 XTV EC14 EC140 EC140B LC EC140B LCM EC140C L EC140C LM EC140D EC140D LM EC15 XR EC15 XT EC15 XTV EC150 EC15B XR EC15B XT EC15B XTV EC160B EC160B LC EC160B NLC EC160B NLC EC160C L EC17C EC180 EC180B LC EC180C L EC180D EC18C EC20 XT EC20 XTV EC200D LR EC20B XT EC20B XTV EC20C EC210 EC210B EC210B LC EC210C L EC220D EC220D N EC220D NL EC235C LD\/NL EC235C LD\/NL EC240 EC240 LC EC240 LR EC240 NLC EC240B EC240B LC EC240B LR EC240B NLC EC240C L EC240C LD EC240C LR EC240C NL EC25 EC280 EC290 EC290 LC EC290B EC290C L EC30 EC330B LC EC330C EC330C L EC330C LD EC35 EC35C EC360 EC360B LC EC360B NLC EC360C HR EC360C L EC360C LD EC360C NL EC380D HR EC460 EC460 LC EC460B LC EC460C L EC480D HR EC480D L EC50 EC50 VV EC55 EC55-2 EC55B EC55C EC55-EU EC60C EC70 EC70 VV ECR145C L ECR235C L ECR28 ECR305C L ECR38 ECR88 ECR88 PLUS FC2121C FC2421C FC2924C FF3329C PL4608 PL4611 ECR145D L EC140D L EC240LC EC240BLC EC240CL EC240CLD EC240CLR FC3329C EC210C N<\/figure>\n<div id=\"attachment_2045\" style=\"width: 425px\" class=\"wp-caption alignnone\"><img decoding=\"async\" aria-describedby=\"caption-attachment-2045\" class=\"wp-image-2045\" src=\"https:\/\/swingbearing.net\/wp-content\/uploads\/2024\/03\/\u884c\u8d70_01-300x99.jpg\" alt=\"reisimootor\" width=\"415\" height=\"137\" srcset=\"https:\/\/swingbearing.net\/wp-content\/uploads\/2024\/03\/\u884c\u8d70_01-300x99.jpg 300w, https:\/\/swingbearing.net\/wp-content\/uploads\/2024\/03\/\u884c\u8d70_01-18x6.jpg 18w, https:\/\/swingbearing.net\/wp-content\/uploads\/2024\/03\/\u884c\u8d70_01-600x199.jpg 600w, https:\/\/swingbearing.net\/wp-content\/uploads\/2024\/03\/\u884c\u8d70_01.jpg 749w\" sizes=\"(max-width: 415px) 100vw, 415px\" \/><p id=\"caption-attachment-2045\" class=\"wp-caption-text\"><a href=\"https:\/\/swingbearing.net\/et\/travel-reducer\/\">k\u00f5ndimismootor<\/a><\/p><\/div>\n<div id=\"attachment_2046\" style=\"width: 445px\" class=\"wp-caption alignnone\"><img decoding=\"async\" aria-describedby=\"caption-attachment-2046\" class=\"wp-image-2046\" src=\"https:\/\/swingbearing.net\/wp-content\/uploads\/2024\/03\/\u884c\u8d70_03-300x100.jpg\" alt=\"reisimootor\" width=\"435\" height=\"145\" srcset=\"https:\/\/swingbearing.net\/wp-content\/uploads\/2024\/03\/\u884c\u8d70_03-300x100.jpg 300w, https:\/\/swingbearing.net\/wp-content\/uploads\/2024\/03\/\u884c\u8d70_03-18x6.jpg 18w, https:\/\/swingbearing.net\/wp-content\/uploads\/2024\/03\/\u884c\u8d70_03-600x201.jpg 600w, https:\/\/swingbearing.net\/wp-content\/uploads\/2024\/03\/\u884c\u8d70_03.jpg 750w\" sizes=\"(max-width: 435px) 100vw, 435px\" \/><p id=\"caption-attachment-2046\" class=\"wp-caption-text\"><a href=\"https:\/\/swingbearing.net\/et\/hydraulic-motor\/\">reisi l\u00f5ppk\u00e4ik<\/a><\/p><\/div>\n<div id=\"attachment_2047\" style=\"width: 450px\" class=\"wp-caption alignnone\"><img decoding=\"async\" aria-describedby=\"caption-attachment-2047\" class=\"wp-image-2047\" src=\"https:\/\/swingbearing.net\/wp-content\/uploads\/2024\/03\/\u884c\u8d70_04-300x101.jpg\" alt=\"Reisimise v\u00e4hendamine\" width=\"440\" height=\"148\" srcset=\"https:\/\/swingbearing.net\/wp-content\/uploads\/2024\/03\/\u884c\u8d70_04-300x101.jpg 300w, https:\/\/swingbearing.net\/wp-content\/uploads\/2024\/03\/\u884c\u8d70_04-18x6.jpg 18w, https:\/\/swingbearing.net\/wp-content\/uploads\/2024\/03\/\u884c\u8d70_04-600x202.jpg 600w, https:\/\/swingbearing.net\/wp-content\/uploads\/2024\/03\/\u884c\u8d70_04.jpg 750w\" sizes=\"(max-width: 440px) 100vw, 440px\" \/><p id=\"caption-attachment-2047\" class=\"wp-caption-text\"><a href=\"https:\/\/swingbearing.net\/et\/swing-bearing\/\">Reisimise v\u00e4hendamine<\/a><\/p><\/div>","protected":false},"excerpt":{"rendered":"<h5 class=\"ct-headline\">Kategooriad: Volvo reisimootori h\u00fcdrauliline mootor l\u00f5ppk\u00e4igukast<br \/>\nModel: EC290B<br \/>\nPart No.:7117-38020 14551154 14592030<\/h5>","protected":false},"featured_media":2087,"template":"","meta":[],"product_brand":[],"product_cat":[26],"product_tag":[],"class_list":{"0":"post-2086","1":"product","2":"type-product","3":"status-publish","4":"has-post-thumbnail","6":"product_cat-hydraulic-motors","8":"first","9":"instock","10":"shipping-taxable","11":"product-type-simple"},"_links":{"self":[{"href":"https:\/\/swingbearing.net\/et\/wp-json\/wp\/v2\/product\/2086","targetHints":{"allow":["GET"]}}],"collection":[{"href":"https:\/\/swingbearing.net\/et\/wp-json\/wp\/v2\/product"}],"about":[{"href":"https:\/\/swingbearing.net\/et\/wp-json\/wp\/v2\/types\/product"}],"wp:featuredmedia":[{"embeddable":true,"href":"https:\/\/swingbearing.net\/et\/wp-json\/wp\/v2\/media\/2087"}],"wp:attachment":[{"href":"https:\/\/swingbearing.net\/et\/wp-json\/wp\/v2\/media?parent=2086"}],"wp:term":[{"taxonomy":"product_brand","embeddable":true,"href":"https:\/\/swingbearing.net\/et\/wp-json\/wp\/v2\/product_brand?post=2086"},{"taxonomy":"product_cat","embeddable":true,"href":"https:\/\/swingbearing.net\/et\/wp-json\/wp\/v2\/product_cat?post=2086"},{"taxonomy":"product_tag","embeddable":true,"href":"https:\/\/swingbearing.net\/et\/wp-json\/wp\/v2\/product_tag?post=2086"}],"curies":[{"name":"wp","href":"https:\/\/api.w.org\/{rel}","templated":true}]}}