{"id":2065,"date":"2024-03-08T06:28:34","date_gmt":"2024-03-08T06:28:34","guid":{"rendered":"https:\/\/swingbearing.net\/?post_type=product&#038;p=2065"},"modified":"2024-03-11T03:55:55","modified_gmt":"2024-03-11T03:55:55","slug":"travel-motor-ec290b","status":"publish","type":"product","link":"https:\/\/swingbearing.net\/et\/product\/travel-motor-ec290b\/","title":{"rendered":"H\u00fcdrauliline liikumismootor SA7117-38020 SA7240-10402 EC290B liikumisv\u00e4hendus"},"content":{"rendered":"<h4>Pakume ekskavaatorite jaoks laia valikut s\u00f5idumootoreid \/ l\u00f5ppk\u00e4igukomplekti \/ s\u00f5idu reduktoriga k\u00e4igukaste.<\/h4>\n<p>S\u00f5idumootor (l\u00f5ppk\u00e4igukast )on mehaaniline seade, mida kasutatakse peamiselt elektriliste seadmete, n\u00e4iteks robotite, motorollerite ja elektriliste jalgrataste edasiliikumiseks v\u00f5i t\u00f6\u00f6tamiseks. Selle p\u00f5hiline t\u00f6\u00f6p\u00f5him\u00f5te on kasutada elektromagnetilise induktsiooni p\u00f5him\u00f5tet p\u00f6\u00f6rdemomendi tekitamiseks ja seej\u00e4rel v\u00e4hendada kiirust sisemise \u00fclekandeseadme kaudu, et ajada v\u00e4liseid rattaid v\u00f5i kette liikuma. Konstruktsiooniliselt koosneb s\u00f5idumootor tavaliselt kiirest h\u00fcdraulilisest mootorist, pidurist, planetaarreduktorist, ventiilir\u00fchmast jne ning v\u00f5tab vastu suure koormusega koonilise rull-laagri konstruktsiooni, et taluda ekskavaatori poolt t\u00f6\u00f6 ja p\u00f6\u00f6ramise ajal tekitatud aksiaal- ja radiaalj\u00f5ude.<br \/>\nMeie kogenud m\u00fc\u00fcgimeeskonnal on k\u00e4sil rikkalikud teadmised ja kogemused reisimootori l\u00f5ppt\u00f5mbest, et tagada teie reisimootori n\u00f5uete kiire ja kuluefektiivne t\u00e4itmine.<\/p>\n<p><strong>\u00a0Toetatud mudelid<\/strong><br \/>\nPraegu saame pakkuda s\u00f5idumootoreid laiale valikule ekskavaatoritele, mida toodavad sellised ettev\u00f5tted nagu Komatsu, Caterpillar, Volvo, Case, Doosan, Sumitomo, Hyundai, Kobelco, JCB, Liugong, Sany, XCMG ja Hitachi.<\/p>\n<h4>Seotud Volvo ekskavaatori reisimootori komplekt<\/h4>\n<figure class=\"wp-block-table is-style-stripes has-small-font-size\">\n<table class=\"has-cyan-bluish-gray-background-color has-background\">\n<tbody>\n<tr>\n<td width=\"598\">\u00a0Volvo EC150, Volvo EC150LC s\u00f5iduajam: SA7117-30011,<br \/>\n\u2013 Volvo 150 Akerman travel drive unit: 14216035,<br \/>\n\u2013 Volvo 150C, Volvo 150 gearbox: 14214704 motor: 14268106<\/td>\n<td width=\"614\">Volvo 160 s\u00f5iduajam: 14370176,<br \/>\n- Volvo 160BLC\/BNLC s\u00f5iduajam: 14515045, 14528730,<br \/>\n\u2013 Volvo 160CL\/CNL travel drive unit: 14538585<\/td>\n<\/tr>\n<tr>\n<td width=\"598\">Volvo 180BLC s\u00f5iduajam: 145212111, 14528731,<br \/>\n180CL 14538586<\/td>\n<td width=\"614\">EC210\/F\/LC\/NLC\/BF\/BFX\/BLC\/BLR\/BNLC\/BNC\/CL\/LD\/LR\/N\/N\/NL SA7117-30030, 14525366, 14528732, 14528930<\/td>\n<\/tr>\n<tr>\n<td width=\"598\">Volvo EC 200\/200B s\u00f5iduajam: 14528732<\/td>\n<td width=\"614\">Volvo EC 235\/235-C s\u00f5iduajam: 14550250<\/td>\n<\/tr>\n<tr>\n<td width=\"598\">Volvo EC210, Volvo EC210F, Volvo EC210LC, Volvo EC210NLC, Volvo EC210BF, Volvo EC210BFX, Volvo EC210BLC, Volvo EC210BLR, Volvo EC210BNLC, Volvo EC210BNC, Volvo EC210CL, Volvo EC210LD, Volvo EC210LR, Volvo EC210N, Volvo EC210NL osa numbrid: SA7117-30030, 14525366, 14528732, 14528930.<\/td>\n<td width=\"614\">Volvo EC290,290LC, 290LR, 290NLC: l\u00f5ppk\u00e4igukast: SA7117-38001, roomikajam: SA7240-10402, k\u00e4igukast: SA7117-38050,<br \/>\nVolvo EC290BFX ,EC 290BLC: SA7117-38020, VOE14521691, VOE14522894, VOE14551154<br \/>\nVolvo EC290 BLR , EC290 BNLC: final drive: VOE14509996, VOE14521389, VOE14528280.<\/td>\n<\/tr>\n<tr>\n<td width=\"598\">Volvo EC 240\/LC\/LR\/NLC\/B\/B-LC\/B-LR\/B-NLC\/C\/CL\/C-LD\/C-LR\/C-NL s\u00f5iduajam:  SA7117-34001, SA8230-21631, 14528734, 14533652, 14528258<\/td>\n<td width=\"614\">Volvo ECR 88 osa numbreid s\u00f5iduajamile: 14516538, s\u00f5idumootor: 14520757<\/td>\n<\/tr>\n<tr>\n<td width=\"598\">Volvo EC360, Volvo EC360LC, Volvo EC360NLC, Volvo EC360B, Volvo EC360B-LC, Volvo EC360B-LR, Volvo EC360B-NLC, Volvo EC360C, Volvo EC360CL, Volvo EC360C, Volvo EC360CL.<\/td>\n<td width=\"614\">EC360C-LD, Volvo EC360C-LR, Volvo EC360C-NL ekskavaator<br \/>\n- Volvo EC 360 SA7117-45010, 14551150, 14566400, 14513049, 14521695, 14522994.<\/td>\n<\/tr>\n<tr>\n<td width=\"598\">Volvo ECR 145 osa numbreid s\u00f5iduajamile: 14573820, 14614941<\/td>\n<td width=\"614\">Volvo G726 s\u00f5iduajam: 12725795<\/td>\n<\/tr>\n<tr>\n<td width=\"598\">EC460 EC460B VOE 14508165 EC460 EC480<\/td>\n<td width=\"614\">EC700 EC700B EC700BLC VOE 14522564<\/td>\n<\/tr>\n<tr>\n<td width=\"598\">EC460 EC480 14733880 14727995 EC460 EC460B<\/td>\n<td width=\"614\">7117-38020 EC290 l\u00f5pliku j\u00f5u\u00fclekande koost Vol Vo<\/td>\n<\/tr>\n<tr>\n<td width=\"598\">\u00a0EC460 EC460B VOE 14508165 14522563 14522563<\/td>\n<td width=\"614\">Vol Vo EC700BHR EC700C EC700B EC700C EC700B<\/td>\n<\/tr>\n<tr>\n<td width=\"598\">EC290 Vol Vo ekskavaatori l\u00f5ppk\u00e4igukast EC290 Vol Vo<\/td>\n<td width=\"614\">\u00a07117-38020 14551154 14524707 14522894 14528257 14521691<\/td>\n<\/tr>\n<tr>\n<td width=\"598\">Mootor EC360C EC360B EC290B<\/td>\n<td width=\"614\">\u00a014528259 14513049 14521695<\/td>\n<\/tr>\n<tr>\n<td width=\"598\">\u00a0Vol Vo Ekskavaator EC290B EC330B EC360B EC360C<\/td>\n<td width=\"614\">\u00a0VOE14551150 14528260 14528281 14528281<\/td>\n<\/tr>\n<tr>\n<td width=\"598\">Vol Vo EC290B 7117-38020 14551154 14592030 14592030<\/td>\n<td width=\"614\">\u00a07117-38020 14551154 14592030<\/td>\n<\/tr>\n<tr>\n<td width=\"598\">EC460 EC460B<\/td>\n<td width=\"614\">VOE 14508165<\/td>\n<\/tr>\n<tr>\n<td width=\"598\">EC210BLC VOE14533651<\/td>\n<td width=\"614\">EC210BLC VOE14533651<\/td>\n<\/tr>\n<tr>\n<td width=\"598\">R140LC-9 R140-9 31Q4-4003 Reisimootori komplekt<\/td>\n<td width=\"614\">R140LC-9 R140-9 31Q4-4003<\/td>\n<\/tr>\n<tr>\n<td width=\"598\">E349D2 209-5992 215-9982<\/td>\n<td width=\"614\">E349D2 209-5992 215-9982<\/td>\n<\/tr>\n<tr>\n<td width=\"598\">VIO50-3 TM06F MAG33VP-550F-10 reduktor<\/td>\n<td width=\"614\">VIO50-3 TM06F MAG33VP-550F-10 reduktor<\/td>\n<\/tr>\n<tr>\n<td width=\"598\">E349D2 MCA250 MOBA250 390-1088<\/td>\n<td width=\"614\">E349D2 MCA250 MOBA250 390-1088<\/td>\n<\/tr>\n<tr>\n<td width=\"598\">EC210BLC SA1143-01270 H\u00fcdrauliline liikumismootor<\/td>\n<td width=\"614\">EC210BLC SA1143-01270<\/td>\n<\/tr>\n<\/tbody>\n<\/table>\n<\/figure>\n<h4><strong>\u00a0Mootor ja k\u00e4igukast Saadaval mudel:<\/strong><\/h4>\n<figure class=\"wp-block-table is-style-stripes has-small-font-size\">1188 CK 1188 LC 1288CK 1288NLC 15 16 23 28 31 35 588 688 688B 688B CK 788CK 788LC 788LLC 888 888 Amphibious 888B CK 888B CKE 888B CKL 9007 9007B 9010 9010B 9013 9020 9020B 9021 9030 9030B 9040 9040B 988 CK C15 CK13 CK15 CK25 CK28 CK32 CK36 CK38 CK50 CK52 CX130 CX130B CX130C CX135SR CX14 CX145C SR CX15 CX15B CX16 CX16B CX17B CX180 CX180B CX18B CX20B CX210 CX210B CX210BLR CX210BNLC CX210LR CX210N CX225SR CX22B CX23 CX230 CX230B CX235C SR CX240 CX240B CX240BLR CX240LC CX240LR CX240NLC CX25 CX250C LR CX26B CX27B CX28 CX290 CX290B CX300C CX30B CX31 CX31B CX330 CX35 CX350 CX350B CX36 CX36B CX40B CX45B CX47 CX50 CX50B CX55B CX75C SR CX75SR CX80 CX80C TR320 420CT 440CT 445CT 450CT TR270 TV380 9030B TK CX250C CX330B CX350C CX370C<\/figure>\n<div id=\"attachment_2045\" style=\"width: 425px\" class=\"wp-caption alignnone\"><img decoding=\"async\" aria-describedby=\"caption-attachment-2045\" class=\"wp-image-2045\" src=\"https:\/\/swingbearing.net\/wp-content\/uploads\/2024\/03\/\u884c\u8d70_01-300x99.jpg\" alt=\"reisimootor\" width=\"415\" height=\"137\" srcset=\"https:\/\/swingbearing.net\/wp-content\/uploads\/2024\/03\/\u884c\u8d70_01-300x99.jpg 300w, https:\/\/swingbearing.net\/wp-content\/uploads\/2024\/03\/\u884c\u8d70_01-18x6.jpg 18w, https:\/\/swingbearing.net\/wp-content\/uploads\/2024\/03\/\u884c\u8d70_01-600x199.jpg 600w, https:\/\/swingbearing.net\/wp-content\/uploads\/2024\/03\/\u884c\u8d70_01.jpg 749w\" sizes=\"(max-width: 415px) 100vw, 415px\" \/><p id=\"caption-attachment-2045\" class=\"wp-caption-text\"><a href=\"https:\/\/swingbearing.net\/et\/travel-reducer\/\">k\u00f5ndimismootor<\/a><\/p><\/div>\n<div id=\"attachment_2046\" style=\"width: 445px\" class=\"wp-caption alignnone\"><img decoding=\"async\" aria-describedby=\"caption-attachment-2046\" class=\"wp-image-2046\" src=\"https:\/\/swingbearing.net\/wp-content\/uploads\/2024\/03\/\u884c\u8d70_03-300x100.jpg\" alt=\"reisimootor\" width=\"435\" height=\"145\" srcset=\"https:\/\/swingbearing.net\/wp-content\/uploads\/2024\/03\/\u884c\u8d70_03-300x100.jpg 300w, https:\/\/swingbearing.net\/wp-content\/uploads\/2024\/03\/\u884c\u8d70_03-18x6.jpg 18w, https:\/\/swingbearing.net\/wp-content\/uploads\/2024\/03\/\u884c\u8d70_03-600x201.jpg 600w, https:\/\/swingbearing.net\/wp-content\/uploads\/2024\/03\/\u884c\u8d70_03.jpg 750w\" sizes=\"(max-width: 435px) 100vw, 435px\" \/><p id=\"caption-attachment-2046\" class=\"wp-caption-text\"><a href=\"https:\/\/swingbearing.net\/et\/hydraulic-motor\/\">reisi l\u00f5ppk\u00e4ik<\/a><\/p><\/div>\n<div id=\"attachment_2047\" style=\"width: 450px\" class=\"wp-caption alignnone\"><img decoding=\"async\" aria-describedby=\"caption-attachment-2047\" class=\"wp-image-2047\" src=\"https:\/\/swingbearing.net\/wp-content\/uploads\/2024\/03\/\u884c\u8d70_04-300x101.jpg\" alt=\"Reisimise v\u00e4hendamine\" width=\"440\" height=\"148\" srcset=\"https:\/\/swingbearing.net\/wp-content\/uploads\/2024\/03\/\u884c\u8d70_04-300x101.jpg 300w, https:\/\/swingbearing.net\/wp-content\/uploads\/2024\/03\/\u884c\u8d70_04-18x6.jpg 18w, https:\/\/swingbearing.net\/wp-content\/uploads\/2024\/03\/\u884c\u8d70_04-600x202.jpg 600w, https:\/\/swingbearing.net\/wp-content\/uploads\/2024\/03\/\u884c\u8d70_04.jpg 750w\" sizes=\"(max-width: 440px) 100vw, 440px\" \/><p id=\"caption-attachment-2047\" class=\"wp-caption-text\"><a href=\"https:\/\/swingbearing.net\/et\/swing-bearing\/\">Reisimise v\u00e4hendamine<\/a><\/p><\/div>","protected":false},"excerpt":{"rendered":"<h5 class=\"ct-headline\">Kategooriad: Volvo reisimootori h\u00fcdrauliline mootor l\u00f5ppk\u00e4igukast<br \/>\nModel: EC290B<br \/>\nPart No.:SA7117-38020 SA7240-10402<\/h5>","protected":false},"featured_media":2068,"template":"","meta":[],"product_brand":[],"product_cat":[26],"product_tag":[],"class_list":{"0":"post-2065","1":"product","2":"type-product","3":"status-publish","4":"has-post-thumbnail","6":"product_cat-hydraulic-motors","8":"first","9":"instock","10":"shipping-taxable","11":"product-type-simple"},"_links":{"self":[{"href":"https:\/\/swingbearing.net\/et\/wp-json\/wp\/v2\/product\/2065","targetHints":{"allow":["GET"]}}],"collection":[{"href":"https:\/\/swingbearing.net\/et\/wp-json\/wp\/v2\/product"}],"about":[{"href":"https:\/\/swingbearing.net\/et\/wp-json\/wp\/v2\/types\/product"}],"wp:featuredmedia":[{"embeddable":true,"href":"https:\/\/swingbearing.net\/et\/wp-json\/wp\/v2\/media\/2068"}],"wp:attachment":[{"href":"https:\/\/swingbearing.net\/et\/wp-json\/wp\/v2\/media?parent=2065"}],"wp:term":[{"taxonomy":"product_brand","embeddable":true,"href":"https:\/\/swingbearing.net\/et\/wp-json\/wp\/v2\/product_brand?post=2065"},{"taxonomy":"product_cat","embeddable":true,"href":"https:\/\/swingbearing.net\/et\/wp-json\/wp\/v2\/product_cat?post=2065"},{"taxonomy":"product_tag","embeddable":true,"href":"https:\/\/swingbearing.net\/et\/wp-json\/wp\/v2\/product_tag?post=2065"}],"curies":[{"name":"wp","href":"https:\/\/api.w.org\/{rel}","templated":true}]}}