{"id":2037,"date":"2024-03-07T06:19:13","date_gmt":"2024-03-07T06:19:13","guid":{"rendered":"https:\/\/swingbearing.net\/?post_type=product&#038;p=2037"},"modified":"2024-03-07T06:40:47","modified_gmt":"2024-03-07T06:40:47","slug":"swing-motors-706-7k-01011","status":"publish","type":"product","link":"https:\/\/swingbearing.net\/et\/product\/swing-motors-706-7k-01011\/","title":{"rendered":"706-7K-01011 H\u00fcdrauliline \u00f5\u00f5tsemootor SANY SY135-8 SY65 SY75 SY200 SY300 jaoks"},"content":{"rendered":"<h4>Pakume ulatuslikku valikut ekskavaatorite kiikmootoreid \/ kiikreduktoreid \/ kiikreduktoriga k\u00e4igukaste.<\/h4>\n<p>1\u3001 Kiikumootori funktsioon<br \/>\nKiikumismootor on \u00fcks ekskavaatori p\u00f5hikomponente ja selle peamine \u00fclesanne on juhtida kogu kiiks\u00fcsteemi, nii et ekskavaatori \u00fclemine osa saaks kiikuda 360 kraadi. Konkreetselt h\u00f5lmab ekskavaatori \u00fclemine osa selliseid komponente nagu kiikeplatvorm, kiikumismootor ja kiikumismehhanism. Kiikumismootor ajab kiikumismehhanismi, mis v\u00f5imaldab ekskavaatori \u00fclemise osa kiikumist vasakule ja paremale.<br \/>\n2\u3001 Kiikumismootori t\u00f6\u00f6p\u00f5him\u00f5te<br \/>\nKiikumismootor kasutab h\u00fcdraulilist ajamimeetodit, mis muudab h\u00fcdraulilise energia mehaaniliseks energiaks ja edastab j\u00f5u h\u00fcdraulilise \u00fclekandeseadme kaudu kiikumismehhanismile, mis paneb selle p\u00f6\u00f6rlema. Konkreetselt sisaldab kiikumismootor mitut kolbi, silindrikorpust ja hammasratast. Kui \u00f5lipumbast voolab \u00f5limootorisse h\u00fcdraulika\u00f5li, tekib kolbidele h\u00fcdrauliline surve ja nad liiguvad silindrikorpuse suunas, mis paneb hammasrattad p\u00f6\u00f6rlema ja seega paneb p\u00f6\u00f6rlemismehhanismi p\u00f6\u00f6rlema.<\/p>\n<p><strong>Toetatud mudelid<\/strong><br \/>\nPraegu saame pakkuda kiikumootoreid laiale valikule ekskavaatoritele, mida toodavad sellised ettev\u00f5tted nagu Komatsu, Caterpillar, Volvo, Case, Doosan, Sumitomo, Hyundai, Kobelco, JCB, Liugong, Sany, XCMG ja Hitachi.<\/p>\n<h4>Seotud Sany ekskavaatori kiikumismootori komplekt<\/h4>\n<figure class=\"wp-block-table is-style-stripes has-small-font-size\">\n<table style=\"height: 410px;\" width=\"607\">\n<tbody>\n<tr>\n<td width=\"236\">GM85<\/td>\n<td width=\"273\">MAG-1700VP-5000<\/td>\n<\/tr>\n<tr>\n<td width=\"236\">\u00a0Sany 335<\/td>\n<td width=\"273\">MAG-18000VP-6000<\/td>\n<\/tr>\n<tr>\n<td width=\"236\">Sany JS200 332\/K1192<\/td>\n<td width=\"273\">MAG-170V9-G-GT40D43B B0240-93111<\/td>\n<\/tr>\n<tr>\n<td width=\"236\">\u00a0Sany 335<\/td>\n<td width=\"273\">MAG-18000VP-6000<\/td>\n<\/tr>\n<tr>\n<td>SANY258<\/td>\n<td>SANY258<\/td>\n<\/tr>\n<tr>\n<td width=\"236\">\u00a0Sany305<\/td>\n<td width=\"273\">MAG-1700VP-5000<\/td>\n<\/tr>\n<tr>\n<td width=\"236\">\u00a0Sany 335<\/td>\n<td width=\"273\">MAG-18000VP-6000<\/td>\n<\/tr>\n<tr>\n<td width=\"236\">Sany JS200<\/td>\n<td width=\"273\">MAG-170V9-G-GT40D43B<\/td>\n<\/tr>\n<tr>\n<td width=\"236\">\u00a0 mis tahes 335<\/td>\n<td width=\"273\">MAG-18000VP-6000<\/td>\n<\/tr>\n<tr>\n<td width=\"236\">SANY Sy385 Sy335 Sk350<\/td>\n<td width=\"273\">Msf-180vp-G-1<\/td>\n<\/tr>\n<tr>\n<td width=\"236\">Liugong 925D SANY SY215 SK200-8<\/td>\n<td width=\"273\">MAG170VP-3800G-10<\/td>\n<\/tr>\n<tr>\n<td>\u00a0SK460 SY485<\/td>\n<td>GM85<\/td>\n<\/tr>\n<\/tbody>\n<\/table>\n<\/figure>\n<h4><strong>Mootor ja k\u00e4igukast Saadaval mudel:<\/strong><\/h4>\n<figure class=\"wp-block-table is-style-stripes has-small-font-size\">SANY SY135C SY230C SY55, SY60, SY65, SY70, SY75, SY85, SY95, SY115, SY135, SY155, SY195, SY200, SY205, SY215, SY220, SY225, SY235, SY245, SY285, SY305, SY335, SY365, SY375, SY395, SY415 ja SY485 ekskavaatorite mudelid.<\/figure>\n<p><img decoding=\"async\" class=\"wp-image-1155 aligncenter\" src=\"https:\/\/swingbearing.net\/wp-content\/uploads\/2023\/11\/111-300x187.jpg\" alt=\"Ekskavaatori l\u00f5ppk\u00e4igukast\" width=\"718\" height=\"448\" srcset=\"https:\/\/swingbearing.net\/wp-content\/uploads\/2023\/11\/111-300x187.jpg 300w, https:\/\/swingbearing.net\/wp-content\/uploads\/2023\/11\/111-768x479.jpg 768w, https:\/\/swingbearing.net\/wp-content\/uploads\/2023\/11\/111-600x374.jpg 600w, https:\/\/swingbearing.net\/wp-content\/uploads\/2023\/11\/111.jpg 850w\" sizes=\"(max-width: 718px) 100vw, 718px\" \/><\/p>\n<p><img decoding=\"async\" class=\"wp-image-1156 aligncenter\" src=\"https:\/\/swingbearing.net\/wp-content\/uploads\/2023\/11\/222.jpg\" alt=\"Ekskavaatori l\u00f5ppk\u00e4igukast\" width=\"727\" height=\"546\" srcset=\"https:\/\/swingbearing.net\/wp-content\/uploads\/2023\/11\/222.jpg 850w, https:\/\/swingbearing.net\/wp-content\/uploads\/2023\/11\/222-300x225.jpg 300w, https:\/\/swingbearing.net\/wp-content\/uploads\/2023\/11\/222-768x576.jpg 768w, https:\/\/swingbearing.net\/wp-content\/uploads\/2023\/11\/222-600x450.jpg 600w\" sizes=\"(max-width: 727px) 100vw, 727px\" \/><\/p>","protected":false},"excerpt":{"rendered":"<h5 class=\"ct-headline\">Kategooriad: Sany Swing Motor, Swing Gearbox ,Swing Reducer,<br \/>\nModel: SY135-8 SY65 SY75 SY200 SY300<br \/>\nPart No.:706-7K-01011<\/h5>","protected":false},"featured_media":1887,"template":"","meta":[],"product_brand":[],"product_cat":[26],"product_tag":[],"class_list":{"0":"post-2037","1":"product","2":"type-product","3":"status-publish","4":"has-post-thumbnail","6":"product_cat-hydraulic-motors","8":"first","9":"instock","10":"shipping-taxable","11":"product-type-simple"},"_links":{"self":[{"href":"https:\/\/swingbearing.net\/et\/wp-json\/wp\/v2\/product\/2037","targetHints":{"allow":["GET"]}}],"collection":[{"href":"https:\/\/swingbearing.net\/et\/wp-json\/wp\/v2\/product"}],"about":[{"href":"https:\/\/swingbearing.net\/et\/wp-json\/wp\/v2\/types\/product"}],"wp:featuredmedia":[{"embeddable":true,"href":"https:\/\/swingbearing.net\/et\/wp-json\/wp\/v2\/media\/1887"}],"wp:attachment":[{"href":"https:\/\/swingbearing.net\/et\/wp-json\/wp\/v2\/media?parent=2037"}],"wp:term":[{"taxonomy":"product_brand","embeddable":true,"href":"https:\/\/swingbearing.net\/et\/wp-json\/wp\/v2\/product_brand?post=2037"},{"taxonomy":"product_cat","embeddable":true,"href":"https:\/\/swingbearing.net\/et\/wp-json\/wp\/v2\/product_cat?post=2037"},{"taxonomy":"product_tag","embeddable":true,"href":"https:\/\/swingbearing.net\/et\/wp-json\/wp\/v2\/product_tag?post=2037"}],"curies":[{"name":"wp","href":"https:\/\/api.w.org\/{rel}","templated":true}]}}