{"id":2016,"date":"2024-03-07T03:23:00","date_gmt":"2024-03-07T03:23:00","guid":{"rendered":"https:\/\/swingbearing.net\/?post_type=product&#038;p=2016"},"modified":"2024-03-07T03:28:44","modified_gmt":"2024-03-07T03:28:44","slug":"swing-motors-14596609","status":"publish","type":"product","link":"https:\/\/swingbearing.net\/et\/product\/swing-motors-14596609\/","title":{"rendered":"Hydraulic Swing Motors 14596609 EC330B LC 179-9775 CAT 325CL"},"content":{"rendered":"<h4>Pakume ulatuslikku valikut ekskavaatorite kiikmootoreid \/ kiikreduktoreid \/ kiikreduktoriga k\u00e4igukaste.<\/h4>\n<p>1\u3001 Kiikumootori funktsioon<br \/>\nKiikumismootor on \u00fcks ekskavaatori p\u00f5hikomponente ja selle peamine \u00fclesanne on juhtida kogu kiiks\u00fcsteemi, nii et ekskavaatori \u00fclemine osa saaks kiikuda 360 kraadi. Konkreetselt h\u00f5lmab ekskavaatori \u00fclemine osa selliseid komponente nagu kiikeplatvorm, kiikumismootor ja kiikumismehhanism. Kiikumismootor ajab kiikumismehhanismi, mis v\u00f5imaldab ekskavaatori \u00fclemise osa kiikumist vasakule ja paremale.<br \/>\n2\u3001 Kiikumismootori t\u00f6\u00f6p\u00f5him\u00f5te<br \/>\nKiikumismootor kasutab h\u00fcdraulilist ajamimeetodit, mis muudab h\u00fcdraulilise energia mehaaniliseks energiaks ja edastab j\u00f5u h\u00fcdraulilise \u00fclekandeseadme kaudu kiikumismehhanismile, mis paneb selle p\u00f6\u00f6rlema. Konkreetselt sisaldab kiikumismootor mitut kolbi, silindrikorpust ja hammasratast. Kui \u00f5lipumbast voolab \u00f5limootorisse h\u00fcdraulika\u00f5li, tekib kolbidele h\u00fcdrauliline surve ja nad liiguvad silindrikorpuse suunas, mis paneb hammasrattad p\u00f6\u00f6rlema ja seega paneb p\u00f6\u00f6rlemismehhanismi p\u00f6\u00f6rlema.<\/p>\n<p><strong>Toetatud mudelid<\/strong><br \/>\nPraegu saame pakkuda kiikumootoreid laiale valikule ekskavaatoritele, mida toodavad sellised ettev\u00f5tted nagu Komatsu, Caterpillar, Volvo, Case, Doosan, Sumitomo, Hyundai, Kobelco, JCB, Liugong, Sany, XCMG ja Hitachi.<\/p>\n<h4>Seotud CAT Excavator Swing Motor Assy<\/h4>\n<figure class=\"wp-block-table is-style-stripes has-small-font-size\">\n<table class=\"has-cyan-bluish-gray-background-color has-background\">\n<tbody>\n<tr>\n<td width=\"333\">1527372 1111868 1527371 M318 M320<\/td>\n<td width=\"339\">\u00a0 2676750 2676751 328D<\/td>\n<\/tr>\n<tr>\n<td width=\"333\">\u00a01994600 1994602 315D<\/td>\n<td width=\"339\">3349971 1799774 3349978 328D<\/td>\n<\/tr>\n<tr>\n<td width=\"333\">\u00a02959436 2344524 2959437 365C<\/td>\n<td width=\"339\">\u00a0 4674412 4219132 4229182 312D2<\/td>\n<\/tr>\n<tr>\n<td width=\"333\">\u00a01994589 1994590 2276110 365C<\/td>\n<td width=\"339\">\u00a0 4219132 4240519 4674412 313D2<\/td>\n<\/tr>\n<tr>\n<td width=\"333\">\u00a01994588 1994589 1994590 365B<\/td>\n<td width=\"339\">\u00a03333071 3333072 3333073 313D2<\/td>\n<\/tr>\n<tr>\n<td width=\"333\">\u00a02667921 2667922 3349979 330D<\/td>\n<td width=\"339\">3333071 3333072 3333073 313D<\/td>\n<\/tr>\n<tr>\n<td width=\"333\">\u00a02003373 2042679 2042678 330D<\/td>\n<td width=\"339\">170-9893 422-9182 1709893 4229182 312E<\/td>\n<\/tr>\n<tr>\n<td width=\"333\">\u00a01915542 2667916 2667915 319D<\/td>\n<td width=\"339\">4257075 4279705 4219132 312E<\/td>\n<\/tr>\n<tr>\n<td width=\"333\">334-9971 334-9978 3349971 3349978 329D<\/td>\n<td width=\"339\">3333070 3333071 3333072 312E<\/td>\n<\/tr>\n<tr>\n<td width=\"333\">3349971 3349978 4826394<\/td>\n<td width=\"339\">\u00a0369-9605 369-9624 3699605 3699624 316E<\/td>\n<\/tr>\n<tr>\n<td width=\"333\">\u00a0179-9775 188-4175 1799775 1884175 M325D<\/td>\n<td width=\"339\">364-0978 369-9604 3640978 3699604 316E<\/td>\n<\/tr>\n<tr>\n<td width=\"333\">3349971 3349978 4826394 329D2<\/td>\n<td width=\"339\">\u00a03707637 3707653 3333011 316E<\/td>\n<\/tr>\n<tr>\n<td width=\"333\">\u00a04826393 2095992 326D2<\/td>\n<td width=\"339\">334-9973 334-9979 3349973 3349979 336D2<\/td>\n<\/tr>\n<tr>\n<td width=\"333\">\u00a03349970 3349978 4826393 326D<\/td>\n<td width=\"339\">\u00a04472485 2003372 3228729 336D2<\/td>\n<\/tr>\n<tr>\n<td width=\"333\">191-2594 194-8224 1912594 1948224 314C<\/td>\n<td width=\"339\">200-3372 334-9979 2003372 3349979 336D<\/td>\n<\/tr>\n<tr>\n<td width=\"333\">\u00a0191-2693 199-4487 1912693 1994487 325D<\/td>\n<td width=\"339\">\u00a03332958 3332959 3349973 336D<\/td>\n<\/tr>\n<tr>\n<td width=\"333\">1 5226899 5444801 3499<\/td>\n<td width=\"339\">\u00a04655180 4656069 3332965 323E<\/td>\n<\/tr>\n<tr>\n<td width=\"333\">\u00a05213867 5444802 5226897 349<\/td>\n<td width=\"339\">4671393 3349968 3349976 323E<\/td>\n<\/tr>\n<tr>\n<td width=\"333\">\u00a0521-3866 5213865 5671726 5213866 349<\/td>\n<td width=\"339\">3332912 1484644 1484679 323E<\/td>\n<\/tr>\n<tr>\n<td width=\"333\">\u00a0489-3487 515-6105 4893487 5156105 323<\/td>\n<td width=\"339\">4655180 4656069 320E hita<\/td>\n<\/tr>\n<tr>\n<td width=\"333\">\u00a0489-3486 488-3075 4893486 4883075 323<\/td>\n<td width=\"339\">\u00a04671393 3349968 3349976 320E<\/td>\n<\/tr>\n<tr>\n<td width=\"333\">\u00a04883074 3789517 4883075 323<\/td>\n<td width=\"339\">3349988 3349976 323F hitachi<\/td>\n<\/tr>\n<tr>\n<td width=\"333\">465-5180 465-6069 4655180 4656069 325F<\/td>\n<td width=\"339\">334-9986 334-9987 3349986 3349987 323F<\/td>\n<\/tr>\n<tr>\n<td width=\"333\">466-3555 558-7675 4663555 5587675 325F<\/td>\n<td width=\"339\">\u00a04671393 4655180 4656069 323F<\/td>\n<\/tr>\n<tr>\n<td width=\"333\">\u00a04512916 4512917 5602471 325F<\/td>\n<td width=\"339\">\u00a0334-9973 334-9979 3349973 3349979 336E<\/td>\n<\/tr>\n<tr>\n<td width=\"333\">\u00a04219132 4674412 4229182 312F<\/td>\n<td width=\"339\">\u00a03789558 4472485 2003372 336E<\/td>\n<\/tr>\n<tr>\n<td width=\"333\">4506323 4506324 3333073 312F<\/td>\n<td width=\"339\">3192785 3332958 3332959 336E<\/td>\n<\/tr>\n<tr>\n<td width=\"333\">\u00a0422-9184 421-9133 4229184 4219133 314F<\/td>\n<td width=\"339\">\u00a04923305 349F 352F 336E 336F 336F<\/td>\n<\/tr>\n<tr>\n<td width=\"333\">424-0521 467-4412 4240521 4674412 314F<\/td>\n<td width=\"339\">\u00a03349980 4865236 4923305 349E<\/td>\n<\/tr>\n<tr>\n<td width=\"333\">4412535 4310395 4219133 314F<\/td>\n<td width=\"339\">2254505 4865235 3349975 349E<\/td>\n<\/tr>\n<tr>\n<td width=\"333\">422-9183 422-9184 4229183 4229184 315F<\/td>\n<td width=\"339\">334-9973 334-9979 3349973 3349979 336E<\/td>\n<\/tr>\n<tr>\n<td width=\"333\">\u00a04412536 4674412 4219133 315F<\/td>\n<td width=\"339\">4751176 2254505 4865235 349F 352F 336E 336F 336F<\/td>\n<\/tr>\n<tr>\n<td width=\"333\">4310395 4310397 4219133 315F<\/td>\n<td width=\"339\">4187155 4700474 4751175 349F 352F 336E 336F 336F<\/td>\n<\/tr>\n<tr>\n<td width=\"333\">\u00a04257084 4279706 4412535 315F<\/td>\n<td width=\"339\">2966250 2966252 2966253 349F 352F 336E 336F 336F<\/td>\n<\/tr>\n<tr>\n<td width=\"333\">422-9182 421-9132 4229182 4219132 313F<\/td>\n<td width=\"339\">3154440 3332878 2966249 349F 352F 336E 336F 336F<\/td>\n<\/tr>\n<tr>\n<td width=\"333\">\u00a04257076 4257075 4219132 313F<\/td>\n<td width=\"339\">312-6319 3126319 308D<\/td>\n<\/tr>\n<tr>\n<td width=\"333\">4823609 3349978 4826394 330D2<\/td>\n<td width=\"339\">418-1885 148-4739 4181885 1484739 307D<\/td>\n<\/tr>\n<tr>\n<td width=\"333\">\u00a04187154 4796993 2203354 330D2<\/td>\n<td width=\"339\">\u00a0312-6318 301-7517 3126318 3017517 307D<\/td>\n<\/tr>\n<tr>\n<td width=\"333\">334-9978 482-6394 3349978 4826394 335F<\/td>\n<td width=\"339\">\u00a0486-5236 492-3305 4865236 4923305 349D2<\/td>\n<\/tr>\n<tr>\n<td width=\"333\">482-3609 334-9971 4823609 3349971 335F<\/td>\n<td width=\"339\">\u00a02966253 4187155 4700474 349D2<\/td>\n<\/tr>\n<tr>\n<td width=\"333\">4932172 4932173 1799774 335F<\/td>\n<td width=\"339\">\u00a02344448 3349975 3349980 345D<\/td>\n<\/tr>\n<tr>\n<td width=\"333\">3997592 3997593 3997598 335F<\/td>\n<td width=\"339\">2966249 2966250 2966252 345D<\/td>\n<\/tr>\n<tr>\n<td width=\"333\">\u00a0450-9352 450-9353 4509352 4509353 390F<br \/>\n450-9352 450-9353 4509352 4509353 390F<\/td>\n<td width=\"339\">296-6253 225-4505 2966253 2254505 349D<\/td>\n<\/tr>\n<tr>\n<td width=\"333\">\u00a04509350 4509351 2959434 390F<\/td>\n<td width=\"339\">2966145 2966147 2959405 374D<\/td>\n<\/tr>\n<tr>\n<td width=\"333\">295-9416 295-9434 2959416 2959434 374F<\/td>\n<td width=\"339\">\u00a02676933 2959406 2966146 374D<\/td>\n<\/tr>\n<tr>\n<td width=\"333\">\u00a03789543 3789544 2959405 374F<\/td>\n<td width=\"339\">\u00a02344448 3349975 3349980 345C2<\/td>\n<\/tr>\n<tr>\n<td width=\"333\">\u00a03789540 3789541 3789542 374F<\/td>\n<td width=\"339\">2276114 2254506 2254505 345C<\/td>\n<\/tr>\n<tr>\n<td width=\"333\">4674416 3699604 3699624 316F<\/td>\n<td width=\"339\">2276046 2276047 2276113 345C<\/td>\n<\/tr>\n<tr>\n<td width=\"333\">3678337 3678338 3678339 316F<\/td>\n<td width=\"339\">\u00a0369-9605 364-0978 369-9624 318D<\/td>\n<\/tr>\n<tr>\n<td width=\"333\">4656068 4656069 318E 318F<\/td>\n<td width=\"339\">\u00a0367-8273 367-8338 467-4416 318D<\/td>\n<\/tr>\n<tr>\n<td width=\"333\">4671395 3349967 318E 318F<\/td>\n<td width=\"339\">199-4615 042814 1994615 315D E<\/td>\n<\/tr>\n<tr>\n<td width=\"333\">\u00a0422-1347 3530593 3530596 4221347 314E<\/td>\n<td width=\"339\">1912693 1994487 325D<\/td>\n<\/tr>\n<tr>\n<td width=\"333\">\u00a0338-7926 3387925 3387925 3387926 314E<\/td>\n<td width=\"339\">\u00a01799775 1884175 1799774 325D<\/td>\n<\/tr>\n<tr>\n<td width=\"333\">\u00a0353-0592 4310397 3333073 3530592 314E<\/td>\n<td width=\"339\">1772459 1772458 1884175 324D<\/td>\n<\/tr>\n<tr>\n<td width=\"333\">\u00a03530591 3530594 4412536 314E<\/td>\n<td width=\"339\">1772459 1772458 1884175 322C<\/td>\n<\/tr>\n<tr>\n<td width=\"333\">\u00a0482-6394 3349978 4826394 329E 329F 330F 330F<\/td>\n<td width=\"339\">1617809 1623686 1623687 321B<\/td>\n<\/tr>\n<tr>\n<td width=\"333\">\u00a04823609 3349971 329E 329F 330F 330F<\/td>\n<td width=\"339\">\u00a01601862 1141320 1623687 320B<\/td>\n<\/tr>\n<tr>\n<td width=\"333\">\u00a04187154 4796993 329E 329F 330F 330F<\/td>\n<td width=\"339\">1915542 3349968 3349976 321D<\/td>\n<\/tr>\n<tr>\n<td width=\"333\">\u00a01912693 1994487 329E 329F 330F 330F<\/td>\n<td width=\"339\">1588985 1484679 1915542 320D<\/td>\n<\/tr>\n<tr>\n<td width=\"333\">\u00a04823608 3349978 4826393 326F<\/td>\n<td width=\"339\">\u00a03349976 4655180 4656069 320D2 323D2<\/td>\n<\/tr>\n<tr>\n<td width=\"333\">\u00a03375877 4187154 4796994 326F<\/td>\n<td width=\"339\">\u00a0295-9447 234-4536 2959447 2344536 390D<\/td>\n<\/tr>\n<tr>\n<td width=\"333\">\u00a0 3349978 4826393 324E<\/td>\n<td width=\"339\">\u00a0227-6131 227-6130 2276131 2276130 385C<\/td>\n<\/tr>\n<tr>\n<td width=\"333\">4823608 3349970 324E<\/td>\n<td width=\"339\">\u00a0155-9204 177-2548 1559204 1772548 385B<\/td>\n<\/tr>\n<tr>\n<td width=\"333\">\u00a0 4187154 4796994 1772458 324E<\/td>\n<td width=\"339\">1484597 1484598 1484625 385B1<\/td>\n<\/tr>\n<tr>\n<td width=\"333\">107-7054 121-1564 1077054 1211564 330B<\/td>\n<td width=\"339\">\u00a01475789 1231998 1373717 345B<\/td>\n<\/tr>\n<tr>\n<td width=\"333\">\u00a01140507 1077021 1107101 322N<\/td>\n<td width=\"339\">\u00a01141408 1141409 1141415 345B<\/td>\n<\/tr>\n<\/tbody>\n<\/table>\n<\/figure>\n<h4><strong>Mootor ja k\u00e4igukast Saadaval mudel:<\/strong><\/h4>\n<figure class=\"wp-block-table is-style-stripes has-small-font-size\"><strong>CATERPILLAR<\/strong>301.5 301.6 301.6C 301.8 301.8C 302.5 302.5C 303 303.5 303.5C 303.5D 303C CR 304 304.5 304C CR 305 305 SR 305.5 305.5D 305.5D 305.5D CR 305.5E 305C CR 305D CR 306 307 307B 307C 307D 308C 308D 311 311B 311C 311D LRR 312 312B 312B L 312C 312C L 312D 313B 314C 314D CR 314D LCR 317B 317B L 317B L 317B LN 318B L 318C 318C L 319C LN 319D 319D L 320 320B 320B 320B L 320B LL 320B N 320B U 320C 320C 320C FM 320C L 320C LN 320C LRR 320C U 320D 320D 320D FM 320D GC 320D L 320D L 320D LN 320D LRR 320D RR 320N 321B LCR 321C LCR 321D LCR 322 322 322 L 322B 322B L 323D 323D L 323D L 323D LN E110B E120 E300B E70 E70B EL300B 322L 216B 216B3 226B 226B 226B3 232B 242B 242B 242B3 287B 277B 267B 252B3 262B 248B 268B 252B2 236B2 246B 236B3 236B 247B 311 311B 311C 311D 312 312B 312C 312D 313B 314C 314D CR E110B 315B 315B 315B L<\/figure>\n<p><img decoding=\"async\" class=\"wp-image-1155 aligncenter\" src=\"https:\/\/swingbearing.net\/wp-content\/uploads\/2023\/11\/111-300x187.jpg\" alt=\"Ekskavaatori l\u00f5ppk\u00e4igukast\" width=\"718\" height=\"448\" srcset=\"https:\/\/swingbearing.net\/wp-content\/uploads\/2023\/11\/111-300x187.jpg 300w, https:\/\/swingbearing.net\/wp-content\/uploads\/2023\/11\/111-768x479.jpg 768w, https:\/\/swingbearing.net\/wp-content\/uploads\/2023\/11\/111-600x374.jpg 600w, https:\/\/swingbearing.net\/wp-content\/uploads\/2023\/11\/111.jpg 850w\" sizes=\"(max-width: 718px) 100vw, 718px\" \/><\/p>\n<p><img decoding=\"async\" class=\"wp-image-1156 aligncenter\" src=\"https:\/\/swingbearing.net\/wp-content\/uploads\/2023\/11\/222.jpg\" alt=\"Ekskavaatori l\u00f5ppk\u00e4igukast\" width=\"727\" height=\"546\" srcset=\"https:\/\/swingbearing.net\/wp-content\/uploads\/2023\/11\/222.jpg 850w, https:\/\/swingbearing.net\/wp-content\/uploads\/2023\/11\/222-300x225.jpg 300w, https:\/\/swingbearing.net\/wp-content\/uploads\/2023\/11\/222-768x576.jpg 768w, https:\/\/swingbearing.net\/wp-content\/uploads\/2023\/11\/222-600x450.jpg 600w\" sizes=\"(max-width: 727px) 100vw, 727px\" \/><\/p>","protected":false},"excerpt":{"rendered":"<h5 class=\"ct-headline\">Kategooriad: CAT Swing Motor, Swing Gearbox ,Swing Reducer,<br \/>\nModel: EC330B LC\u00a0 CAT 325CL<br \/>\nPart No.: 14596609\u00a0 \u00a0179-9775<\/h5>","protected":false},"featured_media":1650,"template":"","meta":[],"product_brand":[],"product_cat":[26],"product_tag":[],"class_list":{"0":"post-2016","1":"product","2":"type-product","3":"status-publish","4":"has-post-thumbnail","6":"product_cat-hydraulic-motors","8":"first","9":"instock","10":"shipping-taxable","11":"product-type-simple"},"_links":{"self":[{"href":"https:\/\/swingbearing.net\/et\/wp-json\/wp\/v2\/product\/2016","targetHints":{"allow":["GET"]}}],"collection":[{"href":"https:\/\/swingbearing.net\/et\/wp-json\/wp\/v2\/product"}],"about":[{"href":"https:\/\/swingbearing.net\/et\/wp-json\/wp\/v2\/types\/product"}],"wp:featuredmedia":[{"embeddable":true,"href":"https:\/\/swingbearing.net\/et\/wp-json\/wp\/v2\/media\/1650"}],"wp:attachment":[{"href":"https:\/\/swingbearing.net\/et\/wp-json\/wp\/v2\/media?parent=2016"}],"wp:term":[{"taxonomy":"product_brand","embeddable":true,"href":"https:\/\/swingbearing.net\/et\/wp-json\/wp\/v2\/product_brand?post=2016"},{"taxonomy":"product_cat","embeddable":true,"href":"https:\/\/swingbearing.net\/et\/wp-json\/wp\/v2\/product_cat?post=2016"},{"taxonomy":"product_tag","embeddable":true,"href":"https:\/\/swingbearing.net\/et\/wp-json\/wp\/v2\/product_tag?post=2016"}],"curies":[{"name":"wp","href":"https:\/\/api.w.org\/{rel}","templated":true}]}}