{"id":575,"date":"2023-09-27T05:22:14","date_gmt":"2023-09-27T05:22:14","guid":{"rendered":"https:\/\/swingbearing.net\/?post_type=product&#038;p=575"},"modified":"2024-05-15T06:44:50","modified_gmt":"2024-05-15T06:44:50","slug":"swing-bearing-liugong","status":"publish","type":"product","link":"https:\/\/swingbearing.net\/es\/producto\/rodamiento-oscilante-liugong\/","title":{"rendered":"Rodamiento oscilante LIUGONG"},"content":{"rendered":"<h2 style=\"text-align: center;\">Par\u00e1metros del rodamiento oscilante LIUGONG<\/h2>\n<figure class=\"wp-block-table is-style-stripes has-small-font-size\">\n<table class=\"has-cyan-bluish-gray-background-color has-background\">\n<tbody>\n<tr>\n<td width=\"52\">Modelo<\/td>\n<td width=\"62\">N\u00famero de pieza<\/td>\n<td width=\"81\">Di\u00e1metro exterior<\/td>\n<td width=\"111\">Di\u00e1metro interior<\/td>\n<td width=\"77\">Altura total<\/td>\n<td width=\"77\">Altura exterior<\/td>\n<td width=\"104\">Altura interior<\/td>\n<td width=\"141\">Par\u00e1metros del orificio exterior<\/td>\n<td width=\"103\">Par\u00e1metros del orificio interior<\/td>\n<td width=\"85\">N\u00famero de dientes<\/td>\n<\/tr>\n<tr>\n<td width=\"52\">922<\/td>\n<td width=\"62\">26b0272<\/td>\n<td width=\"81\">1405<\/td>\n<td width=\"111\">1129<\/td>\n<td width=\"77\">100<\/td>\n<td width=\"77\">70<\/td>\n<td width=\"104\">90<\/td>\n<td width=\"141\">36-\u03c624 desigual<\/td>\n<td width=\"103\">36-M22<\/td>\n<td width=\"85\">95<\/td>\n<\/tr>\n<tr>\n<td width=\"52\">922<\/td>\n<td width=\"62\">26b0122<\/td>\n<td width=\"81\">1405<\/td>\n<td width=\"111\">1129<\/td>\n<td width=\"77\">100<\/td>\n<td width=\"77\">70<\/td>\n<td width=\"104\">90<\/td>\n<td width=\"141\">36-\u03c624 desigual<\/td>\n<td width=\"103\">36-M22<\/td>\n<td width=\"85\">95<\/td>\n<\/tr>\n<tr>\n<td width=\"52\">922<\/td>\n<td width=\"62\">26b0010<\/td>\n<td width=\"81\">1405<\/td>\n<td width=\"111\">1129<\/td>\n<td width=\"77\">100<\/td>\n<td width=\"77\">70<\/td>\n<td width=\"104\">90<\/td>\n<td width=\"141\">36 Distribuci\u00f3n uniforme<\/td>\n<td width=\"103\">36-M22<\/td>\n<td width=\"85\">91<\/td>\n<\/tr>\n<tr>\n<td width=\"52\">LG922D<\/td>\n<td width=\"62\">26B0122<\/td>\n<td width=\"81\">1405<\/td>\n<td width=\"111\">1129<\/td>\n<td width=\"77\">100<\/td>\n<td width=\"77\">70<\/td>\n<td width=\"104\">90<\/td>\n<td width=\"141\">36-\u03c624 desigual<\/td>\n<td width=\"103\">36-M22<\/td>\n<td width=\"85\">95<\/td>\n<\/tr>\n<tr>\n<td width=\"52\"><strong><b>936D<\/b><\/strong><\/td>\n<td width=\"62\">26B0120<\/td>\n<td width=\"81\">1658<\/td>\n<td width=\"111\">1334.3<\/td>\n<td width=\"77\">125<\/td>\n<td width=\"77\">82<\/td>\n<td width=\"104\">115<\/td>\n<td width=\"141\">40-\u03c626 desigual<\/td>\n<td width=\"103\">40-M24 Distribuido uniformemente<\/td>\n<td width=\"85\">97<\/td>\n<\/tr>\n<\/tbody>\n<\/table>\n<\/figure>\n<h5 class=\"wp-block-heading has-medium-font-size\">Rodamientos oscilantes para excavadoras Liugong<\/h5>\n<p>Liugong Excavadora Rodamiento Swing: Una elecci\u00f3n duradera y fiable para su excavadora<br \/>\nLos rodamientos oscilantes, tambi\u00e9n conocidos como rodamientos de plataforma giratoria, son un componente esencial de las excavadoras. Estos rodamientos permiten que la estructura superior de la excavadora gire con suavidad y seguridad. Los cojinetes giratorios para excavadoras desempe\u00f1an un papel crucial en el rendimiento y la fiabilidad de la m\u00e1quina. Por este motivo, elegir cojinetes de giro de alta calidad es esencial para la longevidad y la eficacia de su excavadora.<br \/>\nLiugong es una marca de renombre en la industria de equipos de construcci\u00f3n, y ofrecen una gama de rodamientos giratorios para excavadoras que son conocidos por su durabilidad y fiabilidad. Los cojinetes de giro para excavadoras Liugong est\u00e1n dise\u00f1ados para soportar condiciones duras y cargas pesadas, lo que garantiza que su excavadora pueda realizar cualquier trabajo, grande o peque\u00f1o.<\/p>\n<h5 class=\"wp-block-heading has-medium-font-size\">Modelo de rodamiento oscilante de excavadora aplicable<\/h5>\n<p class=\"has-text-align-left\">Los siguientes modelos de rodamientos oscilantes para excavadoras Liugong est\u00e1n disponibles: CLG904, CLG9055, CLG906, CLG907, CLG9075, CLG908, CLG915, CLG150, CLG920, CLG921, CLG922, CLG225, CLG924, CLG925, CLG933, CLG936, CLG939, CLG942, CLG948, CLG950, CLG952, CLG200, CLG205, CLG220, y CLG225.<br \/>\nEstos rodamientos giratorios para excavadoras Liugong est\u00e1n dise\u00f1ados con precisi\u00f3n y exactitud para garantizar un rendimiento y una durabilidad \u00f3ptimos. Fabricados con materiales de alta calidad, pueden soportar condiciones clim\u00e1ticas extremas y aplicaciones de servicio pesado.<br \/>\nEl compromiso de Liugong con la calidad y la fiabilidad se refleja en todos los aspectos de sus productos, y sus rodamientos oscilantes para excavadoras no son una excepci\u00f3n. Est\u00e1n dise\u00f1ados para proporcionar una excelente capacidad de carga y alta precisi\u00f3n, asegurando que su excavadora funcione sin problemas y eficientemente.<br \/>\nAdem\u00e1s de sus ventajas de rendimiento, los rodamientos giratorios para excavadoras Liugong tambi\u00e9n son f\u00e1ciles de instalar y requieren un mantenimiento m\u00ednimo, lo que reduce el tiempo de inactividad y los costes de reparaci\u00f3n.<br \/>\nCuando se trata de seleccionar el cojinete de giro de piezas de excavadoras, la elecci\u00f3n de una marca de alta calidad como Liugong es crucial para la longevidad y fiabilidad de su m\u00e1quina. El engranaje de oscilaci\u00f3n del excavador de Liugong se dise\u00f1a para proporcionar el mejor funcionamiento, la durabilidad, y la confiabilidad, haci\u00e9ndolos una opci\u00f3n excelente para cualquier proyecto de la excavaci\u00f3n.<br \/>\nEn conclusi\u00f3n, si est\u00e1 buscando rodamientos giratorios para excavadoras de alta calidad, no busque m\u00e1s all\u00e1 de Liugong. Con su gama de rodamientos de anillo giratorio duraderos y fiables, puede estar seguro de que su excavadora funcionar\u00e1 de manera eficiente y sin problemas, proporcion\u00e1ndole el rendimiento y la fiabilidad que necesita para hacer el trabajo.<br \/>\nPodemos ofrecerle un c\u00edrculo giratorio alternativo para su ,<a href=\"https:\/\/national-bearing.com\/excavator-swing-bearings-slewing-rings-cat\/\" target=\"_blank\" rel=\"noopener\">\u00a0CAT<\/a>HITACHI, KOMATSU, KOBELCO, HYUNDAI, VOLVO, DOOSAN, DAEWOO, JCB, CASE, SUMITOMO, KATO, Hay normal y no est\u00e1ndar m\u00e1s de 1000 cientos de tipos para que usted elija.<\/p>\n<figure class=\"wp-block-image size-full\"><\/figure>\n<p>Podemos estar a su servicio en relaci\u00f3n con cualquier tipo, modelo o marca de corona de orientaci\u00f3n.P\u00f3ngase en contacto con nosotros hoy mismo si tiene alguna pregunta sobre sus necesidades.<\/p>\n<figure class=\"wp-block-table\">\n<table>\n<tbody>\n<tr>\n<td><img decoding=\"async\" class=\"wp-image-177\" src=\"https:\/\/national-bearing.com\/wp-content\/uploads\/2023\/04\/0001.jpg\" sizes=\"(max-width: 600px) 100vw, 600px\" srcset=\"https:\/\/national-bearing.com\/wp-content\/uploads\/2023\/04\/0001.jpg 600w, https:\/\/national-bearing.com\/wp-content\/uploads\/2023\/04\/0001-300x200.jpg 300w\" alt=\"cojinete basculante de excavadora \" width=\"600\" height=\"400\" \/><\/td>\n<td><img decoding=\"async\" class=\"wp-image-643\" src=\"https:\/\/national-bearing.com\/wp-content\/uploads\/2023\/04\/66.jpg\" sizes=\"(max-width: 600px) 100vw, 600px\" srcset=\"https:\/\/national-bearing.com\/wp-content\/uploads\/2023\/04\/66.jpg 600w, https:\/\/national-bearing.com\/wp-content\/uploads\/2023\/04\/66-300x200.jpg 300w\" alt=\"medici\u00f3n de cojinetes de giro de excavadoras\" width=\"600\" height=\"400\" \/><\/td>\n<\/tr>\n<\/tbody>\n<\/table>\n<\/figure>","protected":false},"excerpt":{"rendered":"<p>Rodamiento oscilante LIUGONG<br \/>\nModel:CLG950,CLG948,LG922D<br \/>\nCLG907,CLG9075,CLG952,CLG904<\/p>","protected":false},"featured_media":136,"template":"","meta":[],"product_brand":[],"product_cat":[22,73],"product_tag":[],"class_list":{"0":"post-575","1":"product","2":"type-product","3":"status-publish","4":"has-post-thumbnail","6":"product_cat-swing-bearing","7":"product_cat-liugong-excavator-swing-bearing","9":"first","10":"instock","11":"shipping-taxable","12":"product-type-simple"},"_links":{"self":[{"href":"https:\/\/swingbearing.net\/es\/wp-json\/wp\/v2\/product\/575","targetHints":{"allow":["GET"]}}],"collection":[{"href":"https:\/\/swingbearing.net\/es\/wp-json\/wp\/v2\/product"}],"about":[{"href":"https:\/\/swingbearing.net\/es\/wp-json\/wp\/v2\/types\/product"}],"wp:featuredmedia":[{"embeddable":true,"href":"https:\/\/swingbearing.net\/es\/wp-json\/wp\/v2\/media\/136"}],"wp:attachment":[{"href":"https:\/\/swingbearing.net\/es\/wp-json\/wp\/v2\/media?parent=575"}],"wp:term":[{"taxonomy":"product_brand","embeddable":true,"href":"https:\/\/swingbearing.net\/es\/wp-json\/wp\/v2\/product_brand?post=575"},{"taxonomy":"product_cat","embeddable":true,"href":"https:\/\/swingbearing.net\/es\/wp-json\/wp\/v2\/product_cat?post=575"},{"taxonomy":"product_tag","embeddable":true,"href":"https:\/\/swingbearing.net\/es\/wp-json\/wp\/v2\/product_tag?post=575"}],"curies":[{"name":"wp","href":"https:\/\/api.w.org\/{rel}","templated":true}]}}