{"id":574,"date":"2023-09-27T05:19:35","date_gmt":"2023-09-27T05:19:35","guid":{"rendered":"https:\/\/swingbearing.net\/?post_type=product&#038;p=574"},"modified":"2024-06-12T02:15:53","modified_gmt":"2024-06-12T02:15:53","slug":"swing-bearings-sany","status":"publish","type":"product","link":"https:\/\/swingbearing.net\/es\/producto\/swing-bearings-sany\/","title":{"rendered":"Rodamientos oscilantes SANY"},"content":{"rendered":"<h2 style=\"text-align: center;\">Par\u00e1metros de los rodamientos oscilantes SANY<\/h2>\n<figure class=\"wp-block-table is-style-stripes has-small-font-size\">\n<table class=\"has-cyan-bluish-gray-background-color has-background\">\n<tbody>\n<tr>\n<td>Di\u00e1metro exterior Da<\/td>\n<td>Di\u00e1metro interior Di<\/td>\n<td>Altura de montaje H<\/td>\n<td>Designaci\u00f3n<\/td>\n<\/tr>\n<tr>\n<td>811<\/td>\n<td>622<\/td>\n<td>75<\/td>\n<td>SY65<\/td>\n<\/tr>\n<tr>\n<td>810<\/td>\n<td>621<\/td>\n<td>75<\/td>\n<td>SY75(90Z)<\/td>\n<\/tr>\n<tr>\n<td>811<\/td>\n<td>601.6<\/td>\n<td>75<\/td>\n<td>SY75(76Z)<\/td>\n<\/tr>\n<tr>\n<td>1122<\/td>\n<td>821<\/td>\n<td>100<\/td>\n<td>SY135<\/td>\n<\/tr>\n<tr>\n<td>1327<\/td>\n<td>1071<\/td>\n<td>99.5<\/td>\n<td>SY185<\/td>\n<\/tr>\n<tr>\n<td>1327<\/td>\n<td>1071<\/td>\n<td>99.5<\/td>\n<td>SY195<\/td>\n<\/tr>\n<tr>\n<td>1322<\/td>\n<td>1071<\/td>\n<td>100<\/td>\n<td>SY200<\/td>\n<\/tr>\n<tr>\n<td>1327<\/td>\n<td>1071<\/td>\n<td>99.5<\/td>\n<td>SY205<\/td>\n<\/tr>\n<tr>\n<td>1322<\/td>\n<td>1071<\/td>\n<td>100<\/td>\n<td>SY210<\/td>\n<\/tr>\n<tr>\n<td>1322<\/td>\n<td>1071<\/td>\n<td>100<\/td>\n<td>SY215-7<\/td>\n<\/tr>\n<tr>\n<td>1322<\/td>\n<td>1071<\/td>\n<td>100<\/td>\n<td>SY215-8<\/td>\n<\/tr>\n<tr>\n<td>1322<\/td>\n<td>1071<\/td>\n<td>100<\/td>\n<td>SY215-9<\/td>\n<\/tr>\n<tr>\n<td>1320<\/td>\n<td>1071<\/td>\n<td>100<\/td>\n<td>SY215<\/td>\n<\/tr>\n<tr>\n<td>1327<\/td>\n<td>1071<\/td>\n<td>99.5<\/td>\n<td>SY235<\/td>\n<\/tr>\n<tr>\n<td>1532<\/td>\n<td>1235<\/td>\n<td>125<\/td>\n<td>SY300<\/td>\n<\/tr>\n<tr>\n<td>1550<\/td>\n<td>1238<\/td>\n<td>152<\/td>\n<td>SY305<\/td>\n<\/tr>\n<tr>\n<td>1532<\/td>\n<td>1235<\/td>\n<td>125<\/td>\n<td>SY310<\/td>\n<\/tr>\n<tr>\n<td>1550<\/td>\n<td>1238<\/td>\n<td>152<\/td>\n<td>SY335<\/td>\n<\/tr>\n<tr>\n<td>1532<\/td>\n<td>1235<\/td>\n<td>125<\/td>\n<td>SY360<\/td>\n<\/tr>\n<tr>\n<td>1550<\/td>\n<td>1238<\/td>\n<td>152<\/td>\n<td>SY365<\/td>\n<\/tr>\n<tr>\n<td>1550<\/td>\n<td>1238.5<\/td>\n<td>152<\/td>\n<td>SY420<\/td>\n<\/tr>\n<\/tbody>\n<\/table>\n<\/figure>\n<p>Los cojinetes de giro para excavadoras Sany son componentes esenciales del sistema de giro de cualquier excavadora. Estos rodamientos permiten que la excavadora gire y pivote, haciendo posible que los operadores realicen una amplia gama de tareas de excavaci\u00f3n, elevaci\u00f3n y carga con facilidad. En Sany, ofrecemos una gama de cojinetes de giro de alta calidad dise\u00f1ados espec\u00edficamente para excavadoras, incluidos modelos que se adaptan a los modelos de excavadoras SY55, SY60, SY65, SY70, SY75, SY85, SY95, SY115, SY135, SY155, SY195, SY200, SY205, SY215, SY220, SY225, SY235, SY245, SY285, SY305, SY335, SY365, SY375, SY395, SY415 y SY485.<\/p>\n<p>Nuestros rodamientos oscilantes para excavadoras Sany est\u00e1n dise\u00f1ados para ofrecer un rendimiento y una durabilidad \u00f3ptimos incluso en las condiciones de trabajo m\u00e1s duras. Est\u00e1n fabricados con materiales de alta calidad, como acero forjado y acero especializado para rodamientos, y cuentan con procesos de fabricaci\u00f3n avanzados que garantizan que sean precisos, fiables y duraderos.<\/p>\n<p>Una de las principales ventajas de nuestras coronas giratorias para excavadoras Sany es su capacidad para soportar cargas pesadas y condiciones de funcionamiento extremas. Est\u00e1n dise\u00f1adas para soportar cargas axiales y radiales, as\u00ed como altos niveles de choque y vibraci\u00f3n, lo que las hace ideales para su uso en aplicaciones exigentes como la miner\u00eda, la construcci\u00f3n y la silvicultura.<\/p>\n<p>Adem\u00e1s de su resistencia y durabilidad, nuestros cojinetes de giro para excavadoras Sany tambi\u00e9n est\u00e1n dise\u00f1ados para facilitar la instalaci\u00f3n y el mantenimiento. En Sany, estamos comprometidos a proporcionar a nuestros clientes productos y servicios de la m\u00e1s alta calidad, y nuestros cojinetes de giro para excavadoras Sany no son la excepci\u00f3n. Tanto si busca un cojinete de repuesto para una excavadora existente como si est\u00e1 equipando una m\u00e1quina nueva, nuestro equipo de expertos puede ayudarle a encontrar la soluci\u00f3n perfecta para satisfacer sus necesidades.<\/p>\n<p>En conclusi\u00f3n, los rodamientos oscilantes para excavadoras Sany son componentes esenciales para cualquier excavadora, y elegir el adecuado puede marcar una diferencia significativa en el rendimiento y la longevidad de su m\u00e1quina. Con nuestra gama de rodamientos de alta calidad dise\u00f1ados espec\u00edficamente para excavadoras, puede estar seguro de que est\u00e1 adquiriendo un producto fiable y duradero que le proporcionar\u00e1 un rendimiento y una longevidad \u00f3ptimos incluso en las condiciones m\u00e1s duras.<br \/>\nPodemos proporcionar anillos de giro alternativos para su , CAT, HITACHI, KOMATSU, KOBELCO, HYUNDAI, VOLVO, DOOSAN, DAEWOO, JCB, CASE, SUMITOMO, KATO, ,Hay normal y no est\u00e1ndar m\u00e1s de 1000 cientos de tipos para que usted elija.<\/p>\n<figure class=\"wp-block-image size-full is-resized\"><img decoding=\"async\" class=\"wp-image-177\" src=\"https:\/\/national-bearing.com\/wp-content\/uploads\/2023\/04\/0001.jpg\" sizes=\"(max-width: 843px) 100vw, 843px\" srcset=\"https:\/\/national-bearing.com\/wp-content\/uploads\/2023\/04\/0001.jpg 600w, https:\/\/national-bearing.com\/wp-content\/uploads\/2023\/04\/0001-300x200.jpg 300w\" alt=\"\" width=\"515\" height=\"343\" \/><\/figure>\n<p>&nbsp;<\/p>","protected":false},"excerpt":{"rendered":"<p>Rodamientos oscilantes SANY<br \/>\nModel:SY485,SY415,SY395<br \/>\nSY365,SY375,SY335,SY310<\/p>","protected":false},"featured_media":136,"template":"","meta":[],"product_brand":[],"product_cat":[22,74],"product_tag":[],"class_list":{"0":"post-574","1":"product","2":"type-product","3":"status-publish","4":"has-post-thumbnail","6":"product_cat-swing-bearing","7":"product_cat-sany-excavator-swing-bearing","9":"first","10":"instock","11":"shipping-taxable","12":"product-type-simple"},"_links":{"self":[{"href":"https:\/\/swingbearing.net\/es\/wp-json\/wp\/v2\/product\/574","targetHints":{"allow":["GET"]}}],"collection":[{"href":"https:\/\/swingbearing.net\/es\/wp-json\/wp\/v2\/product"}],"about":[{"href":"https:\/\/swingbearing.net\/es\/wp-json\/wp\/v2\/types\/product"}],"wp:featuredmedia":[{"embeddable":true,"href":"https:\/\/swingbearing.net\/es\/wp-json\/wp\/v2\/media\/136"}],"wp:attachment":[{"href":"https:\/\/swingbearing.net\/es\/wp-json\/wp\/v2\/media?parent=574"}],"wp:term":[{"taxonomy":"product_brand","embeddable":true,"href":"https:\/\/swingbearing.net\/es\/wp-json\/wp\/v2\/product_brand?post=574"},{"taxonomy":"product_cat","embeddable":true,"href":"https:\/\/swingbearing.net\/es\/wp-json\/wp\/v2\/product_cat?post=574"},{"taxonomy":"product_tag","embeddable":true,"href":"https:\/\/swingbearing.net\/es\/wp-json\/wp\/v2\/product_tag?post=574"}],"curies":[{"name":"wp","href":"https:\/\/api.w.org\/{rel}","templated":true}]}}