{"id":573,"date":"2023-09-27T05:12:21","date_gmt":"2023-09-27T05:12:21","guid":{"rendered":"https:\/\/swingbearing.net\/?post_type=product&#038;p=573"},"modified":"2024-05-15T06:48:42","modified_gmt":"2024-05-15T06:48:42","slug":"swing-bearing-liebherr","status":"publish","type":"product","link":"https:\/\/swingbearing.net\/es\/producto\/swing-bearing-liebherr\/","title":{"rendered":"Rodamiento oscilante LIEBHERR"},"content":{"rendered":"<h2 style=\"text-align: center;\">Par\u00e1metros de los rodamientos oscilantes LIEBHERR<\/h2>\n<figure class=\"wp-block-table is-style-stripes has-small-font-size\">\n<table class=\"has-cyan-bluish-gray-background-color has-background\">\n<tbody>\n<tr>\n<td>Modelo<\/td>\n<td>N\u00famero de pieza<\/td>\n<td>Di\u00e1metro exterior<\/td>\n<td>Di\u00e1metro interior<\/td>\n<td>Altura total<\/td>\n<td>Altura exterior<\/td>\n<td>Altura interior<\/td>\n<td>Par\u00e1metros del orificio exterior<\/td>\n<td>Par\u00e1metros del orificio interior<\/td>\n<td>N\u00famero de dientes<\/td>\n<\/tr>\n<tr>\n<td>R922<\/td>\n<td>LE982706001<\/td>\n<td>1215<\/td>\n<td>940<\/td>\n<td>115<\/td>\n<td>72<\/td>\n<td>105<\/td>\n<td>48-\u03c622<\/td>\n<td>56-M20<\/td>\n<td>94<\/td>\n<\/tr>\n<tr>\n<td>924HDSL<\/td>\n<td>LE982751901<\/td>\n<td>1215<\/td>\n<td>940<\/td>\n<td>115<\/td>\n<td>72<\/td>\n<td>105<\/td>\n<td>48-\u042422<\/td>\n<td>Tela 56-M20<\/td>\n<td>94<\/td>\n<\/tr>\n<tr>\n<td>R924C<\/td>\n<td>982751901<\/td>\n<td>1215<\/td>\n<td>940<\/td>\n<td>115<\/td>\n<td>72<\/td>\n<td>105<\/td>\n<td>48-\u042422<\/td>\n<td>Tela 56-M20<\/td>\n<td>94<\/td>\n<\/tr>\n<tr>\n<td>R924C<\/td>\n<td>932833001<\/td>\n<td>1215<\/td>\n<td>940<\/td>\n<td>115<\/td>\n<td>72<\/td>\n<td>105<\/td>\n<td>48-\u042422<\/td>\n<td>Tela 56-M20<\/td>\n<td>94<\/td>\n<\/tr>\n<tr>\n<td>R924B<\/td>\n<td>982751901<\/td>\n<td>1215<\/td>\n<td>940<\/td>\n<td>115<\/td>\n<td>72<\/td>\n<td>105<\/td>\n<td>48-\u042422<\/td>\n<td>Tela 56-M20<\/td>\n<td>94<\/td>\n<\/tr>\n<tr>\n<td>R934<\/td>\n<td>933816501<\/td>\n<td>1355<\/td>\n<td>1012<\/td>\n<td>125<\/td>\n<td><\/td>\n<td><\/td>\n<td>40<\/td>\n<td>48<\/td>\n<td>92<\/td>\n<\/tr>\n<tr>\n<td>R934HD-S<\/td>\n<td>LE939500601<\/td>\n<td>1355<\/td>\n<td>1012<\/td>\n<td>125<\/td>\n<td>92<\/td>\n<td>113<\/td>\n<td>40-26por agujero<\/td>\n<td>48-M24<\/td>\n<td>92<\/td>\n<\/tr>\n<tr>\n<td>934<\/td>\n<td>982752401<\/td>\n<td>1355<\/td>\n<td>1012<\/td>\n<td>125<\/td>\n<td>92<\/td>\n<td>113<\/td>\n<td>40-26por agujero<\/td>\n<td>48-M24<\/td>\n<td>92<\/td>\n<\/tr>\n<tr>\n<td>R-944C<\/td>\n<td>933628601<\/td>\n<td>1365<\/td>\n<td>1008<\/td>\n<td>150<\/td>\n<td>112<\/td>\n<td>140<\/td>\n<td>60-\u042426<\/td>\n<td>Pa\u00f1o 72-M24<\/td>\n<td>84<\/td>\n<\/tr>\n<tr>\n<td>R944B<\/td>\n<td>933626601<\/td>\n<td>1365<\/td>\n<td>1008<\/td>\n<td>150<\/td>\n<td>112<\/td>\n<td>140<\/td>\n<td>60<\/td>\n<td>72<\/td>\n<td>84<\/td>\n<\/tr>\n<\/tbody>\n<\/table>\n<\/figure>\n<p>Las excavadoras Liebherr son famosas por su fiabilidad y durabilidad, lo que las convierte en una opci\u00f3n popular para las industrias de la construcci\u00f3n y la miner\u00eda. Uno de los componentes cr\u00edticos que contribuyen al rendimiento de la m\u00e1quina es el cojinete de giro de la excavadora. Los cojinetes oscilantes para excavadoras Liebherr est\u00e1n dise\u00f1ados para soportar las duras exigencias del trabajo pesado en entornos dif\u00edciles.<\/p>\n<p>Los rodamientos oscilantes para excavadoras desempe\u00f1an un papel crucial en el funcionamiento de la m\u00e1quina, ya que soportan la rotaci\u00f3n de la estructura superior. Sin un cojinete giratorio de calidad para una excavadora, la estructura superior no puede girar con suavidad, lo que afecta al rendimiento general de la m\u00e1quina. Los cojinetes de giro para excavadoras Liebherr est\u00e1n dise\u00f1ados para proporcionar una gran capacidad de carga, precisi\u00f3n y una larga vida \u00fatil, garantizando un rendimiento \u00f3ptimo de la m\u00e1quina.<\/p>\n<p>Los rodamientos oscilantes para excavadoras Liebherr tambi\u00e9n se conocen como rodamientos de anillo oscilante, rodamientos de anillo giratorio para excavadoras o rodamientos de plataforma giratoria. Estos rodamientos est\u00e1n dise\u00f1ados con una pista de rodadura para soportar el peso de la m\u00e1quina, permitiendo que la estructura superior gire con facilidad. El rodamiento oscilante para piezas de excavadoras est\u00e1 fabricado con materiales de alta resistencia, lo que garantiza que pueda soportar cargas pesadas, temperaturas extremas y condiciones duras.<\/p>\n<p>Liebherr ofrece una gama de cojinetes de giro para excavadoras compatibles con varios modelos de excavadoras. Los modelos actualmente disponibles en el mercado son R914, R924, R944, R934 y R944CLC. Estos modelos est\u00e1n dise\u00f1ados para proporcionar la m\u00e1xima durabilidad y rendimiento, garantizando que su m\u00e1quina pueda realizar cualquier trabajo que le proponga.<\/p>\n<p>Adem\u00e1s del cojinete basculante para excavadoras, Liebherr tambi\u00e9n ofrece<a href=\"https:\/\/swingbearing.net\/es\/swing-bearing\/\"> engranaje giratorio de excavadora<\/a> y el engranaje de giro de la excavadora. Estos componentes trabajan conjuntamente para garantizar una rotaci\u00f3n suave y eficiente de la estructura superior de la m\u00e1quina, lo que los convierte en piezas esenciales de cualquier excavadora Liebherr.<br \/>\nEn conclusi\u00f3n, cuando se trata de rodamientos giratorios para excavadoras, Liebherr es un nombre en el que puede confiar. Sus rodamientos giratorios de calidad para excavadoras est\u00e1n dise\u00f1ados para soportar las condiciones m\u00e1s duras, proporcionando una gran capacidad de carga, precisi\u00f3n y una larga vida \u00fatil. Tanto si se dedica a la construcci\u00f3n como a la miner\u00eda, los cojinetes de giro para excavadoras Liebherr son la elecci\u00f3n ideal para obtener un rendimiento \u00f3ptimo de la m\u00e1quina.<\/p>\n<p>Podemos proporcionar alternativa c\u00edrculo Swing para su , CAT, HITACHI, KOMATSU, KOBELCO, HYUNDAI, VOLVO, DOOSAN, DAEWOO, JCB, CASE, SUMITOMO, KATO.There son normales y no est\u00e1ndar m\u00e1s de 1000 cientos de tipos para que usted elija.<\/p>\n<figure class=\"wp-block-image size-full is-resized\"><img decoding=\"async\" class=\"wp-image-177\" src=\"https:\/\/national-bearing.com\/wp-content\/uploads\/2023\/04\/0001.jpg\" sizes=\"(max-width: 843px) 100vw, 843px\" srcset=\"https:\/\/national-bearing.com\/wp-content\/uploads\/2023\/04\/0001.jpg 600w, https:\/\/national-bearing.com\/wp-content\/uploads\/2023\/04\/0001-300x200.jpg 300w\" alt=\"\" width=\"515\" height=\"343\" \/><\/figure>","protected":false},"excerpt":{"rendered":"<p>Rodamiento oscilante LIEBHERR<br \/>\nModel:R944B,934,R-944C<br \/>\nR924B,R924C,924HDSL<\/p>","protected":false},"featured_media":136,"template":"","meta":[],"product_brand":[],"product_cat":[22,72],"product_tag":[],"class_list":{"0":"post-573","1":"product","2":"type-product","3":"status-publish","4":"has-post-thumbnail","6":"product_cat-swing-bearing","7":"product_cat-liebherr-excavator-swing-bearing","9":"first","10":"instock","11":"shipping-taxable","12":"product-type-simple"},"_links":{"self":[{"href":"https:\/\/swingbearing.net\/es\/wp-json\/wp\/v2\/product\/573","targetHints":{"allow":["GET"]}}],"collection":[{"href":"https:\/\/swingbearing.net\/es\/wp-json\/wp\/v2\/product"}],"about":[{"href":"https:\/\/swingbearing.net\/es\/wp-json\/wp\/v2\/types\/product"}],"wp:featuredmedia":[{"embeddable":true,"href":"https:\/\/swingbearing.net\/es\/wp-json\/wp\/v2\/media\/136"}],"wp:attachment":[{"href":"https:\/\/swingbearing.net\/es\/wp-json\/wp\/v2\/media?parent=573"}],"wp:term":[{"taxonomy":"product_brand","embeddable":true,"href":"https:\/\/swingbearing.net\/es\/wp-json\/wp\/v2\/product_brand?post=573"},{"taxonomy":"product_cat","embeddable":true,"href":"https:\/\/swingbearing.net\/es\/wp-json\/wp\/v2\/product_cat?post=573"},{"taxonomy":"product_tag","embeddable":true,"href":"https:\/\/swingbearing.net\/es\/wp-json\/wp\/v2\/product_tag?post=573"}],"curies":[{"name":"wp","href":"https:\/\/api.w.org\/{rel}","templated":true}]}}