{"id":572,"date":"2023-09-27T05:08:54","date_gmt":"2023-09-27T05:08:54","guid":{"rendered":"https:\/\/swingbearing.net\/?post_type=product&#038;p=572"},"modified":"2024-05-15T06:51:15","modified_gmt":"2024-05-15T06:51:15","slug":"swing-bearing-case","status":"publish","type":"product","link":"https:\/\/swingbearing.net\/es\/producto\/swing-bearing-case\/","title":{"rendered":"Cojinete basculante CASE"},"content":{"rendered":"<h2 style=\"text-align: center;\">Par\u00e1metros del rodamiento CASE Swing<\/h2>\n<figure class=\"wp-block-table is-style-stripes has-small-font-size\">\n<table class=\"has-cyan-bluish-gray-background-color has-background\">\n<tbody>\n<tr>\n<td style=\"text-align: right;\">Modelo<\/td>\n<td style=\"text-align: right;\">N\u00famero de pieza<\/td>\n<td style=\"text-align: right;\">Di\u00e1metro exterior<\/td>\n<td style=\"text-align: right;\">Di\u00e1metro interior<\/td>\n<td style=\"text-align: right;\">Altura total<\/td>\n<td style=\"text-align: right;\">Altura exterior<\/td>\n<td style=\"text-align: right;\">Altura interior<\/td>\n<td style=\"text-align: right;\">Par\u00e1metros del orificio exterior<\/td>\n<td style=\"text-align: right;\">Par\u00e1metros del orificio interior<\/td>\n<td style=\"text-align: right;\">N\u00famero de dientes<\/td>\n<\/tr>\n<tr>\n<td>CX130<\/td>\n<td>KNB10130<\/td>\n<td>1172<\/td>\n<td>972<\/td>\n<td>88<\/td>\n<td>65<\/td>\n<td>78<\/td>\n<td>28<\/td>\n<td>36<\/td>\n<td>98<\/td>\n<\/tr>\n<tr>\n<td>CX130<\/td>\n<td>KNB 11840<\/td>\n<td>1172<\/td>\n<td>973<\/td>\n<td>88<\/td>\n<td>65<\/td>\n<td>78<\/td>\n<td>28<\/td>\n<td>36<\/td>\n<td>98<\/td>\n<\/tr>\n<tr>\n<td>CX210<\/td>\n<td>KRB1347<\/td>\n<td>1330<\/td>\n<td>1094<\/td>\n<td>103<\/td>\n<td>74<\/td>\n<td>92<\/td>\n<td>31<\/td>\n<td>36<\/td>\n<td>92<\/td>\n<\/tr>\n<tr>\n<td>CX210<\/td>\n<td>KRB1603<\/td>\n<td>1330<\/td>\n<td>1094<\/td>\n<td>103<\/td>\n<td>74<\/td>\n<td>92<\/td>\n<td>31<\/td>\n<td>36<\/td>\n<td>92<\/td>\n<\/tr>\n<tr>\n<td>CX210<\/td>\n<td>KRB10160<\/td>\n<td>1330<\/td>\n<td>1093<\/td>\n<td>102<\/td>\n<td>74<\/td>\n<td>92<\/td>\n<td>31-\u03c622<\/td>\n<td>36-M20<\/td>\n<td>92<\/td>\n<\/tr>\n<tr>\n<td>CX210B<\/td>\n<td>KRB10160<\/td>\n<td>1330<\/td>\n<td>1093<\/td>\n<td>102<\/td>\n<td>74<\/td>\n<td>92<\/td>\n<td>31-\u03c622<\/td>\n<td>36-M20<\/td>\n<td>92<\/td>\n<\/tr>\n<tr>\n<td>CX210<\/td>\n<td>KRB10180<\/td>\n<td>1330<\/td>\n<td>1093<\/td>\n<td>102<\/td>\n<td>74<\/td>\n<td>92<\/td>\n<td>31-\u03c622.5<\/td>\n<td>36-M20<\/td>\n<td>92<\/td>\n<\/tr>\n<tr>\n<td>CX210B<\/td>\n<td>KRB11710<\/td>\n<td>1330<\/td>\n<td>1093<\/td>\n<td>102<\/td>\n<td>74<\/td>\n<td>92<\/td>\n<td>31-\u03c622<\/td>\n<td>36-M20<\/td>\n<td>92<\/td>\n<\/tr>\n<tr>\n<td>CX210C<\/td>\n<td>KRB11710<\/td>\n<td>1330<\/td>\n<td>1093<\/td>\n<td>102<\/td>\n<td>74<\/td>\n<td>92<\/td>\n<td>31-\u03c622<\/td>\n<td>36-M20<\/td>\n<td>92<\/td>\n<\/tr>\n<tr>\n<td>CNH E215<\/td>\n<td>72203516<\/td>\n<td>1312<\/td>\n<td>1082<\/td>\n<td>110<\/td>\n<td>79<\/td>\n<td>98<\/td>\n<td>33<\/td>\n<td>36<\/td>\n<td>110<\/td>\n<\/tr>\n<tr>\n<td>CNH E215<\/td>\n<td>87472588<\/td>\n<td>1312<\/td>\n<td>1082<\/td>\n<td>110<\/td>\n<td>79<\/td>\n<td>98<\/td>\n<td>33<\/td>\n<td>36<\/td>\n<td>110<\/td>\n<\/tr>\n<tr>\n<td>CX240<\/td>\n<td>KBB0878<\/td>\n<td>1375<\/td>\n<td>1094<\/td>\n<td>124<\/td>\n<td>88<\/td>\n<td>114<\/td>\n<td>27-\u03a626<\/td>\n<td>36-M24<\/td>\n<td>92<\/td>\n<\/tr>\n<tr>\n<td>CX240<\/td>\n<td>KBB0282<\/td>\n<td>1375<\/td>\n<td>1094<\/td>\n<td>124<\/td>\n<td>80<\/td>\n<td>114<\/td>\n<td>26-\u03c626<\/td>\n<td>36-M24<\/td>\n<td>92<\/td>\n<\/tr>\n<tr>\n<td>CX240<\/td>\n<td>KBB 10080<\/td>\n<td>1376<\/td>\n<td>1093<\/td>\n<td>125<\/td>\n<td>88<\/td>\n<td>114<\/td>\n<td>27<\/td>\n<td>36<\/td>\n<td>92<\/td>\n<\/tr>\n<tr>\n<td>CX240B<\/td>\n<td>KBB11350<\/td>\n<td>1377<\/td>\n<td>1094<\/td>\n<td>124<\/td>\n<td>88<\/td>\n<td>114<\/td>\n<td>28-26<\/td>\n<td>36-M24<\/td>\n<td>92<\/td>\n<\/tr>\n<tr>\n<td>CX460<\/td>\n<td>KTB10010<\/td>\n<td>1615<\/td>\n<td>1275<\/td>\n<td>145<\/td>\n<td>125<\/td>\n<td>135<\/td>\n<td>41-\u03a626<\/td>\n<td>46-M24<\/td>\n<td>92<\/td>\n<\/tr>\n<tr>\n<td>CX290<\/td>\n<td>KBB10100<\/td>\n<td>1615<\/td>\n<td>1274<\/td>\n<td>122<\/td>\n<td>100<\/td>\n<td>110<\/td>\n<td>41<\/td>\n<td>46<\/td>\n<td>92<\/td>\n<\/tr>\n<\/tbody>\n<\/table>\n<\/figure>\n<p>Las excavadoras son m\u00e1quinas pesadas que se utilizan para excavar, mover y levantar cargas pesadas en la construcci\u00f3n, la miner\u00eda y otras industrias. Un componente clave de una excavadora es su cojinete de giro, tambi\u00e9n conocido como cojinete giratorio, que permite que la m\u00e1quina gire 360 grados. Si est\u00e1 buscando un cojinete de giro de alta calidad para su excavadora CASE, no busque m\u00e1s all\u00e1 de nuestra selecci\u00f3n de productos.<\/p>\n<p>Nuestra gama de rodamientos oscilantes para excavadoras CASE incluye los siguientes modelos: CX50B, CX55, CX210, CX210B, CX240A y CX240B. Estos rodamientos est\u00e1n espec\u00edficamente dise\u00f1ados para adaptarse a su excavadora CASE y proporcionar una rotaci\u00f3n suave y fiable, incluso con cargas pesadas.<br \/>\nNuestros cojinetes giratorios para excavadoras est\u00e1n fabricados con materiales de alta calidad para garantizar la m\u00e1xima durabilidad y rendimiento. Los componentes del cojinete de la plataforma giratoria y del cojinete del anillo de giro se mecanizan con tolerancias estrictas para garantizar un ajuste perfecto y un funcionamiento suave. Adem\u00e1s, los cojinetes est\u00e1n dise\u00f1ados para resistir el desgaste, por lo que son ideales para aplicaciones de servicio pesado.<\/p>\n<p>Adem\u00e1s de su construcci\u00f3n de alta calidad, nuestros cojinetes basculantes para excavadoras CASE son f\u00e1ciles de instalar y mantener. Est\u00e1n dise\u00f1ados para sustituir a las piezas del fabricante de equipos originales (OEM) sin necesidad de modificaciones, por lo que su instalaci\u00f3n es muy sencilla. Tambi\u00e9n ofrecemos una gama de piezas de repuesto para nuestros cojinetes, garantizando que pueda mantener su excavadora funcionando sin problemas durante a\u00f1os.<\/p>\n<p>Nuestros cojinetes de giro para excavadoras son un componente esencial del sistema de mecanismo de giro de su excavadora. El mecanismo de giro, que est\u00e1 conectado al cojinete de giro, permite que la excavadora gire. El engranaje giratorio de la excavadora tambi\u00e9n trabaja conjuntamente con el cojinete giratorio para garantizar un funcionamiento suave y eficaz.<br \/>\nEn conclusi\u00f3n, nuestra gama de rodamientos giratorios para excavadoras CASE es una excelente opci\u00f3n para cualquiera que busque piezas de alta calidad, fiables y duraderas para su excavadora. Nuestra selecci\u00f3n de cojinetes de giro est\u00e1 dise\u00f1ada espec\u00edficamente para adaptarse a su excavadora CASE y proporcionar un funcionamiento suave y eficiente, incluso con cargas pesadas. P\u00f3ngase en contacto con nosotros hoy mismo para obtener m\u00e1s informaci\u00f3n sobre nuestros productos y sobre c\u00f3mo podemos ayudarle a mantener su excavadora en perfecto funcionamiento.<br \/>\nPodemos proporcionar alternativa Swing rodamiento para su , CAT, HITACHI, KOMATSU, KOBELCO, HYUNDAI, VOLVO, DOOSAN, DAEWOO, JCB, CASE, SUMITOMO, KATO, ,Hay normal y no est\u00e1ndar m\u00e1s de 1000 cientos de tipos para que usted elija.<\/p>","protected":false},"excerpt":{"rendered":"<p>Cojinete basculante CASE<br \/>\nModel:CX290,CX460,CX240B<br \/>\nCNH E215,CX210C,CX210B<\/p>","protected":false},"featured_media":136,"template":"","meta":[],"product_brand":[],"product_cat":[22,71],"product_tag":[],"class_list":{"0":"post-572","1":"product","2":"type-product","3":"status-publish","4":"has-post-thumbnail","6":"product_cat-swing-bearing","7":"product_cat-case-excavator-swing-bearing","9":"first","10":"instock","11":"shipping-taxable","12":"product-type-simple"},"_links":{"self":[{"href":"https:\/\/swingbearing.net\/es\/wp-json\/wp\/v2\/product\/572","targetHints":{"allow":["GET"]}}],"collection":[{"href":"https:\/\/swingbearing.net\/es\/wp-json\/wp\/v2\/product"}],"about":[{"href":"https:\/\/swingbearing.net\/es\/wp-json\/wp\/v2\/types\/product"}],"wp:featuredmedia":[{"embeddable":true,"href":"https:\/\/swingbearing.net\/es\/wp-json\/wp\/v2\/media\/136"}],"wp:attachment":[{"href":"https:\/\/swingbearing.net\/es\/wp-json\/wp\/v2\/media?parent=572"}],"wp:term":[{"taxonomy":"product_brand","embeddable":true,"href":"https:\/\/swingbearing.net\/es\/wp-json\/wp\/v2\/product_brand?post=572"},{"taxonomy":"product_cat","embeddable":true,"href":"https:\/\/swingbearing.net\/es\/wp-json\/wp\/v2\/product_cat?post=572"},{"taxonomy":"product_tag","embeddable":true,"href":"https:\/\/swingbearing.net\/es\/wp-json\/wp\/v2\/product_tag?post=572"}],"curies":[{"name":"wp","href":"https:\/\/api.w.org\/{rel}","templated":true}]}}