{"id":571,"date":"2023-09-27T05:00:28","date_gmt":"2023-09-27T05:00:28","guid":{"rendered":"https:\/\/swingbearing.net\/?post_type=product&#038;p=571"},"modified":"2024-06-08T09:17:52","modified_gmt":"2024-06-08T09:17:52","slug":"swing-bearing-doosan","status":"publish","type":"product","link":"https:\/\/swingbearing.net\/es\/producto\/swing-bearing-doosan\/","title":{"rendered":"Rodamiento oscilante DOOSAN"},"content":{"rendered":"<h2 style=\"text-align: center;\">Par\u00e1metros de los rodamientos oscilantes DOOSAN<\/h2>\r\n<figure class=\"wp-block-table\" style=\"font-size: 12px;\">\r\n<table>\r\n<tbody>\r\n<tr>\r\n<td>Modelo<\/td>\r\n<td>N\u00famero de pieza<\/td>\r\n<td>Di\u00e1metro exterior<\/td>\r\n<td>Di\u00e1metro interior<\/td>\r\n<td>Altura total<\/td>\r\n<td>Altura exterior<\/td>\r\n<td>Altura interior<\/td>\r\n<td>Par\u00e1metros del orificio exterior<\/td>\r\n<td>Par\u00e1metros del orificio interior<\/td>\r\n<td>N\u00famero de dientes<\/td>\r\n<\/tr>\r\n<tr>\r\n<td>S140LC-V<\/td>\r\n<td>109-00165<\/td>\r\n<td>1202<\/td>\r\n<td>945<\/td>\r\n<td>84<\/td>\r\n<td>75<\/td>\r\n<td>70<\/td>\r\n<td>36-\u042422<\/td>\r\n<td>36-M20<\/td>\r\n<td>80<\/td>\r\n<\/tr>\r\n<tr>\r\n<td>DX225<\/td>\r\n<td>109-00162<\/td>\r\n<td>1327<\/td>\r\n<td>1082<\/td>\r\n<td>110<\/td>\r\n<td>90<\/td>\r\n<td>95<\/td>\r\n<td>36<\/td>\r\n<td>36<\/td>\r\n<td>92<\/td>\r\n<\/tr>\r\n<tr>\r\n<td>DX225<\/td>\r\n<td>109-00162A<\/td>\r\n<td>1327<\/td>\r\n<td>1082<\/td>\r\n<td>110<\/td>\r\n<td>90<\/td>\r\n<td>95<\/td>\r\n<td>36-\u03c621<\/td>\r\n<td>36-M20*1.5<\/td>\r\n<td>92<\/td>\r\n<\/tr>\r\n<tr>\r\n<td>DX225LC<\/td>\r\n<td>109-00162<\/td>\r\n<td>1327<\/td>\r\n<td>1082<\/td>\r\n<td>110<\/td>\r\n<td>90<\/td>\r\n<td>95<\/td>\r\n<td>36-\u03c621<\/td>\r\n<td>36-M20*1.5<\/td>\r\n<td>92<\/td>\r\n<\/tr>\r\n<tr>\r\n<td>DX225LCA<\/td>\r\n<td>109-00162A<\/td>\r\n<td>1327<\/td>\r\n<td>1082<\/td>\r\n<td>110<\/td>\r\n<td>90<\/td>\r\n<td>95<\/td>\r\n<td>36-\u03c621<\/td>\r\n<td>36-M20*1.5<\/td>\r\n<td>92<\/td>\r\n<\/tr>\r\n<tr>\r\n<td>DX225LCA<\/td>\r\n<td>140109-00048A<\/td>\r\n<td>1327<\/td>\r\n<td>1082<\/td>\r\n<td>110<\/td>\r\n<td>90<\/td>\r\n<td>95<\/td>\r\n<td>36-\u03c621<\/td>\r\n<td>36-M20*1.5<\/td>\r\n<td>92<\/td>\r\n<\/tr>\r\n<tr>\r\n<td>S225NLC<\/td>\r\n<td>140109-00045<\/td>\r\n<td>1327<\/td>\r\n<td>1082<\/td>\r\n<td>110<\/td>\r\n<td>90<\/td>\r\n<td>95<\/td>\r\n<td>36-\u03c621<\/td>\r\n<td>36-M20*1.5<\/td>\r\n<td>92<\/td>\r\n<\/tr>\r\n<tr>\r\n<td>SL220LC-V<\/td>\r\n<td>109-00052<\/td>\r\n<td>1328<\/td>\r\n<td>1084<\/td>\r\n<td>110<\/td>\r\n<td>91<\/td>\r\n<td>95<\/td>\r\n<td>36-\u03c621<\/td>\r\n<td>36-M20*1.5<\/td>\r\n<td>92<\/td>\r\n<\/tr>\r\n<tr>\r\n<td>225NLC-V<\/td>\r\n<td>109-00052B<\/td>\r\n<td>1328<\/td>\r\n<td>1084<\/td>\r\n<td>110<\/td>\r\n<td>91<\/td>\r\n<td>95<\/td>\r\n<td>36-\u03c621<\/td>\r\n<td>36-M20*1.5<\/td>\r\n<td>92<\/td>\r\n<\/tr>\r\n<tr>\r\n<td>225NLC-V<\/td>\r\n<td>140109-00045<\/td>\r\n<td>1328<\/td>\r\n<td>1084<\/td>\r\n<td>110<\/td>\r\n<td>91<\/td>\r\n<td>95<\/td>\r\n<td>36-\u03c621<\/td>\r\n<td>36-M20*1.5<\/td>\r\n<td>92<\/td>\r\n<\/tr>\r\n<tr>\r\n<td>255LC-V<\/td>\r\n<td>109-00030B<\/td>\r\n<td>1410<\/td>\r\n<td>1131<\/td>\r\n<td>117<\/td>\r\n<td>89<\/td>\r\n<td>105<\/td>\r\n<td>35-\u03c625<\/td>\r\n<td>36-M24*2<\/td>\r\n<td>82<\/td>\r\n<\/tr>\r\n<tr>\r\n<td>255LC-V<\/td>\r\n<td>180-00297D3<\/td>\r\n<td>1410<\/td>\r\n<td>1131<\/td>\r\n<td>117<\/td>\r\n<td>89<\/td>\r\n<td>105<\/td>\r\n<td>35-\u03c625<\/td>\r\n<td>36-M24*2<\/td>\r\n<td>82<\/td>\r\n<\/tr>\r\n<tr>\r\n<td>255lc-v<\/td>\r\n<td>140109-00042<\/td>\r\n<td>1410<\/td>\r\n<td>1131<\/td>\r\n<td>117<\/td>\r\n<td>89<\/td>\r\n<td>105<\/td>\r\n<td>35-\u03c625<\/td>\r\n<td>36-M24*2<\/td>\r\n<td>82<\/td>\r\n<\/tr>\r\n<tr>\r\n<td>255lc-v<\/td>\r\n<td>140109-00043<\/td>\r\n<td>1410<\/td>\r\n<td>1131<\/td>\r\n<td>117<\/td>\r\n<td>89<\/td>\r\n<td>105<\/td>\r\n<td>35-\u03c625<\/td>\r\n<td>36-M24*2<\/td>\r\n<td>82<\/td>\r\n<\/tr>\r\n<tr>\r\n<td>Dx300LCA<\/td>\r\n<td>140109-00010A<\/td>\r\n<td>1475<\/td>\r\n<td>1165<\/td>\r\n<td>120<\/td>\r\n<td>90<\/td>\r\n<td>110<\/td>\r\n<td>35<\/td>\r\n<td>36<\/td>\r\n<td>85<\/td>\r\n<\/tr>\r\n<tr>\r\n<td>S340<\/td>\r\n<td>140109-00038<\/td>\r\n<td>1544<\/td>\r\n<td>1235<\/td>\r\n<td>122<\/td>\r\n<td>87<\/td>\r\n<td>110<\/td>\r\n<td>35-\u03c626<\/td>\r\n<td>40-M24<\/td>\r\n<td>90<\/td>\r\n<\/tr>\r\n<tr>\r\n<td>S340LC-V<\/td>\r\n<td>140109-00038<\/td>\r\n<td>1544<\/td>\r\n<td>1235<\/td>\r\n<td>122<\/td>\r\n<td>87<\/td>\r\n<td>110<\/td>\r\n<td>35-\u03c626<\/td>\r\n<td>40-M24<\/td>\r\n<td>90<\/td>\r\n<\/tr>\r\n<tr>\r\n<td>S340LC-V<\/td>\r\n<td>2109-1059a<\/td>\r\n<td>1544<\/td>\r\n<td>1235<\/td>\r\n<td>122<\/td>\r\n<td>87<\/td>\r\n<td>110<\/td>\r\n<td>35-\u03c626<\/td>\r\n<td>40-M24<\/td>\r\n<td>90<\/td>\r\n<\/tr>\r\n<tr>\r\n<td>DOOSAN 420<\/td>\r\n<td>140109-00039<\/td>\r\n<td>1549<\/td>\r\n<td>1235<\/td>\r\n<td>134<\/td>\r\n<td>103<\/td>\r\n<td>120<\/td>\r\n<td>35-\u03c626<\/td>\r\n<td>40-M24<\/td>\r\n<td>90<\/td>\r\n<\/tr>\r\n<tr>\r\n<td>S420LC-V<\/td>\r\n<td>109-00161<\/td>\r\n<td>1550<\/td>\r\n<td>1235<\/td>\r\n<td>135<\/td>\r\n<td>102<\/td>\r\n<td>120<\/td>\r\n<td>35-\u03c626<\/td>\r\n<td>40-M24<\/td>\r\n<td>90<\/td>\r\n<\/tr>\r\n<tr>\r\n<td>DX420LC<\/td>\r\n<td>140109-00007A<\/td>\r\n<td>1550<\/td>\r\n<td>1236<\/td>\r\n<td>132<\/td>\r\n<td>103<\/td>\r\n<td>120<\/td>\r\n<td>35<\/td>\r\n<td>40<\/td>\r\n<td>90<\/td>\r\n<\/tr>\r\n<tr>\r\n<td>470<\/td>\r\n<td>109-00159<\/td>\r\n<td>1682<\/td>\r\n<td>1320<\/td>\r\n<td>139<\/td>\r\n<td>118<\/td>\r\n<td>111<\/td>\r\n<td>44<\/td>\r\n<td>44<\/td>\r\n<td>111<\/td>\r\n<\/tr>\r\n<\/tbody>\r\n<\/table>\r\n<\/figure>\r\n<h2 class=\"wp-block-heading\">Rodamientos oscilantes para excavadoras<\/h2>\r\nLas excavadoras son m\u00e1quinas pesadas muy utilizadas en la construcci\u00f3n, la miner\u00eda y otras industrias para tareas de movimiento de tierras y excavaci\u00f3n. Estas m\u00e1quinas constan de varios componentes, incluido el cojinete de giro de la excavadora, que desempe\u00f1a un papel vital en el buen funcionamiento de la excavadora. El cojinete de giro o el cojinete de la plataforma giratoria es un componente esencial que ayuda en la rotaci\u00f3n de la estructura superior de la excavadora. Si est\u00e1 buscando rodamientos giratorios de alta calidad para su excavadora, los rodamientos giratorios para excavadoras DOOSAN y DAEWOO son la opci\u00f3n perfecta para usted.\r\n\r\nLos rodamientos giratorios para excavadoras DOOSAN y los rodamientos giratorios para excavadoras DAEWOO son componentes confiables y duraderos que pueden soportar cargas pesadas, temperaturas extremas y ambientes dif\u00edciles. Est\u00e1n hechos de materiales de alta calidad, asegurando su longevidad y rendimiento superior. Estos rodamientos giratorios est\u00e1n dise\u00f1ados para reducir la fricci\u00f3n y el desgaste, asegurando un funcionamiento suave y consistente incluso bajo cargas pesadas.\r\n\r\nUna de las caracter\u00edsticas notables de las coronas giratorias para excavadoras DOOSAN y DAEWOO es su compatibilidad con una amplia gama de modelos de excavadoras, como DH35 DH55 DH60 DH55 DH60 DH80 DH80-7 DH80GOLD DH150 DH200 DH220-3-5 DH280-5 DX60-DX200-DX225 DX260 DH290 DH360 DH420 DH500 DH55-5 DH60\/DX60 DH80\/DH80GLD DH130-5 DH150-7 DX150 DH220-3 DH215-7 DH215-9E DH220-5 DH220-7 DH215-9 DH225-7\/9 DX225-7 DH250-5 DX255-5 DH258-7 DH280 DH290 DH300-5 DH300 DH300-7 DX300-9 DH360-5\/7 DH400-5 DH370-7 DH370-9 DH420 DH450-3 DH500 DH550, y muchos m\u00e1s. Estos rodamientos giratorios vienen en diferentes tama\u00f1os y configuraciones para adaptarse a los requisitos espec\u00edficos de su excavadora.\r\n<h2 class=\"wp-block-heading\">Importancia de los rodamientos de giro en las excavadoras<\/h2>\r\nEl rodamiento de anillo giratorio o la corona de giro de la excavadora es un componente esencial que soporta la estructura superior de la excavadora. Permite que la excavadora gire de forma suave y continua, lo que le permite realizar diversas tareas de excavaci\u00f3n con facilidad. Sin un cojinete de giro fiable, el rendimiento y la eficiencia de la excavadora podr\u00edan verse gravemente afectados, lo que provocar\u00eda costosos tiempos de inactividad y reparaciones.\r\n\r\nSi est\u00e1 buscando rodamientos giratorios para piezas de excavadoras que ofrezcan un rendimiento superior y durabilidad, las coronas giratorias para excavadoras DOOSAN y DAEWOO son la elecci\u00f3n perfecta para usted. Estas coronas giratorias est\u00e1n dise\u00f1adas para ofrecer un rendimiento constante y fiable, incluso en las condiciones m\u00e1s exigentes. Son f\u00e1ciles de instalar y mantener, lo que garantiza un funcionamiento sin problemas y una reducci\u00f3n de los costes de mantenimiento.\r\n<h3 class=\"wp-block-heading\">Problemas comunes con los rodamientos oscilantes<\/h3>\r\n<h3 class=\"wp-block-heading\"><!-- \/wp:post-content --><!-- wp:paragraph --><\/h3>\r\nLos problemas m\u00e1s comunes son:\r\n<h3 class=\"wp-block-heading\"><!-- \/wp:paragraph --><!-- wp:list --><\/h3>\r\n<ul><!-- wp:list-item -->\r\n \t<li>Desgaste: Causado por el funcionamiento continuo y las cargas pesadas.<\/li>\r\n<!-- \/wp:list-item --><!-- wp:list-item -->\r\n \t<li>Contaminaci\u00f3n: Suciedad, agua y residuos que entran en el rodamiento.<\/li>\r\n<!-- \/wp:list-item --><!-- wp:list-item -->\r\n \t<li>Corrosi\u00f3n: Debido a la humedad y a las duras condiciones.<\/li>\r\n<!-- \/wp:list-item --><!-- wp:list-item -->\r\n \t<li>Desalineaci\u00f3n: Resultante de una instalaci\u00f3n incorrecta o de problemas estructurales.<\/li>\r\n<!-- \/wp:list-item --><\/ul>\r\n<h3 class=\"wp-block-heading\"><!-- \/wp:list --><!-- wp:heading --><\/h3>\r\n<h2 class=\"wp-block-heading\">Conclusi\u00f3n<\/h2>\r\n<h3 class=\"wp-block-heading\"><!-- \/wp:heading --><!-- wp:paragraph --><\/h3>\r\nLos cojinetes basculantes para excavadoras son cruciales para la funcionalidad y eficiencia de las excavadoras. Comprender su estructura, tipos, importancia, mantenimiento y problemas comunes es esencial para un rendimiento \u00f3ptimo. Un mantenimiento adecuado y la resoluci\u00f3n oportuna de los problemas pueden prolongar la vida \u00fatil y la fiabilidad de estos rodamientos, mejorando la productividad.","protected":false},"excerpt":{"rendered":"<p>Rodamiento oscilante DOOSAN<br \/>\nModel:DH550,DH500,DH450-3<br \/>\nDX420LC,Dx300LCA,,255LC-V<\/p>","protected":false},"featured_media":136,"template":"","meta":[],"product_brand":[],"product_cat":[22,69],"product_tag":[],"class_list":{"0":"post-571","1":"product","2":"type-product","3":"status-publish","4":"has-post-thumbnail","6":"product_cat-swing-bearing","7":"product_cat-doosan-excavator-swing-bearing","9":"first","10":"instock","11":"shipping-taxable","12":"product-type-simple"},"_links":{"self":[{"href":"https:\/\/swingbearing.net\/es\/wp-json\/wp\/v2\/product\/571","targetHints":{"allow":["GET"]}}],"collection":[{"href":"https:\/\/swingbearing.net\/es\/wp-json\/wp\/v2\/product"}],"about":[{"href":"https:\/\/swingbearing.net\/es\/wp-json\/wp\/v2\/types\/product"}],"wp:featuredmedia":[{"embeddable":true,"href":"https:\/\/swingbearing.net\/es\/wp-json\/wp\/v2\/media\/136"}],"wp:attachment":[{"href":"https:\/\/swingbearing.net\/es\/wp-json\/wp\/v2\/media?parent=571"}],"wp:term":[{"taxonomy":"product_brand","embeddable":true,"href":"https:\/\/swingbearing.net\/es\/wp-json\/wp\/v2\/product_brand?post=571"},{"taxonomy":"product_cat","embeddable":true,"href":"https:\/\/swingbearing.net\/es\/wp-json\/wp\/v2\/product_cat?post=571"},{"taxonomy":"product_tag","embeddable":true,"href":"https:\/\/swingbearing.net\/es\/wp-json\/wp\/v2\/product_tag?post=571"}],"curies":[{"name":"wp","href":"https:\/\/api.w.org\/{rel}","templated":true}]}}