{"id":4897,"date":"2024-08-28T06:52:22","date_gmt":"2024-08-28T06:52:22","guid":{"rendered":"https:\/\/swingbearing.net\/?post_type=product&#038;p=4897"},"modified":"2024-08-28T06:53:34","modified_gmt":"2024-08-28T06:53:34","slug":"liebherr-r924b-swing-bearing-982751901-excavator-slewing-ring","status":"publish","type":"product","link":"https:\/\/swingbearing.net\/es\/producto\/liebherr-r924b-swing-bearing-982751901-excavator-slewing-ring\/","title":{"rendered":"LIEBHERR R924B Swing Bearing 982751901 Excavator Slewing Ring"},"content":{"rendered":"<h2 style=\"text-align: center;\">Par\u00e1metros de los rodamientos oscilantes LIEBHERR<\/h2>\n<figure class=\"wp-block-table is-style-stripes has-small-font-size\">\n<table class=\"has-cyan-bluish-gray-background-color has-background\">\n<tbody>\n<tr>\n<td>Modelo<\/td>\n<td>N\u00famero de pieza<\/td>\n<td>Di\u00e1metro exterior<\/td>\n<td>Di\u00e1metro interior<\/td>\n<td>Altura total<\/td>\n<td>Altura exterior<\/td>\n<td>Altura interior<\/td>\n<td>Par\u00e1metros del orificio exterior<\/td>\n<td>Par\u00e1metros del orificio interior<\/td>\n<td>N\u00famero de dientes<\/td>\n<\/tr>\n<tr>\n<td>R922<\/td>\n<td>LE982706001<\/td>\n<td>1215<\/td>\n<td>940<\/td>\n<td>115<\/td>\n<td>72<\/td>\n<td>105<\/td>\n<td>48-\u03c622<\/td>\n<td>56-M20<\/td>\n<td>94<\/td>\n<\/tr>\n<tr>\n<td>924HDSL<\/td>\n<td>LE982751901<\/td>\n<td>1215<\/td>\n<td>940<\/td>\n<td>115<\/td>\n<td>72<\/td>\n<td>105<\/td>\n<td>48-\u042422<\/td>\n<td>Tela 56-M20<\/td>\n<td>94<\/td>\n<\/tr>\n<tr>\n<td>R924C<\/td>\n<td>982751901<\/td>\n<td>1215<\/td>\n<td>940<\/td>\n<td>115<\/td>\n<td>72<\/td>\n<td>105<\/td>\n<td>48-\u042422<\/td>\n<td>Tela 56-M20<\/td>\n<td>94<\/td>\n<\/tr>\n<tr>\n<td>R924C<\/td>\n<td>932833001<\/td>\n<td>1215<\/td>\n<td>940<\/td>\n<td>115<\/td>\n<td>72<\/td>\n<td>105<\/td>\n<td>48-\u042422<\/td>\n<td>Tela 56-M20<\/td>\n<td>94<\/td>\n<\/tr>\n<tr>\n<td>R924B<\/td>\n<td>982751901<\/td>\n<td>1215<\/td>\n<td>940<\/td>\n<td>115<\/td>\n<td>72<\/td>\n<td>105<\/td>\n<td>48-\u042422<\/td>\n<td>Tela 56-M20<\/td>\n<td>94<\/td>\n<\/tr>\n<tr>\n<td>R934<\/td>\n<td>933816501<\/td>\n<td>1355<\/td>\n<td>1012<\/td>\n<td>125<\/td>\n<td><\/td>\n<td><\/td>\n<td>40<\/td>\n<td>48<\/td>\n<td>92<\/td>\n<\/tr>\n<tr>\n<td>R934HD-S<\/td>\n<td>LE939500601<\/td>\n<td>1355<\/td>\n<td>1012<\/td>\n<td>125<\/td>\n<td>92<\/td>\n<td>113<\/td>\n<td>40-26por agujero<\/td>\n<td>48-M24<\/td>\n<td>92<\/td>\n<\/tr>\n<tr>\n<td>934<\/td>\n<td>982752401<\/td>\n<td>1355<\/td>\n<td>1012<\/td>\n<td>125<\/td>\n<td>92<\/td>\n<td>113<\/td>\n<td>40-26por agujero<\/td>\n<td>48-M24<\/td>\n<td>92<\/td>\n<\/tr>\n<tr>\n<td>R-944C<\/td>\n<td>933628601<\/td>\n<td>1365<\/td>\n<td>1008<\/td>\n<td>150<\/td>\n<td>112<\/td>\n<td>140<\/td>\n<td>60-\u042426<\/td>\n<td>Pa\u00f1o 72-M24<\/td>\n<td>84<\/td>\n<\/tr>\n<tr>\n<td>R944B<\/td>\n<td>933626601<\/td>\n<td>1365<\/td>\n<td>1008<\/td>\n<td>150<\/td>\n<td>112<\/td>\n<td>140<\/td>\n<td>60<\/td>\n<td>72<\/td>\n<td>84<\/td>\n<\/tr>\n<\/tbody>\n<\/table>\n<\/figure>\n<p>Las excavadoras Liebherr son famosas por su fiabilidad y durabilidad, lo que las convierte en una opci\u00f3n popular para las industrias de la construcci\u00f3n y la miner\u00eda. Uno de los componentes cr\u00edticos que contribuyen al rendimiento de la m\u00e1quina es el cojinete de giro de la excavadora. Los cojinetes oscilantes para excavadoras Liebherr est\u00e1n dise\u00f1ados para soportar las duras exigencias del trabajo pesado en entornos dif\u00edciles.<\/p>\n<p>Slewing bearing for excavators play a crucial role in the machine&#8217;s operation as they support the upper structure&#8217;s rotation. Without a quality slewing bearing for an excavator, the upper structure cannot rotate smoothly, which affects the overall performance of the machine. Liebherr excavator slewing bearings are engineered to provide high load capacity, accuracy, and long service life, ensuring optimal machine performance.<\/p>\n<p>Los rodamientos oscilantes para excavadoras Liebherr tambi\u00e9n se conocen como rodamientos de anillo oscilante, rodamientos de anillo giratorio para excavadoras o rodamientos de plataforma giratoria. Estos rodamientos est\u00e1n dise\u00f1ados con una pista de rodadura para soportar el peso de la m\u00e1quina, permitiendo que la estructura superior gire con facilidad. El rodamiento oscilante para piezas de excavadoras est\u00e1 fabricado con materiales de alta resistencia, lo que garantiza que pueda soportar cargas pesadas, temperaturas extremas y condiciones duras.<\/p>\n<p>Liebherr ofrece una gama de cojinetes de giro para excavadoras compatibles con varios modelos de excavadoras. Los modelos actualmente disponibles en el mercado son R914, R924, R944, R934 y R944CLC. Estos modelos est\u00e1n dise\u00f1ados para proporcionar la m\u00e1xima durabilidad y rendimiento, garantizando que su m\u00e1quina pueda realizar cualquier trabajo que le proponga.<\/p>","protected":false},"excerpt":{"rendered":"<p><strong>Pieza<\/strong> #: 982751901<br \/>\n<strong>Visite<\/strong>: LIEBHERR<br \/>\n<strong>Modelo<\/strong>: R924B<br \/>\n<strong>Condici\u00f3n<\/strong>: Nuevo<\/p>","protected":false},"featured_media":3040,"template":"","meta":[],"product_brand":[],"product_cat":[22,72],"product_tag":[52],"class_list":{"0":"post-4897","1":"product","2":"type-product","3":"status-publish","4":"has-post-thumbnail","6":"product_cat-swing-bearing","7":"product_cat-liebherr-excavator-swing-bearing","8":"product_tag-swing-bearing","10":"first","11":"instock","12":"shipping-taxable","13":"product-type-simple"},"_links":{"self":[{"href":"https:\/\/swingbearing.net\/es\/wp-json\/wp\/v2\/product\/4897","targetHints":{"allow":["GET"]}}],"collection":[{"href":"https:\/\/swingbearing.net\/es\/wp-json\/wp\/v2\/product"}],"about":[{"href":"https:\/\/swingbearing.net\/es\/wp-json\/wp\/v2\/types\/product"}],"wp:featuredmedia":[{"embeddable":true,"href":"https:\/\/swingbearing.net\/es\/wp-json\/wp\/v2\/media\/3040"}],"wp:attachment":[{"href":"https:\/\/swingbearing.net\/es\/wp-json\/wp\/v2\/media?parent=4897"}],"wp:term":[{"taxonomy":"product_brand","embeddable":true,"href":"https:\/\/swingbearing.net\/es\/wp-json\/wp\/v2\/product_brand?post=4897"},{"taxonomy":"product_cat","embeddable":true,"href":"https:\/\/swingbearing.net\/es\/wp-json\/wp\/v2\/product_cat?post=4897"},{"taxonomy":"product_tag","embeddable":true,"href":"https:\/\/swingbearing.net\/es\/wp-json\/wp\/v2\/product_tag?post=4897"}],"curies":[{"name":"wp","href":"https:\/\/api.w.org\/{rel}","templated":true}]}}