{"id":4392,"date":"2024-06-27T15:20:10","date_gmt":"2024-06-27T15:20:10","guid":{"rendered":"https:\/\/swingbearing.net\/?post_type=product&#038;p=4392"},"modified":"2024-06-27T15:24:25","modified_gmt":"2024-06-27T15:24:25","slug":"hydraulic-pump-708-3t-00120-708-3t-00116-708-3t-00115-for-komatsu-78-us-pc78us-main-pump","status":"publish","type":"product","link":"https:\/\/swingbearing.net\/es\/producto\/hydraulic-pump-708-3t-00120-708-3t-00116-708-3t-00115-for-komatsu-78-us-pc78us-main-pump\/","title":{"rendered":"Bomba Hidr\u00e1ulica 708-3T-00120 708-3T-00116 708-3T-00115 para Komatsu 78 Us PC78US Bomba Principal"},"content":{"rendered":"<h3 class=\"wp-block-heading\"><strong>Descripci\u00f3n del producto<\/strong><\/h3>\r\n\r\n\r\n<hr class=\"wp-block-separator has-alpha-channel-opacity\" \/>\r\n\r\n\r\n<h2 class=\"wp-block-heading\">708-3T-00120 708-3T-00116 708-3T-00115 Hydraulic Main Pump Fits For Komatsu78 Us PC78US<\/h2>\r\n<p>&nbsp;<\/p>\r\n<p><img decoding=\"async\" class=\"alignnone wp-image-4322 size-full\" src=\"https:\/\/swingbearing.net\/wp-content\/uploads\/2024\/06\/pc200-6.jpg\" alt=\"bomba hidr\u00e1ulica pc200-6\" width=\"778\" height=\"561\" srcset=\"https:\/\/swingbearing.net\/wp-content\/uploads\/2024\/06\/pc200-6.jpg 778w, https:\/\/swingbearing.net\/wp-content\/uploads\/2024\/06\/pc200-6-300x216.jpg 300w, https:\/\/swingbearing.net\/wp-content\/uploads\/2024\/06\/pc200-6-768x554.jpg 768w, https:\/\/swingbearing.net\/wp-content\/uploads\/2024\/06\/pc200-6-18x12.jpg 18w, https:\/\/swingbearing.net\/wp-content\/uploads\/2024\/06\/pc200-6-600x433.jpg 600w\" sizes=\"(max-width: 778px) 100vw, 778px\" \/><\/p>\r\n<p><img decoding=\"async\" class=\"alignnone wp-image-4390 size-full\" src=\"https:\/\/swingbearing.net\/wp-content\/uploads\/2024\/06\/pc78us1.png\" alt=\"bomba hidr\u00e1ulica\" width=\"798\" height=\"757\" srcset=\"https:\/\/swingbearing.net\/wp-content\/uploads\/2024\/06\/pc78us1.png 798w, https:\/\/swingbearing.net\/wp-content\/uploads\/2024\/06\/pc78us1-300x285.png 300w, https:\/\/swingbearing.net\/wp-content\/uploads\/2024\/06\/pc78us1-768x729.png 768w, https:\/\/swingbearing.net\/wp-content\/uploads\/2024\/06\/pc78us1-13x12.png 13w, https:\/\/swingbearing.net\/wp-content\/uploads\/2024\/06\/pc78us1-600x569.png 600w\" sizes=\"(max-width: 798px) 100vw, 798px\" \/><\/p>\r\n<table border=\"1\" cellspacing=\"0\" cellpadding=\"0\">\r\n<tbody>\r\n<tr>\r\n<td>Nombre del producto\u00a0 \u00a0 \u00a0 \u00a0 \u00a0 \u00a0 \u00a0 \u00a0<\/td>\r\n<td>Bomba hidr\u00e1ulica para excavadoras<\/td>\r\n<\/tr>\r\n<tr>\r\n<td>Calidad\u00a0 \u00a0 \u00a0<\/td>\r\n<td>Alta calidad 100% Nuevo<\/td>\r\n<\/tr>\r\n<tr>\r\n<td>Modelo de m\u00e1quina\u00a0 \u00a0\u00a0<\/td>\r\n<td>PC25-1 PC38UU-2<\/td>\r\n<\/tr>\r\n<tr>\r\n<td>Tama\u00f1o del embalaje<\/td>\r\n<td>84*38*49<\/td>\r\n<\/tr>\r\n<tr>\r\n<td>Paquete<\/td>\r\n<td>Estuche de madera est\u00e1ndar para exportaci\u00f3n\u00a0 \u00a0 \u00a0 \u00a0 \u00a0 \u00a0 \u00a0 \u00a0 \u00a0 \u00a0 \u00a0 \u00a0 \u00a0 \u00a0 \u00a0 \u00a0 \u00a0 \u00a0 \u00a0 \u00a0 \u00a0 \u00a0 \u00a0 \u00a0 \u00a0 \u00a0\u00a0<\/td>\r\n<\/tr>\r\n<tr>\r\n<td>N\u00famero de pieza<\/td>\r\n<td>705-41-08080<\/td>\r\n<\/tr>\r\n<tr>\r\n<td>Presi\u00f3n<\/td>\r\n<td>Est\u00e1ndar, Alta presi\u00f3n<\/td>\r\n<\/tr>\r\n<\/tbody>\r\n<\/table>\r\n<h3>\r\n\r\n<\/h3>\r\n<p><\/p>\r\n<h2 class=\"wp-block-heading\">Introduction of\u00a0 PC25-1 PC38UU-2 Main Pump<\/h2>\r\n<p><\/p>\r\n<p>\u00bfPertenece al sector de la construcci\u00f3n y desea optimizar el rendimiento de sus excavadoras sobre orugas? No busque m\u00e1s: la bomba hidr\u00e1ulica para excavadoras es un producto vers\u00e1til y fiable dise\u00f1ado para satisfacer las exigencias de diversos escenarios, como obras de construcci\u00f3n, explotaciones mineras y obras viales.\u00a0<\/p>\r\n<p>\r\n\r\n<\/p>\r\n<h3 class=\"wp-block-heading\">Maximizar la eficiencia con la bomba<\/h3>\r\n<p>\r\n\r\n<\/p>\r\n<p>Cuando se trata de tareas de excavaci\u00f3n, la eficiencia es clave. La bomba hidr\u00e1ulica para excavadoras, disponible en dos n\u00fameros de bomba, 708-2L-00202 y 708-2L-41121, est\u00e1 dise\u00f1ada espec\u00edficamente para proporcionar la m\u00e1xima potencia hidr\u00e1ulica a su excavadora. Esto asegura que su m\u00e1quina funcione sin problemas y de manera eficiente, lo que le permite completar los proyectos de manera oportuna. Con su construcci\u00f3n duradera y rendimiento fiable, esta bomba hidr\u00e1ulica est\u00e1 hecha para durar, por lo que es una valiosa inversi\u00f3n para su negocio.<\/p>\r\n<p>\r\n\r\n<\/p>\r\n<h3 class=\"wp-block-heading\">Compatibilidad y versatilidad<\/h3>\r\n<p>\r\n\r\n<\/p>\r\n<p>Una de las principales ventajas de la bomba hidr\u00e1ulica para excavadoras es su compatibilidad con una gran variedad de modelos de excavadoras. Tanto si utiliza una E317, E315, PC210-8K o PC210-8K, esta bomba hidr\u00e1ulica est\u00e1 dise\u00f1ada para integrarse perfectamente con su m\u00e1quina, mejorando sus capacidades y rendimiento. Esta versatilidad la convierte en una opci\u00f3n pr\u00e1ctica para contratistas y operadores que trabajan en diferentes sectores y entornos.<\/p>\r\n<p>\r\n\r\n<\/p>\r\n<h3 class=\"wp-block-heading\">Asistencia posventa excepcional<\/h3>\r\n<p>\r\n\r\n<\/p>\r\n<p>En Bomba hidr\u00e1ulica para excavadora, la satisfacci\u00f3n del cliente es nuestra m\u00e1xima prioridad. Es por eso que ofrecemos un excelente soporte post-venta, incluyendo asistencia en l\u00ednea, para asegurar que nuestros clientes reciban ayuda r\u00e1pida en caso de cualquier problema o inquietud. Nuestro equipo de expertos se dedica a proporcionarle el apoyo que necesita para mantener su bomba hidr\u00e1ulica funcionando sin problemas y de manera eficiente, lo que le permite centrarse en su trabajo sin interrupciones.<br \/><br \/><b>Podemos apoyar a los dem\u00e1s:<\/b><\/p>\r\n<table>\r\n<tbody>\r\n<tr>\r\n<td colspan=\"1\" rowspan=\"1\">\r\n<div>Para Kobelco<\/div>\r\n<\/td>\r\n<td colspan=\"1\" rowspan=\"1\">\r\n<div>SK200-6,SK210-6,SK45SR,SK330-6E,SK200-4,SK460-8,SK135,SK235SRLC-1ES,SK250-8,SK210-8,SK350-8,SK350,SK350-9,SK200-8,SK210-8<\/div>\r\n<\/td>\r\n<\/tr>\r\n<tr>\r\n<td colspan=\"1\" rowspan=\"1\">\r\n<div>Para Komatsu<\/div>\r\n<\/td>\r\n<td colspan=\"1\" rowspan=\"1\">\r\n<div>PC300-8,PC200-6K,PC130-8,PC200-8,PC220-8,PC270-8,PC400-8,PC60-7,PC300-7,PC400-7,PC200-7,PC200-6,<\/div>\r\n<\/td>\r\n<\/tr>\r\n<tr>\r\n<td colspan=\"1\" rowspan=\"1\">\r\n<div>Para CAT<\/div>\r\n<\/td>\r\n<td colspan=\"1\" rowspan=\"1\">\r\n<div>E325C,E330D,E330C,E336D,E336C,E345B,E385C,E320C,E320D,E330,E330L,E345C<\/div>\r\n<\/td>\r\n<\/tr>\r\n<tr>\r\n<td colspan=\"1\" rowspan=\"1\">\r\n<div>Para Daewoo<\/div>\r\n<\/td>\r\n<td colspan=\"1\" rowspan=\"1\">\r\n<div>DH80,DH300-5,DH300-7,DH225-7,DH210,DH220,DH150,DH300-5,DH370,DH470-5,DH500-5<\/div>\r\n<\/td>\r\n<\/tr>\r\n<tr>\r\n<td colspan=\"1\" rowspan=\"1\">\r\n<div>Para Hitachi<\/div>\r\n<\/td>\r\n<td colspan=\"1\" rowspan=\"1\">\r\n<div>EX120-5, EX120-5 JPN, EX120-5HG, EX120-5LV JPN, EX120-5X, EX120-5Z, EX120SS-5, EX130H-5, EX130H-5 JPN, EX130K-5,<br \/>EX135UR,EX135UR-5, EX135US-5, EX135USR, EX135USRK, EX140US-5, HR240G,EX300-2, EX300-3, EX300-3C, EX310H-3C,EX200-3, EX200-5,<br \/>EX200-5 JPN, EX200-5HG, EX200-5HHE, EX200-5LV JAP, EX200-5X JPN, EX200-5Z JPN, EX200LC-5HHE, EX200SS-5,EX210H-5, EX210H-5 JPN,<br \/>EX210K-5 JPN, EX210LC-5HHE, EX225USR(LC), EX225USRK,EX60-2, EX60-3, EX60LCK-3, EX60LCT-3, EX60WD-2, EX75UR, EX75UR-3,<br \/>EX75URLC-3,EX350-6,EX120-3,EX1200,EX300,EX200 ,EX210,EX75UR-5<\/div>\r\n<\/td>\r\n<\/tr>\r\n<tr>\r\n<td colspan=\"1\" rowspan=\"1\">\r\n<div>Para Sumitomo<\/div>\r\n<\/td>\r\n<td colspan=\"1\" rowspan=\"1\">\r\n<div>SH200-2,SH-200A3,SH200,SH120-5-0.5<\/div>\r\n<\/td>\r\n<\/tr>\r\n<tr>\r\n<td colspan=\"1\" rowspan=\"1\">\r\n<div>Para Kato<\/div>\r\n<\/td>\r\n<td colspan=\"1\" rowspan=\"1\">\r\n<div>HD1430,HD130<\/div>\r\n<\/td>\r\n<\/tr>\r\n<tr>\r\n<td colspan=\"1\" rowspan=\"1\">\r\n<div>Para JCB<\/div>\r\n<\/td>\r\n<td colspan=\"1\" rowspan=\"1\">\r\n<div>JCB220,JCB240,JCB 85Z<\/div>\r\n<\/td>\r\n<\/tr>\r\n<tr>\r\n<td colspan=\"1\" rowspan=\"1\">\r\n<div>Otros<\/div>\r\n<\/td>\r\n<td colspan=\"1\" rowspan=\"1\">\r\n<div>&#8230;&#8230;<\/div>\r\n<\/td>\r\n<\/tr>\r\n<\/tbody>\r\n<\/table>\r\n<p><\/p>","protected":false},"excerpt":{"rendered":"<p><strong><b>Pieza<\/b><\/strong> #: 705-41-08080<br \/><strong><b>Visite<\/b><\/strong>:Komatsu <br \/><strong><b>Modelo<\/b><\/strong>: PC25-1 PC38UU-2<br \/><strong><b>Condici\u00f3n<\/b><\/strong>: Nuevo<\/p>","protected":false},"featured_media":4389,"template":"","meta":[],"product_brand":[],"product_cat":[382],"product_tag":[],"class_list":{"0":"post-4392","1":"product","2":"type-product","3":"status-publish","4":"has-post-thumbnail","6":"product_cat-komatsu-hydraulic-pumps","8":"first","9":"instock","10":"shipping-taxable","11":"product-type-simple"},"_links":{"self":[{"href":"https:\/\/swingbearing.net\/es\/wp-json\/wp\/v2\/product\/4392","targetHints":{"allow":["GET"]}}],"collection":[{"href":"https:\/\/swingbearing.net\/es\/wp-json\/wp\/v2\/product"}],"about":[{"href":"https:\/\/swingbearing.net\/es\/wp-json\/wp\/v2\/types\/product"}],"wp:featuredmedia":[{"embeddable":true,"href":"https:\/\/swingbearing.net\/es\/wp-json\/wp\/v2\/media\/4389"}],"wp:attachment":[{"href":"https:\/\/swingbearing.net\/es\/wp-json\/wp\/v2\/media?parent=4392"}],"wp:term":[{"taxonomy":"product_brand","embeddable":true,"href":"https:\/\/swingbearing.net\/es\/wp-json\/wp\/v2\/product_brand?post=4392"},{"taxonomy":"product_cat","embeddable":true,"href":"https:\/\/swingbearing.net\/es\/wp-json\/wp\/v2\/product_cat?post=4392"},{"taxonomy":"product_tag","embeddable":true,"href":"https:\/\/swingbearing.net\/es\/wp-json\/wp\/v2\/product_tag?post=4392"}],"curies":[{"name":"wp","href":"https:\/\/api.w.org\/{rel}","templated":true}]}}