{"id":3937,"date":"2024-06-05T07:52:46","date_gmt":"2024-06-05T07:52:46","guid":{"rendered":"https:\/\/swingbearing.net\/product\/volvo-swing-bearing-ec210lc-1155-00061-slewing-ring-bearing\/"},"modified":"2024-06-08T05:32:09","modified_gmt":"2024-06-08T05:32:09","slug":"volvo-swing-bearing-ec210lc-1155-00061-slewing-ring-bearing","status":"publish","type":"product","link":"https:\/\/swingbearing.net\/es\/producto\/volvo-swing-bearing-ec210lc-1155-00061-slewing-ring-bearing\/","title":{"rendered":"Rodamiento oscilante 1155-00061 para VOLVO EC210LC"},"content":{"rendered":"<h2 style=\"text-align: center;\">Sustituci\u00f3n del rodamiento oscilante VOLVO<\/h2>\r\n<figure class=\"wp-block-table\" style=\"font-size: 12px;\">\r\n<table>\r\n<tbody>\r\n<tr>\r\n<td>N\u00famero de modelo de la excavadora<\/td>\r\n<td>N\u00famero de pieza<\/td>\r\n<td>N\u00famero de modelo de la excavadora<\/td>\r\n<td>N\u00famero de pieza<\/td>\r\n<\/tr>\r\n<tr>\r\n<td>EC160B EC180B\/C\/D<\/td>\r\n<td>14577175<\/td>\r\n<td>EC210LC<\/td>\r\n<td>1155-00061<\/td>\r\n<\/tr>\r\n<tr>\r\n<td>EC160B EC180B\/C\/D<\/td>\r\n<td>14577176<\/td>\r\n<td>EC210LC<\/td>\r\n<td>14563328<\/td>\r\n<\/tr>\r\n<tr>\r\n<td>EC160B EC180B\/C\/D<\/td>\r\n<td>14563341<\/td>\r\n<td>EC240BLC<\/td>\r\n<td>14575267<\/td>\r\n<\/tr>\r\n<tr>\r\n<td>EC160B EC180B\/C\/D<\/td>\r\n<td>14563342<\/td>\r\n<td>EC240BLC<\/td>\r\n<td>14563334<\/td>\r\n<\/tr>\r\n<tr>\r\n<td>EC140 CLM<\/td>\r\n<td>14563340<\/td>\r\n<td>EC240BLC<\/td>\r\n<td>SA1155-00040<\/td>\r\n<\/tr>\r\n<tr>\r\n<td>EC140B LC<\/td>\r\n<td>Serie-V20400<\/td>\r\n<td>EC240BNLC<\/td>\r\n<td>14520572<\/td>\r\n<\/tr>\r\n<tr>\r\n<td>EC140CL<\/td>\r\n<td>SA1055-01461<\/td>\r\n<td>EC290<\/td>\r\n<td>14570794<\/td>\r\n<\/tr>\r\n<tr>\r\n<td>EC140CL<\/td>\r\n<td>VOE14520561<\/td>\r\n<td>EC290BLC<\/td>\r\n<td>14563335<\/td>\r\n<\/tr>\r\n<tr>\r\n<td>EC180B LC<\/td>\r\n<td>VOE14520569<\/td>\r\n<td>EC290B<\/td>\r\n<td>14563335<\/td>\r\n<\/tr>\r\n<tr>\r\n<td>EC210<\/td>\r\n<td>SA1155-00061<\/td>\r\n<td>EC290B<\/td>\r\n<td>14520573<\/td>\r\n<\/tr>\r\n<tr>\r\n<td>EC210BLC<\/td>\r\n<td>14563343<\/td>\r\n<td>EX300-3C<\/td>\r\n<td>9112188<\/td>\r\n<\/tr>\r\n<tr>\r\n<td>EC210BLC<\/td>\r\n<td>14647522<\/td>\r\n<td>EC360BLC<\/td>\r\n<td>14563350<\/td>\r\n<\/tr>\r\n<tr>\r\n<td>EC210 2005<\/td>\r\n<td>EC210V13948<\/td>\r\n<td>EC390<\/td>\r\n<td>14647527<\/td>\r\n<\/tr>\r\n<tr>\r\n<td>EC210B<\/td>\r\n<td>14563327<\/td>\r\n<td>EC460BLC<\/td>\r\n<td>14507709<\/td>\r\n<\/tr>\r\n<tr>\r\n<td>EC210B<\/td>\r\n<td>14505766<\/td>\r\n<td>EC460<\/td>\r\n<td>14559204<\/td>\r\n<\/tr>\r\n<tr>\r\n<td>EC210BLC<\/td>\r\n<td>14577178<\/td>\r\n<td>EC480DL<\/td>\r\n<td>14559204<\/td>\r\n<\/tr>\r\n<tr>\r\n<td>EC210<\/td>\r\n<td>14647523<\/td>\r\n<td>EC700BLC<\/td>\r\n<td>14559205<\/td>\r\n<\/tr>\r\n<tr>\r\n<td>EC210BNC<\/td>\r\n<td>14530323<\/td>\r\n<td>\u00a0<\/td>\r\n<td>\u00a0<\/td>\r\n<\/tr>\r\n<\/tbody>\r\n<\/table>\r\n<p><img decoding=\"async\" class=\"alignnone wp-image-2788 size-full\" src=\"https:\/\/swingbearing.net\/wp-content\/uploads\/2024\/05\/777.jpg\" alt=\"coronas giratorias\" width=\"1980\" height=\"700\" srcset=\"https:\/\/swingbearing.net\/wp-content\/uploads\/2024\/05\/777.jpg 1980w, https:\/\/swingbearing.net\/wp-content\/uploads\/2024\/05\/777-300x106.jpg 300w, https:\/\/swingbearing.net\/wp-content\/uploads\/2024\/05\/777-1024x362.jpg 1024w, https:\/\/swingbearing.net\/wp-content\/uploads\/2024\/05\/777-768x272.jpg 768w, https:\/\/swingbearing.net\/wp-content\/uploads\/2024\/05\/777-1536x543.jpg 1536w, https:\/\/swingbearing.net\/wp-content\/uploads\/2024\/05\/777-18x6.jpg 18w, https:\/\/swingbearing.net\/wp-content\/uploads\/2024\/05\/777-600x212.jpg 600w\" sizes=\"(max-width: 1980px) 100vw, 1980px\" \/><\/p>\r\n<p>&nbsp;<\/p>\r\n<\/figure>\r\n\r\n<p><\/p>\r\n<h3 class=\"wp-block-heading\"><\/h3>\r\n<p>Las excavadoras son esenciales en la construcci\u00f3n, la miner\u00eda y la silvicultura. Un componente clave que garantiza su funcionamiento eficaz es el cojinete basculante. Este art\u00edculo analiza la importancia, la estructura, los tipos, el mantenimiento y los problemas m\u00e1s comunes de los cojinetes basculantes para excavadoras.<\/p>\r\n<h3 class=\"wp-block-heading\">\r\n\r\n<\/h3>\r\n<h2 class=\"wp-block-heading\">Rodamientos oscilantes para excavadoras<\/h2>\r\n<h3 class=\"wp-block-heading\">\r\n\r\n<\/h3>\r\n<p>Un cojinete de giro de excavadora, tambi\u00e9n conocido como corona de giro, cojinete de giro, permite que la estructura superior gire 360 grados. Esta rotaci\u00f3n es crucial para excavar, mover y descargar materiales. El rodamiento soporta cargas axiales, radiales y de momento, por lo que es vital para la m\u00e1quina.<\/p>\r\n<h3 class=\"wp-block-heading\">\r\n\r\n<\/h3>\r\n<h2 class=\"wp-block-heading\">Estructura del rodamiento oscilante de una excavadora<\/h2>\r\n<h3 class=\"wp-block-heading\">\r\n\r\n<\/h3>\r\n<p>Un cojinete de giro de excavadora consta de:<\/p>\r\n<h3 class=\"wp-block-heading\">\r\n\r\n<\/h3>\r\n<ul class=\"wp-block-list\">\r\n<li>Anillos interior y exterior: Fabricados en acero de alta resistencia para soportar cargas pesadas.<\/li>\r\n\r\n\r\n\r\n<li>Elementos rodantes: Bolas o rodillos que facilitan una rotaci\u00f3n suave.<\/li>\r\n\r\n\r\n\r\n<li>Jaulas: Mantenga los elementos rodantes uniformemente espaciados.<\/li>\r\n\r\n\r\n\r\n<li>Juntas: Protegen el rodamiento de la suciedad, el agua y los residuos.<\/li>\r\n<\/ul>\r\n<h3 class=\"wp-block-heading\">\r\n\r\n<\/h3>\r\n<h2 class=\"wp-block-heading\">Tipos de rodamientos giratorios para excavadoras<\/h2>\r\n<h3 class=\"wp-block-heading\">\r\n\r\n<\/h3>\r\n<h4 class=\"wp-block-heading\">Los rodamientos giratorios est\u00e1n disponibles en varios dise\u00f1os:<\/h4>\r\n<h3 class=\"wp-block-heading\">\r\n\r\n<\/h3>\r\n<ul class=\"wp-block-list\">\r\n<li>Rodamientos de una hilera de bolas: Equilibran la capacidad de carga y la velocidad de rotaci\u00f3n.<\/li>\r\n\r\n\r\n\r\n<li>Rodamientos de bolas de doble hilera: Proporcionan mayores capacidades de carga para excavadoras de mayor tama\u00f1o.<\/li>\r\n\r\n\r\n\r\n<li>Rodamientos de rodillos cruzados: Manejan cargas axiales y radiales pesadas simult\u00e1neamente.<\/li>\r\n\r\n\r\n\r\n<li>Rodamientos de rodillos de tres hileras: Ofrecen la m\u00e1xima capacidad de carga para excavadoras robustas.<\/li>\r\n<\/ul>\r\n<h3 class=\"wp-block-heading\">\r\n\r\n<\/h3>\r\n<h2 class=\"wp-block-heading\">Importancia de los rodamientos de giro en las excavadoras<\/h2>\r\n<h3 class=\"wp-block-heading\">\r\n\r\n<\/h3>\r\n<p>Los rodamientos giratorios garantizan una distribuci\u00f3n uniforme de la carga, manteniendo la integridad estructural de la excavadora. Permiten una rotaci\u00f3n de 360 grados, mejorando la eficacia operativa en espacios reducidos. Su durabilidad reduce los tiempos de inactividad y los costes de mantenimiento.<\/p>\r\n<h3 class=\"wp-block-heading\">\r\n\r\n<\/h3>\r\n<h2 class=\"wp-block-heading\">Mantenimiento de los rodamientos de giro de la excavadora<\/h2>\r\n<h3 class=\"wp-block-heading\">\r\n\r\n<\/h3>\r\n<h4 class=\"wp-block-heading\">El mantenimiento adecuado incluye:<\/h4>\r\n<h3 class=\"wp-block-heading\">\r\n\r\n<\/h3>\r\n<ul class=\"wp-block-list\">\r\n<li>Inspecciones peri\u00f3dicas: Compruebe si hay desgaste, corrosi\u00f3n o da\u00f1os.<\/li>\r\n\r\n\r\n\r\n<li>Lubricaci\u00f3n: Reduce la fricci\u00f3n y evita el desgaste.<\/li>\r\n\r\n\r\n\r\n<li>Integridad de los precintos: Aseg\u00farese de que los sellos est\u00e9n intactos para evitar la contaminaci\u00f3n.<\/li>\r\n\r\n\r\n\r\n<li>Gesti\u00f3n de la carga: Evite sobrecargar la excavadora.<\/li>\r\n\r\n\r\n\r\n<li>Alineaci\u00f3n: Aseg\u00farese de una alineaci\u00f3n adecuada para evitar un desgaste desigual.<\/li>\r\n<\/ul>\r\n<h3 class=\"wp-block-heading\">\r\n\r\n<\/h3>\r\n<h3 class=\"wp-block-heading\">Problemas comunes con los rodamientos oscilantes<\/h3>\r\n<h3 class=\"wp-block-heading\">\r\n\r\n<\/h3>\r\n<p>Los problemas m\u00e1s comunes son:<\/p>\r\n<h3 class=\"wp-block-heading\">\r\n\r\n<\/h3>\r\n<ul class=\"wp-block-list\">\r\n<li>Desgaste: Causado por el funcionamiento continuo y las cargas pesadas.<\/li>\r\n\r\n\r\n\r\n<li>Contaminaci\u00f3n: Suciedad, agua y residuos que entran en el rodamiento.<\/li>\r\n\r\n\r\n\r\n<li>Corrosi\u00f3n: Debido a la humedad y a las duras condiciones.<\/li>\r\n\r\n\r\n\r\n<li>Desalineaci\u00f3n: Resultante de una instalaci\u00f3n incorrecta o de problemas estructurales.<\/li>\r\n<\/ul>\r\n<h3 class=\"wp-block-heading\">\r\n\r\n<\/h3>\r\n<h2 class=\"wp-block-heading\">Conclusi\u00f3n<\/h2>\r\n<h3 class=\"wp-block-heading\">\r\n\r\n<\/h3>\r\n<p><a href=\"https:\/\/swingbearing.net\/es\/excavator-swing-bearing\/\">Cojinetes basculantes para excavadoras<\/a> son cruciales para la funcionalidad y eficiencia de las excavadoras. Comprender su estructura, tipos, importancia, mantenimiento y problemas comunes es esencial para un rendimiento \u00f3ptimo. Un mantenimiento adecuado y la resoluci\u00f3n oportuna de los problemas pueden prolongar la vida \u00fatil y la fiabilidad de estos rodamientos, mejorando la productividad.<\/p>\r\n<p><\/p>","protected":false},"excerpt":{"rendered":"<p><strong>Pieza #<\/strong>: 1155-00061 <br \/><strong><b>Visite<\/b><\/strong>:VOLVO<br \/><strong><b>Modelo<\/b><\/strong>: EC210LC <br \/><strong><b>Condici\u00f3n<\/b><\/strong>: Nuevo<\/p>","protected":false},"featured_media":3038,"template":"","meta":[],"product_brand":[],"product_cat":[68],"product_tag":[],"class_list":{"0":"post-3937","1":"product","2":"type-product","3":"status-publish","4":"has-post-thumbnail","6":"product_cat-volvo-excavator-swing-bearing","8":"first","9":"instock","10":"shipping-taxable","11":"product-type-simple"},"_links":{"self":[{"href":"https:\/\/swingbearing.net\/es\/wp-json\/wp\/v2\/product\/3937","targetHints":{"allow":["GET"]}}],"collection":[{"href":"https:\/\/swingbearing.net\/es\/wp-json\/wp\/v2\/product"}],"about":[{"href":"https:\/\/swingbearing.net\/es\/wp-json\/wp\/v2\/types\/product"}],"wp:featuredmedia":[{"embeddable":true,"href":"https:\/\/swingbearing.net\/es\/wp-json\/wp\/v2\/media\/3038"}],"wp:attachment":[{"href":"https:\/\/swingbearing.net\/es\/wp-json\/wp\/v2\/media?parent=3937"}],"wp:term":[{"taxonomy":"product_brand","embeddable":true,"href":"https:\/\/swingbearing.net\/es\/wp-json\/wp\/v2\/product_brand?post=3937"},{"taxonomy":"product_cat","embeddable":true,"href":"https:\/\/swingbearing.net\/es\/wp-json\/wp\/v2\/product_cat?post=3937"},{"taxonomy":"product_tag","embeddable":true,"href":"https:\/\/swingbearing.net\/es\/wp-json\/wp\/v2\/product_tag?post=3937"}],"curies":[{"name":"wp","href":"https:\/\/api.w.org\/{rel}","templated":true}]}}