{"id":3919,"date":"2024-06-05T05:55:59","date_gmt":"2024-06-05T05:55:59","guid":{"rendered":"https:\/\/swingbearing.net\/?post_type=product&#038;p=3919"},"modified":"2024-06-05T06:03:44","modified_gmt":"2024-06-05T06:03:44","slug":"swing-bearing-43767553-for-hitachi-ex60-5","status":"publish","type":"product","link":"https:\/\/swingbearing.net\/es\/producto\/swing-bearing-43767553-for-hitachi-ex60-5\/","title":{"rendered":"Rodamiento oscilante 43767553 para HITACHI EX60-5"},"content":{"rendered":"<h2 style=\"text-align: center;\">HITACHI <strong>Sustituci\u00f3n del anillo giratorio\u00a0<\/strong><\/h2>\n<figure class=\"wp-block-table\" style=\"font-size: 12px;\">\n<table>\n<tbody>\n<tr>\n<td><strong>N\u00famero de modelo de la excavadora<\/strong><\/td>\n<td><strong>N\u00famero de pieza<\/strong><\/td>\n<td><strong>N\u00famero de modelo de la excavadora<\/strong><\/td>\n<td><strong>N\u00famero de pieza<\/strong><\/td>\n<\/tr>\n<tr>\n<td>EX60-2<\/td>\n<td>4193433<\/td>\n<td>ZX230<\/td>\n<td>9154037<\/td>\n<\/tr>\n<tr>\n<td>EX60WD -2<\/td>\n<td>4193433<\/td>\n<td>ZX230<\/td>\n<td>9159646<\/td>\n<\/tr>\n<tr>\n<td>EX60-5<\/td>\n<td>43767553<\/td>\n<td>ZX240<\/td>\n<td>9196732<\/td>\n<\/tr>\n<tr>\n<td>EX100<\/td>\n<td>9098995<\/td>\n<td>ZX240<\/td>\n<td>9245728<\/td>\n<\/tr>\n<tr>\n<td>EX100-3<\/td>\n<td>9102726<\/td>\n<td>EX300-3<\/td>\n<td>9112188<\/td>\n<\/tr>\n<tr>\n<td>ZX135<\/td>\n<td>9184497<\/td>\n<td>ZX330LC-5G<\/td>\n<td>9245698<\/td>\n<\/tr>\n<tr>\n<td>EX150-5<\/td>\n<td>9146953<\/td>\n<td>ZX350-3<\/td>\n<td>9245698<\/td>\n<\/tr>\n<tr>\n<td>EX200<\/td>\n<td>9098993<\/td>\n<td>ZX370<\/td>\n<td>9166468<\/td>\n<\/tr>\n<tr>\n<td>ZX200LC-5G<\/td>\n<td>9260971<\/td>\n<td>ZX370<\/td>\n<td>9169894<\/td>\n<\/tr>\n<tr>\n<td>ZX200-3,<\/td>\n<td>9260971<\/td>\n<td>KH180-3<\/td>\n<td>9099074<\/td>\n<\/tr>\n<tr>\n<td>EX200-3<\/td>\n<td>9148123<\/td>\n<td>HE6010B<\/td>\n<td>1214DBS110T<\/td>\n<\/tr>\n<tr>\n<td>ZX200<\/td>\n<td>9196732<\/td>\n<td>EX400<\/td>\n<td>164-2568<\/td>\n<\/tr>\n<tr>\n<td>ZX200-5G<\/td>\n<td>9260971<\/td>\n<td>EX400-5<\/td>\n<td>9129521<\/td>\n<\/tr>\n<tr>\n<td>EX200<\/td>\n<td>9102727<\/td>\n<td>ZX450<\/td>\n<td>9129521<\/td>\n<\/tr>\n<tr>\n<td>EX210-5<\/td>\n<td>9102727<\/td>\n<td>ZX450-3<\/td>\n<td>9247287<\/td>\n<\/tr>\n<tr>\n<td>ZX210LCK<\/td>\n<td>9169646<\/td>\n<td>ZX450-3<\/td>\n<td>9247287<\/td>\n<\/tr>\n<tr>\n<td>ZX210W-1<\/td>\n<td>9275368<\/td>\n<td>ZX470-3<\/td>\n<td>9247287<\/td>\n<\/tr>\n<tr>\n<td>ZX220<\/td>\n<td>9262248<\/td>\n<td>ZX650<\/td>\n<td>9321213<\/td>\n<\/tr>\n<tr>\n<td>EX220-1<\/td>\n<td>9154037<\/td>\n<td>ZX650LCH<\/td>\n<td>6016584<\/td>\n<\/tr>\n<tr>\n<td>ZX225USR<\/td>\n<td>9169646<\/td>\n<td>ZX800LD<\/td>\n<td>9229741<\/td>\n<\/tr>\n<tr>\n<td>ZX225US<\/td>\n<td>9196732<\/td>\n<td>ZX870-3<\/td>\n<td>9321216<\/td>\n<\/tr>\n<tr>\n<td>ZX330-3LC<\/td>\n<td>9260971<\/td>\n<td>ZX870<\/td>\n<td>6023643<\/td>\n<\/tr>\n<tr>\n<td>EX270-5<\/td>\n<td>9154037<\/td>\n<td><\/td>\n<td><\/td>\n<\/tr>\n<\/tbody>\n<\/table>\n<\/figure>\n<p>Podemos proporcionar cojinetes de giro alternativos para su CAT,HITACHI, KOMATSU,KOBELCO, HYUNDAI, VOLVO, DOOSAN, DAEWOO, JCB,CASE, SUMITOMO, XCMG.Hay normal y no est\u00e1ndar m\u00e1s de 1000 cientos de tipos para que usted elija.Nuestros cojinetes de giro est\u00e1n dise\u00f1ados espec\u00edficamente para satisfacer las demandas de la maquinaria excavadora, proporcionando un rendimiento fiable y duradero en una amplia gama de condiciones. Ya sea que necesite un rodamiento oscilante para excavadora, un rodamiento de anillo giratorio o un rodamiento de anillo giratorio para excavadora, nuestros productos son la soluci\u00f3n perfecta.<\/p>\n<p>Nuestros cojinetes de giro para excavadoras se fabrican con materiales de alta calidad, lo que garantiza su solidez, durabilidad y resistencia al desgaste. Nuestros ingenieros han dedicado incontables horas a perfeccionar el dise\u00f1o de nuestros rodamientos giratorios para garantizar que ofrezcan un rendimiento \u00f3ptimo incluso en las condiciones m\u00e1s duras. Estamos orgullosos de nuestro trabajo, y estamos seguros de que notar\u00e1 la diferencia cuando elija nuestros productos.<\/p>\n<p>Ofrecemos una amplia gama de opciones de cojinetes oscilantes para piezas de excavadoras, incluidos los modelos m\u00e1s populares, como UH025, UH045, UH063 y UH083.<br \/>\nTambi\u00e9n disponemos de rodamientos oscilantes para otros modelos populares como EX200, EX300, EX310, ZX60, ZX70, ZA80, ZX110, ZX120, ZX200, ZX210, ZX250, ZX290, ZX330, ZX470, ZX870EX1000, EX1200, ZX225UR, ZX520, EX120-3, EX120-5, EX130H-5, ZAX110, ZAX120-6, ZAX120, UH07-7, ZAX200, ZXA210, ZAX200-3G, ZAX250-3G, ZAX200-3, ZAX200LC-3, ZAX210H-3, ZAX210LCH-3, ZAX210K-3, EX210LCH-5, ZAX225, ZX230, EX220-2, EX220-3, EX220-5, EX270-5, EX230H-3, EX280H-5, ZAX240H, ZAX240LCH, ZAX240K, ZAX250, ZAX270, ZAX280LC, EX290LCH-5, EX300-1, EX300-2, EX300H-2, EX300-3, EX300-3C, EX300H-3, EX310H-3C, EX310LCH-3C, ZAX330, EX350, ZXA360, ZAX450-6, EX100-5, EX110-5 y EX120-2.<\/p>\n<p>Nuestros cojinetes basculantes para excavadoras y engranajes giratorios para excavadoras tambi\u00e9n est\u00e1n disponibles para quienes los necesiten, lo que garantiza que dispondr\u00e1 de todo lo necesario para que su m\u00e1quina funcione sin problemas.<\/p>","protected":false},"excerpt":{"rendered":"<p><strong><b>Pieza<\/b><\/strong> #: 43767553<br \/>\n<strong><b>Visite<\/b><\/strong>: HITACHI<br \/>\n<strong><b>Modelo<\/b><\/strong>:EX60-5<br \/>\n<strong><b>Condici\u00f3n<\/b><\/strong>: Nuevo<\/p>","protected":false},"featured_media":3038,"template":"","meta":[],"product_brand":[],"product_cat":[65,22],"product_tag":[81,80],"class_list":{"0":"post-3919","1":"product","2":"type-product","3":"status-publish","4":"has-post-thumbnail","6":"product_cat-hitachi-excavator-swing-bearing","7":"product_cat-swing-bearing","8":"product_tag-hitachi","9":"product_tag-slewing-ring","11":"first","12":"instock","13":"shipping-taxable","14":"product-type-simple"},"_links":{"self":[{"href":"https:\/\/swingbearing.net\/es\/wp-json\/wp\/v2\/product\/3919","targetHints":{"allow":["GET"]}}],"collection":[{"href":"https:\/\/swingbearing.net\/es\/wp-json\/wp\/v2\/product"}],"about":[{"href":"https:\/\/swingbearing.net\/es\/wp-json\/wp\/v2\/types\/product"}],"wp:featuredmedia":[{"embeddable":true,"href":"https:\/\/swingbearing.net\/es\/wp-json\/wp\/v2\/media\/3038"}],"wp:attachment":[{"href":"https:\/\/swingbearing.net\/es\/wp-json\/wp\/v2\/media?parent=3919"}],"wp:term":[{"taxonomy":"product_brand","embeddable":true,"href":"https:\/\/swingbearing.net\/es\/wp-json\/wp\/v2\/product_brand?post=3919"},{"taxonomy":"product_cat","embeddable":true,"href":"https:\/\/swingbearing.net\/es\/wp-json\/wp\/v2\/product_cat?post=3919"},{"taxonomy":"product_tag","embeddable":true,"href":"https:\/\/swingbearing.net\/es\/wp-json\/wp\/v2\/product_tag?post=3919"}],"curies":[{"name":"wp","href":"https:\/\/api.w.org\/{rel}","templated":true}]}}