{"id":362,"date":"2023-09-18T08:17:17","date_gmt":"2023-09-18T08:17:17","guid":{"rendered":"https:\/\/swingbearing.net\/?post_type=product&#038;p=362"},"modified":"2023-11-09T07:16:57","modified_gmt":"2023-11-09T07:16:57","slug":"swing-bearing-kobelco","status":"publish","type":"product","link":"https:\/\/swingbearing.net\/es\/producto\/swing-bearing-kobelco\/","title":{"rendered":"cojinete basculante KOBELCO"},"content":{"rendered":"<figure class=\"wp-block-table is-style-stripes has-small-font-size\">\n<table class=\"has-cyan-bluish-white-background-color has-background\">\n<tbody>\n<tr>\n<td width=\"113\"><strong><a href=\"https:\/\/swingbearing.net\/es\/producto\/swing-bearing-cat\/\" target=\"_parent\" rel=\"noopener\">CAT<\/a><\/strong><\/td>\n<td width=\"113\"><strong><a href=\"https:\/\/swingbearing.net\/es\/producto\/swing-bearing-komatsu\/\" rel=\"noopener\">KOMATSU<\/a><\/strong><\/td>\n<td width=\"113\"><strong><a href=\"https:\/\/swingbearing.net\/es\/producto\/swing-bearings-hitachi\/\" rel=\"noopener\">HITACHI<\/a><\/strong><\/td>\n<td width=\"113\"><strong><a href=\"https:\/\/swingbearing.net\/es\/producto\/swing-bearing-kobelco\/\" target=\"_parent\" rel=\"noopener\">KOBELCO<\/a><\/strong><\/td>\n<td width=\"113\"><strong><a href=\"https:\/\/swingbearing.net\/es\/producto\/swing-bearing-hyundai\/\" target=\"_parent\" rel=\"noopener\">HYUNDAI<\/a><\/strong><\/td>\n<\/tr>\n<tr>\n<td width=\"113\"><strong><a href=\"https:\/\/swingbearing.net\/es\/producto\/swing-bearing-doosan\/\" target=\"_parent\" rel=\"noopener\">DOOSAN<\/a><\/strong><\/td>\n<td width=\"113\"><strong><a href=\"https:\/\/swingbearing.net\/es\/producto\/swing-bearing-volvo\/\" target=\"_parent\" rel=\"noopener\">VOLVO<\/a><\/strong><\/td>\n<td width=\"113\"><strong><a href=\"https:\/\/swingbearing.net\/es\/producto\/rodamiento-oscilante-jcb\/\" target=\"_parent\" rel=\"noopener\">JCB<\/a><\/strong><\/td>\n<td width=\"113\"><strong><a href=\"https:\/\/swingbearing.net\/es\/producto\/swing-bearing-case\/\" target=\"_parent\" rel=\"noopener\">CASO<\/a><\/strong><\/td>\n<td width=\"113\"><strong><a href=\"https:\/\/swingbearing.net\/es\/producto\/swing-bearing-liebherr\/\" target=\"_parent\" rel=\"noopener\">LIEBHERR<\/a><\/strong><\/td>\n<\/tr>\n<tr>\n<td width=\"113\"><strong><a href=\"https:\/\/swingbearing.net\/es\/producto\/rodamiento-oscilante-liugong\/\" target=\"_parent\" rel=\"noopener\">LIUGONG<\/a><\/strong><\/td>\n<td width=\"113\"><strong><a href=\"https:\/\/swingbearing.net\/es\/producto\/swing-bearings-sany\/\" target=\"_parent\" rel=\"noopener\">SANY<\/a><\/strong><\/td>\n<td width=\"113\"><strong><a href=\"https:\/\/swingbearing.net\/es\/producto\/swing-bearing-yuchai\/\" target=\"_parent\" rel=\"noopener\">YUCHAI<\/a><\/strong><\/td>\n<td width=\"113\"><strong><a href=\"https:\/\/swingbearing.net\/es\/producto\/rodamiento-oscilante-xcmg\/\" target=\"_parent\" rel=\"noopener\">XCMG<\/a><\/strong><\/td>\n<td width=\"113\"><strong><a href=\"https:\/\/swingbearing.net\/es\/producto\/rodamiento-oscilante-sumitomo\/\" target=\"_parent\" rel=\"noopener\">SUMITOMO<\/a><\/strong><\/td>\n<\/tr>\n<\/tbody>\n<\/table>\n<\/figure>\n<h4 style=\"text-align: center;\">Par\u00e1metros de los rodamientos oscilantes KOBELCO<\/h4>\n<figure class=\"wp-block-table is-style-stripes has-small-font-size\">\n<table class=\"has-cyan-bluish-gray-background-color has-background\">\n<tbody>\n<tr>\n<td>Modelo<\/td>\n<td>N\u00famero de pieza<\/td>\n<td>Di\u00e1metro exterior<\/td>\n<td>Di\u00e1metro interior<\/td>\n<td>Altura total<\/td>\n<td>Altura exterior<\/td>\n<td>Altura interior<\/td>\n<td>Par\u00e1metros del orificio exterior<\/td>\n<td>Par\u00e1metros del orificio interior<\/td>\n<td>N\u00famero de dientes<\/td>\n<\/tr>\n<tr>\n<td>SK75-8<\/td>\n<td>YT40F00004F1<\/td>\n<td>810<\/td>\n<td>586<\/td>\n<td>80<\/td>\n<td>62<\/td>\n<td>61<\/td>\n<td>24<\/td>\n<td>30<\/td>\n<td>75<\/td>\n<\/tr>\n<tr>\n<td>SK75 UR-3<\/td>\n<td>2425U261F1<\/td>\n<td>810<\/td>\n<td>587<\/td>\n<td>84<\/td>\n<td>67<\/td>\n<td>67<\/td>\n<td>25<\/td>\n<td>30<\/td>\n<td>75<\/td>\n<\/tr>\n<tr>\n<td>SK130LC IV<\/td>\n<td>LP40FU0001F1<\/td>\n<td>1093<\/td>\n<td>880<\/td>\n<td>85<\/td>\n<td>60<\/td>\n<td>75<\/td>\n<td>28-\u03c617<\/td>\n<td>36-M16<\/td>\n<td>89<\/td>\n<\/tr>\n<tr>\n<td>SK-140<\/td>\n<td>YY40F00009F1<\/td>\n<td>1131<\/td>\n<td>921<\/td>\n<td>85<\/td>\n<td>60<\/td>\n<td>75<\/td>\n<td>34-\u03c617<\/td>\n<td>36-M16<\/td>\n<td>93<\/td>\n<\/tr>\n<tr>\n<td>SK140SR<\/td>\n<td>YY40F00009F1<\/td>\n<td>1129<\/td>\n<td>919.5<\/td>\n<td>85<\/td>\n<td>60<\/td>\n<td>75<\/td>\n<td>34<\/td>\n<td>36<\/td>\n<td>93<\/td>\n<\/tr>\n<tr>\n<td>SK200<\/td>\n<td>24100N7440F1<\/td>\n<td>1312<\/td>\n<td>1082<\/td>\n<td>106<\/td>\n<td>78<\/td>\n<td>95<\/td>\n<td>33-\u042422<\/td>\n<td>36-M20<\/td>\n<td>110<\/td>\n<\/tr>\n<tr>\n<td>K907LC-2<\/td>\n<td>24100N3978F<\/td>\n<td>1312<\/td>\n<td>1084<\/td>\n<td>105<\/td>\n<td>78<\/td>\n<td>95<\/td>\n<td>32-\u03c622<\/td>\n<td>36-M20*1.5<\/td>\n<td>110<\/td>\n<\/tr>\n<tr>\n<td>SK200<\/td>\n<td>YN40FU0001F1<\/td>\n<td>1312<\/td>\n<td>1082<\/td>\n<td>106<\/td>\n<td>\uff1f<\/td>\n<td>\uff1f<\/td>\n<td>33<\/td>\n<td>36<\/td>\n<td>110<\/td>\n<\/tr>\n<tr>\n<td>SK200-6<\/td>\n<td>YN40F00008F1<\/td>\n<td>1312<\/td>\n<td>1081.5<\/td>\n<td>106<\/td>\n<td>78<\/td>\n<td>95<\/td>\n<td>33-\u042422<\/td>\n<td>36-M20<\/td>\n<td>110<\/td>\n<\/tr>\n<tr>\n<td>SK200-6<\/td>\n<td>YN40F00004F2<\/td>\n<td>1312<\/td>\n<td>1082<\/td>\n<td>105<\/td>\n<td>78<\/td>\n<td>95<\/td>\n<td>33-\u042422<\/td>\n<td>36-M20<\/td>\n<td>110<\/td>\n<\/tr>\n<tr>\n<td>SK200-8\/ E215<\/td>\n<td>YN40F00026F1<\/td>\n<td>1310<\/td>\n<td>1081<\/td>\n<td>109<\/td>\n<td>78<\/td>\n<td>97<\/td>\n<td>33<\/td>\n<td>36<\/td>\n<td>110<\/td>\n<\/tr>\n<tr>\n<td>SK200-8<\/td>\n<td>YN40F00026F2<\/td>\n<td>1312<\/td>\n<td>1082<\/td>\n<td>106<\/td>\n<td>78<\/td>\n<td>95<\/td>\n<td>33-\u03c622<\/td>\n<td>36-M20*1.5<\/td>\n<td>110<\/td>\n<\/tr>\n<tr>\n<td>SK200-10<\/td>\n<td>Yn40f00042f2<\/td>\n<td>1310<\/td>\n<td>1082<\/td>\n<td>108<\/td>\n<td>78<\/td>\n<td>98<\/td>\n<td>33-\u03c621.5<\/td>\n<td>36-M20*1.5<\/td>\n<td>110<\/td>\n<\/tr>\n<tr>\n<td>SK210LC<\/td>\n<td>YN40F00019F2<\/td>\n<td>1312<\/td>\n<td>1081.5<\/td>\n<td>106<\/td>\n<td>78<\/td>\n<td>95<\/td>\n<td>33-\u042422<\/td>\n<td>36-M20*1.5<\/td>\n<td>110<\/td>\n<\/tr>\n<tr>\n<td>SK210LC-6<\/td>\n<td>Yn40f00004f1<\/td>\n<td>1312<\/td>\n<td>1081.5<\/td>\n<td>106<\/td>\n<td>78<\/td>\n<td>95<\/td>\n<td>33-\u042422<\/td>\n<td>36-M20*1.5<\/td>\n<td>110<\/td>\n<\/tr>\n<tr>\n<td>SK210LC-8<\/td>\n<td>YN40F00026F1<\/td>\n<td>1310<\/td>\n<td>1081<\/td>\n<td>109<\/td>\n<td>78<\/td>\n<td>97<\/td>\n<td>33<\/td>\n<td>36<\/td>\n<td>110<\/td>\n<\/tr>\n<tr>\n<td>SK220LC III\/IV<\/td>\n<td>24100N7441F1<\/td>\n<td>1312<\/td>\n<td>1082<\/td>\n<td>106<\/td>\n<td>78<\/td>\n<td>95<\/td>\n<td>33-\u042423<\/td>\n<td>36-M20*1.5<\/td>\n<td>110<\/td>\n<\/tr>\n<tr>\n<td>SK230-6<\/td>\n<td>LQ40F00004F1<\/td>\n<td>1410<\/td>\n<td>1131<\/td>\n<td>120<\/td>\n<td>88<\/td>\n<td>110<\/td>\n<td>33-\u03c622<\/td>\n<td>36-M20*1.5<\/td>\n<td>82<\/td>\n<\/tr>\n<tr>\n<td>SK235<\/td>\n<td>YN40F01004P1<\/td>\n<td>1409<\/td>\n<td>1080<\/td>\n<td>116<\/td>\n<td>88<\/td>\n<td>106<\/td>\n<td>33<\/td>\n<td>36<\/td>\n<td>110<\/td>\n<\/tr>\n<tr>\n<td>SK250-6E<\/td>\n<td>LQ40F00005F1<\/td>\n<td>1416<\/td>\n<td>1131<\/td>\n<td>120<\/td>\n<td>85<\/td>\n<td>110<\/td>\n<td>33-\u03c621<\/td>\n<td>36-M20*1.5<\/td>\n<td>82<\/td>\n<\/tr>\n<tr>\n<td>SK250-8<\/td>\n<td>LQ40F00014F1<\/td>\n<td>1416<\/td>\n<td>1131<\/td>\n<td>120<\/td>\n<td>85<\/td>\n<td>110<\/td>\n<td>33-\u03c621<\/td>\n<td>36-M20*1.5<\/td>\n<td>82<\/td>\n<\/tr>\n<tr>\n<td>SK250LC-6E<\/td>\n<td>LQ40f00004f1<\/td>\n<td>1410<\/td>\n<td>1131<\/td>\n<td>120<\/td>\n<td>88<\/td>\n<td>110<\/td>\n<td>33-\u03c622<\/td>\n<td>36-M20<\/td>\n<td>82<\/td>\n<\/tr>\n<tr>\n<td>SK250NLC-6<\/td>\n<td>24100N7441F1<\/td>\n<td>1410<\/td>\n<td>1131<\/td>\n<td>120<\/td>\n<td>88<\/td>\n<td>110<\/td>\n<td>33-\u03c622<\/td>\n<td>36-M20*1.5<\/td>\n<td>82<\/td>\n<\/tr>\n<tr>\n<td>SK260-8<\/td>\n<td>LQ40F000014F1<\/td>\n<td>1418<\/td>\n<td>1132<\/td>\n<td>120<\/td>\n<td>86<\/td>\n<td>110<\/td>\n<td>33-\u042421<\/td>\n<td>36-M20*1.5<\/td>\n<td>82<\/td>\n<\/tr>\n<tr>\n<td>SK330<\/td>\n<td>LC40F00019F1<\/td>\n<td>1613<\/td>\n<td>1272<\/td>\n<td>120<\/td>\n<td>100<\/td>\n<td>110<\/td>\n<td>35-\u03c626<\/td>\n<td>36-M24*2<\/td>\n<td>92<\/td>\n<\/tr>\n<tr>\n<td>SK330-6E<\/td>\n<td>LC40F00009F1<\/td>\n<td>1564<\/td>\n<td>1200<\/td>\n<td>125<\/td>\n<td>105<\/td>\n<td>115<\/td>\n<td>35-\u03a626<\/td>\n<td>36-M24<\/td>\n<td>77<\/td>\n<\/tr>\n<tr>\n<td>SK330LC V1<\/td>\n<td>LC40FU0001F1<\/td>\n<td>1564<\/td>\n<td>1200<\/td>\n<td>125<\/td>\n<td>105<\/td>\n<td>115<\/td>\n<td>35-\u03a626<\/td>\n<td>36-M24<\/td>\n<td>77<\/td>\n<\/tr>\n<tr>\n<td>SK330LC-6E<\/td>\n<td>LC40F00009F1<\/td>\n<td>1564<\/td>\n<td>1200<\/td>\n<td>125<\/td>\n<td>105<\/td>\n<td>115<\/td>\n<td>35-\u03a626<\/td>\n<td>36-M24<\/td>\n<td>77<\/td>\n<\/tr>\n<tr>\n<td>SK330-6E<\/td>\n<td>LC40F00012F<\/td>\n<td>1560<\/td>\n<td>1200<\/td>\n<td>125<\/td>\n<td>105<\/td>\n<td>115<\/td>\n<td>35<\/td>\n<td>36<\/td>\n<td>77<\/td>\n<\/tr>\n<tr>\n<td>SK350<\/td>\n<td>LC40F00018F1<\/td>\n<td>1613<\/td>\n<td>1272<\/td>\n<td>120<\/td>\n<td>100<\/td>\n<td>110<\/td>\n<td>35-\u042426<\/td>\n<td>36-M24*2<\/td>\n<td>92<\/td>\n<\/tr>\n<tr>\n<td>SK350ME<\/td>\n<td>FG4E9648E-J6<\/td>\n<td>1613<\/td>\n<td>1272<\/td>\n<td>120<\/td>\n<td>100<\/td>\n<td>110<\/td>\n<td>35-\u03c626<\/td>\n<td>36-M24*2<\/td>\n<td>92<\/td>\n<\/tr>\n<\/tbody>\n<\/table>\n<\/figure>\n<p>Los cojinetes de giro de la excavadora son componentes cruciales del sistema de rotaci\u00f3n de la excavadora. Son responsables de conectar la estructura superior al tren de rodaje y permitir que la excavadora gire sobre su eje. Su empresa produce cojinetes de giro para excavadoras de alta calidad, incluidos cojinetes de giro, anillos de giro, cojinetes de plataforma giratoria y m\u00e1s, dise\u00f1ados espec\u00edficamente para varios modelos de excavadoras KOBELCO.<\/p>\n<p>Estos rodamientos giratorios para excavadoras est\u00e1n fabricados para soportar condiciones de trabajo extremas, lo que garantiza un rendimiento fiable y duradero durante periodos prolongados. Est\u00e1n fabricados con materiales de alta calidad y se someten a rigurosas pruebas para garantizar que cumplen las normas m\u00e1s exigentes del sector. Esto garantiza un rendimiento, seguridad y fiabilidad \u00f3ptimos, al tiempo que minimiza los tiempos de inactividad y los costes de mantenimiento.<\/p>\n<p>Su empresa ofrece una amplia gama de modelos de cojinetes de giro para excavadoras KOBELCO, incluidos los SK35, SK50, SK60, SK75, SK100, SK120, SK200-1-2-3-4-5-6, SK230, SK250, SK260, SK280, SK300, SK330, SK330-6, SK350, SK400, SK450, SK480, RK200, SK55, SK60-3, SK60-5, SK60-8, SK60SR, SK75\/SK75-8, K904C, SK905C, SK907B, K907C, SK100, SK120-3, SK120-5, SK135, SK03, SK04, SK045N2, SK130, SK140-8, SK07-1-N2, SK07-N2, SK200-1, SK200-2, SK200-3, SK200-5, SK200-6, SK210-6-6, SK200-8, SK210-8, SK230-6E, SK250-6, SK250-8, SK260-8, SK270D, SK330-8, SK350-8, SK480-6 y SK480-8.<\/p>\n<p>Adem\u00e1s de los cojinetes de giro para excavadoras, su empresa tambi\u00e9n fabrica otras piezas para excavadoras, como engranajes giratorios para excavadoras y cojinetes de giro. Estas piezas est\u00e1n dise\u00f1adas para funcionar a la perfecci\u00f3n con los cojinetes de giro para excavadoras, garantizando la m\u00e1xima eficiencia, productividad y seguridad en el lugar de trabajo.<br \/>\nEn conclusi\u00f3n, si est\u00e1 buscando cojinetes de giro para excavadoras fiables y de alta calidad para su excavadora KOBELCO, no busque m\u00e1s. Con una amplia gama de modelos para elegir, puede estar seguro de encontrar el ajuste perfecto para su excavadora. El compromiso de su empresa con la calidad y la satisfacci\u00f3n del cliente le garantiza que recibir\u00e1 el mejor producto y servicio posibles.<\/p>\n<figure class=\"wp-block-image size-full is-resized\"><a href=\"https:\/\/national-bearing.com\/\" target=\"_blank\" rel=\"noopener\"><img decoding=\"async\" class=\"ls-is-cached lazyloaded alignnone wp-image-177\" src=\"https:\/\/national-bearing.com\/wp-content\/uploads\/2023\/04\/0001.jpg\" sizes=\"(max-width: 843px) 100vw, 843px\" srcset=\"https:\/\/national-bearing.com\/wp-content\/uploads\/2023\/04\/0001.jpg 600w, https:\/\/national-bearing.com\/wp-content\/uploads\/2023\/04\/0001-300x200.jpg 300w\" alt=\"\" width=\"699\" height=\"466\" data-srcset=\"https:\/\/national-bearing.com\/wp-content\/uploads\/2023\/04\/0001.jpg 600w, https:\/\/national-bearing.com\/wp-content\/uploads\/2023\/04\/0001-300x200.jpg 300w\" data-src=\"https:\/\/national-bearing.com\/wp-content\/uploads\/2023\/04\/0001.jpg\" data-sizes=\"(max-width: 843px) 100vw, 843px\" \/><\/a><\/figure>","protected":false},"excerpt":{"rendered":"<p>Rodamiento oscilante KOBELCO<br \/>\nModel:K904C,SK480-8,SK330-8<br \/>\n,SK350-8SK905C,SK907B,SK350<\/p>","protected":false},"featured_media":136,"template":"","meta":[],"product_brand":[],"product_cat":[22],"product_tag":[],"class_list":{"0":"post-362","1":"product","2":"type-product","3":"status-publish","4":"has-post-thumbnail","6":"product_cat-swing-bearing","8":"first","9":"instock","10":"shipping-taxable","11":"product-type-simple"},"_links":{"self":[{"href":"https:\/\/swingbearing.net\/es\/wp-json\/wp\/v2\/product\/362","targetHints":{"allow":["GET"]}}],"collection":[{"href":"https:\/\/swingbearing.net\/es\/wp-json\/wp\/v2\/product"}],"about":[{"href":"https:\/\/swingbearing.net\/es\/wp-json\/wp\/v2\/types\/product"}],"wp:featuredmedia":[{"embeddable":true,"href":"https:\/\/swingbearing.net\/es\/wp-json\/wp\/v2\/media\/136"}],"wp:attachment":[{"href":"https:\/\/swingbearing.net\/es\/wp-json\/wp\/v2\/media?parent=362"}],"wp:term":[{"taxonomy":"product_brand","embeddable":true,"href":"https:\/\/swingbearing.net\/es\/wp-json\/wp\/v2\/product_brand?post=362"},{"taxonomy":"product_cat","embeddable":true,"href":"https:\/\/swingbearing.net\/es\/wp-json\/wp\/v2\/product_cat?post=362"},{"taxonomy":"product_tag","embeddable":true,"href":"https:\/\/swingbearing.net\/es\/wp-json\/wp\/v2\/product_tag?post=362"}],"curies":[{"name":"wp","href":"https:\/\/api.w.org\/{rel}","templated":true}]}}