{"id":2947,"date":"2024-05-10T07:48:53","date_gmt":"2024-05-10T07:48:53","guid":{"rendered":"https:\/\/swingbearing.net\/?post_type=product&#038;p=2947"},"modified":"2024-05-13T05:42:20","modified_gmt":"2024-05-13T05:42:20","slug":"cat317-317b-swing-bearings-114-1458-turntable-148-4568-slewing-bearing-229-1080","status":"publish","type":"product","link":"https:\/\/swingbearing.net\/es\/producto\/cat317-317b-swing-bearings-114-1458-turntable-148-4568-slewing-bearing-229-1080\/","title":{"rendered":"CAT317 317B Rodamientos oscilantes 114-1458 Plato giratorio 148-4568 Rodamiento giratorio 229-1080"},"content":{"rendered":"<h2 style=\"text-align: center;\">Par\u00e1metros de los rodamientos oscilantes CAT<\/h2>\n<figure class=\"wp-block-table\">\n<table>\n<tbody>\n<tr>\n<td>Modelo<\/td>\n<td>N\u00famero de pieza<\/td>\n<td>Di\u00e1metro exterior<\/td>\n<td>Di\u00e1metro interior<\/td>\n<td>Altura total<\/td>\n<td>Altura exterior<\/td>\n<td>Altura interior<\/td>\n<td>Par\u00e1metros del orificio exterior<\/td>\n<td>Par\u00e1metros del orificio interior<\/td>\n<td>N\u00famero de dientes<\/td>\n<\/tr>\n<tr>\n<td>CAT 307C<\/td>\n<td>240-8361<\/td>\n<td>810<\/td>\n<td>568<\/td>\n<td>82<\/td>\n<td>62<\/td>\n<td>62<\/td>\n<td>29<\/td>\n<td>38<\/td>\n<td>75<\/td>\n<\/tr>\n<tr>\n<td>CAT312CL<\/td>\n<td>229-1077<\/td>\n<td>1093<\/td>\n<td>883<\/td>\n<td>72.5<\/td>\n<td>50<\/td>\n<td>62<\/td>\n<td>34-\u03c618<\/td>\n<td>38-M16<\/td>\n<td>90<\/td>\n<\/tr>\n<tr>\n<td>CAT 311<\/td>\n<td>231-6853<\/td>\n<td>1115<\/td>\n<td>883<\/td>\n<td>75<\/td>\n<td>60<\/td>\n<td>67<\/td>\n<td>29-\u03c618<\/td>\n<td>30-M16<\/td>\n<td>90<\/td>\n<\/tr>\n<tr>\n<td>CAT 312B<\/td>\n<td>616411<\/td>\n<td>1115<\/td>\n<td>883<\/td>\n<td>75<\/td>\n<td>60<\/td>\n<td>67<\/td>\n<td>29-\u03c618<\/td>\n<td>30-M16<\/td>\n<td>90<\/td>\n<\/tr>\n<tr>\n<td>CAT312CL<\/td>\n<td>229-1077<\/td>\n<td>1093<\/td>\n<td>883<\/td>\n<td>72.5<\/td>\n<td>50<\/td>\n<td>62<\/td>\n<td>34-\u03c618<\/td>\n<td>38-M16<\/td>\n<td>90<\/td>\n<\/tr>\n<tr>\n<td>CAT 312C<\/td>\n<td>229-1077<\/td>\n<td>1093<\/td>\n<td>883<\/td>\n<td>72.5<\/td>\n<td>50<\/td>\n<td>62<\/td>\n<td>34-\u03c618<\/td>\n<td>38-M16<\/td>\n<td>90<\/td>\n<\/tr>\n<tr>\n<td>CAT 315<\/td>\n<td>148-4568<\/td>\n<td>1205<\/td>\n<td>961<\/td>\n<td>94<\/td>\n<td>74<\/td>\n<td>84<\/td>\n<td>34<\/td>\n<td>30<\/td>\n<td>98<\/td>\n<\/tr>\n<tr>\n<td>CAT 318B<\/td>\n<td>148-4568<\/td>\n<td>1205<\/td>\n<td>961<\/td>\n<td>94<\/td>\n<td>74<\/td>\n<td>84<\/td>\n<td>34<\/td>\n<td>30<\/td>\n<td>98<\/td>\n<\/tr>\n<tr>\n<td>CAT 315C<\/td>\n<td>229-1080<\/td>\n<td>1205<\/td>\n<td>961<\/td>\n<td>94<\/td>\n<td>74<\/td>\n<td>84<\/td>\n<td>34-\u03c622<\/td>\n<td>36-M20<\/td>\n<td>98<\/td>\n<\/tr>\n<tr>\n<td>CAT 319C<\/td>\n<td>227-6079<\/td>\n<td>1310<\/td>\n<td>1065<\/td>\n<td>106<\/td>\n<td>84<\/td>\n<td>88<\/td>\n<td>36<\/td>\n<td>36\/M20<\/td>\n<td>90<\/td>\n<\/tr>\n<tr>\n<td>CAT320B<\/td>\n<td>1141414<\/td>\n<td>1314<\/td>\n<td>1084<\/td>\n<td>100<\/td>\n<td>85<\/td>\n<td>87<\/td>\n<td>33-\u042422<\/td>\n<td>36-M20<\/td>\n<td>110<\/td>\n<\/tr>\n<tr>\n<td>CAT320BL<\/td>\n<td>121-8222<\/td>\n<td>1314<\/td>\n<td>1084<\/td>\n<td>100<\/td>\n<td>85<\/td>\n<td>87<\/td>\n<td>33-\u042422<\/td>\n<td>36-M20<\/td>\n<td>110<\/td>\n<\/tr>\n<tr>\n<td>CAT 320<\/td>\n<td>7Y1565<\/td>\n<td>1314<\/td>\n<td>1084<\/td>\n<td>100<\/td>\n<td>85<\/td>\n<td>87<\/td>\n<td>33-\u03c622<\/td>\n<td>36-M20<\/td>\n<td>110<\/td>\n<\/tr>\n<tr>\n<td>CAT 320B<\/td>\n<td>114-1505<\/td>\n<td>1314<\/td>\n<td>1084<\/td>\n<td>100<\/td>\n<td>85<\/td>\n<td>87<\/td>\n<td>33-\u042422<\/td>\n<td>36-M20<\/td>\n<td>110<\/td>\n<\/tr>\n<tr>\n<td>CAT320BL<\/td>\n<td>177-7723<\/td>\n<td>1314<\/td>\n<td>1084<\/td>\n<td>100<\/td>\n<td>85<\/td>\n<td>87<\/td>\n<td>33-\u042422<\/td>\n<td>36-M20<\/td>\n<td>110<\/td>\n<\/tr>\n<tr>\n<td>CAT 320C<\/td>\n<td>227-6081<\/td>\n<td>1316<\/td>\n<td>1081<\/td>\n<td>105<\/td>\n<td>73<\/td>\n<td>93<\/td>\n<td>42-\u03c622<\/td>\n<td>40-M20<\/td>\n<td>110<\/td>\n<\/tr>\n<tr>\n<td>CAT 320C<\/td>\n<td>227-6147<\/td>\n<td>1316<\/td>\n<td>1081<\/td>\n<td>105<\/td>\n<td>73<\/td>\n<td>93<\/td>\n<td>42-\u03c622<\/td>\n<td>40-M20<\/td>\n<td>110<\/td>\n<\/tr>\n<tr>\n<td>CAT 320C<\/td>\n<td>171-9425<\/td>\n<td>1316<\/td>\n<td>1081<\/td>\n<td>105<\/td>\n<td>73<\/td>\n<td>93<\/td>\n<td>42-\u03c622<\/td>\n<td>40-M20<\/td>\n<td>110<\/td>\n<\/tr>\n<tr>\n<td>CAT 320D<\/td>\n<td>227-6082<\/td>\n<td>1316<\/td>\n<td>1081<\/td>\n<td>105<\/td>\n<td>73<\/td>\n<td>93<\/td>\n<td>42-\u03c622<\/td>\n<td>40-M20<\/td>\n<td>110<\/td>\n<\/tr>\n<tr>\n<td>CAT 320L<\/td>\n<td>7Y1563<\/td>\n<td>1316<\/td>\n<td>1084<\/td>\n<td>105<\/td>\n<td>85<\/td>\n<td>92<\/td>\n<td>38-\u03c622<\/td>\n<td>36-M20<\/td>\n<td>110<\/td>\n<\/tr>\n<tr>\n<td>CAT 320L<\/td>\n<td>7Y1563<\/td>\n<td>1318<\/td>\n<td>1084<\/td>\n<td>105<\/td>\n<td>86<\/td>\n<td>90<\/td>\n<td>38-\u03c622<\/td>\n<td>36-M20<\/td>\n<td>110<\/td>\n<\/tr>\n<tr>\n<td>CAT 225<\/td>\n<td>8K4127<\/td>\n<td>1451<\/td>\n<td>1038<\/td>\n<td>105<\/td>\n<td>92<\/td>\n<td>90<\/td>\n<td>29-\u03c624<\/td>\n<td>36-\u03c624<\/td>\n<td>104<\/td>\n<\/tr>\n<tr>\n<td>CAT 322C<\/td>\n<td>221-6764<\/td>\n<td>1460<\/td>\n<td>1163<\/td>\n<td>110<\/td>\n<td>88<\/td>\n<td>95<\/td>\n<td>34-\u042426<\/td>\n<td>36-M24<\/td>\n<td>85<\/td>\n<\/tr>\n<tr>\n<td>CAT 324D<\/td>\n<td>227-6085<\/td>\n<td>1460<\/td>\n<td>1164<\/td>\n<td>110<\/td>\n<td>88<\/td>\n<td>95<\/td>\n<td>34-\u042426<\/td>\n<td>36-M24<\/td>\n<td>85<\/td>\n<\/tr>\n<tr>\n<td>CAT 325<\/td>\n<td>7Y0745<\/td>\n<td>1495<\/td>\n<td>1164<\/td>\n<td>110<\/td>\n<td>93<\/td>\n<td>95<\/td>\n<td>35<\/td>\n<td>38<\/td>\n<td>85<\/td>\n<\/tr>\n<tr>\n<td>CAT 325C<\/td>\n<td>227-6087<\/td>\n<td>1495<\/td>\n<td>1164<\/td>\n<td>110<\/td>\n<td>93<\/td>\n<td>95<\/td>\n<td>38-\u03c626<\/td>\n<td>42<\/td>\n<td>85<\/td>\n<\/tr>\n<tr>\n<td>CAT 326<\/td>\n<td>353-0649<\/td>\n<td>1462<\/td>\n<td>1164<\/td>\n<td>110<\/td>\n<td>89<\/td>\n<td>95<\/td>\n<td>34-\u03c626<\/td>\n<td>36-M24<\/td>\n<td>85<\/td>\n<\/tr>\n<tr>\n<td>CAT 329D<\/td>\n<td>227-6087<\/td>\n<td>1495<\/td>\n<td>1164<\/td>\n<td>110<\/td>\n<td>93<\/td>\n<td>95<\/td>\n<td>38-\u042426<\/td>\n<td>42-M24<\/td>\n<td>85<\/td>\n<\/tr>\n<tr>\n<td>CAT 330<\/td>\n<td>7Y0933<\/td>\n<td>1664<\/td>\n<td>1313.5<\/td>\n<td>140<\/td>\n<td>100<\/td>\n<td>124<\/td>\n<td>42-\u03c626<\/td>\n<td>46-M24<\/td>\n<td><\/td>\n<\/tr>\n<tr>\n<td>CAT 330<\/td>\n<td>1994559<\/td>\n<td>1664<\/td>\n<td>1313.5<\/td>\n<td>141<\/td>\n<td>100<\/td>\n<td>124<\/td>\n<td>42-\u03c626<\/td>\n<td>46-M24<\/td>\n<td>84<\/td>\n<\/tr>\n<tr>\n<td>CAT 330<\/td>\n<td>353-0487<\/td>\n<td>1664<\/td>\n<td>1313.5<\/td>\n<td>140<\/td>\n<td>100<\/td>\n<td>124<\/td>\n<td>46-\u03c626<\/td>\n<td>46-M24<\/td>\n<td>84<\/td>\n<\/tr>\n<tr>\n<td>CAT 336D<\/td>\n<td>353-0489<\/td>\n<td>1665<\/td>\n<td>1313<\/td>\n<td>140<\/td>\n<td>100<\/td>\n<td>122<\/td>\n<td>42<\/td>\n<td>46<\/td>\n<td>84<\/td>\n<\/tr>\n<tr>\n<td>CAT336DL<\/td>\n<td>227-6089<\/td>\n<td>1665<\/td>\n<td>1314<\/td>\n<td>140<\/td>\n<td>100<\/td>\n<td>125<\/td>\n<td>42<\/td>\n<td>46<\/td>\n<td>84<\/td>\n<\/tr>\n<tr>\n<td>CAT336DL<\/td>\n<td>353-0680<\/td>\n<td>1664<\/td>\n<td>1313.5<\/td>\n<td>139<\/td>\n<td>100<\/td>\n<td>124<\/td>\n<td>46-\u03c626<\/td>\n<td>46-M24<\/td>\n<td>84<\/td>\n<\/tr>\n<tr>\n<td>CAT 336D<\/td>\n<td>353-0490<\/td>\n<td>1665<\/td>\n<td>1313<\/td>\n<td>140<\/td>\n<td>100<\/td>\n<td>122<\/td>\n<td>42<\/td>\n<td>46<\/td>\n<td>84<\/td>\n<\/tr>\n<tr>\n<td>CAT 345<\/td>\n<td>227-6052<\/td>\n<td>1680<\/td>\n<td>1318<\/td>\n<td>140<\/td>\n<td>107<\/td>\n<td>126<\/td>\n<td>54-\u03c626<\/td>\n<td>70-M24<\/td>\n<td>96<\/td>\n<\/tr>\n<tr>\n<td>CAT 345B<\/td>\n<td>136-2969<\/td>\n<td>1680<\/td>\n<td>1343<\/td>\n<td>140<\/td>\n<td>107<\/td>\n<td>126<\/td>\n<td>45-\u042426<\/td>\n<td>60-M24<\/td>\n<td>136<\/td>\n<\/tr>\n<tr>\n<td>CAT345BII<\/td>\n<td>227-6094<\/td>\n<td>1680<\/td>\n<td>1318<\/td>\n<td>140<\/td>\n<td>108<\/td>\n<td>125<\/td>\n<td>54-\u042426<\/td>\n<td>70-M24<\/td>\n<td>96<\/td>\n<\/tr>\n<tr>\n<td>CAT345BL<\/td>\n<td>1695536\/1695537<\/td>\n<td>1680<\/td>\n<td>1343<\/td>\n<td>140<\/td>\n<td>107<\/td>\n<td>125<\/td>\n<td>45-\u042426<\/td>\n<td>60-M24<\/td>\n<td>136<\/td>\n<\/tr>\n<tr>\n<td>CAT345DL<\/td>\n<td>227-6037<\/td>\n<td>1680<\/td>\n<td>1318<\/td>\n<td>140<\/td>\n<td>107<\/td>\n<td>125<\/td>\n<td>54-\u042426<\/td>\n<td>70-M24<\/td>\n<td>96<\/td>\n<\/tr>\n<tr>\n<td>CAT 349D<\/td>\n<td>353-0490<\/td>\n<td>1666<\/td>\n<td>1315<\/td>\n<td>140<\/td>\n<td>100<\/td>\n<td>123<\/td>\n<td>46<\/td>\n<td>46<\/td>\n<td>84<\/td>\n<\/tr>\n<tr>\n<td>CAT 350<\/td>\n<td>1026392<\/td>\n<td>1680<\/td>\n<td>1343<\/td>\n<td>140<\/td>\n<td>107<\/td>\n<td>126<\/td>\n<td>45-\u03c626<\/td>\n<td>60-M24<\/td>\n<td>136<\/td>\n<\/tr>\n<tr>\n<td>CAT 365C<\/td>\n<td>199-4565<\/td>\n<td>1810<\/td>\n<td>1348<\/td>\n<td>180<\/td>\n<td>140<\/td>\n<td>152<\/td>\n<td>37<\/td>\n<td>60<\/td>\n<td>98<\/td>\n<\/tr>\n<tr>\n<td>CAT 365C<\/td>\n<td>227-6096<\/td>\n<td>1805<\/td>\n<td>1348<\/td>\n<td>180<\/td>\n<td>138<\/td>\n<td>150<\/td>\n<td>37<\/td>\n<td>60<\/td>\n<td>98<\/td>\n<\/tr>\n<tr>\n<td>CAT 365C<\/td>\n<td>227-6097<\/td>\n<td>1805<\/td>\n<td>1348<\/td>\n<td>180<\/td>\n<td>138<\/td>\n<td>150<\/td>\n<td>37<\/td>\n<td>60<\/td>\n<td>98<\/td>\n<\/tr>\n<tr>\n<td>CAT365CL<\/td>\n<td>397-9666<\/td>\n<td>1805<\/td>\n<td>1348<\/td>\n<td>180<\/td>\n<td>138<\/td>\n<td>150<\/td>\n<td>37<\/td>\n<td>60<\/td>\n<td>98<\/td>\n<\/tr>\n<tr>\n<td>CAT374F<\/td>\n<td>378-9586<\/td>\n<td>1820<\/td>\n<td>1348<\/td>\n<td>180<\/td>\n<td>140<\/td>\n<td>150<\/td>\n<td>37<\/td>\n<td>60<\/td>\n<td>98<\/td>\n<\/tr>\n<tr>\n<td>CAT374<\/td>\n<td>333-3009<\/td>\n<td>1820<\/td>\n<td>1348<\/td>\n<td>180<\/td>\n<td>136<\/td>\n<td>150<\/td>\n<td>37<\/td>\n<td>60<\/td>\n<td>98<\/td>\n<\/tr>\n<tr>\n<td>CAT374<\/td>\n<td>367-8361<\/td>\n<td>1820<\/td>\n<td>1348<\/td>\n<td>180<\/td>\n<td>136<\/td>\n<td>150<\/td>\n<td>37<\/td>\n<td>60<\/td>\n<td>98<\/td>\n<\/tr>\n<tr>\n<td>CAT 385C<\/td>\n<td>199-4491<\/td>\n<td>1820<\/td>\n<td>1348<\/td>\n<td>180<\/td>\n<td>146<\/td>\n<td>150<\/td>\n<td>37<\/td>\n<td>60<\/td>\n<td>98<\/td>\n<\/tr>\n<tr>\n<td>CAT 385C<\/td>\n<td>227-6099<\/td>\n<td>1820<\/td>\n<td>1348<\/td>\n<td>180<\/td>\n<td>146<\/td>\n<td>150<\/td>\n<td>37<\/td>\n<td>60<\/td>\n<td>98<\/td>\n<\/tr>\n<tr>\n<td>CAT385BL<\/td>\n<td>227-6098<\/td>\n<td>1820<\/td>\n<td>1348<\/td>\n<td>180<\/td>\n<td>138<\/td>\n<td>150<\/td>\n<td>37<\/td>\n<td>60<\/td>\n<td>98<\/td>\n<\/tr>\n<tr>\n<td>CAT385CL<\/td>\n<td>227-6099<\/td>\n<td>1950<\/td>\n<td>1456<\/td>\n<td>217<\/td>\n<td>170<\/td>\n<td>180<\/td>\n<td>48<\/td>\n<td>74<\/td>\n<td>93<\/td>\n<\/tr>\n<tr>\n<td>CAT 390D<\/td>\n<td>227-6099<\/td>\n<td>1950<\/td>\n<td>1456<\/td>\n<td>217<\/td>\n<td>170<\/td>\n<td>180<\/td>\n<td>48<\/td>\n<td>74<\/td>\n<td>93<\/td>\n<\/tr>\n<tr>\n<td>CAT 140<\/td>\n<td>2436650<\/td>\n<td>1113<\/td>\n<td>871<\/td>\n<td>96<\/td>\n<td>75<\/td>\n<td>85<\/td>\n<td>31<\/td>\n<td>30<\/td>\n<td>89<\/td>\n<\/tr>\n<\/tbody>\n<\/table>\n<\/figure>\n<h5>Cojinetes basculantes para excavadoras<br \/>\nCAT313c 314c Rodamiento oscilante 191-2597,229-1079 CAT313D 314D<\/h5>\n<p>Los cojinetes de giro de las excavadoras CAT son componentes cr\u00edticos del sistema de giro de la excavadora, ya que permiten que el brazo y la cuchara de la excavadora giren con suavidad y eficacia. Sin un cojinete de giro de alta calidad, el rendimiento y la productividad de la excavadora pueden verse afectados, lo que conlleva un aumento del tiempo de inactividad y una p\u00e9rdida de ingresos.<\/p>\n<p>En nuestro sitio web, ofrecemos una amplia gama de rodamientos giratorios para excavadoras, incluyendo rodamientos giratorios, rodamientos de anillo giratorio, rodamientos de anillo giratorio para excavadoras, rodamientos de plataforma giratoria, rodamientos giratorios para piezas de excavadoras, rodamientos giratorios para excavadoras y engranajes giratorios para excavadoras. Nuestros cojinetes de giro para excavadoras CAT son compatibles con una amplia gama de modelos de excavadoras, lo que garantiza la compatibilidad y un rendimiento \u00f3ptimo.<\/p>\n<p>El cojinete de giro de la excavadora es un componente cr\u00edtico del sistema de giro que conecta el brazo de la excavadora a la base. Sin un cojinete de giro de alta calidad, la rotaci\u00f3n de la excavadora puede volverse r\u00edgida e ineficiente, lo que provoca un mayor desgaste y reduce el rendimiento.<\/p>\n<p>Nuestros rodamientos oscilantes para excavadoras est\u00e1n hechos con materiales de alta calidad y procesos de fabricaci\u00f3n avanzados, garantizando una \u00f3ptima durabilidad, resistencia y rendimiento. Nuestros rodamientos oscilantes son compatibles con varios modelos de excavadoras, incluyendo CAT70B CAT120B CAT311 CAT305.5 CAT306 CAT307 CAT308 CAT312 CAT315 CAT320 CAT323 CAT324 CAT325 CAT326 CAT330 CAT336 CAT345 CAT349 CAT365 CAT374 CAT390 CAT40\/45 CAT60 E70B CAT80 CAT120B E140 E160 E180 E200B E215 E219 E219D CAT225\/B\/D CAT229 CAT305.5 CAT306\/E E307 E307B E307C\/D\/E CAT308B E311B E312B CAT311C CAT311D CAT312C\/D CAT313C\/D CAT315 E320B E320C\/D E323C\/D E322 E324D CAT330B CAT330C CAT336D CAT336D1 E340 CAT345B CAT345C CAT345D CAT349D CAT365.<\/p>\n<p>Adem\u00e1s de los rodamientos giratorios, tambi\u00e9n ofrecemos una amplia gama de otros rodamientos giratorios para excavadoras, incluidos los rodamientos de anillo giratorio, los rodamientos de anillo giratorio para excavadoras, los rodamientos de plataforma giratoria, los rodamientos giratorios para piezas de excavadoras, los rodamientos giratorios para excavadoras y los engranajes giratorios para excavadoras. Nuestros cojinetes de giro de alta calidad son esenciales para un rendimiento y una productividad \u00f3ptimos de la excavadora.<\/p>\n<p>Podemos proporcionar rodamientos alternativos para su excavadora CAT, KOMATSU, HITACHI, HYUNDAI, KOBELCO, VOLVO, DOOSAN, JCB, CASE, LIEBHERR, LIUGONG, SANY, YUCHAI, XCMG, SUMITOMO.There son normales y no est\u00e1ndar m\u00e1s de 1000 cientos de tipos para que usted elija.<\/p>\n<figure class=\"wp-block-table has-small-font-size\">\n<table>\n<tbody>\n<tr>\n<td class=\"has-text-align-center\" data-align=\"center\"><img decoding=\"async\" class=\"wp-image-262\" src=\"https:\/\/national-bearing.com\/wp-content\/uploads\/2023\/04\/%E6%95%B0%E6%8E%A7%E5%8A%A0%E5%B7%A5%E4%B8%AD%E5%BF%83.jpg\" sizes=\"(max-width: 750px) 100vw, 750px\" srcset=\"https:\/\/national-bearing.com\/wp-content\/uploads\/2023\/04\/\u6570\u63a7\u52a0\u5de5\u4e2d\u5fc3.jpg 750w, https:\/\/national-bearing.com\/wp-content\/uploads\/2023\/04\/\u6570\u63a7\u52a0\u5de5\u4e2d\u5fc3-300x225.jpg 300w\" alt=\"Coronas giratorias para excavadoras cat\" width=\"305\" height=\"229\" \/><\/td>\n<td class=\"has-text-align-center\" data-align=\"center\"><img decoding=\"async\" class=\"wp-image-261\" src=\"https:\/\/national-bearing.com\/wp-content\/uploads\/2023\/04\/%E6%95%B0%E6%8E%A7%E6%BB%9A%E9%BD%BF%E6%9C%BA.jpg\" sizes=\"(max-width: 600px) 100vw, 600px\" srcset=\"https:\/\/national-bearing.com\/wp-content\/uploads\/2023\/04\/\u6570\u63a7\u6eda\u9f7f\u673a.jpg 600w, https:\/\/national-bearing.com\/wp-content\/uploads\/2023\/04\/\u6570\u63a7\u6eda\u9f7f\u673a-300x225.jpg 300w\" alt=\"Coronas giratorias para excavadoras cat\" width=\"600\" height=\"450\" \/><\/td>\n<td class=\"has-text-align-center\" data-align=\"center\"><img decoding=\"async\" class=\"wp-image-260\" src=\"https:\/\/national-bearing.com\/wp-content\/uploads\/2023\/04\/%E6%BB%9A%E9%81%93.jpg\" sizes=\"(max-width: 600px) 100vw, 600px\" srcset=\"https:\/\/national-bearing.com\/wp-content\/uploads\/2023\/04\/\u6eda\u9053.jpg 600w, https:\/\/national-bearing.com\/wp-content\/uploads\/2023\/04\/\u6eda\u9053-300x225.jpg 300w\" alt=\"Coronas giratorias para excavadoras cat\" width=\"600\" height=\"450\" \/><\/td>\n<\/tr>\n<tr>\n<td>Horno de resistencia de vagoneta para rodamientos oscilantes<\/td>\n<td>Tup\u00ed CNC para rodamientos oscilantes<\/td>\n<td>Horno de resistencia de vagoneta para rodamientos oscilantes<\/td>\n<\/tr>\n<tr>\n<td><img decoding=\"async\" class=\"wp-image-258\" src=\"https:\/\/national-bearing.com\/wp-content\/uploads\/2023\/04\/%E7%94%B5%E9%98%BB.jpg\" sizes=\"(max-width: 600px) 100vw, 600px\" srcset=\"https:\/\/national-bearing.com\/wp-content\/uploads\/2023\/04\/\u7535\u963b.jpg 600w, https:\/\/national-bearing.com\/wp-content\/uploads\/2023\/04\/\u7535\u963b-300x225.jpg 300w\" alt=\"Equipo de producci\u00f3n de rodamientos giratorios para excavadoras\" width=\"600\" height=\"450\" \/><\/td>\n<td class=\"has-text-align-center\" data-align=\"center\"><img decoding=\"async\" class=\"wp-image-259\" src=\"https:\/\/national-bearing.com\/wp-content\/uploads\/2023\/04\/%E6%95%B0%E6%8E%A7%E6%8F%92%E9%BD%BF%E6%9C%BA.jpg\" sizes=\"(max-width: 600px) 100vw, 600px\" srcset=\"https:\/\/national-bearing.com\/wp-content\/uploads\/2023\/04\/\u6570\u63a7\u63d2\u9f7f\u673a.jpg 600w, https:\/\/national-bearing.com\/wp-content\/uploads\/2023\/04\/\u6570\u63a7\u63d2\u9f7f\u673a-300x225.jpg 300w\" alt=\"rodamiento giratorio tup\u00ed CNC\" width=\"600\" height=\"450\" \/><\/td>\n<td class=\"has-text-align-center\" data-align=\"center\"><img decoding=\"async\" class=\"wp-image-257\" src=\"https:\/\/national-bearing.com\/wp-content\/uploads\/2023\/04\/3.5%E6%95%B0%E6%8E%A7%E7%AB%8B%E5%BA%8A.jpg\" sizes=\"(max-width: 600px) 100vw, 600px\" srcset=\"https:\/\/national-bearing.com\/wp-content\/uploads\/2023\/04\/3.5\u6570\u63a7\u7acb\u5e8a.jpg 600w, https:\/\/national-bearing.com\/wp-content\/uploads\/2023\/04\/3.5\u6570\u63a7\u7acb\u5e8a-300x225.jpg 300w\" alt=\"rodamiento de giro CNC equipo de bancada vertical\" width=\"600\" height=\"450\" \/><\/td>\n<\/tr>\n<tr>\n<td>Horno de resistencia de vagoneta para rodamientos oscilantes<\/td>\n<td>Tup\u00ed CNC para rodamientos oscilantes<\/td>\n<td>Torno vertical CNC para rodamientos oscilantes<\/td>\n<\/tr>\n<\/tbody>\n<\/table>\n<\/figure>","protected":false},"excerpt":{"rendered":"<p><strong><b>Pieza<\/b><\/strong> #: 114-1458,148-4568,229-1080<br \/>\n<strong><b>Visite<\/b><\/strong>: CATERPILLAR<br \/>\n<strong><b>Modelo<\/b><\/strong>: CAT317 317B<br \/>\n<strong><b>Condici\u00f3n<\/b><\/strong>: Nuevo<\/p>","protected":false},"featured_media":2928,"template":"","meta":[],"product_brand":[],"product_cat":[22,58],"product_tag":[],"class_list":{"0":"post-2947","1":"product","2":"type-product","3":"status-publish","4":"has-post-thumbnail","6":"product_cat-swing-bearing","7":"product_cat-cat-excavator-swing-bearing","9":"first","10":"instock","11":"shipping-taxable","12":"product-type-simple"},"_links":{"self":[{"href":"https:\/\/swingbearing.net\/es\/wp-json\/wp\/v2\/product\/2947","targetHints":{"allow":["GET"]}}],"collection":[{"href":"https:\/\/swingbearing.net\/es\/wp-json\/wp\/v2\/product"}],"about":[{"href":"https:\/\/swingbearing.net\/es\/wp-json\/wp\/v2\/types\/product"}],"wp:featuredmedia":[{"embeddable":true,"href":"https:\/\/swingbearing.net\/es\/wp-json\/wp\/v2\/media\/2928"}],"wp:attachment":[{"href":"https:\/\/swingbearing.net\/es\/wp-json\/wp\/v2\/media?parent=2947"}],"wp:term":[{"taxonomy":"product_brand","embeddable":true,"href":"https:\/\/swingbearing.net\/es\/wp-json\/wp\/v2\/product_brand?post=2947"},{"taxonomy":"product_cat","embeddable":true,"href":"https:\/\/swingbearing.net\/es\/wp-json\/wp\/v2\/product_cat?post=2947"},{"taxonomy":"product_tag","embeddable":true,"href":"https:\/\/swingbearing.net\/es\/wp-json\/wp\/v2\/product_tag?post=2947"}],"curies":[{"name":"wp","href":"https:\/\/api.w.org\/{rel}","templated":true}]}}