{"id":2851,"date":"2024-05-09T04:05:25","date_gmt":"2024-05-09T04:05:25","guid":{"rendered":"https:\/\/swingbearing.net\/product\/cat320bl-121-8222-excavator-turntable-bearing-swing-bearing\/"},"modified":"2024-05-14T03:19:07","modified_gmt":"2024-05-14T03:19:07","slug":"cat320bl-121-8222-excavator-turntable-bearing-swing-bearing","status":"publish","type":"product","link":"https:\/\/swingbearing.net\/es\/producto\/cat320bl-121-8222-excavator-turntable-bearing-swing-bearing\/","title":{"rendered":"Rodamiento de la plataforma giratoria de la excavadora CAT320BL Rodamiento giratorio 121-8222"},"content":{"rendered":"<figure class=\"wp-block-table\">\n<h2 style=\"text-align: center;\">Excavadora CAT <span class=\"\">Rodamiento del plato giratorio<\/span><\/h2>\n<table class=\"has-white-background-color has-background\">\n<tbody>\n<tr>\n<td style=\"text-align: center;\">Modelo<\/td>\n<td style=\"text-align: center;\">N\u00famero de pieza<\/td>\n<td style=\"text-align: center;\">Di\u00e1metro exterior<\/td>\n<td style=\"text-align: center;\">Di\u00e1metro interior<\/td>\n<td style=\"text-align: center;\">Altura total<\/td>\n<td style=\"text-align: center;\">Altura exterior<\/td>\n<td style=\"text-align: center;\">Altura interior<\/td>\n<td style=\"text-align: center;\">Par\u00e1metros del orificio exterior<\/td>\n<td style=\"text-align: center;\">Par\u00e1metros del orificio interior<\/td>\n<td style=\"text-align: center;\">N\u00famero de dientes<\/td>\n<\/tr>\n<tr>\n<td>CAT 307C<\/td>\n<td>240-8361<\/td>\n<td>810<\/td>\n<td>568<\/td>\n<td>82<\/td>\n<td>62<\/td>\n<td>62<\/td>\n<td>29<\/td>\n<td>38<\/td>\n<td>75<\/td>\n<\/tr>\n<tr>\n<td>CAT312CL<\/td>\n<td>229-1077<\/td>\n<td>1093<\/td>\n<td>883<\/td>\n<td>72.5<\/td>\n<td>50<\/td>\n<td>62<\/td>\n<td>34-\u03c618<\/td>\n<td>38-M16<\/td>\n<td>90<\/td>\n<\/tr>\n<tr>\n<td>CAT 311<\/td>\n<td>231-6853<\/td>\n<td>1115<\/td>\n<td>883<\/td>\n<td>75<\/td>\n<td>60<\/td>\n<td>67<\/td>\n<td>29-\u03c618<\/td>\n<td>30-M16<\/td>\n<td>90<\/td>\n<\/tr>\n<tr>\n<td>CAT 312B<\/td>\n<td>616411<\/td>\n<td>1115<\/td>\n<td>883<\/td>\n<td>75<\/td>\n<td>60<\/td>\n<td>67<\/td>\n<td>29-\u03c618<\/td>\n<td>30-M16<\/td>\n<td>90<\/td>\n<\/tr>\n<tr>\n<td>CAT312CL<\/td>\n<td>229-1077<\/td>\n<td>1093<\/td>\n<td>883<\/td>\n<td>72.5<\/td>\n<td>50<\/td>\n<td>62<\/td>\n<td>34-\u03c618<\/td>\n<td>38-M16<\/td>\n<td>90<\/td>\n<\/tr>\n<tr>\n<td>CAT 312C<\/td>\n<td>229-1077<\/td>\n<td>1093<\/td>\n<td>883<\/td>\n<td>72.5<\/td>\n<td>50<\/td>\n<td>62<\/td>\n<td>34-\u03c618<\/td>\n<td>38-M16<\/td>\n<td>90<\/td>\n<\/tr>\n<tr>\n<td>CAT 315<\/td>\n<td>148-4568<\/td>\n<td>1205<\/td>\n<td>961<\/td>\n<td>94<\/td>\n<td>74<\/td>\n<td>84<\/td>\n<td>34<\/td>\n<td>30<\/td>\n<td>98<\/td>\n<\/tr>\n<tr>\n<td>CAT 318B<\/td>\n<td>148-4568<\/td>\n<td>1205<\/td>\n<td>961<\/td>\n<td>94<\/td>\n<td>74<\/td>\n<td>84<\/td>\n<td>34<\/td>\n<td>30<\/td>\n<td>98<\/td>\n<\/tr>\n<tr>\n<td>CAT 315C<\/td>\n<td>229-1080<\/td>\n<td>1205<\/td>\n<td>961<\/td>\n<td>94<\/td>\n<td>74<\/td>\n<td>84<\/td>\n<td>34-\u03c622<\/td>\n<td>36-M20<\/td>\n<td>98<\/td>\n<\/tr>\n<tr>\n<td>CAT 319C<\/td>\n<td>227-6079<\/td>\n<td>1310<\/td>\n<td>1065<\/td>\n<td>106<\/td>\n<td>84<\/td>\n<td>88<\/td>\n<td>36<\/td>\n<td>36\/M20<\/td>\n<td>90<\/td>\n<\/tr>\n<tr>\n<td>CAT320B<\/td>\n<td>1141414<\/td>\n<td>1314<\/td>\n<td>1084<\/td>\n<td>100<\/td>\n<td>85<\/td>\n<td>87<\/td>\n<td>33-\u042422<\/td>\n<td>36-M20<\/td>\n<td>110<\/td>\n<\/tr>\n<tr>\n<td>CAT320BL<\/td>\n<td>121-8222<\/td>\n<td>1314<\/td>\n<td>1084<\/td>\n<td>100<\/td>\n<td>85<\/td>\n<td>87<\/td>\n<td>33-\u042422<\/td>\n<td>36-M20<\/td>\n<td>110<\/td>\n<\/tr>\n<tr>\n<td>CAT 320<\/td>\n<td>7Y1565<\/td>\n<td>1314<\/td>\n<td>1084<\/td>\n<td>100<\/td>\n<td>85<\/td>\n<td>87<\/td>\n<td>33-\u03c622<\/td>\n<td>36-M20<\/td>\n<td>110<\/td>\n<\/tr>\n<tr>\n<td>CAT 320B<\/td>\n<td>114-1505<\/td>\n<td>1314<\/td>\n<td>1084<\/td>\n<td>100<\/td>\n<td>85<\/td>\n<td>87<\/td>\n<td>33-\u042422<\/td>\n<td>36-M20<\/td>\n<td>110<\/td>\n<\/tr>\n<tr>\n<td>CAT320BL<\/td>\n<td>177-7723<\/td>\n<td>1314<\/td>\n<td>1084<\/td>\n<td>100<\/td>\n<td>85<\/td>\n<td>87<\/td>\n<td>33-\u042422<\/td>\n<td>36-M20<\/td>\n<td>110<\/td>\n<\/tr>\n<tr>\n<td>CAT 320C<\/td>\n<td>227-6081<\/td>\n<td>1316<\/td>\n<td>1081<\/td>\n<td>105<\/td>\n<td>73<\/td>\n<td>93<\/td>\n<td>42-\u03c622<\/td>\n<td>40-M20<\/td>\n<td>110<\/td>\n<\/tr>\n<tr>\n<td>CAT 320C<\/td>\n<td>227-6147<\/td>\n<td>1316<\/td>\n<td>1081<\/td>\n<td>105<\/td>\n<td>73<\/td>\n<td>93<\/td>\n<td>42-\u03c622<\/td>\n<td>40-M20<\/td>\n<td>110<\/td>\n<\/tr>\n<tr>\n<td>CAT 320C<\/td>\n<td>171-9425<\/td>\n<td>1316<\/td>\n<td>1081<\/td>\n<td>105<\/td>\n<td>73<\/td>\n<td>93<\/td>\n<td>42-\u03c622<\/td>\n<td>40-M20<\/td>\n<td>110<\/td>\n<\/tr>\n<tr>\n<td>CAT 320D<\/td>\n<td>227-6082<\/td>\n<td>1316<\/td>\n<td>1081<\/td>\n<td>105<\/td>\n<td>73<\/td>\n<td>93<\/td>\n<td>42-\u03c622<\/td>\n<td>40-M20<\/td>\n<td>110<\/td>\n<\/tr>\n<tr>\n<td>CAT 320L<\/td>\n<td>7Y1563<\/td>\n<td>1316<\/td>\n<td>1084<\/td>\n<td>105<\/td>\n<td>85<\/td>\n<td>92<\/td>\n<td>38-\u03c622<\/td>\n<td>36-M20<\/td>\n<td>110<\/td>\n<\/tr>\n<tr>\n<td>CAT 320L<\/td>\n<td>7Y1563<\/td>\n<td>1318<\/td>\n<td>1084<\/td>\n<td>105<\/td>\n<td>86<\/td>\n<td>90<\/td>\n<td>38-\u03c622<\/td>\n<td>36-M20<\/td>\n<td>110<\/td>\n<\/tr>\n<tr>\n<td>CAT 225<\/td>\n<td>8K4127<\/td>\n<td>1451<\/td>\n<td>1038<\/td>\n<td>105<\/td>\n<td>92<\/td>\n<td>90<\/td>\n<td>29-\u03c624<\/td>\n<td>36-\u03c624<\/td>\n<td>104<\/td>\n<\/tr>\n<tr>\n<td>CAT 322C<\/td>\n<td>221-6764<\/td>\n<td>1460<\/td>\n<td>1163<\/td>\n<td>110<\/td>\n<td>88<\/td>\n<td>95<\/td>\n<td>34-\u042426<\/td>\n<td>36-M24<\/td>\n<td>85<\/td>\n<\/tr>\n<tr>\n<td>CAT 324D<\/td>\n<td>227-6085<\/td>\n<td>1460<\/td>\n<td>1164<\/td>\n<td>110<\/td>\n<td>88<\/td>\n<td>95<\/td>\n<td>34-\u042426<\/td>\n<td>36-M24<\/td>\n<td>85<\/td>\n<\/tr>\n<tr>\n<td>CAT 325<\/td>\n<td>7Y0745<\/td>\n<td>1495<\/td>\n<td>1164<\/td>\n<td>110<\/td>\n<td>93<\/td>\n<td>95<\/td>\n<td>35<\/td>\n<td>38<\/td>\n<td>85<\/td>\n<\/tr>\n<tr>\n<td>CAT 325C<\/td>\n<td>227-6087<\/td>\n<td>1495<\/td>\n<td>1164<\/td>\n<td>110<\/td>\n<td>93<\/td>\n<td>95<\/td>\n<td>38-\u03c626<\/td>\n<td>42<\/td>\n<td>85<\/td>\n<\/tr>\n<tr>\n<td>CAT 326<\/td>\n<td>353-0649<\/td>\n<td>1462<\/td>\n<td>1164<\/td>\n<td>110<\/td>\n<td>89<\/td>\n<td>95<\/td>\n<td>34-\u03c626<\/td>\n<td>36-M24<\/td>\n<td>85<\/td>\n<\/tr>\n<tr>\n<td>CAT 329D<\/td>\n<td>227-6087<\/td>\n<td>1495<\/td>\n<td>1164<\/td>\n<td>110<\/td>\n<td>93<\/td>\n<td>95<\/td>\n<td>38-\u042426<\/td>\n<td>42-M24<\/td>\n<td>85<\/td>\n<\/tr>\n<tr>\n<td>CAT 330<\/td>\n<td>7Y0933<\/td>\n<td>1664<\/td>\n<td>1313.5<\/td>\n<td>140<\/td>\n<td>100<\/td>\n<td>124<\/td>\n<td>42-\u03c626<\/td>\n<td>46-M24<\/td>\n<td><\/td>\n<\/tr>\n<tr>\n<td>CAT 330<\/td>\n<td>1994559<\/td>\n<td>1664<\/td>\n<td>1313.5<\/td>\n<td>141<\/td>\n<td>100<\/td>\n<td>124<\/td>\n<td>42-\u03c626<\/td>\n<td>46-M24<\/td>\n<td>84<\/td>\n<\/tr>\n<tr>\n<td>CAT 330<\/td>\n<td>353-0487<\/td>\n<td>1664<\/td>\n<td>1313.5<\/td>\n<td>140<\/td>\n<td>100<\/td>\n<td>124<\/td>\n<td>46-\u03c626<\/td>\n<td>46-M24<\/td>\n<td>84<\/td>\n<\/tr>\n<tr>\n<td>CAT 336D<\/td>\n<td>353-0489<\/td>\n<td>1665<\/td>\n<td>1313<\/td>\n<td>140<\/td>\n<td>100<\/td>\n<td>122<\/td>\n<td>42<\/td>\n<td>46<\/td>\n<td>84<\/td>\n<\/tr>\n<tr>\n<td>CAT336DL<\/td>\n<td>227-6089<\/td>\n<td>1665<\/td>\n<td>1314<\/td>\n<td>140<\/td>\n<td>100<\/td>\n<td>125<\/td>\n<td>42<\/td>\n<td>46<\/td>\n<td>84<\/td>\n<\/tr>\n<tr>\n<td>CAT336DL<\/td>\n<td>353-0680<\/td>\n<td>1664<\/td>\n<td>1313.5<\/td>\n<td>139<\/td>\n<td>100<\/td>\n<td>124<\/td>\n<td>46-\u03c626<\/td>\n<td>46-M24<\/td>\n<td>84<\/td>\n<\/tr>\n<tr>\n<td>CAT 336D<\/td>\n<td>353-0490<\/td>\n<td>1665<\/td>\n<td>1313<\/td>\n<td>140<\/td>\n<td>100<\/td>\n<td>122<\/td>\n<td>42<\/td>\n<td>46<\/td>\n<td>84<\/td>\n<\/tr>\n<tr>\n<td>CAT 345<\/td>\n<td>227-6052<\/td>\n<td>1680<\/td>\n<td>1318<\/td>\n<td>140<\/td>\n<td>107<\/td>\n<td>126<\/td>\n<td>54-\u03c626<\/td>\n<td>70-M24<\/td>\n<td>96<\/td>\n<\/tr>\n<tr>\n<td>CAT 345B<\/td>\n<td>136-2969<\/td>\n<td>1680<\/td>\n<td>1343<\/td>\n<td>140<\/td>\n<td>107<\/td>\n<td>126<\/td>\n<td>45-\u042426<\/td>\n<td>60-M24<\/td>\n<td>136<\/td>\n<\/tr>\n<tr>\n<td>CAT345BII<\/td>\n<td>227-6094<\/td>\n<td>1680<\/td>\n<td>1318<\/td>\n<td>140<\/td>\n<td>108<\/td>\n<td>125<\/td>\n<td>54-\u042426<\/td>\n<td>70-M24<\/td>\n<td>96<\/td>\n<\/tr>\n<tr>\n<td>CAT345BL<\/td>\n<td>1695536\/1695537<\/td>\n<td>1680<\/td>\n<td>1343<\/td>\n<td>140<\/td>\n<td>107<\/td>\n<td>125<\/td>\n<td>45-\u042426<\/td>\n<td>60-M24<\/td>\n<td>136<\/td>\n<\/tr>\n<tr>\n<td>CAT345DL<\/td>\n<td>227-6037<\/td>\n<td>1680<\/td>\n<td>1318<\/td>\n<td>140<\/td>\n<td>107<\/td>\n<td>125<\/td>\n<td>54-\u042426<\/td>\n<td>70-M24<\/td>\n<td>96<\/td>\n<\/tr>\n<tr>\n<td>CAT 349D<\/td>\n<td>353-0490<\/td>\n<td>1666<\/td>\n<td>1315<\/td>\n<td>140<\/td>\n<td>100<\/td>\n<td>123<\/td>\n<td>46<\/td>\n<td>46<\/td>\n<td>84<\/td>\n<\/tr>\n<tr>\n<td>CAT 350<\/td>\n<td>1026392<\/td>\n<td>1680<\/td>\n<td>1343<\/td>\n<td>140<\/td>\n<td>107<\/td>\n<td>126<\/td>\n<td>45-\u03c626<\/td>\n<td>60-M24<\/td>\n<td>136<\/td>\n<\/tr>\n<tr>\n<td>CAT 365C<\/td>\n<td>199-4565<\/td>\n<td>1810<\/td>\n<td>1348<\/td>\n<td>180<\/td>\n<td>140<\/td>\n<td>152<\/td>\n<td>37<\/td>\n<td>60<\/td>\n<td>98<\/td>\n<\/tr>\n<tr>\n<td>CAT 365C<\/td>\n<td>227-6096<\/td>\n<td>1805<\/td>\n<td>1348<\/td>\n<td>180<\/td>\n<td>138<\/td>\n<td>150<\/td>\n<td>37<\/td>\n<td>60<\/td>\n<td>98<\/td>\n<\/tr>\n<tr>\n<td>CAT 365C<\/td>\n<td>227-6097<\/td>\n<td>1805<\/td>\n<td>1348<\/td>\n<td>180<\/td>\n<td>138<\/td>\n<td>150<\/td>\n<td>37<\/td>\n<td>60<\/td>\n<td>98<\/td>\n<\/tr>\n<tr>\n<td>CAT365CL<\/td>\n<td>397-9666<\/td>\n<td>1805<\/td>\n<td>1348<\/td>\n<td>180<\/td>\n<td>138<\/td>\n<td>150<\/td>\n<td>37<\/td>\n<td>60<\/td>\n<td>98<\/td>\n<\/tr>\n<tr>\n<td>CAT374F<\/td>\n<td>378-9586<\/td>\n<td>1820<\/td>\n<td>1348<\/td>\n<td>180<\/td>\n<td>140<\/td>\n<td>150<\/td>\n<td>37<\/td>\n<td>60<\/td>\n<td>98<\/td>\n<\/tr>\n<tr>\n<td>CAT374<\/td>\n<td>333-3009<\/td>\n<td>1820<\/td>\n<td>1348<\/td>\n<td>180<\/td>\n<td>136<\/td>\n<td>150<\/td>\n<td>37<\/td>\n<td>60<\/td>\n<td>98<\/td>\n<\/tr>\n<tr>\n<td>CAT374<\/td>\n<td>367-8361<\/td>\n<td>1820<\/td>\n<td>1348<\/td>\n<td>180<\/td>\n<td>136<\/td>\n<td>150<\/td>\n<td>37<\/td>\n<td>60<\/td>\n<td>98<\/td>\n<\/tr>\n<tr>\n<td>CAT 385C<\/td>\n<td>199-4491<\/td>\n<td>1820<\/td>\n<td>1348<\/td>\n<td>180<\/td>\n<td>146<\/td>\n<td>150<\/td>\n<td>37<\/td>\n<td>60<\/td>\n<td>98<\/td>\n<\/tr>\n<tr>\n<td>CAT 385C<\/td>\n<td>227-6099<\/td>\n<td>1820<\/td>\n<td>1348<\/td>\n<td>180<\/td>\n<td>146<\/td>\n<td>150<\/td>\n<td>37<\/td>\n<td>60<\/td>\n<td>98<\/td>\n<\/tr>\n<tr>\n<td>CAT385BL<\/td>\n<td>227-6098<\/td>\n<td>1820<\/td>\n<td>1348<\/td>\n<td>180<\/td>\n<td>138<\/td>\n<td>150<\/td>\n<td>37<\/td>\n<td>60<\/td>\n<td>98<\/td>\n<\/tr>\n<tr>\n<td>CAT385CL<\/td>\n<td>227-6099<\/td>\n<td>1950<\/td>\n<td>1456<\/td>\n<td>217<\/td>\n<td>170<\/td>\n<td>180<\/td>\n<td>48<\/td>\n<td>74<\/td>\n<td>93<\/td>\n<\/tr>\n<tr>\n<td>CAT 390D<\/td>\n<td>227-6099<\/td>\n<td>1950<\/td>\n<td>1456<\/td>\n<td>217<\/td>\n<td>170<\/td>\n<td>180<\/td>\n<td>48<\/td>\n<td>74<\/td>\n<td>93<\/td>\n<\/tr>\n<tr>\n<td style=\"text-align: left;\">CAT 140<\/td>\n<td style=\"text-align: left;\">2436650<\/td>\n<td style=\"text-align: left;\">1113<\/td>\n<td style=\"text-align: left;\">871<\/td>\n<td style=\"text-align: left;\">96<\/td>\n<td style=\"text-align: left;\">75<\/td>\n<td style=\"text-align: left;\">85<\/td>\n<td style=\"text-align: left;\">31<\/td>\n<td style=\"text-align: left;\">30<\/td>\n<td style=\"text-align: left;\">89<\/td>\n<\/tr>\n<\/tbody>\n<\/table>\n<\/figure>\n<p><img decoding=\"async\" class=\"alignnone wp-image-2788 size-full\" src=\"https:\/\/swingbearing.net\/wp-content\/uploads\/2024\/05\/777.jpg\" alt=\"cojinete basculante de excavadora \" width=\"1980\" height=\"700\" srcset=\"https:\/\/swingbearing.net\/wp-content\/uploads\/2024\/05\/777.jpg 1980w, https:\/\/swingbearing.net\/wp-content\/uploads\/2024\/05\/777-300x106.jpg 300w, https:\/\/swingbearing.net\/wp-content\/uploads\/2024\/05\/777-1024x362.jpg 1024w, https:\/\/swingbearing.net\/wp-content\/uploads\/2024\/05\/777-768x272.jpg 768w, https:\/\/swingbearing.net\/wp-content\/uploads\/2024\/05\/777-1536x543.jpg 1536w, https:\/\/swingbearing.net\/wp-content\/uploads\/2024\/05\/777-18x6.jpg 18w, https:\/\/swingbearing.net\/wp-content\/uploads\/2024\/05\/777-600x212.jpg 600w\" sizes=\"(max-width: 1980px) 100vw, 1980px\" \/><\/p>\n\n\t\t<style type=\"text\/css\">\n\t\t\t#gallery-1 {\n\t\t\t\tmargin: auto;\n\t\t\t}\n\t\t\t#gallery-1 .gallery-item {\n\t\t\t\tfloat: left;\n\t\t\t\tmargin-top: 10px;\n\t\t\t\ttext-align: center;\n\t\t\t\twidth: 50%;\n\t\t\t}\n\t\t\t#gallery-1 img {\n\t\t\t\tborder: 2px solid #cfcfcf;\n\t\t\t}\n\t\t\t#gallery-1 .gallery-caption {\n\t\t\t\tmargin-left: 0;\n\t\t\t}\n\t\t\t\/* see gallery_shortcode() in wp-includes\/media.php *\/\n\t\t<\/style>\n\t\t<div id='gallery-1' class='gallery galleryid-2851 gallery-columns-2 gallery-size-full'><dl class='gallery-item'>\n\t\t\t<dt class='gallery-icon landscape'>\n\t\t\t\t<a href='https:\/\/swingbearing.net\/es\/?attachment_id=2809'><img decoding=\"async\" width=\"1865\" height=\"1038\" src=\"https:\/\/swingbearing.net\/wp-content\/uploads\/2024\/05\/QQ\u622a\u56fe20231107132022.jpg\" class=\"attachment-full size-full\" alt=\"Rodamiento de plataforma giratoria de excavadora\" aria-describedby=\"gallery-1-2809\" srcset=\"https:\/\/swingbearing.net\/wp-content\/uploads\/2024\/05\/QQ\u622a\u56fe20231107132022.jpg 1865w, https:\/\/swingbearing.net\/wp-content\/uploads\/2024\/05\/QQ\u622a\u56fe20231107132022-300x167.jpg 300w, https:\/\/swingbearing.net\/wp-content\/uploads\/2024\/05\/QQ\u622a\u56fe20231107132022-1024x570.jpg 1024w, https:\/\/swingbearing.net\/wp-content\/uploads\/2024\/05\/QQ\u622a\u56fe20231107132022-768x427.jpg 768w, https:\/\/swingbearing.net\/wp-content\/uploads\/2024\/05\/QQ\u622a\u56fe20231107132022-1536x855.jpg 1536w, https:\/\/swingbearing.net\/wp-content\/uploads\/2024\/05\/QQ\u622a\u56fe20231107132022-18x10.jpg 18w, https:\/\/swingbearing.net\/wp-content\/uploads\/2024\/05\/QQ\u622a\u56fe20231107132022-600x334.jpg 600w\" sizes=\"(max-width: 1865px) 100vw, 1865px\" \/><\/a>\n\t\t\t<\/dt>\n\t\t\t\t<dd class='wp-caption-text gallery-caption' id='gallery-1-2809'>\n\t\t\t\tRodamiento de plataforma giratoria de excavadora\n\t\t\t\t<\/dd><\/dl><dl class='gallery-item'>\n\t\t\t<dt class='gallery-icon landscape'>\n\t\t\t\t<a href='https:\/\/swingbearing.net\/es\/?attachment_id=2809'><img decoding=\"async\" width=\"1897\" height=\"1034\" src=\"https:\/\/swingbearing.net\/wp-content\/uploads\/2024\/05\/QQ\u622a\u56fe20231107132044.jpg\" class=\"attachment-full size-full\" alt=\"Rodamiento de plataforma giratoria de excavadora\" aria-describedby=\"gallery-1-2810\" srcset=\"https:\/\/swingbearing.net\/wp-content\/uploads\/2024\/05\/QQ\u622a\u56fe20231107132044.jpg 1897w, https:\/\/swingbearing.net\/wp-content\/uploads\/2024\/05\/QQ\u622a\u56fe20231107132044-300x164.jpg 300w, https:\/\/swingbearing.net\/wp-content\/uploads\/2024\/05\/QQ\u622a\u56fe20231107132044-1024x558.jpg 1024w, https:\/\/swingbearing.net\/wp-content\/uploads\/2024\/05\/QQ\u622a\u56fe20231107132044-768x419.jpg 768w, https:\/\/swingbearing.net\/wp-content\/uploads\/2024\/05\/QQ\u622a\u56fe20231107132044-1536x837.jpg 1536w, https:\/\/swingbearing.net\/wp-content\/uploads\/2024\/05\/QQ\u622a\u56fe20231107132044-18x10.jpg 18w, https:\/\/swingbearing.net\/wp-content\/uploads\/2024\/05\/QQ\u622a\u56fe20231107132044-600x327.jpg 600w\" sizes=\"(max-width: 1897px) 100vw, 1897px\" \/><\/a>\n\t\t\t<\/dt>\n\t\t\t\t<dd class='wp-caption-text gallery-caption' id='gallery-1-2810'>\n\t\t\t\tRodamiento de plataforma giratoria de excavadora\n\t\t\t\t<\/dd><\/dl><br style=\"clear: both\" \/><dl class='gallery-item'>\n\t\t\t<dt class='gallery-icon landscape'>\n\t\t\t\t<a href='https:\/\/swingbearing.net\/es\/?attachment_id=2809'><img decoding=\"async\" width=\"1915\" height=\"1037\" src=\"https:\/\/swingbearing.net\/wp-content\/uploads\/2024\/05\/QQ\u622a\u56fe20231107134300.jpg\" class=\"attachment-full size-full\" alt=\"Rodamiento de plataforma giratoria de excavadora\" srcset=\"https:\/\/swingbearing.net\/wp-content\/uploads\/2024\/05\/QQ\u622a\u56fe20231107134300.jpg 1915w, https:\/\/swingbearing.net\/wp-content\/uploads\/2024\/05\/QQ\u622a\u56fe20231107134300-300x162.jpg 300w, https:\/\/swingbearing.net\/wp-content\/uploads\/2024\/05\/QQ\u622a\u56fe20231107134300-1024x555.jpg 1024w, https:\/\/swingbearing.net\/wp-content\/uploads\/2024\/05\/QQ\u622a\u56fe20231107134300-768x416.jpg 768w, https:\/\/swingbearing.net\/wp-content\/uploads\/2024\/05\/QQ\u622a\u56fe20231107134300-1536x832.jpg 1536w, https:\/\/swingbearing.net\/wp-content\/uploads\/2024\/05\/QQ\u622a\u56fe20231107134300-18x10.jpg 18w, https:\/\/swingbearing.net\/wp-content\/uploads\/2024\/05\/QQ\u622a\u56fe20231107134300-600x325.jpg 600w\" sizes=\"(max-width: 1915px) 100vw, 1915px\" \/><\/a>\n\t\t\t<\/dt><\/dl><dl class='gallery-item'>\n\t\t\t<dt class='gallery-icon landscape'>\n\t\t\t\t<a href='https:\/\/swingbearing.net\/es\/?attachment_id=2809'><img decoding=\"async\" width=\"1893\" height=\"1058\" src=\"https:\/\/swingbearing.net\/wp-content\/uploads\/2024\/05\/QQ\u622a\u56fe20231107134334.jpg\" class=\"attachment-full size-full\" alt=\"Rodamiento de plataforma giratoria de excavadora\" srcset=\"https:\/\/swingbearing.net\/wp-content\/uploads\/2024\/05\/QQ\u622a\u56fe20231107134334.jpg 1893w, https:\/\/swingbearing.net\/wp-content\/uploads\/2024\/05\/QQ\u622a\u56fe20231107134334-300x168.jpg 300w, https:\/\/swingbearing.net\/wp-content\/uploads\/2024\/05\/QQ\u622a\u56fe20231107134334-1024x572.jpg 1024w, https:\/\/swingbearing.net\/wp-content\/uploads\/2024\/05\/QQ\u622a\u56fe20231107134334-768x429.jpg 768w, https:\/\/swingbearing.net\/wp-content\/uploads\/2024\/05\/QQ\u622a\u56fe20231107134334-1536x858.jpg 1536w, https:\/\/swingbearing.net\/wp-content\/uploads\/2024\/05\/QQ\u622a\u56fe20231107134334-18x10.jpg 18w, https:\/\/swingbearing.net\/wp-content\/uploads\/2024\/05\/QQ\u622a\u56fe20231107134334-600x335.jpg 600w\" sizes=\"(max-width: 1893px) 100vw, 1893px\" \/><\/a>\n\t\t\t<\/dt><\/dl><br style=\"clear: both\" \/>\n\t\t<\/div>\n\n<p>Los cojinetes de la plataforma giratoria de la excavadora tambi\u00e9n suelen denominarse:<br \/>\nRodamientos giratorios<br \/>\nRodamientos de corona giratoria<br \/>\nCojinetes basculantes<br \/>\nRodamientos de la plataforma giratoria<\/p>\n<h4>Funci\u00f3n de los rodamientos de la plataforma giratoria<\/h4>\n<p>La funci\u00f3n principal de los rodamientos de la plataforma giratoria de la excavadora es permitir el movimiento de rotaci\u00f3n o giro de la estructura superior de la excavadora, incluida la cabina, la pluma, el brazo y el cuchar\u00f3n.<br \/>\nEsto permite a la excavadora maniobrar y alcanzar varias posiciones sin tener que reposicionar toda la m\u00e1quina.<\/p>\n<h4>Dise\u00f1o y construcci\u00f3n de cojinetes de plataforma giratoria de excavadora :<\/h4>\n<p>Los rodamientos para plataformas giratorias de excavadoras son rodamientos grandes y robustos dise\u00f1ados para soportar cargas pesadas y fuerzas din\u00e1micas asociadas al movimiento de giro.<br \/>\nSuelen constar de un anillo interior, un anillo exterior, elementos rodantes (como bolas o rodillos) y una jaula que sujeta los elementos rodantes.<\/p>\n<h4>Mantenimiento y lubricaci\u00f3n de los cojinetes de la plataforma giratoria de la excavadora :<\/h4>\n<p>El mantenimiento y la lubricaci\u00f3n regulares son esenciales para el rendimiento \u00f3ptimo y la longevidad de los rodamientos de la plataforma giratoria de la excavadora.<br \/>\nUna lubricaci\u00f3n adecuada ayuda a reducir la fricci\u00f3n, el calor y el desgaste de los componentes del rodamiento.<\/p>\n<h4>Problemas comunes y resoluci\u00f3n de problemas de los cojinetes de la plataforma giratoria de la excavadora :<\/h4>\n<p>El ruido anormal del rodamiento del plato giratorio puede deberse a problemas como un montaje desigual, objetos extra\u00f1os, lubricaci\u00f3n inadecuada o desgaste.<br \/>\nAbordar estas cuestiones mediante un mantenimiento, limpieza y sustituci\u00f3n adecuados puede ayudar a resolver el problema.<\/p>\n<h3>Aplicaciones de los rodamientos para plataformas giratorias de excavadoras :<\/h3>\n<p>Los rodamientos para plataformas giratorias de excavadoras no s\u00f3lo se utilizan en excavadoras, sino tambi\u00e9n en otros tipos de maquinaria pesada, como gr\u00faas, turbinas e\u00f3licas y plataformas giratorias industriales.<br \/>\nEn general, el cojinete de la plataforma giratoria de la excavadora es un componente cr\u00edtico que permite el funcionamiento suave y eficiente de las excavadoras y otra maquinaria pesada, facilitando sus capacidades de rotaci\u00f3n y maniobra.<\/p>","protected":false},"excerpt":{"rendered":"<p><strong><b>Pieza<\/b><\/strong> #: 121-8222<br \/>\n<strong><b>Visite<\/b><\/strong>: CATERPILLAR<br \/>\n<strong><b>Modelo<\/b><\/strong>:CAT320BL<br \/>\n<strong><b>Condici\u00f3n<\/b><\/strong>: Nuevo<\/p>","protected":false},"featured_media":2854,"template":"","meta":[],"product_brand":[],"product_cat":[22,58],"product_tag":[60],"class_list":{"0":"post-2851","1":"product","2":"type-product","3":"status-publish","4":"has-post-thumbnail","6":"product_cat-swing-bearing","7":"product_cat-cat-excavator-swing-bearing","8":"product_tag-excavator-turntable-bearing","10":"first","11":"instock","12":"shipping-taxable","13":"product-type-simple"},"_links":{"self":[{"href":"https:\/\/swingbearing.net\/es\/wp-json\/wp\/v2\/product\/2851","targetHints":{"allow":["GET"]}}],"collection":[{"href":"https:\/\/swingbearing.net\/es\/wp-json\/wp\/v2\/product"}],"about":[{"href":"https:\/\/swingbearing.net\/es\/wp-json\/wp\/v2\/types\/product"}],"wp:featuredmedia":[{"embeddable":true,"href":"https:\/\/swingbearing.net\/es\/wp-json\/wp\/v2\/media\/2854"}],"wp:attachment":[{"href":"https:\/\/swingbearing.net\/es\/wp-json\/wp\/v2\/media?parent=2851"}],"wp:term":[{"taxonomy":"product_brand","embeddable":true,"href":"https:\/\/swingbearing.net\/es\/wp-json\/wp\/v2\/product_brand?post=2851"},{"taxonomy":"product_cat","embeddable":true,"href":"https:\/\/swingbearing.net\/es\/wp-json\/wp\/v2\/product_cat?post=2851"},{"taxonomy":"product_tag","embeddable":true,"href":"https:\/\/swingbearing.net\/es\/wp-json\/wp\/v2\/product_tag?post=2851"}],"curies":[{"name":"wp","href":"https:\/\/api.w.org\/{rel}","templated":true}]}}