{"id":2321,"date":"2024-04-12T06:49:03","date_gmt":"2024-04-12T06:49:03","guid":{"rendered":"https:\/\/swingbearing.net\/?post_type=product&#038;p=2321"},"modified":"2024-06-12T01:50:14","modified_gmt":"2024-06-12T01:50:14","slug":"swing-circle-255lc-v","status":"publish","type":"product","link":"https:\/\/swingbearing.net\/es\/producto\/swing-circle-255lc-v\/","title":{"rendered":"DOOSAN Swing Circle"},"content":{"rendered":"<h2 style=\"text-align: center;\">DOOSAN Swing Circle Replacement<\/h2>\n<figure class=\"wp-block-table\" style=\"font-size: 12px;\">\n<table>\n<tbody>\n<tr>\n<td>Modelo<\/td>\n<td>N\u00famero de pieza<\/td>\n<td>Di\u00e1metro exterior<\/td>\n<td>Di\u00e1metro interior<\/td>\n<td>Altura total<\/td>\n<td>Altura exterior<\/td>\n<td>Altura interior<\/td>\n<td>Par\u00e1metros del orificio exterior<\/td>\n<td>Par\u00e1metros del orificio interior<\/td>\n<td>N\u00famero de dientes<\/td>\n<\/tr>\n<tr>\n<td>S140LC-V<\/td>\n<td>109-00165<\/td>\n<td>1202<\/td>\n<td>945<\/td>\n<td>84<\/td>\n<td>75<\/td>\n<td>70<\/td>\n<td>36-\u042422<\/td>\n<td>36-M20<\/td>\n<td>80<\/td>\n<\/tr>\n<tr>\n<td>DX225<\/td>\n<td>109-00162<\/td>\n<td>1327<\/td>\n<td>1082<\/td>\n<td>110<\/td>\n<td>90<\/td>\n<td>95<\/td>\n<td>36<\/td>\n<td>36<\/td>\n<td>92<\/td>\n<\/tr>\n<tr>\n<td>DX225<\/td>\n<td>109-00162A<\/td>\n<td>1327<\/td>\n<td>1082<\/td>\n<td>110<\/td>\n<td>90<\/td>\n<td>95<\/td>\n<td>36-\u03c621<\/td>\n<td>36-M20*1.5<\/td>\n<td>92<\/td>\n<\/tr>\n<tr>\n<td>DX225LC<\/td>\n<td>109-00162<\/td>\n<td>1327<\/td>\n<td>1082<\/td>\n<td>110<\/td>\n<td>90<\/td>\n<td>95<\/td>\n<td>36-\u03c621<\/td>\n<td>36-M20*1.5<\/td>\n<td>92<\/td>\n<\/tr>\n<tr>\n<td>DX225LCA<\/td>\n<td>109-00162A<\/td>\n<td>1327<\/td>\n<td>1082<\/td>\n<td>110<\/td>\n<td>90<\/td>\n<td>95<\/td>\n<td>36-\u03c621<\/td>\n<td>36-M20*1.5<\/td>\n<td>92<\/td>\n<\/tr>\n<tr>\n<td>DX225LCA<\/td>\n<td>140109-00048A<\/td>\n<td>1327<\/td>\n<td>1082<\/td>\n<td>110<\/td>\n<td>90<\/td>\n<td>95<\/td>\n<td>36-\u03c621<\/td>\n<td>36-M20*1.5<\/td>\n<td>92<\/td>\n<\/tr>\n<tr>\n<td>S225NLC<\/td>\n<td>140109-00045<\/td>\n<td>1327<\/td>\n<td>1082<\/td>\n<td>110<\/td>\n<td>90<\/td>\n<td>95<\/td>\n<td>36-\u03c621<\/td>\n<td>36-M20*1.5<\/td>\n<td>92<\/td>\n<\/tr>\n<tr>\n<td>SL220LC-V<\/td>\n<td>109-00052<\/td>\n<td>1328<\/td>\n<td>1084<\/td>\n<td>110<\/td>\n<td>91<\/td>\n<td>95<\/td>\n<td>36-\u03c621<\/td>\n<td>36-M20*1.5<\/td>\n<td>92<\/td>\n<\/tr>\n<tr>\n<td>225NLC-V<\/td>\n<td>109-00052B<\/td>\n<td>1328<\/td>\n<td>1084<\/td>\n<td>110<\/td>\n<td>91<\/td>\n<td>95<\/td>\n<td>36-\u03c621<\/td>\n<td>36-M20*1.5<\/td>\n<td>92<\/td>\n<\/tr>\n<tr>\n<td>225NLC-V<\/td>\n<td>140109-00045<\/td>\n<td>1328<\/td>\n<td>1084<\/td>\n<td>110<\/td>\n<td>91<\/td>\n<td>95<\/td>\n<td>36-\u03c621<\/td>\n<td>36-M20*1.5<\/td>\n<td>92<\/td>\n<\/tr>\n<tr>\n<td>255LC-V<\/td>\n<td>109-00030B<\/td>\n<td>1410<\/td>\n<td>1131<\/td>\n<td>117<\/td>\n<td>89<\/td>\n<td>105<\/td>\n<td>35-\u03c625<\/td>\n<td>36-M24*2<\/td>\n<td>82<\/td>\n<\/tr>\n<tr>\n<td>255LC-V<\/td>\n<td>180-00297D3<\/td>\n<td>1410<\/td>\n<td>1131<\/td>\n<td>117<\/td>\n<td>89<\/td>\n<td>105<\/td>\n<td>35-\u03c625<\/td>\n<td>36-M24*2<\/td>\n<td>82<\/td>\n<\/tr>\n<tr>\n<td>255lc-v<\/td>\n<td>140109-00042<\/td>\n<td>1410<\/td>\n<td>1131<\/td>\n<td>117<\/td>\n<td>89<\/td>\n<td>105<\/td>\n<td>35-\u03c625<\/td>\n<td>36-M24*2<\/td>\n<td>82<\/td>\n<\/tr>\n<tr>\n<td>255lc-v<\/td>\n<td>140109-00043<\/td>\n<td>1410<\/td>\n<td>1131<\/td>\n<td>117<\/td>\n<td>89<\/td>\n<td>105<\/td>\n<td>35-\u03c625<\/td>\n<td>36-M24*2<\/td>\n<td>82<\/td>\n<\/tr>\n<tr>\n<td>Dx300LCA<\/td>\n<td>140109-00010A<\/td>\n<td>1475<\/td>\n<td>1165<\/td>\n<td>120<\/td>\n<td>90<\/td>\n<td>110<\/td>\n<td>35<\/td>\n<td>36<\/td>\n<td>85<\/td>\n<\/tr>\n<tr>\n<td>S340<\/td>\n<td>140109-00038<\/td>\n<td>1544<\/td>\n<td>1235<\/td>\n<td>122<\/td>\n<td>87<\/td>\n<td>110<\/td>\n<td>35-\u03c626<\/td>\n<td>40-M24<\/td>\n<td>90<\/td>\n<\/tr>\n<tr>\n<td>S340LC-V<\/td>\n<td>140109-00038<\/td>\n<td>1544<\/td>\n<td>1235<\/td>\n<td>122<\/td>\n<td>87<\/td>\n<td>110<\/td>\n<td>35-\u03c626<\/td>\n<td>40-M24<\/td>\n<td>90<\/td>\n<\/tr>\n<tr>\n<td>S340LC-V<\/td>\n<td>2109-1059a<\/td>\n<td>1544<\/td>\n<td>1235<\/td>\n<td>122<\/td>\n<td>87<\/td>\n<td>110<\/td>\n<td>35-\u03c626<\/td>\n<td>40-M24<\/td>\n<td>90<\/td>\n<\/tr>\n<tr>\n<td>DOOSAN 420<\/td>\n<td>140109-00039<\/td>\n<td>1549<\/td>\n<td>1235<\/td>\n<td>134<\/td>\n<td>103<\/td>\n<td>120<\/td>\n<td>35-\u03c626<\/td>\n<td>40-M24<\/td>\n<td>90<\/td>\n<\/tr>\n<tr>\n<td>S420LC-V<\/td>\n<td>109-00161<\/td>\n<td>1550<\/td>\n<td>1235<\/td>\n<td>135<\/td>\n<td>102<\/td>\n<td>120<\/td>\n<td>35-\u03c626<\/td>\n<td>40-M24<\/td>\n<td>90<\/td>\n<\/tr>\n<tr>\n<td>DX420LC<\/td>\n<td>140109-00007A<\/td>\n<td>1550<\/td>\n<td>1236<\/td>\n<td>132<\/td>\n<td>103<\/td>\n<td>120<\/td>\n<td>35<\/td>\n<td>40<\/td>\n<td>90<\/td>\n<\/tr>\n<tr>\n<td>470<\/td>\n<td>109-00159<\/td>\n<td>1682<\/td>\n<td>1320<\/td>\n<td>139<\/td>\n<td>118<\/td>\n<td>111<\/td>\n<td>44<\/td>\n<td>44<\/td>\n<td>111<\/td>\n<\/tr>\n<\/tbody>\n<\/table>\n<p><img decoding=\"async\" class=\"alignnone wp-image-2788 size-full\" src=\"https:\/\/swingbearing.net\/wp-content\/uploads\/2024\/05\/777.jpg\" alt=\"coronas giratorias\" width=\"1980\" height=\"700\" srcset=\"https:\/\/swingbearing.net\/wp-content\/uploads\/2024\/05\/777.jpg 1980w, https:\/\/swingbearing.net\/wp-content\/uploads\/2024\/05\/777-300x106.jpg 300w, https:\/\/swingbearing.net\/wp-content\/uploads\/2024\/05\/777-1024x362.jpg 1024w, https:\/\/swingbearing.net\/wp-content\/uploads\/2024\/05\/777-768x272.jpg 768w, https:\/\/swingbearing.net\/wp-content\/uploads\/2024\/05\/777-1536x543.jpg 1536w, https:\/\/swingbearing.net\/wp-content\/uploads\/2024\/05\/777-18x6.jpg 18w, https:\/\/swingbearing.net\/wp-content\/uploads\/2024\/05\/777-600x212.jpg 600w\" sizes=\"(max-width: 1980px) 100vw, 1980px\" \/><\/p>\n<p><img decoding=\"async\" class=\"alignnone wp-image-2754 size-full\" src=\"https:\/\/swingbearing.net\/wp-content\/uploads\/2024\/05\/\u672a\u6807\u9898-3_03-e1715445132148.jpg\" alt=\"Rodamiento oscilante\" width=\"1970\" height=\"590\" srcset=\"https:\/\/swingbearing.net\/wp-content\/uploads\/2024\/05\/\u672a\u6807\u9898-3_03-e1715445132148.jpg 1970w, https:\/\/swingbearing.net\/wp-content\/uploads\/2024\/05\/\u672a\u6807\u9898-3_03-e1715445132148-300x90.jpg 300w, https:\/\/swingbearing.net\/wp-content\/uploads\/2024\/05\/\u672a\u6807\u9898-3_03-e1715445132148-1024x307.jpg 1024w, https:\/\/swingbearing.net\/wp-content\/uploads\/2024\/05\/\u672a\u6807\u9898-3_03-e1715445132148-768x230.jpg 768w, https:\/\/swingbearing.net\/wp-content\/uploads\/2024\/05\/\u672a\u6807\u9898-3_03-e1715445132148-1536x460.jpg 1536w, https:\/\/swingbearing.net\/wp-content\/uploads\/2024\/05\/\u672a\u6807\u9898-3_03-e1715445132148-18x5.jpg 18w, https:\/\/swingbearing.net\/wp-content\/uploads\/2024\/05\/\u672a\u6807\u9898-3_03-e1715445132148-600x180.jpg 600w\" sizes=\"(max-width: 1970px) 100vw, 1970px\" \/><\/figure>\n<h2>C\u00edrculo basculante para excavadoras<\/h2>\n<p>Las excavadoras son m\u00e1quinas pesadas muy utilizadas en la construcci\u00f3n, la miner\u00eda y otras industrias para tareas de movimiento de tierras y excavaci\u00f3n. Estas m\u00e1quinas constan de varios componentes, incluyendo el c\u00edrculo de giro de la excavadora, que desempe\u00f1a un papel vital en el buen funcionamiento de la excavadora. El c\u00edrculo de giro o el cojinete de giro es un componente esencial que ayuda en la rotaci\u00f3n de la estructura superior de la excavadora. Si est\u00e1 buscando rodamientos oscilantes de alta calidad para su excavadora, los rodamientos oscilantes para excavadoras DOOSAN y DAEWOO son la opci\u00f3n perfecta para usted.<\/p>\n<p>Los c\u00edrculos oscilantes para excavadoras DOOSAN y DAEWOO son componentes fiables y duraderos que pueden soportar cargas pesadas, temperaturas extremas y entornos dif\u00edciles. Est\u00e1n fabricados con materiales de alta calidad, lo que garantiza su longevidad y un rendimiento superior. Estos c\u00edrculos oscilantes est\u00e1n dise\u00f1ados para reducir la fricci\u00f3n y el desgaste, garantizando un funcionamiento suave y uniforme incluso con cargas pesadas.<\/p>\n<p>Una de las caracter\u00edsticas notables de los rodamientos oscilantes DOOSAN y DAEWOO es su compatibilidad con una amplia gama de modelos de excavadoras, como DH35 DH55 DH60 DH55 DH60 DH80 DH80-7 DH80GOLD DH150 DH200 DH220-3-5 DH280-5 DX60-DX200-DX225 DX260 DH290 DH360 DH420 DH500 DH55-5 DH60\/DX60 DH80\/DH80GLD DH130-5 DH150-7 DX150 DH220-3 DH215-7 DH215-9E DH220-5 DH220-7 DH215-9 DH225-7\/9 DX225-7 DH250-5 DX255-5 DH258-7 DH280 DH290 DH300-5 DH300 DH300-7 DX300-9 DH360-5\/7 DH400-5 DH370-7 DH370-9 DH420 DH450-3 DH500 DH550, y muchos m\u00e1s.<\/p>\n<h3>These swing Circle come in different sizes and configurations to fit the specific requirements of your excavator.<\/h3>\n<p>Si est\u00e1 buscando rodamientos oscilantes para piezas de excavadoras que ofrezcan un rendimiento y una durabilidad superiores, los c\u00edrculos oscilantes para excavadoras DOOSAN y DAEWOO son la elecci\u00f3n perfecta para usted. Estos c\u00edrculos oscilantes est\u00e1n dise\u00f1ados para ofrecer un rendimiento constante y fiable, incluso en las condiciones m\u00e1s exigentes. Son f\u00e1ciles de instalar y mantener, lo que garantiza un funcionamiento sin problemas y una reducci\u00f3n de los costes de mantenimiento.<\/p>\n<p>En conclusi\u00f3n, el cojinete de giro para excavadora DOOSAN y el cojinete de giro para excavadora DAEWOO son excelentes opciones si est\u00e1 buscando cojinetes de giro de alta calidad, duraderos y confiables para su excavadora. Est\u00e1n dise\u00f1ados para ofrecer un rendimiento excepcional, reducir el tiempo de inactividad y mejorar la productividad general. Gracias a su compatibilidad con una amplia gama de excavadoras.<\/p>","protected":false},"excerpt":{"rendered":"<div class=\"woocommerce-product-details__short-description\">\n<p><strong>Pieza<\/strong> #: 140109-00043<br \/>\n<strong>Visite<\/strong>: DOOSAN<br \/>\n<strong>Modelo<\/strong>: 255LC-V<br \/>\nEstado: Nuevo Swing Circle<br \/>\n<strong>M\u00e1s<\/strong>DH550,DH500,DH450-3<br \/>\nDX420LC,Dx300LCA, S140LC-V<\/p>\n<\/div>","protected":false},"featured_media":2858,"template":"","meta":[],"product_brand":[],"product_cat":[22,69],"product_tag":[52],"class_list":{"0":"post-2321","1":"product","2":"type-product","3":"status-publish","4":"has-post-thumbnail","6":"product_cat-swing-bearing","7":"product_cat-doosan-excavator-swing-bearing","8":"product_tag-swing-bearing","10":"first","11":"instock","12":"shipping-taxable","13":"product-type-simple"},"_links":{"self":[{"href":"https:\/\/swingbearing.net\/es\/wp-json\/wp\/v2\/product\/2321","targetHints":{"allow":["GET"]}}],"collection":[{"href":"https:\/\/swingbearing.net\/es\/wp-json\/wp\/v2\/product"}],"about":[{"href":"https:\/\/swingbearing.net\/es\/wp-json\/wp\/v2\/types\/product"}],"wp:featuredmedia":[{"embeddable":true,"href":"https:\/\/swingbearing.net\/es\/wp-json\/wp\/v2\/media\/2858"}],"wp:attachment":[{"href":"https:\/\/swingbearing.net\/es\/wp-json\/wp\/v2\/media?parent=2321"}],"wp:term":[{"taxonomy":"product_brand","embeddable":true,"href":"https:\/\/swingbearing.net\/es\/wp-json\/wp\/v2\/product_brand?post=2321"},{"taxonomy":"product_cat","embeddable":true,"href":"https:\/\/swingbearing.net\/es\/wp-json\/wp\/v2\/product_cat?post=2321"},{"taxonomy":"product_tag","embeddable":true,"href":"https:\/\/swingbearing.net\/es\/wp-json\/wp\/v2\/product_tag?post=2321"}],"curies":[{"name":"wp","href":"https:\/\/api.w.org\/{rel}","templated":true}]}}