{"id":579,"date":"2023-09-27T05:49:33","date_gmt":"2023-09-27T05:49:33","guid":{"rendered":"https:\/\/swingbearing.net\/?post_type=product&#038;p=579"},"modified":"2024-05-15T06:39:37","modified_gmt":"2024-05-15T06:39:37","slug":"swing-bearing-sumitomo","status":"publish","type":"product","link":"https:\/\/swingbearing.net\/de\/produkt\/gelenklager-sumitomo\/","title":{"rendered":"Schwenklager SUMITOMO"},"content":{"rendered":"<h2 class=\"has-text-align-center\" style=\"text-align: center;\">Parameter des SUMITOMO-Schwenklagers<\/h2>\n<figure class=\"wp-block-table is-style-stripes has-small-font-size\">\n<table class=\"has-cyan-bluish-gray-background-color has-background\">\n<tbody>\n<tr>\n<td>Au\u00dfendurchmesser Da<\/td>\n<td>Innendurchmesser Di<\/td>\n<td>Montageh\u00f6he H<\/td>\n<td>Bezeichnung<\/td>\n<\/tr>\n<tr>\n<td>615<\/td>\n<td>451<\/td>\n<td>53<\/td>\n<td>SH50<\/td>\n<\/tr>\n<tr>\n<td>766<\/td>\n<td>560<\/td>\n<td>97<\/td>\n<td>SH60-1<\/td>\n<\/tr>\n<tr>\n<td>1169<\/td>\n<td>971<\/td>\n<td>75<\/td>\n<td>SH120A1<\/td>\n<\/tr>\n<tr>\n<td>1171<\/td>\n<td>973<\/td>\n<td>88<\/td>\n<td>SH120A2<\/td>\n<\/tr>\n<tr>\n<td>1171<\/td>\n<td>973<\/td>\n<td>78<\/td>\n<td>SH120A3<\/td>\n<\/tr>\n<tr>\n<td>1171<\/td>\n<td>973<\/td>\n<td>88<\/td>\n<td>SH120-1<\/td>\n<\/tr>\n<tr>\n<td>1171<\/td>\n<td>973<\/td>\n<td>88<\/td>\n<td>SH120-2<\/td>\n<\/tr>\n<tr>\n<td>1171<\/td>\n<td>973<\/td>\n<td>84<\/td>\n<td>SH265<\/td>\n<\/tr>\n<tr>\n<td>1171<\/td>\n<td>973<\/td>\n<td>84<\/td>\n<td>SH260<\/td>\n<\/tr>\n<tr>\n<td>1330<\/td>\n<td>1093<\/td>\n<td>102<\/td>\n<td>SH200A1a<\/td>\n<\/tr>\n<tr>\n<td>1330<\/td>\n<td>1093<\/td>\n<td>102<\/td>\n<td>SH200A1b<\/td>\n<\/tr>\n<tr>\n<td>1330<\/td>\n<td>1093<\/td>\n<td>102<\/td>\n<td>SH200A2<\/td>\n<\/tr>\n<tr>\n<td>1330<\/td>\n<td>1093<\/td>\n<td>102.5<\/td>\n<td>SH200A3<\/td>\n<\/tr>\n<tr>\n<td>1330<\/td>\n<td>1093<\/td>\n<td>102<\/td>\n<td>SH200C2<\/td>\n<\/tr>\n<tr>\n<td>1330<\/td>\n<td>1093<\/td>\n<td>102<\/td>\n<td>SH200C3<\/td>\n<\/tr>\n<tr>\n<td>1330<\/td>\n<td>1093<\/td>\n<td>102<\/td>\n<td>SH200Z3<\/td>\n<\/tr>\n<tr>\n<td>1375<\/td>\n<td>1095<\/td>\n<td>123<\/td>\n<td>SH220-2<\/td>\n<\/tr>\n<tr>\n<td>1330<\/td>\n<td>1084<\/td>\n<td>103<\/td>\n<td>210-5<\/td>\n<\/tr>\n<tr>\n<td>1330<\/td>\n<td>1084<\/td>\n<td>103<\/td>\n<td>210-5<\/td>\n<\/tr>\n<tr>\n<td>1375<\/td>\n<td>1094<\/td>\n<td>121<\/td>\n<td>SH220-3<\/td>\n<\/tr>\n<tr>\n<td>1329<\/td>\n<td>1093<\/td>\n<td>103<\/td>\n<td>SH225<\/td>\n<\/tr>\n<tr>\n<td>1376<\/td>\n<td>1092<\/td>\n<td>123<\/td>\n<td>SH240-3<\/td>\n<\/tr>\n<tr>\n<td>1377<\/td>\n<td>1094<\/td>\n<td>123<\/td>\n<td>SH240-5<\/td>\n<\/tr>\n<tr>\n<td>1330<\/td>\n<td>1082<\/td>\n<td>99<\/td>\n<td>SH280<\/td>\n<\/tr>\n<tr>\n<td>1510<\/td>\n<td>1193<\/td>\n<td>135<\/td>\n<td>SH350<\/td>\n<\/tr>\n<tr>\n<td>1463<\/td>\n<td>1191<\/td>\n<td>135<\/td>\n<td>SH430<\/td>\n<\/tr>\n<\/tbody>\n<\/table>\n<\/figure>\n<p>Wenn Sie auf der Suche nach einem hochwertigen Schwenklager f\u00fcr Ihren Bagger sind, sind Sie bei SUMITOMO genau richtig. Die Baggerschwenklager werden nach den h\u00f6chsten Standards entwickelt und hergestellt, um selbst bei den anspruchsvollsten Anwendungen eine zuverl\u00e4ssige und langlebige Leistung zu gew\u00e4hrleisten.<\/p>\n<p>SUMITOMO bietet eine breite Palette von Baggerschwenklagern f\u00fcr verschiedene Modelle an, darunter SH55, SH60, SH75, SH50, SH100, SH120, SH125, SH135, SH140, SH145, SH200, SH200-3-5, SH220-2-3, SH240, SH225, SH260, SH265, SH280, SH300, SH340, SH350, SH400, SH430, SH450, SH40T, SH60-1, SH100A1, SH120, SH120A1, SH120A2, SH120A3, SH200A1, SH200A3, SH210A3, SH210A5, SH220-2, SH220-3, SH225, SH260, SH265, SH240-5, SH340, SH300A2, und SH350.<\/p>\n<p>Diese Baggerdrehlager werden unter Verwendung hochwertiger Materialien und pr\u00e4ziser Konstruktionstechniken hergestellt, die eine hervorragende Leistung und Langlebigkeit gew\u00e4hrleisten. Das Drehkranzlager ist eine der kritischsten Komponenten eines Baggers, und die Drehkranzlager von SUMITOMO sind so konstruiert, dass sie den harten Anforderungen von Schwerlastanwendungen standhalten.<br \/>\nEiner der Hauptvorteile der Baggerschwenklager von SUMITOMO ist ihre hervorragende Tragf\u00e4higkeit. Die Lager sind so konstruiert, dass sie hohe axiale und radiale Lasten aufnehmen k\u00f6nnen, was sie ideal f\u00fcr anspruchsvolle Anwendungen macht. Dar\u00fcber hinaus sind die Lager f\u00fcr den Betrieb bei hohen Drehzahlen ausgelegt, was schnellere Zykluszeiten und eine h\u00f6here Produktivit\u00e4t erm\u00f6glicht.<\/p>\n<p>Ein weiterer wichtiger Vorteil der Baggerschwenklager von SUMITOMO ist ihre geringe Reibung und hohe Pr\u00e4zision. Diese Eigenschaften tragen dazu bei, den Verschlei\u00df der Lager zu minimieren, die Wartungskosten zu senken und die Lebensdauer der Lager zu verl\u00e4ngern. Zusammenfassend l\u00e4sst sich sagen, dass SUMITOMO eine ausgezeichnete Wahl ist, wenn Sie ein zuverl\u00e4ssiges und hochwertiges Baggerdrehkranzlager suchen. Die Produkte von SUMITOMO sind f\u00fcr die Anforderungen von Schwerlastanwendungen ausgelegt und bieten eine hervorragende Tragf\u00e4higkeit, geringe Reibung und hohe Pr\u00e4zision. Ganz gleich, ob Sie im Baugewerbe, im Bergbau oder in einer anderen Schwerindustrie t\u00e4tig sind, die Baggerdrehverbindungen von SUMITOMO helfen Ihnen, die Arbeit effizient und zuverl\u00e4ssig zu erledigen.<\/p>\n<p>Wir k\u00f6nnen Ihnen alternative Schwenklager f\u00fcr Ihre\u00a0 <a href=\"https:\/\/national-bearing.com\/excavator-swing-bearings-slewing-rings-cat\/\" target=\"_blank\" rel=\"noopener\">CAT<\/a>HITACHI, KOMATSU,KOBELCO, HYUNDAI, VOLVO, DOOSAN, DAEWOO, JCB,CASE, SUMITOMO, KATO.Es gibt normale und nicht standardm\u00e4\u00dfige \u00fcber 1000 Hunderte von Typen f\u00fcr Sie zur Auswahl.<\/p>\n<figure class=\"wp-block-table aligncenter\"><\/figure>","protected":false},"excerpt":{"rendered":"<p>SUMITOMO Schwenklager<br \/>\nModell: SH430, SH350,SH280<br \/>\nSH265,SH240-5, SH240-3,SH225<\/p>","protected":false},"featured_media":136,"template":"","meta":[],"product_brand":[],"product_cat":[22,58],"product_tag":[],"class_list":{"0":"post-579","1":"product","2":"type-product","3":"status-publish","4":"has-post-thumbnail","6":"product_cat-swing-bearing","7":"product_cat-cat-excavator-swing-bearing","9":"first","10":"instock","11":"shipping-taxable","12":"product-type-simple"},"_links":{"self":[{"href":"https:\/\/swingbearing.net\/de\/wp-json\/wp\/v2\/product\/579","targetHints":{"allow":["GET"]}}],"collection":[{"href":"https:\/\/swingbearing.net\/de\/wp-json\/wp\/v2\/product"}],"about":[{"href":"https:\/\/swingbearing.net\/de\/wp-json\/wp\/v2\/types\/product"}],"wp:featuredmedia":[{"embeddable":true,"href":"https:\/\/swingbearing.net\/de\/wp-json\/wp\/v2\/media\/136"}],"wp:attachment":[{"href":"https:\/\/swingbearing.net\/de\/wp-json\/wp\/v2\/media?parent=579"}],"wp:term":[{"taxonomy":"product_brand","embeddable":true,"href":"https:\/\/swingbearing.net\/de\/wp-json\/wp\/v2\/product_brand?post=579"},{"taxonomy":"product_cat","embeddable":true,"href":"https:\/\/swingbearing.net\/de\/wp-json\/wp\/v2\/product_cat?post=579"},{"taxonomy":"product_tag","embeddable":true,"href":"https:\/\/swingbearing.net\/de\/wp-json\/wp\/v2\/product_tag?post=579"}],"curies":[{"name":"wp","href":"https:\/\/api.w.org\/{rel}","templated":true}]}}