{"id":577,"date":"2023-09-27T05:44:31","date_gmt":"2023-09-27T05:44:31","guid":{"rendered":"https:\/\/swingbearing.net\/?post_type=product&#038;p=577"},"modified":"2024-05-15T06:41:28","modified_gmt":"2024-05-15T06:41:28","slug":"swing-bearing-yuchai","status":"publish","type":"product","link":"https:\/\/swingbearing.net\/de\/produkt\/swing-bearing-yuchai\/","title":{"rendered":"Schwenklager YUCHAI"},"content":{"rendered":"<h4 style=\"text-align: center;\">Parameter des HITACHI-Schwenklagers<\/h4>\n<figure class=\"wp-block-table is-style-stripes has-small-font-size\">\n<table class=\"has-cyan-bluish-gray-background-color has-background\">\n<tbody>\n<tr>\n<td>\u00c4u\u00dferer Durchmesser (Da)<\/td>\n<td>Innendurchmesser (Di)<\/td>\n<td>Montageh\u00f6he (H)<\/td>\n<td>Bezeichnung<\/td>\n<\/tr>\n<tr>\n<td>545<\/td>\n<td>380<\/td>\n<td>50<\/td>\n<td>YC13<\/td>\n<\/tr>\n<tr>\n<td>573<\/td>\n<td>380<\/td>\n<td>55<\/td>\n<td>YC15<\/td>\n<\/tr>\n<tr>\n<td>573<\/td>\n<td>380<\/td>\n<td>55<\/td>\n<td>YC18-3<\/td>\n<\/tr>\n<tr>\n<td>573<\/td>\n<td>380<\/td>\n<td>55<\/td>\n<td>YC20<\/td>\n<\/tr>\n<tr>\n<td>640<\/td>\n<td>473<\/td>\n<td>55<\/td>\n<td>YC35<\/td>\n<\/tr>\n<tr>\n<td>640<\/td>\n<td>471<\/td>\n<td>55<\/td>\n<td>YC35<\/td>\n<\/tr>\n<tr>\n<td>800<\/td>\n<td>590<\/td>\n<td>70<\/td>\n<td>YC55<\/td>\n<\/tr>\n<tr>\n<td>800<\/td>\n<td>590<\/td>\n<td>70<\/td>\n<td>YC60(86Z)<\/td>\n<\/tr>\n<tr>\n<td>812<\/td>\n<td>623<\/td>\n<td>75<\/td>\n<td>YC6-5T(90Z)<\/td>\n<\/tr>\n<tr>\n<td>811<\/td>\n<td>621<\/td>\n<td>75<\/td>\n<td>YC65-2<\/td>\n<\/tr>\n<tr>\n<td>922<\/td>\n<td>635<\/td>\n<td>104<\/td>\n<td>YC85<\/td>\n<\/tr>\n<tr>\n<td>922<\/td>\n<td>635<\/td>\n<td>104<\/td>\n<td>YC85-3<\/td>\n<\/tr>\n<tr>\n<td>922<\/td>\n<td>635<\/td>\n<td>104<\/td>\n<td>YC85-5<\/td>\n<\/tr>\n<tr>\n<td>922<\/td>\n<td>635<\/td>\n<td>104<\/td>\n<td>YC85-6<\/td>\n<\/tr>\n<tr>\n<td>922<\/td>\n<td>635<\/td>\n<td>104<\/td>\n<td>YC85-7<\/td>\n<\/tr>\n<tr>\n<td>1195<\/td>\n<td>963<\/td>\n<td>85<\/td>\n<td>YC135,10T<\/td>\n<\/tr>\n<tr>\n<td>1323<\/td>\n<td>1071<\/td>\n<td>104<\/td>\n<td>YC210-8<\/td>\n<\/tr>\n<tr>\n<td>1327<\/td>\n<td>1083<\/td>\n<td>110<\/td>\n<td>YC230-8<\/td>\n<\/tr>\n<tr>\n<td>1534<\/td>\n<td>1238<\/td>\n<td>125<\/td>\n<td>YC350<\/td>\n<\/tr>\n<tr>\n<td>1327<\/td>\n<td>1083<\/td>\n<td>110<\/td>\n<td>YC225<\/td>\n<\/tr>\n<tr>\n<td>1534<\/td>\n<td>1238<\/td>\n<td>125<\/td>\n<td>YC400-8<\/td>\n<\/tr>\n<\/tbody>\n<\/table>\n<\/figure>\n<p>Sie suchen hochwertige Baggerschwenklager? Suchen Sie nicht weiter als Yuchai! Mit unserer fortschrittlichen Technologie und umfangreichen Erfahrung in diesem Bereich sind wir stolz darauf, eine breite Palette von hochwertigen Gro\u00dfw\u00e4lzlagern f\u00fcr Bagger aller Gr\u00f6\u00dfen und Modelle anbieten zu k\u00f6nnen.<br \/>\nUnsere Gro\u00dfw\u00e4lzlager werden nur aus den hochwertigsten Materialien und mit den besten Produktionsmethoden hergestellt, um eine lange Lebensdauer und Zuverl\u00e4ssigkeit zu gew\u00e4hrleisten. Ganz gleich, ob Sie ein Schwenklager f\u00fcr die Baggermodelle YC13, YC18, YC18-3, YC35, YC45, YC55, YC65, YC65-2, YC85, YC85-3, YC135, YC225LC oder YC230 ben\u00f6tigen, wir haben die perfekte L\u00f6sung f\u00fcr Ihren Bedarf.<\/p>\n<p>Unsere Schwenklager sind so konzipiert, dass sie den h\u00e4rtesten Arbeitsbedingungen standhalten und eine optimale Leistung und Langlebigkeit gew\u00e4hrleisten. Wir bieten eine breite Palette von Gr\u00f6\u00dfen und Konfigurationen f\u00fcr alle Arten von Baggern, von kleinen und kompakten bis hin zu gro\u00dfen und schweren.<br \/>\nUnser Angebot an Baggerdrehverbindungen umfasst Drehkranzlager, Drehtischlager und Gro\u00dfw\u00e4lzlager, <a href=\"https:\/\/swingbearing.net\/de\/gear-box-parts\/\">Baggerteile<\/a> Pendellager und mehr. Ganz gleich, wie Ihre Bed\u00fcrfnisse aussehen, wir haben die perfekte L\u00f6sung f\u00fcr Sie.<\/p>\n<p>Wir bei Yuchai sind bestrebt, unseren Kunden Produkte von h\u00f6chster Qualit\u00e4t und den bestm\u00f6glichen Service zu bieten. Unser Expertenteam steht Ihnen jederzeit zur Verf\u00fcgung, um Ihre Fragen zu beantworten und Ihnen zu helfen, die perfekte L\u00f6sung f\u00fcr Ihren Baggerbedarf zu finden.<\/p>\n<p>Warum also warten? Setzen Sie sich noch heute mit uns in Verbindung, um mehr \u00fcber unser Angebot an Baggerdrehverbindungen zu erfahren und um herauszufinden, wie wir Ihnen helfen k\u00f6nnen, die Leistung Ihres Baggers auf die n\u00e4chste Stufe zu heben. Wir freuen uns auf die Zusammenarbeit mit Ihnen!<\/p>\n<p>Wir k\u00f6nnen alternative Schwingkreis f\u00fcr Ihre CAT, HITACHI, KOMATSU, KOBELCO, HYUNDAI, VOLVO, DOOSAN, DAEWOO, JCB, CASE, SUMITOMO, KATO.There sind normale und nicht-Standard \u00fcber 1000 Hunderte Arten f\u00fcr Sie w\u00e4hlen.<\/p>\n<figure class=\"wp-block-image size-full is-resized\"><a href=\"https:\/\/swingbearing.net\/de\/swing-bearing\/\"><img decoding=\"async\" class=\"alignnone wp-image-177\" src=\"https:\/\/national-bearing.com\/wp-content\/uploads\/2023\/04\/0001.jpg\" sizes=\"(max-width: 843px) 100vw, 843px\" srcset=\"https:\/\/national-bearing.com\/wp-content\/uploads\/2023\/04\/0001.jpg 600w, https:\/\/national-bearing.com\/wp-content\/uploads\/2023\/04\/0001-300x200.jpg 300w\" alt=\"\" width=\"462\" height=\"308\" \/><\/a><\/figure>","protected":false},"excerpt":{"rendered":"<p>YUCHAI Schwenklager<br \/>\nModel:YC400-8,YC225,YC230-8<br \/>\nYC350,YC210-8,YC85-7,YC85-5<\/p>","protected":false},"featured_media":136,"template":"","meta":[],"product_brand":[],"product_cat":[22],"product_tag":[],"class_list":{"0":"post-577","1":"product","2":"type-product","3":"status-publish","4":"has-post-thumbnail","6":"product_cat-swing-bearing","8":"first","9":"instock","10":"shipping-taxable","11":"product-type-simple"},"_links":{"self":[{"href":"https:\/\/swingbearing.net\/de\/wp-json\/wp\/v2\/product\/577","targetHints":{"allow":["GET"]}}],"collection":[{"href":"https:\/\/swingbearing.net\/de\/wp-json\/wp\/v2\/product"}],"about":[{"href":"https:\/\/swingbearing.net\/de\/wp-json\/wp\/v2\/types\/product"}],"wp:featuredmedia":[{"embeddable":true,"href":"https:\/\/swingbearing.net\/de\/wp-json\/wp\/v2\/media\/136"}],"wp:attachment":[{"href":"https:\/\/swingbearing.net\/de\/wp-json\/wp\/v2\/media?parent=577"}],"wp:term":[{"taxonomy":"product_brand","embeddable":true,"href":"https:\/\/swingbearing.net\/de\/wp-json\/wp\/v2\/product_brand?post=577"},{"taxonomy":"product_cat","embeddable":true,"href":"https:\/\/swingbearing.net\/de\/wp-json\/wp\/v2\/product_cat?post=577"},{"taxonomy":"product_tag","embeddable":true,"href":"https:\/\/swingbearing.net\/de\/wp-json\/wp\/v2\/product_tag?post=577"}],"curies":[{"name":"wp","href":"https:\/\/api.w.org\/{rel}","templated":true}]}}