{"id":575,"date":"2023-09-27T05:22:14","date_gmt":"2023-09-27T05:22:14","guid":{"rendered":"https:\/\/swingbearing.net\/?post_type=product&#038;p=575"},"modified":"2024-05-15T06:44:50","modified_gmt":"2024-05-15T06:44:50","slug":"swing-bearing-liugong","status":"publish","type":"product","link":"https:\/\/swingbearing.net\/de\/produkt\/gelenklager-liugong\/","title":{"rendered":"Schwenklager LIUGONG"},"content":{"rendered":"<h2 style=\"text-align: center;\">LIUGONG Schaukellager Parameter<\/h2>\n<figure class=\"wp-block-table is-style-stripes has-small-font-size\">\n<table class=\"has-cyan-bluish-gray-background-color has-background\">\n<tbody>\n<tr>\n<td width=\"52\">Modell<\/td>\n<td width=\"62\">Teil Nummer<\/td>\n<td width=\"81\">\u00c4u\u00dferer Durchmesser<\/td>\n<td width=\"111\">Innendurchmesser<\/td>\n<td width=\"77\">Gesamth\u00f6he<\/td>\n<td width=\"77\">\u00c4u\u00dfere H\u00f6he<\/td>\n<td width=\"104\">Innere H\u00f6he<\/td>\n<td width=\"141\">Parameter des Au\u00dfenlochs<\/td>\n<td width=\"103\">Parameter der Innenbohrung<\/td>\n<td width=\"85\">Anzahl von Z\u00e4hnen<\/td>\n<\/tr>\n<tr>\n<td width=\"52\">922<\/td>\n<td width=\"62\">26b0272<\/td>\n<td width=\"81\">1405<\/td>\n<td width=\"111\">1129<\/td>\n<td width=\"77\">100<\/td>\n<td width=\"77\">70<\/td>\n<td width=\"104\">90<\/td>\n<td width=\"141\">36-\u03c624 ungleichm\u00e4\u00dfig<\/td>\n<td width=\"103\">36-M22<\/td>\n<td width=\"85\">95<\/td>\n<\/tr>\n<tr>\n<td width=\"52\">922<\/td>\n<td width=\"62\">26b0122<\/td>\n<td width=\"81\">1405<\/td>\n<td width=\"111\">1129<\/td>\n<td width=\"77\">100<\/td>\n<td width=\"77\">70<\/td>\n<td width=\"104\">90<\/td>\n<td width=\"141\">36-\u03c624 ungleichm\u00e4\u00dfig<\/td>\n<td width=\"103\">36-M22<\/td>\n<td width=\"85\">95<\/td>\n<\/tr>\n<tr>\n<td width=\"52\">922<\/td>\n<td width=\"62\">26b0010<\/td>\n<td width=\"81\">1405<\/td>\n<td width=\"111\">1129<\/td>\n<td width=\"77\">100<\/td>\n<td width=\"77\">70<\/td>\n<td width=\"104\">90<\/td>\n<td width=\"141\">36 Gleichm\u00e4\u00dfig verteilt<\/td>\n<td width=\"103\">36-M22<\/td>\n<td width=\"85\">91<\/td>\n<\/tr>\n<tr>\n<td width=\"52\">LG922D<\/td>\n<td width=\"62\">26B0122<\/td>\n<td width=\"81\">1405<\/td>\n<td width=\"111\">1129<\/td>\n<td width=\"77\">100<\/td>\n<td width=\"77\">70<\/td>\n<td width=\"104\">90<\/td>\n<td width=\"141\">36-\u03c624 ungleichm\u00e4\u00dfig<\/td>\n<td width=\"103\">36-M22<\/td>\n<td width=\"85\">95<\/td>\n<\/tr>\n<tr>\n<td width=\"52\"><strong><b>936D<\/b><\/strong><\/td>\n<td width=\"62\">26B0120<\/td>\n<td width=\"81\">1658<\/td>\n<td width=\"111\">1334.3<\/td>\n<td width=\"77\">125<\/td>\n<td width=\"77\">82<\/td>\n<td width=\"104\">115<\/td>\n<td width=\"141\">40-\u03c626 ungleichm\u00e4\u00dfig<\/td>\n<td width=\"103\">40-M24 Gleichm\u00e4\u00dfig verteilt<\/td>\n<td width=\"85\">97<\/td>\n<\/tr>\n<\/tbody>\n<\/table>\n<\/figure>\n<h5 class=\"wp-block-heading has-medium-font-size\">Liugong Bagger Schwenklager<\/h5>\n<p>Liugong Baggerschwenklager: Eine langlebige und zuverl\u00e4ssige Wahl f\u00fcr Ihren Bagger<br \/>\nSchwenklager, auch Drehkranzlager genannt, sind ein wesentlicher Bestandteil von Baggern. Diese Lager sorgen daf\u00fcr, dass sich der Oberwagen des Baggers reibungslos und sicher drehen kann. Baggerschwenklager spielen eine entscheidende Rolle f\u00fcr die Leistung und Zuverl\u00e4ssigkeit der Maschine. Aus diesem Grund ist die Wahl hochwertiger Gro\u00dfw\u00e4lzlager f\u00fcr die Langlebigkeit und Effizienz Ihres Baggers von entscheidender Bedeutung.<br \/>\nLiugong ist eine renommierte Marke in der Baumaschinenindustrie und bietet eine Reihe von Bagger-Drehverbindungen an, die f\u00fcr ihre Langlebigkeit und Zuverl\u00e4ssigkeit bekannt sind. Die Liugong Baggerschwenklager sind f\u00fcr raue Bedingungen und schwere Lasten ausgelegt, so dass Ihr Bagger jede Aufgabe bew\u00e4ltigen kann, ob gro\u00df oder klein.<\/p>\n<h5 class=\"wp-block-heading has-medium-font-size\">Anwendbares Baggerschwenklager-Modell<\/h5>\n<p class=\"has-text-align-left\">Die folgenden Modelle von Liugong Baggerschwenklager sind verf\u00fcgbar: CLG904, CLG9055, CLG906, CLG907, CLG9075, CLG908, CLG915, CLG150, CLG920, CLG921, CLG922, CLG225, CLG924, CLG925, CLG933, CLG936, CLG939, CLG942, CLG948, CLG950, CLG952, CLG200, CLG205, CLG220, und CLG225.<br \/>\nDiese Liugong Baggerdrehverbindungen sind mit Pr\u00e4zision und Genauigkeit konstruiert, um optimale Leistung und Haltbarkeit zu gew\u00e4hrleisten. Aus hochwertigen Materialien gefertigt, halten sie extremen Witterungsbedingungen und schweren Anwendungen stand.<br \/>\nDas Engagement von Liugong f\u00fcr Qualit\u00e4t und Zuverl\u00e4ssigkeit spiegelt sich in jedem Aspekt seiner Produkte wider, und die Baggerschwenklager sind da keine Ausnahme. Sie sind so konstruiert, dass sie eine ausgezeichnete Tragf\u00e4higkeit und hohe Pr\u00e4zision bieten, um sicherzustellen, dass Ihr Bagger reibungslos und effizient l\u00e4uft.<br \/>\nZus\u00e4tzlich zu ihren Leistungsvorteilen sind Liugong-Baggerdrehverbindungen auch einfach zu installieren und erfordern nur minimale Wartung, was Ausfallzeiten und Reparaturkosten reduziert.<br \/>\nWenn es um die Auswahl von Baggerteilen mit Schwenklager geht, ist die Wahl einer hochwertigen Marke wie Liugong entscheidend f\u00fcr die Langlebigkeit und Zuverl\u00e4ssigkeit Ihrer Maschine. Die Baggerschwinglager von Liugong sind so konzipiert, dass sie die beste Leistung, Haltbarkeit und Zuverl\u00e4ssigkeit bieten, was sie zu einer ausgezeichneten Wahl f\u00fcr jedes Aushubprojekt macht.<br \/>\nZusammenfassend l\u00e4sst sich sagen, dass Sie bei der Suche nach hochwertigen Baggerdrehverbindungen bei Liugong an der richtigen Adresse sind. Mit ihrem Angebot an langlebigen und zuverl\u00e4ssigen Drehkranzlagern k\u00f6nnen Sie sicher sein, dass Ihr Bagger effizient und reibungslos arbeitet und Ihnen die Leistung und Zuverl\u00e4ssigkeit bietet, die Sie f\u00fcr Ihre Arbeit ben\u00f6tigen.<br \/>\nWir k\u00f6nnen alternative Schwingkreise f\u00fcr Ihre ,<a href=\"https:\/\/national-bearing.com\/excavator-swing-bearings-slewing-rings-cat\/\" target=\"_blank\" rel=\"noopener\">\u00a0CAT<\/a>HITACHI, KOMATSU, KOBELCO, HYUNDAI, VOLVO, DOOSAN, DAEWOO, JCB, CASE, SUMITOMO, KATO, ,Es gibt normale und nicht standardisierte \u00fcber 1000 Hunderte von Typen f\u00fcr Sie w\u00e4hlen.<\/p>\n<figure class=\"wp-block-image size-full\"><\/figure>\n<p>Wir stehen Ihnen f\u00fcr jeden Typ, jedes Modell und jedes Fabrikat von Drehverbindungen zur Verf\u00fcgung und beraten Sie gerne bei Ihren Fragen.<\/p>\n<figure class=\"wp-block-table\">\n<table>\n<tbody>\n<tr>\n<td><img decoding=\"async\" class=\"wp-image-177\" src=\"https:\/\/national-bearing.com\/wp-content\/uploads\/2023\/04\/0001.jpg\" sizes=\"(max-width: 600px) 100vw, 600px\" srcset=\"https:\/\/national-bearing.com\/wp-content\/uploads\/2023\/04\/0001.jpg 600w, https:\/\/national-bearing.com\/wp-content\/uploads\/2023\/04\/0001-300x200.jpg 300w\" alt=\"Baggerschwenklager \" width=\"600\" height=\"400\" \/><\/td>\n<td><img decoding=\"async\" class=\"wp-image-643\" src=\"https:\/\/national-bearing.com\/wp-content\/uploads\/2023\/04\/66.jpg\" sizes=\"(max-width: 600px) 100vw, 600px\" srcset=\"https:\/\/national-bearing.com\/wp-content\/uploads\/2023\/04\/66.jpg 600w, https:\/\/national-bearing.com\/wp-content\/uploads\/2023\/04\/66-300x200.jpg 300w\" alt=\"Baggerschwenklager-Messung\" width=\"600\" height=\"400\" \/><\/td>\n<\/tr>\n<\/tbody>\n<\/table>\n<\/figure>","protected":false},"excerpt":{"rendered":"<p>LIUGONG Schaukellager<br \/>\nModel:CLG950,CLG948,LG922D<br \/>\nCLG907,CLG9075,CLG952,CLG904<\/p>","protected":false},"featured_media":136,"template":"","meta":[],"product_brand":[],"product_cat":[22,73],"product_tag":[],"class_list":{"0":"post-575","1":"product","2":"type-product","3":"status-publish","4":"has-post-thumbnail","6":"product_cat-swing-bearing","7":"product_cat-liugong-excavator-swing-bearing","9":"first","10":"instock","11":"shipping-taxable","12":"product-type-simple"},"_links":{"self":[{"href":"https:\/\/swingbearing.net\/de\/wp-json\/wp\/v2\/product\/575","targetHints":{"allow":["GET"]}}],"collection":[{"href":"https:\/\/swingbearing.net\/de\/wp-json\/wp\/v2\/product"}],"about":[{"href":"https:\/\/swingbearing.net\/de\/wp-json\/wp\/v2\/types\/product"}],"wp:featuredmedia":[{"embeddable":true,"href":"https:\/\/swingbearing.net\/de\/wp-json\/wp\/v2\/media\/136"}],"wp:attachment":[{"href":"https:\/\/swingbearing.net\/de\/wp-json\/wp\/v2\/media?parent=575"}],"wp:term":[{"taxonomy":"product_brand","embeddable":true,"href":"https:\/\/swingbearing.net\/de\/wp-json\/wp\/v2\/product_brand?post=575"},{"taxonomy":"product_cat","embeddable":true,"href":"https:\/\/swingbearing.net\/de\/wp-json\/wp\/v2\/product_cat?post=575"},{"taxonomy":"product_tag","embeddable":true,"href":"https:\/\/swingbearing.net\/de\/wp-json\/wp\/v2\/product_tag?post=575"}],"curies":[{"name":"wp","href":"https:\/\/api.w.org\/{rel}","templated":true}]}}