{"id":574,"date":"2023-09-27T05:19:35","date_gmt":"2023-09-27T05:19:35","guid":{"rendered":"https:\/\/swingbearing.net\/?post_type=product&#038;p=574"},"modified":"2024-06-12T02:15:53","modified_gmt":"2024-06-12T02:15:53","slug":"swing-bearings-sany","status":"publish","type":"product","link":"https:\/\/swingbearing.net\/de\/produkt\/swing-bearings-sany\/","title":{"rendered":"Schwenklager SANY"},"content":{"rendered":"<h2 style=\"text-align: center;\">SANY Schwenklager Parameter<\/h2>\n<figure class=\"wp-block-table is-style-stripes has-small-font-size\">\n<table class=\"has-cyan-bluish-gray-background-color has-background\">\n<tbody>\n<tr>\n<td>Au\u00dfendurchmesser Da<\/td>\n<td>Innendurchmesser Di<\/td>\n<td>Montageh\u00f6he H<\/td>\n<td>Bezeichnung<\/td>\n<\/tr>\n<tr>\n<td>811<\/td>\n<td>622<\/td>\n<td>75<\/td>\n<td>SY65<\/td>\n<\/tr>\n<tr>\n<td>810<\/td>\n<td>621<\/td>\n<td>75<\/td>\n<td>SY75(90Z)<\/td>\n<\/tr>\n<tr>\n<td>811<\/td>\n<td>601.6<\/td>\n<td>75<\/td>\n<td>SY75(76Z)<\/td>\n<\/tr>\n<tr>\n<td>1122<\/td>\n<td>821<\/td>\n<td>100<\/td>\n<td>SY135<\/td>\n<\/tr>\n<tr>\n<td>1327<\/td>\n<td>1071<\/td>\n<td>99.5<\/td>\n<td>SY185<\/td>\n<\/tr>\n<tr>\n<td>1327<\/td>\n<td>1071<\/td>\n<td>99.5<\/td>\n<td>SY195<\/td>\n<\/tr>\n<tr>\n<td>1322<\/td>\n<td>1071<\/td>\n<td>100<\/td>\n<td>SY200<\/td>\n<\/tr>\n<tr>\n<td>1327<\/td>\n<td>1071<\/td>\n<td>99.5<\/td>\n<td>SY205<\/td>\n<\/tr>\n<tr>\n<td>1322<\/td>\n<td>1071<\/td>\n<td>100<\/td>\n<td>SY210<\/td>\n<\/tr>\n<tr>\n<td>1322<\/td>\n<td>1071<\/td>\n<td>100<\/td>\n<td>SY215-7<\/td>\n<\/tr>\n<tr>\n<td>1322<\/td>\n<td>1071<\/td>\n<td>100<\/td>\n<td>SY215-8<\/td>\n<\/tr>\n<tr>\n<td>1322<\/td>\n<td>1071<\/td>\n<td>100<\/td>\n<td>SY215-9<\/td>\n<\/tr>\n<tr>\n<td>1320<\/td>\n<td>1071<\/td>\n<td>100<\/td>\n<td>SY215<\/td>\n<\/tr>\n<tr>\n<td>1327<\/td>\n<td>1071<\/td>\n<td>99.5<\/td>\n<td>SY235<\/td>\n<\/tr>\n<tr>\n<td>1532<\/td>\n<td>1235<\/td>\n<td>125<\/td>\n<td>SY300<\/td>\n<\/tr>\n<tr>\n<td>1550<\/td>\n<td>1238<\/td>\n<td>152<\/td>\n<td>SY305<\/td>\n<\/tr>\n<tr>\n<td>1532<\/td>\n<td>1235<\/td>\n<td>125<\/td>\n<td>SY310<\/td>\n<\/tr>\n<tr>\n<td>1550<\/td>\n<td>1238<\/td>\n<td>152<\/td>\n<td>SY335<\/td>\n<\/tr>\n<tr>\n<td>1532<\/td>\n<td>1235<\/td>\n<td>125<\/td>\n<td>SY360<\/td>\n<\/tr>\n<tr>\n<td>1550<\/td>\n<td>1238<\/td>\n<td>152<\/td>\n<td>SY365<\/td>\n<\/tr>\n<tr>\n<td>1550<\/td>\n<td>1238.5<\/td>\n<td>152<\/td>\n<td>SY420<\/td>\n<\/tr>\n<\/tbody>\n<\/table>\n<\/figure>\n<p>Sany Baggerschwenklager sind wesentliche Bestandteile des Schwenksystems eines jeden Baggers. Diese Lager erm\u00f6glichen es dem Bagger, sich zu drehen und zu schwenken, so dass die Bediener eine breite Palette von Grab-, Hebe- und Ladeaufgaben mit Leichtigkeit durchf\u00fchren k\u00f6nnen. Bei Sany bieten wir eine Reihe von hochwertigen Gro\u00dfw\u00e4lzlagern an, die speziell f\u00fcr Bagger entwickelt wurden, darunter Modelle f\u00fcr die Baggermodelle SY55, SY60, SY65, SY70, SY75, SY85, SY95, SY115, SY135, SY155, SY195, SY200, SY205, SY215, SY220, SY225, SY235, SY245, SY285, SY305, SY335, SY365, SY375, SY395, SY415, und SY485.<\/p>\n<p>Unsere Sany Baggerschwenklager sind so konstruiert, dass sie auch unter den h\u00e4rtesten Arbeitsbedingungen optimale Leistung und Haltbarkeit bieten. Sie werden aus hochwertigen Materialien wie Schmiedestahl und speziellem Lagerstahl hergestellt und verf\u00fcgen \u00fcber fortschrittliche Fertigungsverfahren, die sicherstellen, dass sie pr\u00e4zise, zuverl\u00e4ssig und langlebig sind.<\/p>\n<p>Einer der Hauptvorteile unserer Sany-Baggerdrehverbindungen ist ihre F\u00e4higkeit, schweren Lasten und extremen Betriebsbedingungen standzuhalten. Sie sind so konstruiert, dass sie sowohl axialen und radialen Belastungen als auch hohen Sto\u00df- und Vibrationsbelastungen standhalten, was sie ideal f\u00fcr den Einsatz in anspruchsvollen Anwendungen wie Bergbau, Bauwesen und Forstwirtschaft macht.<\/p>\n<p>Unsere Sany Bagger-Gro\u00dfw\u00e4lzlager sind nicht nur robust und langlebig, sondern auch einfach zu montieren und zu warten. Sie sind so konstruiert, dass sie leicht einzubauen und auszutauschen sind und nur minimale Wartung erfordern, um eine optimale Leistung und Langlebigkeit zu gew\u00e4hrleisten.Bei Sany sind wir bestrebt, unseren Kunden Produkte und Dienstleistungen von h\u00f6chster Qualit\u00e4t zu bieten, und unsere Sany Baggerdrehverbindungen sind da keine Ausnahme. Ganz gleich, ob Sie ein Ersatzlager f\u00fcr einen vorhandenen Bagger suchen oder eine neue Maschine ausstatten wollen, unser Expertenteam kann Ihnen helfen, die perfekte L\u00f6sung f\u00fcr Ihre Bed\u00fcrfnisse zu finden.<\/p>\n<p>Zusammenfassend l\u00e4sst sich sagen, dass Sany Baggerschwenklager wesentliche Komponenten f\u00fcr jeden Bagger sind, und die Wahl des richtigen Lagers kann einen erheblichen Unterschied in der Leistung und Langlebigkeit Ihrer Maschine ausmachen. Mit unserem Angebot an hochwertigen Lagern, die speziell f\u00fcr Bagger entwickelt wurden, k\u00f6nnen Sie sicher sein, dass Sie ein zuverl\u00e4ssiges und langlebiges Produkt erhalten, das selbst unter den h\u00e4rtesten Bedingungen optimale Leistung und Langlebigkeit bietet.<br \/>\nWir k\u00f6nnen alternative Drehkr\u00e4nze f\u00fcr Ihre, CAT, HITACHI, KOMATSU, KOBELCO, HYUNDAI, VOLVO, DOOSAN, DAEWOO, JCB, CASE, SUMITOMO, KATO, , Es gibt normale und nicht-Standard \u00fcber 1000 Hunderte Arten f\u00fcr Sie w\u00e4hlen.<\/p>\n<figure class=\"wp-block-image size-full is-resized\"><img decoding=\"async\" class=\"wp-image-177\" src=\"https:\/\/national-bearing.com\/wp-content\/uploads\/2023\/04\/0001.jpg\" sizes=\"(max-width: 843px) 100vw, 843px\" srcset=\"https:\/\/national-bearing.com\/wp-content\/uploads\/2023\/04\/0001.jpg 600w, https:\/\/national-bearing.com\/wp-content\/uploads\/2023\/04\/0001-300x200.jpg 300w\" alt=\"\" width=\"515\" height=\"343\" \/><\/figure>\n<p>&nbsp;<\/p>","protected":false},"excerpt":{"rendered":"<p>SANY Schwenklager<br \/>\nModel:SY485,SY415,SY395<br \/>\nSY365,SY375,SY335,SY310<\/p>","protected":false},"featured_media":136,"template":"","meta":[],"product_brand":[],"product_cat":[22,74],"product_tag":[],"class_list":{"0":"post-574","1":"product","2":"type-product","3":"status-publish","4":"has-post-thumbnail","6":"product_cat-swing-bearing","7":"product_cat-sany-excavator-swing-bearing","9":"first","10":"instock","11":"shipping-taxable","12":"product-type-simple"},"_links":{"self":[{"href":"https:\/\/swingbearing.net\/de\/wp-json\/wp\/v2\/product\/574","targetHints":{"allow":["GET"]}}],"collection":[{"href":"https:\/\/swingbearing.net\/de\/wp-json\/wp\/v2\/product"}],"about":[{"href":"https:\/\/swingbearing.net\/de\/wp-json\/wp\/v2\/types\/product"}],"wp:featuredmedia":[{"embeddable":true,"href":"https:\/\/swingbearing.net\/de\/wp-json\/wp\/v2\/media\/136"}],"wp:attachment":[{"href":"https:\/\/swingbearing.net\/de\/wp-json\/wp\/v2\/media?parent=574"}],"wp:term":[{"taxonomy":"product_brand","embeddable":true,"href":"https:\/\/swingbearing.net\/de\/wp-json\/wp\/v2\/product_brand?post=574"},{"taxonomy":"product_cat","embeddable":true,"href":"https:\/\/swingbearing.net\/de\/wp-json\/wp\/v2\/product_cat?post=574"},{"taxonomy":"product_tag","embeddable":true,"href":"https:\/\/swingbearing.net\/de\/wp-json\/wp\/v2\/product_tag?post=574"}],"curies":[{"name":"wp","href":"https:\/\/api.w.org\/{rel}","templated":true}]}}