{"id":573,"date":"2023-09-27T05:12:21","date_gmt":"2023-09-27T05:12:21","guid":{"rendered":"https:\/\/swingbearing.net\/?post_type=product&#038;p=573"},"modified":"2024-05-15T06:48:42","modified_gmt":"2024-05-15T06:48:42","slug":"swing-bearing-liebherr","status":"publish","type":"product","link":"https:\/\/swingbearing.net\/de\/produkt\/swing-bearing-liebherr\/","title":{"rendered":"Schwenklager LIEBHERR"},"content":{"rendered":"<h2 style=\"text-align: center;\">LIEBHERR Schwenklager Parameter<\/h2>\n<figure class=\"wp-block-table is-style-stripes has-small-font-size\">\n<table class=\"has-cyan-bluish-gray-background-color has-background\">\n<tbody>\n<tr>\n<td>Modell<\/td>\n<td>Teil Nummer<\/td>\n<td>\u00c4u\u00dferer Durchmesser<\/td>\n<td>Innendurchmesser<\/td>\n<td>Gesamth\u00f6he<\/td>\n<td>\u00c4u\u00dfere H\u00f6he<\/td>\n<td>Innere H\u00f6he<\/td>\n<td>Parameter des Au\u00dfenlochs<\/td>\n<td>Parameter der Innenbohrung<\/td>\n<td>Anzahl von Z\u00e4hnen<\/td>\n<\/tr>\n<tr>\n<td>R922<\/td>\n<td>LE982706001<\/td>\n<td>1215<\/td>\n<td>940<\/td>\n<td>115<\/td>\n<td>72<\/td>\n<td>105<\/td>\n<td>48-\u03c622<\/td>\n<td>56-M20<\/td>\n<td>94<\/td>\n<\/tr>\n<tr>\n<td>924HDSL<\/td>\n<td>LE982751901<\/td>\n<td>1215<\/td>\n<td>940<\/td>\n<td>115<\/td>\n<td>72<\/td>\n<td>105<\/td>\n<td>48-\u042422<\/td>\n<td>56-M20Tuch<\/td>\n<td>94<\/td>\n<\/tr>\n<tr>\n<td>R924C<\/td>\n<td>982751901<\/td>\n<td>1215<\/td>\n<td>940<\/td>\n<td>115<\/td>\n<td>72<\/td>\n<td>105<\/td>\n<td>48-\u042422<\/td>\n<td>56-M20Tuch<\/td>\n<td>94<\/td>\n<\/tr>\n<tr>\n<td>R924C<\/td>\n<td>932833001<\/td>\n<td>1215<\/td>\n<td>940<\/td>\n<td>115<\/td>\n<td>72<\/td>\n<td>105<\/td>\n<td>48-\u042422<\/td>\n<td>56-M20Tuch<\/td>\n<td>94<\/td>\n<\/tr>\n<tr>\n<td>R924B<\/td>\n<td>982751901<\/td>\n<td>1215<\/td>\n<td>940<\/td>\n<td>115<\/td>\n<td>72<\/td>\n<td>105<\/td>\n<td>48-\u042422<\/td>\n<td>56-M20Tuch<\/td>\n<td>94<\/td>\n<\/tr>\n<tr>\n<td>R934<\/td>\n<td>933816501<\/td>\n<td>1355<\/td>\n<td>1012<\/td>\n<td>125<\/td>\n<td><\/td>\n<td><\/td>\n<td>40<\/td>\n<td>48<\/td>\n<td>92<\/td>\n<\/tr>\n<tr>\n<td>R934HD-S<\/td>\n<td>LE939500601<\/td>\n<td>1355<\/td>\n<td>1012<\/td>\n<td>125<\/td>\n<td>92<\/td>\n<td>113<\/td>\n<td>40-26Durchgangsloch<\/td>\n<td>48-M24<\/td>\n<td>92<\/td>\n<\/tr>\n<tr>\n<td>934<\/td>\n<td>982752401<\/td>\n<td>1355<\/td>\n<td>1012<\/td>\n<td>125<\/td>\n<td>92<\/td>\n<td>113<\/td>\n<td>40-26Durchgangsloch<\/td>\n<td>48-M24<\/td>\n<td>92<\/td>\n<\/tr>\n<tr>\n<td>R-944C<\/td>\n<td>933628601<\/td>\n<td>1365<\/td>\n<td>1008<\/td>\n<td>150<\/td>\n<td>112<\/td>\n<td>140<\/td>\n<td>60-\u042426<\/td>\n<td>72-M24Stoff<\/td>\n<td>84<\/td>\n<\/tr>\n<tr>\n<td>R944B<\/td>\n<td>933626601<\/td>\n<td>1365<\/td>\n<td>1008<\/td>\n<td>150<\/td>\n<td>112<\/td>\n<td>140<\/td>\n<td>60<\/td>\n<td>72<\/td>\n<td>84<\/td>\n<\/tr>\n<\/tbody>\n<\/table>\n<\/figure>\n<p>Liebherr-Bagger sind f\u00fcr ihre Zuverl\u00e4ssigkeit und Langlebigkeit bekannt, was sie zu einer beliebten Wahl in der Bau- und Bergbauindustrie macht. Eine der entscheidenden Komponenten, die zur Leistung der Maschine beitragen, ist das Baggerschwenklager. Liebherr-Baggerschwenklager sind f\u00fcr die harten Anforderungen von Schwerstarbeiten in anspruchsvollen Umgebungen ausgelegt.<\/p>\n<p>Schwenklager f\u00fcr Bagger spielen eine entscheidende Rolle f\u00fcr den Betrieb der Maschine, da sie die Rotation des Oberwagens unterst\u00fctzen. Ohne ein hochwertiges Gro\u00dfw\u00e4lzlager f\u00fcr einen Bagger kann sich der Oberwagen nicht reibungslos drehen, was die Gesamtleistung der Maschine beeintr\u00e4chtigt. Liebherr-Drehverbindungen f\u00fcr Bagger sind auf hohe Tragf\u00e4higkeit, Genauigkeit und lange Lebensdauer ausgelegt, um eine optimale Maschinenleistung zu gew\u00e4hrleisten.<\/p>\n<p>Liebherr-Baggerschwenklager sind auch als Drehkranzlager, Baggerdrehkranzlager oder Drehtellerlager bekannt. Diese Lager sind mit einer Laufbahn konstruiert, um das Gewicht der Maschine zu unterst\u00fctzen, so dass die obere Struktur mit Leichtigkeit zu drehen. Das Baggerschwenklager wird aus hochfesten Materialien hergestellt, um sicherzustellen, dass es schweren Lasten, extremen Temperaturen und rauen Bedingungen standhalten kann.<\/p>\n<p>Liebherr bietet eine Reihe von Baggerschwenklagern an, die mit verschiedenen Baggermodellen kompatibel sind. Die Modelle, die derzeit auf dem Markt verf\u00fcgbar sind, sind R914, R924, R944, R934 und R944CLC. Diese Modelle sind auf maximale Haltbarkeit und Leistung ausgelegt, so dass Ihre Maschine jede Aufgabe bew\u00e4ltigen kann, die Sie ihr stellen.<\/p>\n<p>Neben dem Baggerpendellager bietet Liebherr auch<a href=\"https:\/\/swingbearing.net\/de\/swing-bearing\/\"> Bagger-Drehwerk<\/a> und Baggerschwinge. Diese Komponenten sorgen gemeinsam f\u00fcr eine reibungslose und effiziente Rotation des Maschinenoberwagens und sind somit wesentliche Bestandteile eines Liebherr-Baggers.<br \/>\nZusammenfassend l\u00e4sst sich sagen, dass Liebherr ein Name ist, dem Sie vertrauen k\u00f6nnen, wenn es um Gro\u00dfw\u00e4lzlager f\u00fcr Bagger geht. Die Qualit\u00e4tsschwenklager f\u00fcr Bagger sind f\u00fcr die h\u00e4rtesten Bedingungen ausgelegt und bieten hohe Tragf\u00e4higkeit, Genauigkeit und lange Lebensdauer. Ob im Baugewerbe oder im Bergbau, Baggerdrehverbindungen von Liebherr sind die ideale Wahl f\u00fcr eine optimale Maschinenleistung.<\/p>\n<p>Wir k\u00f6nnen alternative Schwingkreis f\u00fcr Ihre, CAT, HITACHI, KOMATSU, KOBELCO, HYUNDAI, VOLVO, DOOSAN, DAEWOO, JCB, CASE, SUMITOMO, KATO.There sind normale und nicht-Standard \u00fcber 1000 Hunderte Arten f\u00fcr Sie w\u00e4hlen.<\/p>\n<figure class=\"wp-block-image size-full is-resized\"><img decoding=\"async\" class=\"wp-image-177\" src=\"https:\/\/national-bearing.com\/wp-content\/uploads\/2023\/04\/0001.jpg\" sizes=\"(max-width: 843px) 100vw, 843px\" srcset=\"https:\/\/national-bearing.com\/wp-content\/uploads\/2023\/04\/0001.jpg 600w, https:\/\/national-bearing.com\/wp-content\/uploads\/2023\/04\/0001-300x200.jpg 300w\" alt=\"\" width=\"515\" height=\"343\" \/><\/figure>","protected":false},"excerpt":{"rendered":"<p>LIEBHERR Schwenklager<br \/>\nModel:R944B,934,R-944C<br \/>\nR924B,R924C,924HDSL<\/p>","protected":false},"featured_media":136,"template":"","meta":[],"product_brand":[],"product_cat":[22,72],"product_tag":[],"class_list":{"0":"post-573","1":"product","2":"type-product","3":"status-publish","4":"has-post-thumbnail","6":"product_cat-swing-bearing","7":"product_cat-liebherr-excavator-swing-bearing","9":"first","10":"instock","11":"shipping-taxable","12":"product-type-simple"},"_links":{"self":[{"href":"https:\/\/swingbearing.net\/de\/wp-json\/wp\/v2\/product\/573","targetHints":{"allow":["GET"]}}],"collection":[{"href":"https:\/\/swingbearing.net\/de\/wp-json\/wp\/v2\/product"}],"about":[{"href":"https:\/\/swingbearing.net\/de\/wp-json\/wp\/v2\/types\/product"}],"wp:featuredmedia":[{"embeddable":true,"href":"https:\/\/swingbearing.net\/de\/wp-json\/wp\/v2\/media\/136"}],"wp:attachment":[{"href":"https:\/\/swingbearing.net\/de\/wp-json\/wp\/v2\/media?parent=573"}],"wp:term":[{"taxonomy":"product_brand","embeddable":true,"href":"https:\/\/swingbearing.net\/de\/wp-json\/wp\/v2\/product_brand?post=573"},{"taxonomy":"product_cat","embeddable":true,"href":"https:\/\/swingbearing.net\/de\/wp-json\/wp\/v2\/product_cat?post=573"},{"taxonomy":"product_tag","embeddable":true,"href":"https:\/\/swingbearing.net\/de\/wp-json\/wp\/v2\/product_tag?post=573"}],"curies":[{"name":"wp","href":"https:\/\/api.w.org\/{rel}","templated":true}]}}