{"id":4909,"date":"2024-09-02T06:39:33","date_gmt":"2024-09-02T06:39:33","guid":{"rendered":"https:\/\/swingbearing.net\/?post_type=product&#038;p=4909"},"modified":"2024-09-02T06:56:26","modified_gmt":"2024-09-02T06:56:26","slug":"excavator-hydraulic-pump-ew200-ec200-main-pump-voe-14214127-voe-14344193-voe-14215385-voe-14343112","status":"publish","type":"product","link":"https:\/\/swingbearing.net\/de\/produkt\/excavator-hydraulic-pump-ew200-ec200-main-pump-voe-14214127-voe-14344193-voe-14215385-voe-14343112\/","title":{"rendered":"Hydraulikpumpe f\u00fcr Bagger EW200 EC200 Hauptpumpe VOE 14214127 VOE 14344193 VOE 14215385 VOE 14343112"},"content":{"rendered":"<h3 class=\"wp-block-heading\"><strong>Beschreibung des Produkts<\/strong><\/h3>\r\n\r\n\r\n<hr class=\"wp-block-separator has-alpha-channel-opacity\" \/>\r\n\r\n\r\n<h2 class=\"wp-block-heading\">Excavator Hydraulic Pump EW200 EC200 VOE 14214127 VOE 14344193 VOE 14215385 VOE 14343112<\/h2>\r\n<p><a href=\"https:\/\/swingbearing.net\/wp-content\/uploads\/2024\/08\/VOLVOEC70012.jpg\"><img decoding=\"async\" class=\"alignnone wp-image-4816 size-woocommerce_single\" src=\"https:\/\/swingbearing.net\/wp-content\/uploads\/2024\/08\/VOLVOEC70012-600x456.jpg\" alt=\"Hydraulische Pumpe\" width=\"600\" height=\"456\" srcset=\"https:\/\/swingbearing.net\/wp-content\/uploads\/2024\/08\/VOLVOEC70012-600x456.jpg 600w, https:\/\/swingbearing.net\/wp-content\/uploads\/2024\/08\/VOLVOEC70012-300x228.jpg 300w, https:\/\/swingbearing.net\/wp-content\/uploads\/2024\/08\/VOLVOEC70012-768x584.jpg 768w, https:\/\/swingbearing.net\/wp-content\/uploads\/2024\/08\/VOLVOEC70012-16x12.jpg 16w, https:\/\/swingbearing.net\/wp-content\/uploads\/2024\/08\/VOLVOEC70012.jpg 900w\" sizes=\"(max-width: 600px) 100vw, 600px\" \/><\/a><\/p>\r\n<div id=\"attachment_4910\" style=\"width: 690px\" class=\"wp-caption alignnone\"><img decoding=\"async\" aria-describedby=\"caption-attachment-4910\" class=\"wp-image-4910 size-full\" src=\"https:\/\/swingbearing.net\/wp-content\/uploads\/2024\/09\/EC200.jpg\" alt=\"Hydraulische Pumpe\" width=\"680\" height=\"477\" srcset=\"https:\/\/swingbearing.net\/wp-content\/uploads\/2024\/09\/EC200.jpg 680w, https:\/\/swingbearing.net\/wp-content\/uploads\/2024\/09\/EC200-300x210.jpg 300w, https:\/\/swingbearing.net\/wp-content\/uploads\/2024\/09\/EC200-18x12.jpg 18w, https:\/\/swingbearing.net\/wp-content\/uploads\/2024\/09\/EC200-600x421.jpg 600w\" sizes=\"(max-width: 680px) 100vw, 680px\" \/><p id=\"caption-attachment-4910\" class=\"wp-caption-text\">Hydraulische Pumpe<\/p><\/div>\r\n<p>&nbsp;<\/p>\r\n<table border=\"1\" cellspacing=\"0\" cellpadding=\"0\">\r\n<tbody>\r\n<tr>\r\n<td rowspan=\"2\"><strong>#<\/strong><\/td>\r\n<td rowspan=\"2\"><strong>Teil Nr.<\/strong><\/td>\r\n<td rowspan=\"2\"><strong>Teil Name<\/strong><\/td>\r\n<td><strong>Anzahl.<\/strong><\/td>\r\n<td><strong>Price request<\/strong><\/td>\r\n<\/tr>\r\n<tr>\r\n<td><strong>P1<\/strong><\/td>\r\n<td>\u00a0<\/td>\r\n<\/tr>\r\n<tr>\r\n<td>1<\/td>\r\n<td>VOE 14214127<\/td>\r\n<td>Hydraulische Pumpe<br \/>P1, SER NO -2781 more<\/td>\r\n<td>1<\/td>\r\n<td>\u2002<\/td>\r\n<\/tr>\r\n<tr>\r\n<td>\u00a0<\/td>\r\n<td>VOE 14344193<\/td>\r\n<td>Hydraulische Pumpe<br \/>SER NO 2782- more<\/td>\r\n<td>1<\/td>\r\n<td>\u2002<\/td>\r\n<\/tr>\r\n<tr>\r\n<td>2<\/td>\r\n<td>VOE 14023392<\/td>\r\n<td>O-ring<\/td>\r\n<td>1<\/td>\r\n<td>\u2002<\/td>\r\n<\/tr>\r\n<tr>\r\n<td>3<\/td>\r\n<td>VOE 14211695<\/td>\r\n<td>Seal<\/td>\r\n<td>2<\/td>\r\n<td>\u2002<\/td>\r\n<\/tr>\r\n<tr>\r\n<td>4<\/td>\r\n<td>VOE 14211693<\/td>\r\n<td>Snap Ring<\/td>\r\n<td>1<\/td>\r\n<td>\u2002<\/td>\r\n<\/tr>\r\n<tr>\r\n<td>5<\/td>\r\n<td>VOE 14211698<\/td>\r\n<td>Spacer<\/td>\r\n<td>1<\/td>\r\n<td>\u2002<\/td>\r\n<\/tr>\r\n<tr>\r\n<td>6<\/td>\r\n<td>VOE 14211705<\/td>\r\n<td>Key<\/td>\r\n<td>1<\/td>\r\n<td>\u2002<\/td>\r\n<\/tr>\r\n<tr>\r\n<td>7<\/td>\r\n<td>VOE 14211625<\/td>\r\n<td>Tube Plug more<\/td>\r\n<td>3<\/td>\r\n<td>\u2002<\/td>\r\n<\/tr>\r\n<tr>\r\n<td>8<\/td>\r\n<td>VOE 14212124<\/td>\r\n<td>Nut<\/td>\r\n<td>2<\/td>\r\n<td>\u2002<\/td>\r\n<\/tr>\r\n<tr>\r\n<td>9<\/td>\r\n<td>VOE 11702351<\/td>\r\n<td>Control valve<\/td>\r\n<td>1<\/td>\r\n<td>\u2002<\/td>\r\n<\/tr>\r\n<tr>\r\n<td>10<\/td>\r\n<td>VOE 14026437<\/td>\r\n<td>O-ring<\/td>\r\n<td>1<\/td>\r\n<td>\u2002<\/td>\r\n<\/tr>\r\n<tr>\r\n<td>11<\/td>\r\n<td>VOE 14211624<\/td>\r\n<td>Tube Plug<br \/>SER NO -2273 more<\/td>\r\n<td>2<\/td>\r\n<td>\u2002<\/td>\r\n<\/tr>\r\n<tr>\r\n<td>11<\/td>\r\n<td>VOE 14212998<\/td>\r\n<td>Testing Nipple<br \/>SER NO 2274- more<\/td>\r\n<td>1<\/td>\r\n<td>\u2002<\/td>\r\n<\/tr>\r\n<tr>\r\n<td>12<\/td>\r\n<td>VOE 14012277<\/td>\r\n<td>O-ring<\/td>\r\n<td>1<\/td>\r\n<td>\u2002<\/td>\r\n<\/tr>\r\n<tr>\r\n<td>13<\/td>\r\n<td>VOE 14023176<\/td>\r\n<td>O-ring<\/td>\r\n<td>1<\/td>\r\n<td>\u2002<\/td>\r\n<\/tr>\r\n<tr>\r\n<td>14<\/td>\r\n<td>VOE 14212125<\/td>\r\n<td>Tube Plug<br \/>SER NO -2273 more<\/td>\r\n<td>1<\/td>\r\n<td>\u2002<\/td>\r\n<\/tr>\r\n<tr>\r\n<td>14<\/td>\r\n<td>VOE 14212798<\/td>\r\n<td>Testing Nipple<br \/>SER NO 2274- more<\/td>\r\n<td>1<\/td>\r\n<td>\u2002<\/td>\r\n<\/tr>\r\n<tr>\r\n<td>15<\/td>\r\n<td>\r\n<p>VOE 13948699<\/p>\r\n<p>Replace: VOE 14024290<\/p>\r\n<\/td>\r\n<td>O-ring more<\/td>\r\n<td>1<\/td>\r\n<td>\u2002<\/td>\r\n<\/tr>\r\n<tr>\r\n<td>16<\/td>\r\n<td>VOE 14214179<\/td>\r\n<td>O-ring<\/td>\r\n<td>1<\/td>\r\n<td>\u2002<\/td>\r\n<\/tr>\r\n<tr>\r\n<td>17<\/td>\r\n<td>VOE 11702159<\/td>\r\n<td>Tube Plug<\/td>\r\n<td>1<\/td>\r\n<td>\u2002<\/td>\r\n<\/tr>\r\n<tr>\r\n<td>18<\/td>\r\n<td>VOE 14211724<\/td>\r\n<td>Nut<\/td>\r\n<td>1<\/td>\r\n<td>\u2002<\/td>\r\n<\/tr>\r\n<tr>\r\n<td>19<\/td>\r\n<td>VOE 925260<\/td>\r\n<td>O-ring more<\/td>\r\n<td>1<\/td>\r\n<td>\u2002<\/td>\r\n<\/tr>\r\n<tr>\r\n<td>20<\/td>\r\n<td>VOE 14238227<\/td>\r\n<td>Cap<\/td>\r\n<td>1<\/td>\r\n<td>\u2002<\/td>\r\n<\/tr>\r\n<tr>\r\n<td>21<\/td>\r\n<td>VOE 14238228<\/td>\r\n<td>Getriebe<\/td>\r\n<td>1<\/td>\r\n<td>\u2002<\/td>\r\n<\/tr>\r\n<tr>\r\n<td>22<\/td>\r\n<td>VOE 14053720<\/td>\r\n<td>Washer<\/td>\r\n<td>1<\/td>\r\n<td>\u2002<\/td>\r\n<\/tr>\r\n<tr>\r\n<td>23<\/td>\r\n<td>VOE 14053721<\/td>\r\n<td>Striker Plate<\/td>\r\n<td>1<\/td>\r\n<td>\u2002<\/td>\r\n<\/tr>\r\n<tr>\r\n<td>24<\/td>\r\n<td>VOE 13955295<\/td>\r\n<td>Screw more<\/td>\r\n<td>1<\/td>\r\n<td>\u2002<\/td>\r\n<\/tr>\r\n<tr>\r\n<td>25<\/td>\r\n<td>VOE 14014659<\/td>\r\n<td>Screw<\/td>\r\n<td>4<\/td>\r\n<td>\u2002<\/td>\r\n<\/tr>\r\n<tr>\r\n<td>26<\/td>\r\n<td>\r\n<p>VOE 976945<\/p>\r\n<p>Replace: VOE 14015098<\/p>\r\n<\/td>\r\n<td>Washer more<\/td>\r\n<td>4<\/td>\r\n<td>\u2002<\/td>\r\n<\/tr>\r\n<\/tbody>\r\n<\/table>\r\n<p>&nbsp;<\/p>\r\n<table style=\"height: 977px;\" border=\"1\" width=\"883\" cellspacing=\"0\" cellpadding=\"0\"><colgroup><col width=\"167\" \/><col width=\"125\" \/><col width=\"78\" \/><col width=\"70\" \/><col width=\"59\" \/><col width=\"60\" \/><col width=\"61\" \/><col width=\"97\" \/><col span=\"2\" width=\"36\" \/><col width=\"145\" \/><col width=\"75\" \/><col span=\"6\" width=\"72\" \/><\/colgroup>\r\n<tbody>\r\n<tr>\r\n<td class=\"et3\" rowspan=\"4\" width=\"167\" height=\"76\"><br \/>Modell<\/td>\r\n<td class=\"et4\" rowspan=\"4\" width=\"125\"><br \/>Nominal<br \/>displacement<br \/>(mr)<br \/><br \/>Fore pump\/<br \/>hind pump<\/td>\r\n<td class=\"et4\" colspan=\"2\" rowspan=\"2\" width=\"149\"><br \/>Pressure(MPa)<\/td>\r\n<td class=\"et6\" colspan=\"3\" rowspan=\"2\" width=\"181\">Speed(r\/min)<\/td>\r\n<td class=\"et4\" rowspan=\"4\" width=\"97\"><br \/>Volumetric<br \/>efficiency<br \/>(\u2265%)<br \/><br \/>Forepump\/<br \/>hind pump<\/td>\r\n<td class=\"et3\" rowspan=\"4\" width=\"36\">L1<\/td>\r\n<td class=\"et3\" rowspan=\"4\" width=\"36\">L2<\/td>\r\n<td class=\"et3\" rowspan=\"4\" width=\"145\">L<\/td>\r\n<td class=\"et15\" colspan=\"6\" width=\"435\"><br \/>Inlet sidse<\/td>\r\n<td class=\"et23\" rowspan=\"4\" width=\"72\"><br \/>Weight<br \/>(kg)<\/td>\r\n<\/tr>\r\n<tr>\r\n<td class=\"et3\" colspan=\"3\" rowspan=\"2\" width=\"219\">fore pump<\/td>\r\n<td class=\"et3\" colspan=\"3\" rowspan=\"2\" width=\"216\">hind pump<\/td>\r\n<\/tr>\r\n<tr>\r\n<td class=\"et4\" rowspan=\"2\" width=\"78\"><br \/>Rated<\/td>\r\n<td class=\"et3\" rowspan=\"2\" width=\"70\"><br \/>Max<\/td>\r\n<td class=\"et4\" rowspan=\"2\" width=\"59\"><br \/>Min<\/td>\r\n<td class=\"et4\" rowspan=\"2\" width=\"60\"><br \/>Rated<\/td>\r\n<td class=\"et9\" rowspan=\"2\" width=\"61\"><br \/>Max<\/td>\r\n<\/tr>\r\n<tr>\r\n<td class=\"et17\" width=\"75\"><span class=\"font1\">D<\/span><span class=\"font6\">\u2081<\/span><\/td>\r\n<td class=\"et17\" width=\"72\">a<\/td>\r\n<td class=\"et18\" width=\"72\">b<\/td>\r\n<td class=\"et17\" width=\"72\"><span class=\"font1\">D<\/span><span class=\"font6\">\u2082<\/span><\/td>\r\n<td class=\"et3\" width=\"72\">C<\/td>\r\n<td class=\"et3\" width=\"72\">d<\/td>\r\n<\/tr>\r\n<tr>\r\n<td class=\"et11\" width=\"167\" height=\"20\">CBTL-F410\/F410-AF**<\/td>\r\n<td class=\"et12\" width=\"125\">10\/10<\/td>\r\n<td class=\"et12\" rowspan=\"5\" width=\"78\">20\/20<\/td>\r\n<td class=\"et12\" rowspan=\"5\" width=\"70\">25\/25<\/td>\r\n<td class=\"et13\" rowspan=\"5\" width=\"59\">800<\/td>\r\n<td class=\"et13\" rowspan=\"11\" width=\"60\">2500<\/td>\r\n<td class=\"et13\" rowspan=\"11\" width=\"61\">3000<\/td>\r\n<td class=\"et12\" rowspan=\"11\" width=\"97\">92\/92<\/td>\r\n<td class=\"et13\" width=\"36\">57<\/td>\r\n<td class=\"et13\" width=\"36\">166<\/td>\r\n<td class=\"et19\" width=\"145\">226.5<\/td>\r\n<td class=\"et20\" rowspan=\"3\" width=\"75\">23<\/td>\r\n<td class=\"et21\" rowspan=\"3\" width=\"72\">47.6<\/td>\r\n<td class=\"et21\" rowspan=\"3\" width=\"72\">22.2<\/td>\r\n<td class=\"et20\" rowspan=\"5\" width=\"72\">23<\/td>\r\n<td class=\"et19\" rowspan=\"5\" width=\"72\">47.6<\/td>\r\n<td class=\"et19\" rowspan=\"5\" width=\"72\">22.2<\/td>\r\n<td class=\"et19\" width=\"72\">5.5<\/td>\r\n<\/tr>\r\n<tr>\r\n<td class=\"et11\" width=\"167\" height=\"20\">CBTL-F416\/F410-AF**<\/td>\r\n<td class=\"et12\" width=\"125\">16\/10<\/td>\r\n<td class=\"et19\" rowspan=\"2\" width=\"36\">60.3<\/td>\r\n<td class=\"et19\" width=\"36\">172.5<\/td>\r\n<td class=\"et13\" width=\"145\">233<\/td>\r\n<td class=\"et19\" width=\"72\">5.8<\/td>\r\n<\/tr>\r\n<tr>\r\n<td class=\"et11\" width=\"167\" height=\"20\">CBTL-F416\/F416-AF**<\/td>\r\n<td class=\"et12\" width=\"125\">16\/16<\/td>\r\n<td class=\"et19\" width=\"36\">175.8<\/td>\r\n<td class=\"et19\" width=\"145\">239.5<\/td>\r\n<td class=\"et19\" width=\"72\">6.1<\/td>\r\n<\/tr>\r\n<tr>\r\n<td class=\"et11\" width=\"167\" height=\"20\">CBTL-F416\/F410-AF**<\/td>\r\n<td class=\"et12\" width=\"125\">20\/10<\/td>\r\n<td class=\"et19\" rowspan=\"3\" width=\"36\">62.5<\/td>\r\n<td class=\"et13\" width=\"36\">177<\/td>\r\n<td class=\"et19\" width=\"145\">237.5<\/td>\r\n<td class=\"et20\" rowspan=\"8\" width=\"75\">26<\/td>\r\n<td class=\"et21\" rowspan=\"8\" width=\"72\">52.4<\/td>\r\n<td class=\"et21\" rowspan=\"8\" width=\"72\">26.2<\/td>\r\n<td class=\"et19\" width=\"72\">6.0<\/td>\r\n<\/tr>\r\n<tr>\r\n<td class=\"et11\" width=\"167\" height=\"20\">CBTL-F420\/F416-AF**<\/td>\r\n<td class=\"et12\" width=\"125\">20\/16<\/td>\r\n<td class=\"et19\" width=\"36\">180.3<\/td>\r\n<td class=\"et13\" width=\"145\">244<\/td>\r\n<td class=\"et19\" width=\"72\">6.3<\/td>\r\n<\/tr>\r\n<tr>\r\n<td class=\"et11\" width=\"167\" height=\"20\">CBTL-F420\/F420-AF**<\/td>\r\n<td class=\"et12\" width=\"125\">20\/20<\/td>\r\n<td class=\"et12\" width=\"78\">16\/16<\/td>\r\n<td class=\"et12\" width=\"70\">20\/20<\/td>\r\n<td class=\"et13\" width=\"59\">600<\/td>\r\n<td class=\"et19\" width=\"36\">182.5<\/td>\r\n<td class=\"et19\" width=\"145\">248.5<\/td>\r\n<td class=\"et20\" width=\"72\">26<\/td>\r\n<td class=\"et19\" width=\"72\">52.4<\/td>\r\n<td class=\"et19\" width=\"72\">26.2<\/td>\r\n<td class=\"et19\" width=\"72\">6.5<\/td>\r\n<\/tr>\r\n<tr>\r\n<td class=\"et11\" width=\"167\" height=\"20\">CBTL-F425\/F410-AF**<\/td>\r\n<td class=\"et12\" width=\"125\">25\/10<\/td>\r\n<td class=\"et12\" width=\"78\">20\/20<\/td>\r\n<td class=\"et12\" width=\"70\">25\/25<\/td>\r\n<td class=\"et13\" rowspan=\"2\" width=\"59\">800<\/td>\r\n<td class=\"et19\" rowspan=\"3\" width=\"36\">65.5<\/td>\r\n<td class=\"et19\" width=\"36\">175.3<\/td>\r\n<td class=\"et13\" width=\"145\">244<\/td>\r\n<td class=\"et20\" rowspan=\"2\" width=\"72\">23<\/td>\r\n<td class=\"et19\" rowspan=\"2\" width=\"72\">47.6<\/td>\r\n<td class=\"et19\" rowspan=\"2\" width=\"72\">22.2<\/td>\r\n<td class=\"et19\" width=\"72\">6.3<\/td>\r\n<\/tr>\r\n<tr>\r\n<td class=\"et11\" width=\"167\" height=\"20\">CBTL-F425\/F416-AF**<\/td>\r\n<td class=\"et12\" width=\"125\">25\/16<\/td>\r\n<td class=\"et12\" rowspan=\"4\" width=\"78\">16\/16<\/td>\r\n<td class=\"et12\" rowspan=\"4\" width=\"70\">20\/20<\/td>\r\n<td class=\"et19\" width=\"36\">183.6<\/td>\r\n<td class=\"et19\" width=\"145\">250.5<\/td>\r\n<td class=\"et19\" width=\"72\">6.5<\/td>\r\n<\/tr>\r\n<tr>\r\n<td class=\"et11\" width=\"167\" height=\"20\">CBTL-F425\/F420-AF**<\/td>\r\n<td class=\"et12\" width=\"125\">25\/20<\/td>\r\n<td class=\"et13\" width=\"59\">600<\/td>\r\n<td class=\"et19\" width=\"36\">188.6<\/td>\r\n<td class=\"et13\" width=\"145\">255<\/td>\r\n<td class=\"et20\" width=\"72\">26<\/td>\r\n<td class=\"et19\" width=\"72\">52.4<\/td>\r\n<td class=\"et19\" width=\"72\">26.2<\/td>\r\n<td class=\"et19\" width=\"72\">6.7<\/td>\r\n<\/tr>\r\n<tr>\r\n<td class=\"et11\" width=\"167\" height=\"20\">CBTL-F430\/F410-AF**<\/td>\r\n<td class=\"et12\" width=\"125\">30\/10<\/td>\r\n<td class=\"et13\" rowspan=\"2\" width=\"59\">800<\/td>\r\n<td class=\"et19\" rowspan=\"2\" width=\"36\">67.8<\/td>\r\n<td class=\"et19\" width=\"36\">187.6<\/td>\r\n<td class=\"et13\" width=\"145\">248<\/td>\r\n<td class=\"et20\" rowspan=\"2\" width=\"72\">23<\/td>\r\n<td class=\"et19\" rowspan=\"2\" width=\"72\">47.6<\/td>\r\n<td class=\"et19\" rowspan=\"2\" width=\"72\">22.2<\/td>\r\n<td class=\"et19\" width=\"72\">6.5<\/td>\r\n<\/tr>\r\n<tr>\r\n<td class=\"et11\" width=\"167\" height=\"20\">CBTL-F410\/F416-AF**<\/td>\r\n<td class=\"et12\" width=\"125\">30\/16<\/td>\r\n<td class=\"et13\" width=\"36\">193<\/td>\r\n<td class=\"et19\" width=\"145\">254.5<\/td>\r\n<td class=\"et19\" width=\"72\">6.7<\/td>\r\n<\/tr>\r\n<\/tbody>\r\n<\/table>\r\n<p>&nbsp;<\/p>\r\n<h2 class=\"wp-block-heading\">Introduction of\u00a0 Volvo EC700 Hydraulic Main Pump<\/h2>\r\n<div id=\"attachment_4814\" style=\"width: 310px\" class=\"wp-caption alignnone\"><a href=\"https:\/\/swingbearing.net\/wp-content\/uploads\/2024\/08\/VOLVOEC7001.jpg\"><img decoding=\"async\" aria-describedby=\"caption-attachment-4814\" class=\"wp-image-4814 size-medium\" src=\"https:\/\/swingbearing.net\/wp-content\/uploads\/2024\/08\/VOLVOEC7001-300x249.jpg\" alt=\"Hydraulische Pumpe\" width=\"300\" height=\"249\" srcset=\"https:\/\/swingbearing.net\/wp-content\/uploads\/2024\/08\/VOLVOEC7001-300x249.jpg 300w, https:\/\/swingbearing.net\/wp-content\/uploads\/2024\/08\/VOLVOEC7001-768x637.jpg 768w, https:\/\/swingbearing.net\/wp-content\/uploads\/2024\/08\/VOLVOEC7001-14x12.jpg 14w, https:\/\/swingbearing.net\/wp-content\/uploads\/2024\/08\/VOLVOEC7001-600x497.jpg 600w, https:\/\/swingbearing.net\/wp-content\/uploads\/2024\/08\/VOLVOEC7001.jpg 1000w\" sizes=\"(max-width: 300px) 100vw, 300px\" \/><\/a><p id=\"caption-attachment-4814\" class=\"wp-caption-text\">Hydraulische Pumpe<\/p><\/div>\r\n<table border=\"1\" cellspacing=\"0\" cellpadding=\"0\">\r\n<tbody>\r\n<tr>\r\n<td>Produktname\u00a0 \u00a0 \u00a0 \u00a0 \u00a0 \u00a0 \u00a0 \u00a0<\/td>\r\n<td>Bagger-Hydraulikpumpe<\/td>\r\n<\/tr>\r\n<tr>\r\n<td>Qualit\u00e4t\u00a0 \u00a0 \u00a0<\/td>\r\n<td>Hohe Qualit\u00e4t 100% Neu<\/td>\r\n<\/tr>\r\n<tr>\r\n<td>Modell der Maschine\u00a0 \u00a0\u00a0<\/td>\r\n<td>EW200 EC200<\/td>\r\n<\/tr>\r\n<tr>\r\n<td>Packungsgr\u00f6\u00dfe<\/td>\r\n<td>84*38*49<\/td>\r\n<\/tr>\r\n<tr>\r\n<td>Paket<\/td>\r\n<td>Standard-Exportkoffer aus Holz\u00a0 \u00a0 \u00a0 \u00a0 \u00a0 \u00a0 \u00a0 \u00a0 \u00a0 \u00a0 \u00a0 \u00a0 \u00a0 \u00a0 \u00a0 \u00a0 \u00a0 \u00a0 \u00a0 \u00a0 \u00a0 \u00a0 \u00a0 \u00a0 \u00a0 \u00a0\u00a0<\/td>\r\n<\/tr>\r\n<tr>\r\n<td>Teilnummer<\/td>\r\n<td>VOE 14214127 VOE 14344193 VOE 14215385 VOE 14343112 \u00a0 \u00a0 \u00a0 \u00a0 \u00a0 \u00a0\u00a0<\/td>\r\n<\/tr>\r\n<tr>\r\n<td>Druck<\/td>\r\n<td>Standard, Hochdruck<\/td>\r\n<\/tr>\r\n<\/tbody>\r\n<\/table>\r\n<p>Hydraulikpumpen sind wichtige Komponenten in hydraulischen Systemen, die f\u00fcr die Umwandlung von mechanischer in hydraulische Energie verantwortlich sind. Das Verst\u00e4ndnis des Aufbaus, der Funktionen und der Wartung von Hydraulikpumpen ist entscheidend f\u00fcr den effizienten Betrieb von Maschinen und Anlagen in verschiedenen Branchen.<\/p>\r\n<p>\r\n\r\n<\/p>\r\n<h2 class=\"wp-block-heading\">Komponenten der hydraulischen Hauptpumpe<\/h2>\r\n<p>\r\n\r\n<\/p>\r\n<p>Hydraulikpumpen bestehen aus mehreren Hauptkomponenten, die zusammenarbeiten, um Fl\u00fcssigkeitskraft zu erzeugen. Zu den Hauptkomponenten einer Hydraulikpumpe geh\u00f6ren:<\/p>\r\n<p>\r\n\r\n<\/p>\r\n<ul class=\"wp-block-list\">\r\n<li><strong>Pumpengeh\u00e4use<\/strong>: Das \u00e4u\u00dfere Geh\u00e4use, das die inneren Komponenten der Pumpe umschlie\u00dft und sch\u00fctzt.<\/li>\r\n\r\n\r\n\r\n<li><strong>Einlass- und Auslass\u00f6ffnungen<\/strong>: Eintritts- und Austrittsstellen f\u00fcr die Hydraulikfl\u00fcssigkeit in die bzw. aus der Pumpe.<\/li>\r\n\r\n\r\n\r\n<li><strong>Rotierende Gruppe<\/strong>: Besteht aus Zahnr\u00e4dern, Fl\u00fcgeln oder Kolben, die sich drehen, um Str\u00f6mung und Druck im System zu erzeugen.<\/li>\r\n\r\n\r\n\r\n<li><strong>Antriebswelle<\/strong>: \u00dcbertr\u00e4gt die mechanische Energie von der Antriebsmaschine auf das Drehteil der Pumpe.<\/li>\r\n\r\n\r\n\r\n<li><strong>Dichtungen und O-Ringe<\/strong>: Verhindern Sie Leckagen und erhalten Sie die Integrit\u00e4t des Hydrauliksystems.\r\n<p><a href=\"https:\/\/swingbearing.net\/wp-content\/uploads\/2024\/08\/VOLVOEC70013.jpg\"><img decoding=\"async\" class=\"alignnone wp-image-4817 size-woocommerce_single\" src=\"https:\/\/swingbearing.net\/wp-content\/uploads\/2024\/08\/VOLVOEC70013-600x565.jpg\" alt=\"Hydraulische Pumpe\" width=\"600\" height=\"565\" srcset=\"https:\/\/swingbearing.net\/wp-content\/uploads\/2024\/08\/VOLVOEC70013-600x565.jpg 600w, https:\/\/swingbearing.net\/wp-content\/uploads\/2024\/08\/VOLVOEC70013-300x282.jpg 300w, https:\/\/swingbearing.net\/wp-content\/uploads\/2024\/08\/VOLVOEC70013-768x723.jpg 768w, https:\/\/swingbearing.net\/wp-content\/uploads\/2024\/08\/VOLVOEC70013-13x12.jpg 13w, https:\/\/swingbearing.net\/wp-content\/uploads\/2024\/08\/VOLVOEC70013.jpg 950w\" sizes=\"(max-width: 600px) 100vw, 600px\" \/><\/a><\/p>\r\n<p><a href=\"https:\/\/swingbearing.net\/wp-content\/uploads\/2024\/08\/tt.jpg\"><img decoding=\"async\" class=\"alignnone wp-image-4824 size-woocommerce_single\" src=\"https:\/\/swingbearing.net\/wp-content\/uploads\/2024\/08\/tt-600x755.jpg\" alt=\"Hydraulische Pumpe\" width=\"600\" height=\"755\" srcset=\"https:\/\/swingbearing.net\/wp-content\/uploads\/2024\/08\/tt-600x755.jpg 600w, https:\/\/swingbearing.net\/wp-content\/uploads\/2024\/08\/tt-239x300.jpg 239w, https:\/\/swingbearing.net\/wp-content\/uploads\/2024\/08\/tt-814x1024.jpg 814w, https:\/\/swingbearing.net\/wp-content\/uploads\/2024\/08\/tt-768x966.jpg 768w, https:\/\/swingbearing.net\/wp-content\/uploads\/2024\/08\/tt-10x12.jpg 10w, https:\/\/swingbearing.net\/wp-content\/uploads\/2024\/08\/tt.jpg 900w\" sizes=\"(max-width: 600px) 100vw, 600px\" \/><\/a><\/p>\r\n<\/li>\r\n<li>\r\n<p>&nbsp;<\/p>\r\n\n\t\t<style type=\"text\/css\">\n\t\t\t#gallery-1 {\n\t\t\t\tmargin: auto;\n\t\t\t}\n\t\t\t#gallery-1 .gallery-item {\n\t\t\t\tfloat: left;\n\t\t\t\tmargin-top: 10px;\n\t\t\t\ttext-align: center;\n\t\t\t\twidth: 25%;\n\t\t\t}\n\t\t\t#gallery-1 img {\n\t\t\t\tborder: 2px solid #cfcfcf;\n\t\t\t}\n\t\t\t#gallery-1 .gallery-caption {\n\t\t\t\tmargin-left: 0;\n\t\t\t}\n\t\t\t\/* see gallery_shortcode() in wp-includes\/media.php *\/\n\t\t<\/style>\n\t\t<div id='gallery-1' class='gallery galleryid-4909 gallery-columns-4 gallery-size-woocommerce_single'><dl class='gallery-item'>\n\t\t\t<dt class='gallery-icon landscape'>\n\t\t\t\t<a href='https:\/\/swingbearing.net\/wp-content\/uploads\/2024\/08\/1tt.jpg'><img decoding=\"async\" width=\"600\" height=\"450\" src=\"https:\/\/swingbearing.net\/wp-content\/uploads\/2024\/08\/1tt-600x450.jpg\" class=\"attachment-woocommerce_single size-woocommerce_single\" alt=\"Hydraulische Pumpe\" srcset=\"https:\/\/swingbearing.net\/wp-content\/uploads\/2024\/08\/1tt-600x450.jpg 600w, https:\/\/swingbearing.net\/wp-content\/uploads\/2024\/08\/1tt-300x225.jpg 300w, https:\/\/swingbearing.net\/wp-content\/uploads\/2024\/08\/1tt-768x576.jpg 768w, https:\/\/swingbearing.net\/wp-content\/uploads\/2024\/08\/1tt-16x12.jpg 16w, https:\/\/swingbearing.net\/wp-content\/uploads\/2024\/08\/1tt.jpg 1000w\" sizes=\"(max-width: 600px) 100vw, 600px\" \/><\/a>\n\t\t\t<\/dt><\/dl><dl class='gallery-item'>\n\t\t\t<dt class='gallery-icon landscape'>\n\t\t\t\t<a href='https:\/\/swingbearing.net\/wp-content\/uploads\/2024\/08\/tt2.jpg'><img decoding=\"async\" width=\"600\" height=\"450\" src=\"https:\/\/swingbearing.net\/wp-content\/uploads\/2024\/08\/tt2-600x450.jpg\" class=\"attachment-woocommerce_single size-woocommerce_single\" alt=\"Hydraulische Pumpe\" srcset=\"https:\/\/swingbearing.net\/wp-content\/uploads\/2024\/08\/tt2-600x450.jpg 600w, https:\/\/swingbearing.net\/wp-content\/uploads\/2024\/08\/tt2-300x225.jpg 300w, https:\/\/swingbearing.net\/wp-content\/uploads\/2024\/08\/tt2-768x576.jpg 768w, https:\/\/swingbearing.net\/wp-content\/uploads\/2024\/08\/tt2-16x12.jpg 16w, https:\/\/swingbearing.net\/wp-content\/uploads\/2024\/08\/tt2.jpg 1000w\" sizes=\"(max-width: 600px) 100vw, 600px\" \/><\/a>\n\t\t\t<\/dt><\/dl><dl class='gallery-item'>\n\t\t\t<dt class='gallery-icon landscape'>\n\t\t\t\t<a href='https:\/\/swingbearing.net\/wp-content\/uploads\/2024\/08\/tt3.jpg'><img decoding=\"async\" width=\"600\" height=\"406\" src=\"https:\/\/swingbearing.net\/wp-content\/uploads\/2024\/08\/tt3-600x406.jpg\" class=\"attachment-woocommerce_single size-woocommerce_single\" alt=\"Hydraulische Pumpe\" srcset=\"https:\/\/swingbearing.net\/wp-content\/uploads\/2024\/08\/tt3-600x406.jpg 600w, https:\/\/swingbearing.net\/wp-content\/uploads\/2024\/08\/tt3-300x203.jpg 300w, https:\/\/swingbearing.net\/wp-content\/uploads\/2024\/08\/tt3-768x519.jpg 768w, https:\/\/swingbearing.net\/wp-content\/uploads\/2024\/08\/tt3-18x12.jpg 18w, https:\/\/swingbearing.net\/wp-content\/uploads\/2024\/08\/tt3.jpg 1000w\" sizes=\"(max-width: 600px) 100vw, 600px\" \/><\/a>\n\t\t\t<\/dt><\/dl><dl class='gallery-item'>\n\t\t\t<dt class='gallery-icon landscape'>\n\t\t\t\t<a href='https:\/\/swingbearing.net\/wp-content\/uploads\/2024\/08\/tt4.jpg'><img decoding=\"async\" width=\"600\" height=\"450\" src=\"https:\/\/swingbearing.net\/wp-content\/uploads\/2024\/08\/tt4-600x450.jpg\" class=\"attachment-woocommerce_single size-woocommerce_single\" alt=\"Hydraulische Pumpe\" srcset=\"https:\/\/swingbearing.net\/wp-content\/uploads\/2024\/08\/tt4-600x450.jpg 600w, https:\/\/swingbearing.net\/wp-content\/uploads\/2024\/08\/tt4-300x225.jpg 300w, https:\/\/swingbearing.net\/wp-content\/uploads\/2024\/08\/tt4-768x576.jpg 768w, https:\/\/swingbearing.net\/wp-content\/uploads\/2024\/08\/tt4-16x12.jpg 16w, https:\/\/swingbearing.net\/wp-content\/uploads\/2024\/08\/tt4.jpg 1000w\" sizes=\"(max-width: 600px) 100vw, 600px\" \/><\/a>\n\t\t\t<\/dt><\/dl><br style=\"clear: both\" \/>\n\t\t<\/div>\n\r\n<\/li>\r\n<\/ul>\r\n<p>\r\n\r\n<\/p>\r\n<ul><\/ul>\r\n<p><!-- \/wp:post-content -->\r\n\r\n<!-- wp:heading --><\/p>\r\n<h2 class=\"wp-block-heading\">Schlussfolgerung<\/h2>\r\n<p><!-- \/wp:heading -->\r\n\r\n<!-- wp:paragraph --><\/p>\r\n<p>Zusammenfassend l\u00e4sst sich sagen, dass Hydraulikpumpen integrale Bestandteile von Hydrauliksystemen sind, die die f\u00fcr den Betrieb von Maschinen und Anlagen erforderliche Leistung und Steuerung liefern. Das Verst\u00e4ndnis der Komponenten, Funktionen und Wartungsanforderungen von Hydraulikpumpen ist f\u00fcr die Maximierung von Leistung, Effizienz und Lebensdauer von entscheidender Bedeutung. Durch die Einhaltung ordnungsgem\u00e4\u00dfer Wartungspraktiken und die proaktive Behandlung von Problemen k\u00f6nnen Unternehmen den reibungslosen Betrieb von Hydrauliksystemen sicherstellen und Ausfallzeiten minimieren. Die Beratung durch Hydraulikspezialisten f\u00fcr Wartungs- und Reparaturdienste kann die Zuverl\u00e4ssigkeit und Langlebigkeit von Hydraulikpumpensystemen weiter verbessern.<\/p>\r\n<!-- \/wp:paragraph -->\r\n\r\n<!-- wp:heading {\"level\":4} \/-->\r\n\r\n<!-- wp:paragraph \/-->","protected":false},"excerpt":{"rendered":"<p><strong><b>Teil<\/b><\/strong> #: VOE 14214127 VOE 14344193 VOE 14215385 VOE 14343112<br \/><strong><b>Machen Sie<\/b><\/strong>:Volvo<br \/><strong><b>Modell<\/b><\/strong>: EW200 EC200 <br \/><strong><b>Zustand<\/b><\/strong>: Neu<\/p>","protected":false},"featured_media":4832,"template":"","meta":[],"product_brand":[],"product_cat":[384],"product_tag":[],"class_list":{"0":"post-4909","1":"product","2":"type-product","3":"status-publish","4":"has-post-thumbnail","6":"product_cat-volvo-hydraulic-pump","8":"first","9":"instock","10":"shipping-taxable","11":"product-type-simple"},"_links":{"self":[{"href":"https:\/\/swingbearing.net\/de\/wp-json\/wp\/v2\/product\/4909","targetHints":{"allow":["GET"]}}],"collection":[{"href":"https:\/\/swingbearing.net\/de\/wp-json\/wp\/v2\/product"}],"about":[{"href":"https:\/\/swingbearing.net\/de\/wp-json\/wp\/v2\/types\/product"}],"wp:featuredmedia":[{"embeddable":true,"href":"https:\/\/swingbearing.net\/de\/wp-json\/wp\/v2\/media\/4832"}],"wp:attachment":[{"href":"https:\/\/swingbearing.net\/de\/wp-json\/wp\/v2\/media?parent=4909"}],"wp:term":[{"taxonomy":"product_brand","embeddable":true,"href":"https:\/\/swingbearing.net\/de\/wp-json\/wp\/v2\/product_brand?post=4909"},{"taxonomy":"product_cat","embeddable":true,"href":"https:\/\/swingbearing.net\/de\/wp-json\/wp\/v2\/product_cat?post=4909"},{"taxonomy":"product_tag","embeddable":true,"href":"https:\/\/swingbearing.net\/de\/wp-json\/wp\/v2\/product_tag?post=4909"}],"curies":[{"name":"wp","href":"https:\/\/api.w.org\/{rel}","templated":true}]}}